{"id":986,"date":"2024-11-26T14:03:13","date_gmt":"2024-11-26T14:03:13","guid":{"rendered":"https:\/\/familienlabor.mkteam.org\/?page_id=986"},"modified":"2024-12-16T15:53:44","modified_gmt":"2024-12-16T15:53:44","slug":"5-1-trainingsplan-erstellen","status":"publish","type":"page","link":"https:\/\/familab.mkteam.org\/en\/material\/ein-citizen-science-projekt-selber-machen\/5-ein-sicheres-umfeld-fuer-mich-gestalten\/5-1-trainingsplan-erstellen\/","title":{"rendered":"5-1 Create a training plan"},"content":{"rendered":"<p><strong>Aims of the activity and description of target group<\/strong><\/p>\n\n\n\n<p>The organization and implementation of a Citizen Science project requires many different skills. We have already learned about some of these skills in the previous activities. In this activity we will focus on getting an overall picture of the skills needed and create a training plan to prepare the start of the project. The activity is suitable for researchers and citizens in a group or individual learning setting. Sessions #1 through #4 should be carried out beforehand. <\/p>\n\n\n\n<p><strong>Resources, Materials needed<\/strong> <\/p>\n\n\n\n<ul class=\"wp-block-list\">\n<li>Results from:\n<ul class=\"wp-block-list\">\n<li><a href=\"https:\/\/familab.mkteam.org\/en\/material\/ein-citizen-science-projekt-selber-machen\/2-die-zielgruppe-verstehen\/2-3-einen-friendly-user-test-durchfuehren\/\" data-type=\"page\" data-id=\"764\">Part 2, Activity 3 - Run a friendly user test<\/a><\/li>\n\n\n\n<li><a href=\"https:\/\/familab.mkteam.org\/en\/material\/ein-citizen-science-projekt-selber-machen\/4-passen-meine-faehigkeiten-zu-citizen-science\/\" data-type=\"page\" data-id=\"689\">Part 4, all Activities<\/a><\/li>\n<\/ul>\n<\/li>\n\n\n\n<li>Template training plan: <a href=\"https:\/\/familab.mkteam.org\/wp-content\/uploads\/2024\/11\/Module2_5-1-Training_Plan_Template.docx\">Modul2_5-1-Schulungsplan_Vorlage.docx<\/a><\/li>\n\n\n\n<li>Example training plan: <a href=\"https:\/\/familab.mkteam.org\/wp-content\/uploads\/2024\/11\/Module2_5-1-Training_Plan_Example.pdf\">Modul2_5-1-Schulungsplan.pdf<\/a><\/li>\n\n\n\n<li>Paper, pen, color pencils, sticky notes<\/li>\n\n\n\n<li>Device with Internet<\/li>\n<\/ul>\n\n\n\n<p><strong>Duration<\/strong><\/p>\n\n\n\n<p>60 minutes<\/p>\n\n\n\n<hr class=\"wp-block-separator alignwide has-alpha-channel-opacity\" style=\"margin-top:var(--wp--preset--spacing--30);margin-bottom:var(--wp--preset--spacing--30)\"\/>\n\n\n\n<h4 class=\"wp-block-heading\"><strong>Step 1 \u2013 Overview of areas for improvement (20 minutes)<\/strong><\/h4>\n\n\n\n<p>Take your materials and results from the previous sessions and go through them. Check which skills you have identified in these activities are necessary for the project.  Write a note for each skill you need for the project that is not yet covered by you or someone else.<\/p>\n\n\n\n<figure data-wp-context=\"{&quot;imageId&quot;:&quot;69f1d926a1a6e&quot;}\" data-wp-interactive=\"core\/image\" data-wp-key=\"69f1d926a1a6e\" class=\"wp-block-image aligncenter size-full wp-lightbox-container\"><img loading=\"lazy\" decoding=\"async\" width=\"800\" height=\"599\" data-wp-class--hide=\"state.isContentHidden\" data-wp-class--show=\"state.isContentVisible\" data-wp-init=\"callbacks.setButtonStyles\" data-wp-on--click=\"actions.showLightbox\" data-wp-on--load=\"callbacks.setButtonStyles\" data-wp-on-window--resize=\"callbacks.setButtonStyles\" src=\"https:\/\/familab.mkteam.org\/wp-content\/uploads\/2024\/11\/05_01__01s.jpg\" alt=\"Offene F\u00e4higkeiten\" class=\"wp-image-995\" srcset=\"https:\/\/familab.mkteam.org\/wp-content\/uploads\/2024\/11\/05_01__01s.jpg 800w, https:\/\/familab.mkteam.org\/wp-content\/uploads\/2024\/11\/05_01__01s-300x225.jpg 300w, https:\/\/familab.mkteam.org\/wp-content\/uploads\/2024\/11\/05_01__01s-768x575.jpg 768w, https:\/\/familab.mkteam.org\/wp-content\/uploads\/2024\/11\/05_01__01s-16x12.jpg 16w\" sizes=\"auto, (max-width: 800px) 100vw, 800px\" \/><button\n\t\t\tclass=\"lightbox-trigger\"\n\t\t\ttype=\"button\"\n\t\t\taria-haspopup=\"dialog\"\n\t\t\taria-label=\"Enlarge\"\n\t\t\tdata-wp-init=\"callbacks.initTriggerButton\"\n\t\t\tdata-wp-on--click=\"actions.showLightbox\"\n\t\t\tdata-wp-style--right=\"state.imageButtonRight\"\n\t\t\tdata-wp-style--top=\"state.imageButtonTop\"\n\t\t>\n\t\t\t<svg xmlns=\"http:\/\/www.w3.org\/2000\/svg\" width=\"12\" height=\"12\" fill=\"none\" viewbox=\"0 0 12 12\">\n\t\t\t\t<path fill=\"#fff\" d=\"M2 0a2 2 0 0 0-2 2v2h1.5V2a.5.5 0 0 1 .5-.5h2V0H2Zm2 10.5H2a.5.5 0 0 1-.5-.5V8H0v2a2 2 0 0 0 2 2h2v-1.5ZM8 12v-1.5h2a.5.5 0 0 0 .5-.5V8H12v2a2 2 0 0 1-2 2H8Zm2-12a2 2 0 0 1 2 2v2h-1.5V2a.5.5 0 0 0-.5-.5H8V0h2Z\" \/>\n\t\t\t<\/svg>\n\t\t<\/button><\/figure>\n\n\n\n<p>Take a sheet of paper and divide it into two sections. Label one half with \"I will learn\" and the other with \"Others will do\". Divide your sticky notes between the two sections so that all the skills you want to develop yourself are in the \"I will learn\" section.<\/p>\n\n\n\n<figure data-wp-context=\"{&quot;imageId&quot;:&quot;69f1d926a2039&quot;}\" data-wp-interactive=\"core\/image\" data-wp-key=\"69f1d926a2039\" class=\"wp-block-image aligncenter size-full wp-lightbox-container\"><img loading=\"lazy\" decoding=\"async\" width=\"800\" height=\"619\" data-wp-class--hide=\"state.isContentHidden\" data-wp-class--show=\"state.isContentVisible\" data-wp-init=\"callbacks.setButtonStyles\" data-wp-on--click=\"actions.showLightbox\" data-wp-on--load=\"callbacks.setButtonStyles\" data-wp-on-window--resize=\"callbacks.setButtonStyles\" src=\"https:\/\/familab.mkteam.org\/wp-content\/uploads\/2024\/11\/05_01__02s.jpg\" alt=\"Sortierte F\u00e4higkeiten\" class=\"wp-image-997\" srcset=\"https:\/\/familab.mkteam.org\/wp-content\/uploads\/2024\/11\/05_01__02s.jpg 800w, https:\/\/familab.mkteam.org\/wp-content\/uploads\/2024\/11\/05_01__02s-300x232.jpg 300w, https:\/\/familab.mkteam.org\/wp-content\/uploads\/2024\/11\/05_01__02s-768x594.jpg 768w, https:\/\/familab.mkteam.org\/wp-content\/uploads\/2024\/11\/05_01__02s-16x12.jpg 16w\" sizes=\"auto, (max-width: 800px) 100vw, 800px\" \/><button\n\t\t\tclass=\"lightbox-trigger\"\n\t\t\ttype=\"button\"\n\t\t\taria-haspopup=\"dialog\"\n\t\t\taria-label=\"Enlarge\"\n\t\t\tdata-wp-init=\"callbacks.initTriggerButton\"\n\t\t\tdata-wp-on--click=\"actions.showLightbox\"\n\t\t\tdata-wp-style--right=\"state.imageButtonRight\"\n\t\t\tdata-wp-style--top=\"state.imageButtonTop\"\n\t\t>\n\t\t\t<svg xmlns=\"http:\/\/www.w3.org\/2000\/svg\" width=\"12\" height=\"12\" fill=\"none\" viewbox=\"0 0 12 12\">\n\t\t\t\t<path fill=\"#fff\" d=\"M2 0a2 2 0 0 0-2 2v2h1.5V2a.5.5 0 0 1 .5-.5h2V0H2Zm2 10.5H2a.5.5 0 0 1-.5-.5V8H0v2a2 2 0 0 0 2 2h2v-1.5ZM8 12v-1.5h2a.5.5 0 0 0 .5-.5V8H12v2a2 2 0 0 1-2 2H8Zm2-12a2 2 0 0 1 2 2v2h-1.5V2a.5.5 0 0 0-.5-.5H8V0h2Z\" \/>\n\t\t\t<\/svg>\n\t\t<\/button><\/figure>\n\n\n\n<h4 class=\"wp-block-heading\"><strong>Step 2 \u2013 Create a training plan (40 minutes)<\/strong><\/h4>\n\n\n\n<p>Search the internet for training opportunities that can help you improve in your chosen areas. There may also be local training opportunities or offerings from your organization to develop specific skills. Try to cover as many areas as possible. You can also exchange ideas in the group if you have identified similar topics. <\/p>\n\n\n\n<p>Here are some websites that offer good training and support:<\/p>\n\n\n\n<ul class=\"wp-block-list\">\n<li><a href=\"https:\/\/eu-citizen.science\/training_resources\">https:\/\/eu-citizen.science\/training_resources<\/a> \u2013 Training on various topics of Citizen Science projects, such as funding, team building, dissemination,...<\/li>\n\n\n\n<li><a href=\"https:\/\/www.ted.com\/talks\">https:\/\/www.ted.com\/talks<\/a> \u2013 broad variety of topics<\/li>\n\n\n\n<li><a href=\"https:\/\/eu-citizen.science\/\">https:\/\/eu-citizen.science\/<\/a> \u2013 See the projects map for similar approaches and learn from them<\/li>\n\n\n\n<li><a href=\"https:\/\/www.youtube.com\/channel\/UCSvoBOtMz9AWVpk84XgVOeA\">https:\/\/www.youtube.com\/channel\/UCSvoBOtMz9AWVpk84XgVOeA<\/a> Joseph Tsar's channel to improve your speech and language skills<\/li>\n\n\n\n<li><a href=\"https:\/\/www.youtube.com\/channel\/UCPmfPl-BsCd3wmE8i45LAoA\">https:\/\/yewtu.be\/channel\/UCPmfPl-BsCd3wmE8i45LAoA <\/a>Simon Sinek's channel about leadership and teams<\/li>\n<\/ul>\n\n\n\n<p>Use the template for the training plan (<a href=\"https:\/\/familab.mkteam.org\/wp-content\/uploads\/2024\/11\/Module2_5-1-Training_Plan_Template.docx\">Modul2_5-1-Schulungsplan_Vorlage.docx<\/a>) and enter the training courses you would like to attend and an approximate target date for each course.<\/p>\n\n\n\n<figure data-wp-context=\"{&quot;imageId&quot;:&quot;69f1d926a26a3&quot;}\" data-wp-interactive=\"core\/image\" data-wp-key=\"69f1d926a26a3\" class=\"wp-block-image aligncenter size-full wp-lightbox-container\"><img loading=\"lazy\" decoding=\"async\" width=\"800\" height=\"600\" data-wp-class--hide=\"state.isContentHidden\" data-wp-class--show=\"state.isContentVisible\" data-wp-init=\"callbacks.setButtonStyles\" data-wp-on--click=\"actions.showLightbox\" data-wp-on--load=\"callbacks.setButtonStyles\" data-wp-on-window--resize=\"callbacks.setButtonStyles\" src=\"https:\/\/familab.mkteam.org\/wp-content\/uploads\/2024\/11\/05_01__03s.jpg\" alt=\"Beispiel Trainingsplan\" class=\"wp-image-1001\" srcset=\"https:\/\/familab.mkteam.org\/wp-content\/uploads\/2024\/11\/05_01__03s.jpg 800w, https:\/\/familab.mkteam.org\/wp-content\/uploads\/2024\/11\/05_01__03s-300x225.jpg 300w, https:\/\/familab.mkteam.org\/wp-content\/uploads\/2024\/11\/05_01__03s-768x576.jpg 768w, https:\/\/familab.mkteam.org\/wp-content\/uploads\/2024\/11\/05_01__03s-16x12.jpg 16w\" sizes=\"auto, (max-width: 800px) 100vw, 800px\" \/><button\n\t\t\tclass=\"lightbox-trigger\"\n\t\t\ttype=\"button\"\n\t\t\taria-haspopup=\"dialog\"\n\t\t\taria-label=\"Enlarge\"\n\t\t\tdata-wp-init=\"callbacks.initTriggerButton\"\n\t\t\tdata-wp-on--click=\"actions.showLightbox\"\n\t\t\tdata-wp-style--right=\"state.imageButtonRight\"\n\t\t\tdata-wp-style--top=\"state.imageButtonTop\"\n\t\t>\n\t\t\t<svg xmlns=\"http:\/\/www.w3.org\/2000\/svg\" width=\"12\" height=\"12\" fill=\"none\" viewbox=\"0 0 12 12\">\n\t\t\t\t<path fill=\"#fff\" d=\"M2 0a2 2 0 0 0-2 2v2h1.5V2a.5.5 0 0 1 .5-.5h2V0H2Zm2 10.5H2a.5.5 0 0 1-.5-.5V8H0v2a2 2 0 0 0 2 2h2v-1.5ZM8 12v-1.5h2a.5.5 0 0 0 .5-.5V8H12v2a2 2 0 0 1-2 2H8Zm2-12a2 2 0 0 1 2 2v2h-1.5V2a.5.5 0 0 0-.5-.5H8V0h2Z\" \/>\n\t\t\t<\/svg>\n\t\t<\/button><\/figure>\n\n\n\n<p>See also our sample training plan: <a href=\"https:\/\/familab.mkteam.org\/wp-content\/uploads\/2024\/11\/Module2_5-1-Training_Plan_Example.pdf\">Modul2_5-1-Schulungsplan.pdf<\/a><\/p>\n\n\n\n<hr class=\"wp-block-separator alignwide has-alpha-channel-opacity\" style=\"margin-top:var(--wp--preset--spacing--30);margin-bottom:var(--wp--preset--spacing--30)\"\/>\n\n\n\n<p><strong>Learning Outcomes - which skills are addressed?<\/strong><\/p>\n\n\n\n<p>The activity enables participants to identify skills that they have not yet developed but that are relevant to the project. They learn to find training opportunities and create a plan for when to do which training.<\/p>\n\n\n\n<p><strong>How do you check the outcomes are reached?<\/strong><\/p>\n\n\n\n<p>The participants have identified skills that they want to develop further and have drawn up a training plan to acquire these skills.<\/p>\n\n\n\n<p><strong>De-Briefing questions<\/strong><\/p>\n\n\n\n<ul class=\"wp-block-list\">\n<li>How well do you feel prepared for the project?<\/li>\n\n\n\n<li>Are there any skills that are not included in your training plan that you would like to develop further?<\/li>\n\n\n\n<li>Do you have any other concerns before starting the project?<\/li>\n<\/ul>\n\n\n\n<p><strong>Further links and readings<\/strong><\/p>\n\n\n\n<ul class=\"wp-block-list\">\n<li><a href=\"https:\/\/eu-citizen.science\/training_resources\"><u>https:\/\/eu-citizen.science\/training_resources<\/u><\/a> \u2013 Training on various topics of Citizen Science projects, such as funding, team building, dissemination,&#8230; (last viewed 03\/26\/2024)<\/li>\n\n\n\n<li><a href=\"https:\/\/www.ted.com\/talks\"><u>https:\/\/www.ted.com\/talks<\/u><\/a> \u2013 broad variety of topics (last viewed 03\/26\/2024)<\/li>\n\n\n\n<li><a href=\"https:\/\/eu-citizen.science\/\"><u>https:\/\/eu-citizen.science\/<\/u><\/a> \u2013 See the projects map for similar approaches and learn from them (last viewed 03\/26\/2024)<\/li>\n\n\n\n<li><a href=\"https:\/\/yewtu.be\/channel\/UCSvoBOtMz9AWVpk84XgVOeA\"><u>https:\/\/yewtu.be\/channel\/UCSvoBOtMz9AWVpk84XgVOeA<\/u><\/a>&nbsp;Joseph Tsar&#8217;s channel to improve your speech and language skills (last viewed 03\/26\/2024)<\/li>\n\n\n\n<li><a href=\"https:\/\/yewtu.be\/channel\/UCPmfPl-BsCd3wmE8i45LAoA\"><u>https:\/\/yewtu.be\/channel\/UCPmfPl-BsCd3wmE8i45LAoA<\/u><\/a>&nbsp;Simon Sinek&#8217;s channel about leadership and teams (last viewed 03\/26\/2024)<\/li>\n<\/ul>\n\n\n\n<div style=\"height:60px\" aria-hidden=\"true\" class=\"wp-block-spacer\"><\/div>\n\n\n\n<div class=\"wp-block-columns is-layout-flex wp-container-core-columns-is-layout-28f84493 wp-block-columns-is-layout-flex\">\n<div class=\"wp-block-column is-layout-flow wp-block-column-is-layout-flow\">\n<div class=\"wp-block-buttons is-content-justification-center is-layout-flex wp-container-core-buttons-is-layout-a89b3969 wp-block-buttons-is-layout-flex\">\n<div class=\"wp-block-button\"><a class=\"wp-block-button__link wp-element-button\" href=\"https:\/\/familab.mkteam.org\/en\/material\/ein-citizen-science-projekt-selber-machen\/5-ein-sicheres-umfeld-fuer-mich-gestalten\/\">&lt;&lt; Part 5<\/a><\/div>\n<\/div>\n<\/div>\n\n\n\n<div class=\"wp-block-column is-layout-flow wp-block-column-is-layout-flow\">\n<div class=\"wp-block-buttons is-content-justification-center is-layout-flex wp-container-core-buttons-is-layout-a89b3969 wp-block-buttons-is-layout-flex\">\n<div class=\"wp-block-button\"><a class=\"wp-block-button__link wp-element-button\" href=\"https:\/\/familab.mkteam.org\/en\/material\/ein-citizen-science-projekt-selber-machen\/\">^ Overview<\/a><\/div>\n<\/div>\n<\/div>\n\n\n\n<div class=\"wp-block-column is-layout-flow wp-block-column-is-layout-flow\">\n<div class=\"wp-block-buttons is-content-justification-center is-layout-flex wp-container-core-buttons-is-layout-a89b3969 wp-block-buttons-is-layout-flex\">\n<div class=\"wp-block-button\"><a class=\"wp-block-button__link wp-element-button\" href=\"https:\/\/familab.mkteam.org\/en\/material\/ein-citizen-science-projekt-selber-machen\/5-ein-sicheres-umfeld-fuer-mich-gestalten\/5-2-das-projekt-vorstellen\/\">Activity 5-2 &gt;&gt;<\/a><\/div>\n<\/div>\n<\/div>\n<\/div>\n\n\n\n<p><\/p>","protected":false},"excerpt":{"rendered":"<p>Ziel der Aktivit\u00e4t Die Organisation und Durchf\u00fchrung eines Citizen Science Projekts erfordert viele verschiedene F\u00e4higkeiten. Einige dieser F\u00e4higkeiten hast du bereits in den vorherigen Aktivit\u00e4ten kennengelernt. In dieser Aktivit\u00e4t wirst du eine \u00dcbersicht aller ben\u00f6tigten F\u00e4higkeiten zusammenstellen. Daraus entwickelst du einen Trainingsplan, um den Start des Projekts vorzubereiten. Ben\u00f6tigte Materialien Dauer 60 Minuten Schritt 1 [&hellip;]<\/p>","protected":false},"author":2,"featured_media":1001,"parent":695,"menu_order":0,"comment_status":"closed","ping_status":"closed","template":"","meta":{"footnotes":""},"class_list":["post-986","page","type-page","status-publish","has-post-thumbnail","hentry"],"_links":{"self":[{"href":"https:\/\/familab.mkteam.org\/en\/wp-json\/wp\/v2\/pages\/986","targetHints":{"allow":["GET"]}}],"collection":[{"href":"https:\/\/familab.mkteam.org\/en\/wp-json\/wp\/v2\/pages"}],"about":[{"href":"https:\/\/familab.mkteam.org\/en\/wp-json\/wp\/v2\/types\/page"}],"author":[{"embeddable":true,"href":"https:\/\/familab.mkteam.org\/en\/wp-json\/wp\/v2\/users\/2"}],"replies":[{"embeddable":true,"href":"https:\/\/familab.mkteam.org\/en\/wp-json\/wp\/v2\/comments?post=986"}],"version-history":[{"count":11,"href":"https:\/\/familab.mkteam.org\/en\/wp-json\/wp\/v2\/pages\/986\/revisions"}],"predecessor-version":[{"id":1011,"href":"https:\/\/familab.mkteam.org\/en\/wp-json\/wp\/v2\/pages\/986\/revisions\/1011"}],"up":[{"embeddable":true,"href":"https:\/\/familab.mkteam.org\/en\/wp-json\/wp\/v2\/pages\/695"}],"wp:featuredmedia":[{"embeddable":true,"href":"https:\/\/familab.mkteam.org\/en\/wp-json\/wp\/v2\/media\/1001"}],"wp:attachment":[{"href":"https:\/\/familab.mkteam.org\/en\/wp-json\/wp\/v2\/media?parent=986"}],"curies":[{"name":"wp","href":"https:\/\/api.w.org\/{rel}","templated":true}]}}