{"id":948,"date":"2024-11-26T10:37:07","date_gmt":"2024-11-26T10:37:07","guid":{"rendered":"https:\/\/familienlabor.mkteam.org\/?page_id=948"},"modified":"2024-11-26T11:23:20","modified_gmt":"2024-11-26T11:23:20","slug":"4-3-unstimmigkeiten-und-streit","status":"publish","type":"page","link":"https:\/\/familab.mkteam.org\/en\/material\/ein-citizen-science-projekt-selber-machen\/4-passen-meine-faehigkeiten-zu-citizen-science\/4-3-unstimmigkeiten-und-streit\/","title":{"rendered":"4-3 Dispute and discussion"},"content":{"rendered":"<p><strong>Aims of the activity and description of target group<\/strong><\/p>\n\n\n\n<p>In this activity we look at how to deal with disagreements or disputes in a Citizen Science project. These can occur when you present the project to the public or there can be disagreements between participants.  The activity shows whether you are ready to participate in a public debate. This activity is particularly helpful if you are working on a controversial topic.<\/p>\n\n\n\n<p><strong>Resources, Materials needed<\/strong> <\/p>\n\n\n\n<ul class=\"wp-block-list\">\n<li>Worksheet <a href=\"https:\/\/familab.mkteam.org\/wp-content\/uploads\/2024\/11\/Module2_4-3-Social_Media_Training.pdf\">Module2_4-3-Social_Media_Training.pdf<\/a> (printed or online)<\/li>\n\n\n\n<li>Paper, pen, color pencils<\/li>\n<\/ul>\n\n\n\n<p><strong>Duration<\/strong><\/p>\n\n\n\n<p>60 minutes<\/p>\n\n\n\n<hr class=\"wp-block-separator alignwide has-alpha-channel-opacity\" style=\"margin-top:var(--wp--preset--spacing--30);margin-bottom:var(--wp--preset--spacing--30)\"\/>\n\n\n\n<h4 class=\"wp-block-heading\"><strong>Step 1 \u2013 Group discussion (with other participants or colleagues) (25 minutes)<\/strong><\/h4>\n\n\n\n<p>Take 5 minutes and think about examples from your personal experience where you had good discussions and where you had problematic discussions, either about your work or a private topic.<\/p>\n\n\n\n<ol class=\"wp-block-list\">\n<li>What were the reasons why the discussions took a certain course?<\/li>\n\n\n\n<li>How did you feel in this situation?<\/li>\n\n\n\n<li>What did you learn from these discussions?<\/li>\n<\/ol>\n\n\n\n<p>Discuss and summarize the results in the group and collect them on paper for each of the three aspects.<\/p>\n\n\n\n<figure data-wp-context=\"{&quot;imageId&quot;:&quot;69f1c75712a94&quot;}\" data-wp-interactive=\"core\/image\" data-wp-key=\"69f1c75712a94\" class=\"wp-block-image aligncenter size-full wp-lightbox-container\"><img loading=\"lazy\" decoding=\"async\" width=\"800\" height=\"600\" data-wp-class--hide=\"state.isContentHidden\" data-wp-class--show=\"state.isContentVisible\" data-wp-init=\"callbacks.setButtonStyles\" data-wp-on--click=\"actions.showLightbox\" data-wp-on--load=\"callbacks.setButtonStyles\" data-wp-on-window--resize=\"callbacks.setButtonStyles\" src=\"https:\/\/familab.mkteam.org\/wp-content\/uploads\/2024\/11\/04_03__01s.jpg\" alt=\"Erfahrungen Kommunikation\" class=\"wp-image-960\" srcset=\"https:\/\/familab.mkteam.org\/wp-content\/uploads\/2024\/11\/04_03__01s.jpg 800w, https:\/\/familab.mkteam.org\/wp-content\/uploads\/2024\/11\/04_03__01s-300x225.jpg 300w, https:\/\/familab.mkteam.org\/wp-content\/uploads\/2024\/11\/04_03__01s-768x576.jpg 768w, https:\/\/familab.mkteam.org\/wp-content\/uploads\/2024\/11\/04_03__01s-16x12.jpg 16w\" sizes=\"auto, (max-width: 800px) 100vw, 800px\" \/><button\n\t\t\tclass=\"lightbox-trigger\"\n\t\t\ttype=\"button\"\n\t\t\taria-haspopup=\"dialog\"\n\t\t\taria-label=\"Enlarge\"\n\t\t\tdata-wp-init=\"callbacks.initTriggerButton\"\n\t\t\tdata-wp-on--click=\"actions.showLightbox\"\n\t\t\tdata-wp-style--right=\"state.imageButtonRight\"\n\t\t\tdata-wp-style--top=\"state.imageButtonTop\"\n\t\t>\n\t\t\t<svg xmlns=\"http:\/\/www.w3.org\/2000\/svg\" width=\"12\" height=\"12\" fill=\"none\" viewbox=\"0 0 12 12\">\n\t\t\t\t<path fill=\"#fff\" d=\"M2 0a2 2 0 0 0-2 2v2h1.5V2a.5.5 0 0 1 .5-.5h2V0H2Zm2 10.5H2a.5.5 0 0 1-.5-.5V8H0v2a2 2 0 0 0 2 2h2v-1.5ZM8 12v-1.5h2a.5.5 0 0 0 .5-.5V8H12v2a2 2 0 0 1-2 2H8Zm2-12a2 2 0 0 1 2 2v2h-1.5V2a.5.5 0 0 0-.5-.5H8V0h2Z\" \/>\n\t\t\t<\/svg>\n\t\t<\/button><\/figure>\n\n\n\n<h4 class=\"wp-block-heading\"><strong>Step 2 \u2013 Gather best practices (10 minutes)<\/strong><\/h4>\n\n\n\n<p>From the results of your group discussion put together a list of best practices, how a discussion or debate can produce valuable results.<\/p>\n\n\n\n<figure data-wp-context=\"{&quot;imageId&quot;:&quot;69f1c7571302c&quot;}\" data-wp-interactive=\"core\/image\" data-wp-key=\"69f1c7571302c\" class=\"wp-block-image aligncenter size-full is-resized wp-lightbox-container\"><img loading=\"lazy\" decoding=\"async\" width=\"600\" height=\"800\" data-wp-class--hide=\"state.isContentHidden\" data-wp-class--show=\"state.isContentVisible\" data-wp-init=\"callbacks.setButtonStyles\" data-wp-on--click=\"actions.showLightbox\" data-wp-on--load=\"callbacks.setButtonStyles\" data-wp-on-window--resize=\"callbacks.setButtonStyles\" src=\"https:\/\/familab.mkteam.org\/wp-content\/uploads\/2024\/11\/04_03__02s.jpg\" alt=\"Bew\u00e4hrte Methoden f\u00fcr Diskussionen\" class=\"wp-image-963\" style=\"width:477px;height:auto\" srcset=\"https:\/\/familab.mkteam.org\/wp-content\/uploads\/2024\/11\/04_03__02s.jpg 600w, https:\/\/familab.mkteam.org\/wp-content\/uploads\/2024\/11\/04_03__02s-225x300.jpg 225w, https:\/\/familab.mkteam.org\/wp-content\/uploads\/2024\/11\/04_03__02s-9x12.jpg 9w\" sizes=\"auto, (max-width: 600px) 100vw, 600px\" \/><button\n\t\t\tclass=\"lightbox-trigger\"\n\t\t\ttype=\"button\"\n\t\t\taria-haspopup=\"dialog\"\n\t\t\taria-label=\"Enlarge\"\n\t\t\tdata-wp-init=\"callbacks.initTriggerButton\"\n\t\t\tdata-wp-on--click=\"actions.showLightbox\"\n\t\t\tdata-wp-style--right=\"state.imageButtonRight\"\n\t\t\tdata-wp-style--top=\"state.imageButtonTop\"\n\t\t>\n\t\t\t<svg xmlns=\"http:\/\/www.w3.org\/2000\/svg\" width=\"12\" height=\"12\" fill=\"none\" viewbox=\"0 0 12 12\">\n\t\t\t\t<path fill=\"#fff\" d=\"M2 0a2 2 0 0 0-2 2v2h1.5V2a.5.5 0 0 1 .5-.5h2V0H2Zm2 10.5H2a.5.5 0 0 1-.5-.5V8H0v2a2 2 0 0 0 2 2h2v-1.5ZM8 12v-1.5h2a.5.5 0 0 0 .5-.5V8H12v2a2 2 0 0 1-2 2H8Zm2-12a2 2 0 0 1 2 2v2h-1.5V2a.5.5 0 0 0-.5-.5H8V0h2Z\" \/>\n\t\t\t<\/svg>\n\t\t<\/button><\/figure>\n\n\n\n<h4 class=\"wp-block-heading\">Step 3 - Social Media Communication Training (15 minutes)<\/h4>\n\n\n\n<p>Take Worksheet <a href=\"https:\/\/familab.mkteam.org\/wp-content\/uploads\/2024\/11\/Module2_4-3-Social_Media_Training.pdf\">Modul2_4-3-Social_Media_Training.pdf<\/a> printed or as an online version and go through the 3 exercise scenarios. For each scenario evaluate:<\/p>\n\n\n\n<ul class=\"wp-block-list\">\n<li>Have you ever been in a similar situation?<\/li>\n\n\n\n<li>What could be a good reaction?<\/li>\n\n\n\n<li>What could be problematic reaction?<\/li>\n<\/ul>\n\n\n\n<figure data-wp-context=\"{&quot;imageId&quot;:&quot;69f1c7571356a&quot;}\" data-wp-interactive=\"core\/image\" data-wp-key=\"69f1c7571356a\" class=\"wp-block-image aligncenter size-full wp-lightbox-container\"><img loading=\"lazy\" decoding=\"async\" width=\"800\" height=\"600\" data-wp-class--hide=\"state.isContentHidden\" data-wp-class--show=\"state.isContentVisible\" data-wp-init=\"callbacks.setButtonStyles\" data-wp-on--click=\"actions.showLightbox\" data-wp-on--load=\"callbacks.setButtonStyles\" data-wp-on-window--resize=\"callbacks.setButtonStyles\" src=\"https:\/\/familab.mkteam.org\/wp-content\/uploads\/2024\/11\/04_03__03s.jpg\" alt=\"Social Media Trainingsszenarios\" class=\"wp-image-966\" srcset=\"https:\/\/familab.mkteam.org\/wp-content\/uploads\/2024\/11\/04_03__03s.jpg 800w, https:\/\/familab.mkteam.org\/wp-content\/uploads\/2024\/11\/04_03__03s-300x225.jpg 300w, https:\/\/familab.mkteam.org\/wp-content\/uploads\/2024\/11\/04_03__03s-768x576.jpg 768w, https:\/\/familab.mkteam.org\/wp-content\/uploads\/2024\/11\/04_03__03s-16x12.jpg 16w\" sizes=\"auto, (max-width: 800px) 100vw, 800px\" \/><button\n\t\t\tclass=\"lightbox-trigger\"\n\t\t\ttype=\"button\"\n\t\t\taria-haspopup=\"dialog\"\n\t\t\taria-label=\"Enlarge\"\n\t\t\tdata-wp-init=\"callbacks.initTriggerButton\"\n\t\t\tdata-wp-on--click=\"actions.showLightbox\"\n\t\t\tdata-wp-style--right=\"state.imageButtonRight\"\n\t\t\tdata-wp-style--top=\"state.imageButtonTop\"\n\t\t>\n\t\t\t<svg xmlns=\"http:\/\/www.w3.org\/2000\/svg\" width=\"12\" height=\"12\" fill=\"none\" viewbox=\"0 0 12 12\">\n\t\t\t\t<path fill=\"#fff\" d=\"M2 0a2 2 0 0 0-2 2v2h1.5V2a.5.5 0 0 1 .5-.5h2V0H2Zm2 10.5H2a.5.5 0 0 1-.5-.5V8H0v2a2 2 0 0 0 2 2h2v-1.5ZM8 12v-1.5h2a.5.5 0 0 0 .5-.5V8H12v2a2 2 0 0 1-2 2H8Zm2-12a2 2 0 0 1 2 2v2h-1.5V2a.5.5 0 0 0-.5-.5H8V0h2Z\" \/>\n\t\t\t<\/svg>\n\t\t<\/button><\/figure>\n\n\n\n<h4 class=\"wp-block-heading\">Step 4 \u2013 Reflection (10 minutes)<\/h4>\n\n\n\n<p>Summarize your impressions:<\/p>\n\n\n\n<ul class=\"wp-block-list\">\n<li>Do you feel ready for discussions about your topic either on Social Media or in personal?<\/li>\n\n\n\n<li>Do you want to get involved in these discussions?<\/li>\n\n\n\n<li>Do you feel that the insight that you get from these discussions is valuable for your work?<\/li>\n<\/ul>\n\n\n\n<p>If you want to practice your debating skills further, join a discussion on Social Media and see how people react.<\/p>\n\n\n\n<hr class=\"wp-block-separator alignwide has-alpha-channel-opacity\" style=\"margin-top:var(--wp--preset--spacing--30);margin-bottom:var(--wp--preset--spacing--30)\"\/>\n\n\n\n<p><strong>Learning Outcomes - which skills are addressed?<\/strong><\/p>\n\n\n\n<p>This activity focuses the participants on their experiences with discussions and shows them what possible reactions can occur in a public environment, such as on Social Media. The activity allows participants to better assess whether or not they want to be involved in such discussions or debates in their project. If the participants do not feel comfortable with this, someone else in the team should take over this part.<\/p>\n\n\n\n<p><strong>How do you check the outcomes are reached?<\/strong><\/p>\n\n\n\n<p>Participants are aware of their own attitude to public discussions and can indicate whether or not they wish to participate in public discussions in the project.<\/p>\n\n\n\n<p><strong>De-Briefing questions<\/strong><\/p>\n\n\n\n<ul class=\"wp-block-list\">\n<li>What influence have discussions had on your academic work?<\/li>\n\n\n\n<li>How well do you cope with discussions and debates in a public setting?<\/li>\n\n\n\n<li>Where could you improve?<\/li>\n\n\n\n<li>Is there someone in your project team who could take on this task if you do not want to?<\/li>\n<\/ul>\n\n\n\n<p><strong>Further links and readings<\/strong><\/p>\n\n\n\n<ul class=\"wp-block-list\">\n<li>Garc\u00eda-Carmona, Antonio (2023): Scientific Thinking and Critical Thinking in Science Education. <a href=\"https:\/\/link.springer.com\/article\/10.1007\/s11191-023-00460-5\"><u>https:\/\/link.springer.com\/article\/10.1007\/s11191-023-00460-5<\/u><\/a>&nbsp;(last viewed 03\/25\/2024)<\/li>\n\n\n\n<li>Heston, Klare (2023): How to Be Good at Group Discussion. <a href=\"https:\/\/www.wikihow.com\/Be-Good-at-Group-Discussion\"><u>https:\/\/www.wikihow.com\/Be-Good-at-Group-Discussion<\/u><\/a>&nbsp;(last viewed 03\/25\/2024)<\/li>\n\n\n\n<li>Norberg, J. et al. (2022): Failures to disagree are essential for environmental science to effectively influence policy development. Ecology Letters, 00, 1\u2013 19. <a href=\"https:\/\/doi.org\/10.1111\/ele.13984\"><u>https:\/\/doi.org\/10.1111\/el<\/u><u>e.13984<\/u><\/a>&nbsp;(last viewed 03\/25\/2024)<\/li>\n\n\n\n<li>R\u00fcfenacht, S. et al. (2021): Communication and Dissemination in Citizen Science. <a href=\"https:\/\/link.springer.com\/chapter\/10.1007\/978-3-030-58278-4_24\"><u>https:\/\/link.springer.com\/chapter\/10.1007\/978-3-030-58278-4_24<\/u><\/a>&nbsp;(last viewed 03\/25\/2024)<\/li>\n\n\n\n<li>Thornton, Jacqui (2021): When Finnish researchers took on the Twitter trolls. <a href=\"https:\/\/www.nature.com\/articles\/d41586-021-03407-4\"><u>https:\/\/www.nature.com\/articles\/d41586-021-03407-4<\/u><\/a>&nbsp;(last viewed 03\/25\/2024)<\/li>\n<\/ul>\n\n\n\n<div style=\"height:60px\" aria-hidden=\"true\" class=\"wp-block-spacer\"><\/div>\n\n\n\n<div class=\"wp-block-columns is-layout-flex wp-container-core-columns-is-layout-28f84493 wp-block-columns-is-layout-flex\">\n<div class=\"wp-block-column is-layout-flow wp-block-column-is-layout-flow\">\n<div class=\"wp-block-buttons is-content-justification-center is-layout-flex wp-container-core-buttons-is-layout-a89b3969 wp-block-buttons-is-layout-flex\">\n<div class=\"wp-block-button\"><a class=\"wp-block-button__link wp-element-button\" href=\"https:\/\/familab.mkteam.org\/en\/material\/ein-citizen-science-projekt-selber-machen\/4-passen-meine-faehigkeiten-zu-citizen-science\/4-2-kommunikation-mit-fachfremden-personen\/\">&lt;&lt; Activity 4-2<\/a><\/div>\n<\/div>\n<\/div>\n\n\n\n<div class=\"wp-block-column is-layout-flow wp-block-column-is-layout-flow\">\n<div class=\"wp-block-buttons is-content-justification-center is-layout-flex wp-container-core-buttons-is-layout-a89b3969 wp-block-buttons-is-layout-flex\">\n<div class=\"wp-block-button\"><a class=\"wp-block-button__link wp-element-button\" href=\"https:\/\/familab.mkteam.org\/en\/material\/ein-citizen-science-projekt-selber-machen\/\">^ Overview<\/a><\/div>\n<\/div>\n<\/div>\n\n\n\n<div class=\"wp-block-column is-layout-flow wp-block-column-is-layout-flow\">\n<div class=\"wp-block-buttons is-content-justification-center is-layout-flex wp-container-core-buttons-is-layout-a89b3969 wp-block-buttons-is-layout-flex\">\n<div class=\"wp-block-button\"><a class=\"wp-block-button__link wp-element-button\" href=\"https:\/\/familab.mkteam.org\/en\/material\/ein-citizen-science-projekt-selber-machen\/4-passen-meine-faehigkeiten-zu-citizen-science\/4-4-einfache-sprache\/\">Activity 4-4 &gt;&gt;<\/a><\/div>\n<\/div>\n<\/div>\n<\/div>\n\n\n\n<p><\/p>","protected":false},"excerpt":{"rendered":"<p>Ziel der Aktivit\u00e4t In dieser Aktivit\u00e4t schauen wir uns an, wie man mit Unstimmigkeiten oder Streit in einem Citizen Science-Projekt umgeht. Diese k\u00f6nnen auftreten, wenn man das Projekt in der \u00d6ffentlichkeit vorstellt oder es kann zu Unstimmigkeiten zwischen den Teilnehmenden kommen. Die Aktivit\u00e4t zeigt, ob du bereit daf\u00fcr bist, dich an einer \u00f6ffentlichen Debatte zu [&hellip;]<\/p>","protected":false},"author":2,"featured_media":0,"parent":689,"menu_order":0,"comment_status":"closed","ping_status":"closed","template":"","meta":{"footnotes":""},"class_list":["post-948","page","type-page","status-publish","hentry"],"_links":{"self":[{"href":"https:\/\/familab.mkteam.org\/en\/wp-json\/wp\/v2\/pages\/948","targetHints":{"allow":["GET"]}}],"collection":[{"href":"https:\/\/familab.mkteam.org\/en\/wp-json\/wp\/v2\/pages"}],"about":[{"href":"https:\/\/familab.mkteam.org\/en\/wp-json\/wp\/v2\/types\/page"}],"author":[{"embeddable":true,"href":"https:\/\/familab.mkteam.org\/en\/wp-json\/wp\/v2\/users\/2"}],"replies":[{"embeddable":true,"href":"https:\/\/familab.mkteam.org\/en\/wp-json\/wp\/v2\/comments?post=948"}],"version-history":[{"count":14,"href":"https:\/\/familab.mkteam.org\/en\/wp-json\/wp\/v2\/pages\/948\/revisions"}],"predecessor-version":[{"id":972,"href":"https:\/\/familab.mkteam.org\/en\/wp-json\/wp\/v2\/pages\/948\/revisions\/972"}],"up":[{"embeddable":true,"href":"https:\/\/familab.mkteam.org\/en\/wp-json\/wp\/v2\/pages\/689"}],"wp:attachment":[{"href":"https:\/\/familab.mkteam.org\/en\/wp-json\/wp\/v2\/media?parent=948"}],"curies":[{"name":"wp","href":"https:\/\/api.w.org\/{rel}","templated":true}]}}