{"id":927,"date":"2024-11-26T09:00:06","date_gmt":"2024-11-26T09:00:06","guid":{"rendered":"https:\/\/familienlabor.mkteam.org\/?page_id=927"},"modified":"2024-11-26T10:40:24","modified_gmt":"2024-11-26T10:40:24","slug":"4-2-kommunikation-mit-fachfremden-personen","status":"publish","type":"page","link":"https:\/\/familab.mkteam.org\/en\/material\/ein-citizen-science-projekt-selber-machen\/4-passen-meine-faehigkeiten-zu-citizen-science\/4-2-kommunikation-mit-fachfremden-personen\/","title":{"rendered":"4-2 Communication with non-scientists"},"content":{"rendered":"<p><strong>Aims of the activity and description of target group<\/strong><\/p>\n\n\n\n<p>In this activity, you will come into direct contact with people outside your research team or organization. This prepares you for working with volunteers and you analyze which communication skills are needed where in the project. <\/p>\n\n\n\n<p><strong>Resources, Materials needed<\/strong> <\/p>\n\n\n\n<p>Paper, pen, color pencils<\/p>\n\n\n\n<p><strong>Duration<\/strong><\/p>\n\n\n\n<p>60 minutes<\/p>\n\n\n\n<hr class=\"wp-block-separator alignwide has-alpha-channel-opacity\" style=\"margin-top:var(--wp--preset--spacing--30);margin-bottom:var(--wp--preset--spacing--30)\"\/>\n\n\n\n<h4 class=\"wp-block-heading\"><strong>Step 1 \u2013 Interview 3 people (should be done before the activity)<\/strong><\/h4>\n\n\n\n<p>If you have never talked to people outside your research area about your research, find at least 3 people and talk to them for 5-10 minutes about your work. Tell them about your Citizen Science project idea and try out how it feels to talk about it. Good opportunities are places where people are waiting, such as bus stops or train stations, cafeterias, stores or your family, friends and neighbors.<\/p>\n\n\n\n<p>Try different approaches for starting the conversation:<\/p>\n\n\n\n<ul class=\"wp-block-list\">\n<li>\"Excuse me, may I ask you a question? I work in the field of family research and we are working on a new topic. We would like to involve families in this project, but we are not sure if they would be interested.\"<\/li>\n\n\n\n<li>\"Hi, I'm doing research for a new project where we want to involve people outside the university. Have you had any experience with a research project or would you be interested in participating?\"<\/li>\n\n\n\n<li>\"Hi, I am a biologist and I would like to start a project in which citizens participate in counting butterflies in their neighborhood. Could you imagine taking part in such a project?\"<\/li>\n<\/ul>\n\n\n\n<p>Be prepared for people to be skeptical and assume that you are trying to sell them something or have other questionable intentions. So don't be irritated if people give you a skeptical look. <\/p>\n\n\n\n<p>It is easier to start a conversation if you have something to show, e.g. a picture of your research topic or a sketch of the project idea. Also be prepared for people to like your idea and want to know more about the project. Give them your contact details or a link to your organization's website.<\/p>\n\n\n\n<h4 class=\"wp-block-heading\"><strong>Step 2 \u2013 Evaluate your experience (25 minutes)<\/strong><\/h4>\n\n\n\n<p>Take a sheet of paper. Place a label or image of yourself and the non-scientists in the middle. Label the top half with \"say\" and the bottom half with \"feel\". Divide the paper into 4 sections.<\/p>\n\n\n\n<figure data-wp-context=\"{&quot;imageId&quot;:&quot;69f1c7519bfe0&quot;}\" data-wp-interactive=\"core\/image\" data-wp-key=\"69f1c7519bfe0\" class=\"wp-block-image size-full wp-lightbox-container\"><img loading=\"lazy\" decoding=\"async\" width=\"800\" height=\"580\" data-wp-class--hide=\"state.isContentHidden\" data-wp-class--show=\"state.isContentVisible\" data-wp-init=\"callbacks.setButtonStyles\" data-wp-on--click=\"actions.showLightbox\" data-wp-on--load=\"callbacks.setButtonStyles\" data-wp-on-window--resize=\"callbacks.setButtonStyles\" src=\"https:\/\/familab.mkteam.org\/wp-content\/uploads\/2024\/11\/04_02__01s.jpg\" alt=\"Arbeitsblatt Erfahrungen Interview\" class=\"wp-image-937\" srcset=\"https:\/\/familab.mkteam.org\/wp-content\/uploads\/2024\/11\/04_02__01s.jpg 800w, https:\/\/familab.mkteam.org\/wp-content\/uploads\/2024\/11\/04_02__01s-300x218.jpg 300w, https:\/\/familab.mkteam.org\/wp-content\/uploads\/2024\/11\/04_02__01s-768x557.jpg 768w, https:\/\/familab.mkteam.org\/wp-content\/uploads\/2024\/11\/04_02__01s-18x12.jpg 18w\" sizes=\"auto, (max-width: 800px) 100vw, 800px\" \/><button\n\t\t\tclass=\"lightbox-trigger\"\n\t\t\ttype=\"button\"\n\t\t\taria-haspopup=\"dialog\"\n\t\t\taria-label=\"Enlarge\"\n\t\t\tdata-wp-init=\"callbacks.initTriggerButton\"\n\t\t\tdata-wp-on--click=\"actions.showLightbox\"\n\t\t\tdata-wp-style--right=\"state.imageButtonRight\"\n\t\t\tdata-wp-style--top=\"state.imageButtonTop\"\n\t\t>\n\t\t\t<svg xmlns=\"http:\/\/www.w3.org\/2000\/svg\" width=\"12\" height=\"12\" fill=\"none\" viewbox=\"0 0 12 12\">\n\t\t\t\t<path fill=\"#fff\" d=\"M2 0a2 2 0 0 0-2 2v2h1.5V2a.5.5 0 0 1 .5-.5h2V0H2Zm2 10.5H2a.5.5 0 0 1-.5-.5V8H0v2a2 2 0 0 0 2 2h2v-1.5ZM8 12v-1.5h2a.5.5 0 0 0 .5-.5V8H12v2a2 2 0 0 1-2 2H8Zm2-12a2 2 0 0 1 2 2v2h-1.5V2a.5.5 0 0 0-.5-.5H8V0h2Z\" \/>\n\t\t\t<\/svg>\n\t\t<\/button><\/figure>\n\n\n\n<p>Think of the situations where you have talked to non-scientists about your research topic and write in each section what you or the non-scientists said or felt (or what you impression was they felt).<\/p>\n\n\n\n<figure data-wp-context=\"{&quot;imageId&quot;:&quot;69f1c7519c4e7&quot;}\" data-wp-interactive=\"core\/image\" data-wp-key=\"69f1c7519c4e7\" class=\"wp-block-image size-full wp-lightbox-container\"><img loading=\"lazy\" decoding=\"async\" width=\"800\" height=\"570\" data-wp-class--hide=\"state.isContentHidden\" data-wp-class--show=\"state.isContentVisible\" data-wp-init=\"callbacks.setButtonStyles\" data-wp-on--click=\"actions.showLightbox\" data-wp-on--load=\"callbacks.setButtonStyles\" data-wp-on-window--resize=\"callbacks.setButtonStyles\" src=\"https:\/\/familab.mkteam.org\/wp-content\/uploads\/2024\/11\/04_02__02s.jpg\" alt=\"Arbeitsblatt Erfahrungen Interview  ausgef\u00fcllt\" class=\"wp-image-938\" srcset=\"https:\/\/familab.mkteam.org\/wp-content\/uploads\/2024\/11\/04_02__02s.jpg 800w, https:\/\/familab.mkteam.org\/wp-content\/uploads\/2024\/11\/04_02__02s-300x214.jpg 300w, https:\/\/familab.mkteam.org\/wp-content\/uploads\/2024\/11\/04_02__02s-768x547.jpg 768w, https:\/\/familab.mkteam.org\/wp-content\/uploads\/2024\/11\/04_02__02s-18x12.jpg 18w\" sizes=\"auto, (max-width: 800px) 100vw, 800px\" \/><button\n\t\t\tclass=\"lightbox-trigger\"\n\t\t\ttype=\"button\"\n\t\t\taria-haspopup=\"dialog\"\n\t\t\taria-label=\"Enlarge\"\n\t\t\tdata-wp-init=\"callbacks.initTriggerButton\"\n\t\t\tdata-wp-on--click=\"actions.showLightbox\"\n\t\t\tdata-wp-style--right=\"state.imageButtonRight\"\n\t\t\tdata-wp-style--top=\"state.imageButtonTop\"\n\t\t>\n\t\t\t<svg xmlns=\"http:\/\/www.w3.org\/2000\/svg\" width=\"12\" height=\"12\" fill=\"none\" viewbox=\"0 0 12 12\">\n\t\t\t\t<path fill=\"#fff\" d=\"M2 0a2 2 0 0 0-2 2v2h1.5V2a.5.5 0 0 1 .5-.5h2V0H2Zm2 10.5H2a.5.5 0 0 1-.5-.5V8H0v2a2 2 0 0 0 2 2h2v-1.5ZM8 12v-1.5h2a.5.5 0 0 0 .5-.5V8H12v2a2 2 0 0 1-2 2H8Zm2-12a2 2 0 0 1 2 2v2h-1.5V2a.5.5 0 0 0-.5-.5H8V0h2Z\" \/>\n\t\t\t<\/svg>\n\t\t<\/button><\/figure>\n\n\n\n<p>Take some time to reflect either on your own or in the group on the following questions:<\/p>\n\n\n\n<ul class=\"wp-block-list\">\n<li>What worked well for me in the interview?<\/li>\n\n\n\n<li>What could I do better next time?<\/li>\n\n\n\n<li>How did the introduction effect the interview? Which option worked best?<\/li>\n\n\n\n<li>Was my introduction clear enough so people could understand my project idea?<\/li>\n\n\n\n<li>Which wording did they use in their answers?<\/li>\n\n\n\n<li>Did I manage to create a positive atmosphere?<\/li>\n<\/ul>\n\n\n\n<h4 class=\"wp-block-heading\">Step 3 \u2013 Analyze communication tasks in the project (15 minutes)<\/h4>\n\n\n\n<p>Take a sheet of paper and give it the heading \"Communication in our project\". Draw two columns and write two labels \"Me\" and \"Others\" at the top of the right-hand column.<\/p>\n\n\n\n<figure data-wp-context=\"{&quot;imageId&quot;:&quot;69f1c7519ca30&quot;}\" data-wp-interactive=\"core\/image\" data-wp-key=\"69f1c7519ca30\" class=\"wp-block-image aligncenter size-full is-resized wp-lightbox-container\"><img loading=\"lazy\" decoding=\"async\" width=\"600\" height=\"800\" data-wp-class--hide=\"state.isContentHidden\" data-wp-class--show=\"state.isContentVisible\" data-wp-init=\"callbacks.setButtonStyles\" data-wp-on--click=\"actions.showLightbox\" data-wp-on--load=\"callbacks.setButtonStyles\" data-wp-on-window--resize=\"callbacks.setButtonStyles\" src=\"https:\/\/familab.mkteam.org\/wp-content\/uploads\/2024\/11\/04_02__03s.jpg\" alt=\"Arbeitsblatt Kommunikationsaufgaben\" class=\"wp-image-940\" style=\"width:321px;height:auto\" srcset=\"https:\/\/familab.mkteam.org\/wp-content\/uploads\/2024\/11\/04_02__03s.jpg 600w, https:\/\/familab.mkteam.org\/wp-content\/uploads\/2024\/11\/04_02__03s-225x300.jpg 225w, https:\/\/familab.mkteam.org\/wp-content\/uploads\/2024\/11\/04_02__03s-9x12.jpg 9w\" sizes=\"auto, (max-width: 600px) 100vw, 600px\" \/><button\n\t\t\tclass=\"lightbox-trigger\"\n\t\t\ttype=\"button\"\n\t\t\taria-haspopup=\"dialog\"\n\t\t\taria-label=\"Enlarge\"\n\t\t\tdata-wp-init=\"callbacks.initTriggerButton\"\n\t\t\tdata-wp-on--click=\"actions.showLightbox\"\n\t\t\tdata-wp-style--right=\"state.imageButtonRight\"\n\t\t\tdata-wp-style--top=\"state.imageButtonTop\"\n\t\t>\n\t\t\t<svg xmlns=\"http:\/\/www.w3.org\/2000\/svg\" width=\"12\" height=\"12\" fill=\"none\" viewbox=\"0 0 12 12\">\n\t\t\t\t<path fill=\"#fff\" d=\"M2 0a2 2 0 0 0-2 2v2h1.5V2a.5.5 0 0 1 .5-.5h2V0H2Zm2 10.5H2a.5.5 0 0 1-.5-.5V8H0v2a2 2 0 0 0 2 2h2v-1.5ZM8 12v-1.5h2a.5.5 0 0 0 .5-.5V8H12v2a2 2 0 0 1-2 2H8Zm2-12a2 2 0 0 1 2 2v2h-1.5V2a.5.5 0 0 0-.5-.5H8V0h2Z\" \/>\n\t\t\t<\/svg>\n\t\t<\/button><\/figure>\n\n\n\n<p>In the left-hand column, list the communication tasks that are likely to arise in your project, e.g. communication with volunteers or stakeholders, dissemination, project information,... In the right-hand column, mark which tasks you can or want to do yourself and which tasks should be done by someone else.<\/p>\n\n\n\n<figure data-wp-context=\"{&quot;imageId&quot;:&quot;69f1c7519ce21&quot;}\" data-wp-interactive=\"core\/image\" data-wp-key=\"69f1c7519ce21\" class=\"wp-block-image aligncenter size-full is-resized wp-lightbox-container\"><img loading=\"lazy\" decoding=\"async\" width=\"594\" height=\"800\" data-wp-class--hide=\"state.isContentHidden\" data-wp-class--show=\"state.isContentVisible\" data-wp-init=\"callbacks.setButtonStyles\" data-wp-on--click=\"actions.showLightbox\" data-wp-on--load=\"callbacks.setButtonStyles\" data-wp-on-window--resize=\"callbacks.setButtonStyles\" src=\"https:\/\/familab.mkteam.org\/wp-content\/uploads\/2024\/11\/04_02__04s.jpg\" alt=\"Arbeitsblatt Kommunikationsaufgaben ausgef\u00fcllt\" class=\"wp-image-942\" style=\"width:479px;height:auto\" srcset=\"https:\/\/familab.mkteam.org\/wp-content\/uploads\/2024\/11\/04_02__04s.jpg 594w, https:\/\/familab.mkteam.org\/wp-content\/uploads\/2024\/11\/04_02__04s-223x300.jpg 223w, https:\/\/familab.mkteam.org\/wp-content\/uploads\/2024\/11\/04_02__04s-9x12.jpg 9w\" sizes=\"auto, (max-width: 594px) 100vw, 594px\" \/><button\n\t\t\tclass=\"lightbox-trigger\"\n\t\t\ttype=\"button\"\n\t\t\taria-haspopup=\"dialog\"\n\t\t\taria-label=\"Enlarge\"\n\t\t\tdata-wp-init=\"callbacks.initTriggerButton\"\n\t\t\tdata-wp-on--click=\"actions.showLightbox\"\n\t\t\tdata-wp-style--right=\"state.imageButtonRight\"\n\t\t\tdata-wp-style--top=\"state.imageButtonTop\"\n\t\t>\n\t\t\t<svg xmlns=\"http:\/\/www.w3.org\/2000\/svg\" width=\"12\" height=\"12\" fill=\"none\" viewbox=\"0 0 12 12\">\n\t\t\t\t<path fill=\"#fff\" d=\"M2 0a2 2 0 0 0-2 2v2h1.5V2a.5.5 0 0 1 .5-.5h2V0H2Zm2 10.5H2a.5.5 0 0 1-.5-.5V8H0v2a2 2 0 0 0 2 2h2v-1.5ZM8 12v-1.5h2a.5.5 0 0 0 .5-.5V8H12v2a2 2 0 0 1-2 2H8Zm2-12a2 2 0 0 1 2 2v2h-1.5V2a.5.5 0 0 0-.5-.5H8V0h2Z\" \/>\n\t\t\t<\/svg>\n\t\t<\/button><\/figure>\n\n\n\n<p>This list will help you to put together a team later on. It will also give you an orientation in case you want to develop your communication skills in certain areas, e.g. moderation, presentation or conflict management.<\/p>\n\n\n\n<h4 class=\"wp-block-heading\">Step 4 \u2013 Evaluate communication training options (20 minutes)<\/h4>\n\n\n\n<p>Research whether your organization offers communication training or whether you can find training on the Internet. You can also contact a person with good communication skills and ask them for their tips on how to approach communication tasks.<\/p>\n\n\n\n<hr class=\"wp-block-separator alignwide has-alpha-channel-opacity\" style=\"margin-top:var(--wp--preset--spacing--30);margin-bottom:var(--wp--preset--spacing--30)\"\/>\n\n\n\n<p><strong>Learning Outcomes - which skills are addressed?<\/strong><\/p>\n\n\n\n<p>All participants made first experiences talking to people outside their research institute or organization. They reflected their own communication skills and how they feel in situations where they talk to non-scientists or strangers. They evaluated training options.<\/p>\n\n\n\n<p><strong>How do you check the outcomes are reached?<\/strong><\/p>\n\n\n\n<p>Participants can reflect on their experiences when talking to non-scientists about their work. The participants drew up a list of communication tasks in their project and decided whether they wanted to do them themselves, receive training or pass the task on to someone else.  <\/p>\n\n\n\n<p><strong>De-Briefing questions<\/strong><\/p>\n\n\n\n<ul class=\"wp-block-list\">\n<li>How would you describe your experience talking to non-scientists about your project?<\/li>\n\n\n\n<li>Are there any communication skills you want to develop further?<\/li>\n<\/ul>\n\n\n\n<p><strong>Further links and readings<\/strong><\/p>\n\n\n\n<ul class=\"wp-block-list\">\n<li>Hua, C. (2022): 5 Tips on Communicating Your Research Effectively. <a href=\"https:\/\/gsrc.ucr.edu\/blog\/2022\/11\/30\/5-tips-communicating-your-research-effectively\"><u>https:\/\/gsrc.ucr.edu\/blog\/2022\/11\/30\/5-tips-communicating-your-research-effectively<\/u><\/a>&nbsp;(last viewed 03\/07\/2024)<\/li>\n\n\n\n<li>Morrison, S. (2022): Tips for communicating about your research with non-scientists. <a href=\"https:\/\/www.nia.nih.gov\/research\/blog\/2022\/11\/tips-communicating-about-your-research-non-scientists\"><u>https:\/\/www.nia.nih.gov\/research\/blog\/2022\/11\/tips-communicating-about-your-research-non-scientists<\/u><\/a>&nbsp;(last viewed 03\/07\/2024)<\/li>\n\n\n\n<li>Roche, J. et al. (2023): Bridging citizen science and science communication: insights from a global study of science communicators. <a href=\"https:\/\/www.frontiersin.org\/articles\/10.3389\/fenvs.2023.1259422\/full\"><u>https:\/\/www.frontiersin.org\/articles\/10.3389\/fenvs.2023.1259422\/full<\/u><\/a>&nbsp;(last viewed 03\/07\/2024)<\/li>\n\n\n\n<li>Veeckman, C. et al. (2019): Communication in Citizen Science. A practical guide to communication and engagement in citizen science <a href=\"https:\/\/www.scivil.be\/sites\/default\/files\/paragraph\/files\/2020-01\/Scivil Communication Guide.pdf\"><u>https:\/\/www.scivil.be\/sites\/default\/files\/paragraph\/files\/2020-01\/Scivil%20Communication%20Guide.pdf<\/u><\/a>&nbsp;(last viewed 03\/07\/2024)<\/li>\n<\/ul>\n\n\n\n<div style=\"height:60px\" aria-hidden=\"true\" class=\"wp-block-spacer\"><\/div>\n\n\n\n<div class=\"wp-block-columns is-layout-flex wp-container-core-columns-is-layout-28f84493 wp-block-columns-is-layout-flex\">\n<div class=\"wp-block-column is-layout-flow wp-block-column-is-layout-flow\">\n<div class=\"wp-block-buttons is-content-justification-center is-layout-flex wp-container-core-buttons-is-layout-a89b3969 wp-block-buttons-is-layout-flex\">\n<div class=\"wp-block-button\"><a class=\"wp-block-button__link wp-element-button\" href=\"https:\/\/familab.mkteam.org\/en\/material\/ein-citizen-science-projekt-selber-machen\/4-passen-meine-faehigkeiten-zu-citizen-science\/4-1-kompetenzkarte\/\">&lt;&lt; Activity 4-1<\/a><\/div>\n<\/div>\n<\/div>\n\n\n\n<div class=\"wp-block-column is-layout-flow wp-block-column-is-layout-flow\">\n<div class=\"wp-block-buttons is-content-justification-center is-layout-flex wp-container-core-buttons-is-layout-a89b3969 wp-block-buttons-is-layout-flex\">\n<div class=\"wp-block-button\"><a class=\"wp-block-button__link wp-element-button\" href=\"https:\/\/familab.mkteam.org\/en\/material\/ein-citizen-science-projekt-selber-machen\/\">^ Overview<\/a><\/div>\n<\/div>\n<\/div>\n\n\n\n<div class=\"wp-block-column is-layout-flow wp-block-column-is-layout-flow\">\n<div class=\"wp-block-buttons is-content-justification-center is-layout-flex wp-container-core-buttons-is-layout-a89b3969 wp-block-buttons-is-layout-flex\">\n<div class=\"wp-block-button\"><a class=\"wp-block-button__link wp-element-button\" href=\"https:\/\/familab.mkteam.org\/en\/material\/ein-citizen-science-projekt-selber-machen\/4-passen-meine-faehigkeiten-zu-citizen-science\/4-3-unstimmigkeiten-und-streit\/\">Activity 4-3 &gt;&gt;<\/a><\/div>\n<\/div>\n<\/div>\n<\/div>\n\n\n\n<p><\/p>","protected":false},"excerpt":{"rendered":"<p>Ziel der Aktivit\u00e4t In dieser Aktivit\u00e4t kommt ihr in direkten Kontakt mit Menschen au\u00dferhalb eures Forschungsteams oder eurer Organisation. Das bereitet euch auf die Arbeit mit Freiwilligen vor und ihr analysiert, wo im Projekt welche Kommunikationsf\u00e4higkeiten ben\u00f6tigt werden. Ben\u00f6tigte Materialien Papier, Stift, Buntstifte Dauer 60 Minuten Schritt 1: Interview mit 3 Personen f\u00fchren (sollte vorab [&hellip;]<\/p>","protected":false},"author":2,"featured_media":0,"parent":689,"menu_order":0,"comment_status":"closed","ping_status":"closed","template":"","meta":{"footnotes":""},"class_list":["post-927","page","type-page","status-publish","hentry"],"_links":{"self":[{"href":"https:\/\/familab.mkteam.org\/en\/wp-json\/wp\/v2\/pages\/927","targetHints":{"allow":["GET"]}}],"collection":[{"href":"https:\/\/familab.mkteam.org\/en\/wp-json\/wp\/v2\/pages"}],"about":[{"href":"https:\/\/familab.mkteam.org\/en\/wp-json\/wp\/v2\/types\/page"}],"author":[{"embeddable":true,"href":"https:\/\/familab.mkteam.org\/en\/wp-json\/wp\/v2\/users\/2"}],"replies":[{"embeddable":true,"href":"https:\/\/familab.mkteam.org\/en\/wp-json\/wp\/v2\/comments?post=927"}],"version-history":[{"count":11,"href":"https:\/\/familab.mkteam.org\/en\/wp-json\/wp\/v2\/pages\/927\/revisions"}],"predecessor-version":[{"id":954,"href":"https:\/\/familab.mkteam.org\/en\/wp-json\/wp\/v2\/pages\/927\/revisions\/954"}],"up":[{"embeddable":true,"href":"https:\/\/familab.mkteam.org\/en\/wp-json\/wp\/v2\/pages\/689"}],"wp:attachment":[{"href":"https:\/\/familab.mkteam.org\/en\/wp-json\/wp\/v2\/media?parent=927"}],"curies":[{"name":"wp","href":"https:\/\/api.w.org\/{rel}","templated":true}]}}