{"id":895,"date":"2024-11-08T17:58:30","date_gmt":"2024-11-08T17:58:30","guid":{"rendered":"https:\/\/familienlabor.mkteam.org\/?page_id=895"},"modified":"2024-11-26T09:01:53","modified_gmt":"2024-11-26T09:01:53","slug":"4-1-kompetenzkarte","status":"publish","type":"page","link":"https:\/\/familab.mkteam.org\/en\/material\/ein-citizen-science-projekt-selber-machen\/4-passen-meine-faehigkeiten-zu-citizen-science\/4-1-kompetenzkarte\/","title":{"rendered":"4-1 Skill map"},"content":{"rendered":"<p><strong>Aims of the activity and description of target group<\/strong><\/p>\n\n\n\n<p>In this activity, participants assess the skills needed in a Citizen Science project and evaluate which skills they personally bring to the project. This will later help them to find a good balance of all the required skills when putting together the project team. The activity is suitable for researchers and citizens in a group or individual learning setting.<\/p>\n\n\n\n<p><strong>Resources, Materials needed<\/strong> <\/p>\n\n\n\n<ul class=\"wp-block-list\">\n<li>Paper, pen, color pencils<\/li>\n\n\n\n<li>printed worksheet \"<a href=\"https:\/\/familab.mkteam.org\/wp-content\/uploads\/2024\/11\/Module2_4-1-skill_map.pdf\">Module2_4-1-skill_map.pdf<\/a>\"<\/li>\n\n\n\n<li>printed worksheet \"<a href=\"https:\/\/familab.mkteam.org\/wp-content\/uploads\/2024\/11\/Module2_4-1-Task_and_Skill_Assessment_Project.pdf\">Module2_4-1-Task_and_Skill_Assessment_Project.pdf<\/a>\"<\/li>\n<\/ul>\n\n\n\n<p><strong>Duration<\/strong><\/p>\n\n\n\n<p>60 minutes<\/p>\n\n\n\n<hr class=\"wp-block-separator alignwide has-alpha-channel-opacity\" style=\"margin-top:var(--wp--preset--spacing--30);margin-bottom:var(--wp--preset--spacing--30)\"\/>\n\n\n\n<h4 class=\"wp-block-heading\"><strong>Step 1: Warm up (10 minutes)<\/strong><\/h4>\n\n\n\n<p>Think about your last projects and write down 3 things that went well and 3 that you didn't like.<\/p>\n\n\n\n<figure data-wp-context=\"{&quot;imageId&quot;:&quot;69f1c85d1a875&quot;}\" data-wp-interactive=\"core\/image\" data-wp-key=\"69f1c85d1a875\" class=\"wp-block-image aligncenter size-full wp-lightbox-container\"><img loading=\"lazy\" decoding=\"async\" width=\"800\" height=\"536\" data-wp-class--hide=\"state.isContentHidden\" data-wp-class--show=\"state.isContentVisible\" data-wp-init=\"callbacks.setButtonStyles\" data-wp-on--click=\"actions.showLightbox\" data-wp-on--load=\"callbacks.setButtonStyles\" data-wp-on-window--resize=\"callbacks.setButtonStyles\" src=\"https:\/\/familab.mkteam.org\/wp-content\/uploads\/2024\/11\/04_01__01s.jpg\" alt=\"Projektanalyse\" class=\"wp-image-902\" srcset=\"https:\/\/familab.mkteam.org\/wp-content\/uploads\/2024\/11\/04_01__01s.jpg 800w, https:\/\/familab.mkteam.org\/wp-content\/uploads\/2024\/11\/04_01__01s-300x201.jpg 300w, https:\/\/familab.mkteam.org\/wp-content\/uploads\/2024\/11\/04_01__01s-768x515.jpg 768w, https:\/\/familab.mkteam.org\/wp-content\/uploads\/2024\/11\/04_01__01s-18x12.jpg 18w\" sizes=\"auto, (max-width: 800px) 100vw, 800px\" \/><button\n\t\t\tclass=\"lightbox-trigger\"\n\t\t\ttype=\"button\"\n\t\t\taria-haspopup=\"dialog\"\n\t\t\taria-label=\"Enlarge\"\n\t\t\tdata-wp-init=\"callbacks.initTriggerButton\"\n\t\t\tdata-wp-on--click=\"actions.showLightbox\"\n\t\t\tdata-wp-style--right=\"state.imageButtonRight\"\n\t\t\tdata-wp-style--top=\"state.imageButtonTop\"\n\t\t>\n\t\t\t<svg xmlns=\"http:\/\/www.w3.org\/2000\/svg\" width=\"12\" height=\"12\" fill=\"none\" viewbox=\"0 0 12 12\">\n\t\t\t\t<path fill=\"#fff\" d=\"M2 0a2 2 0 0 0-2 2v2h1.5V2a.5.5 0 0 1 .5-.5h2V0H2Zm2 10.5H2a.5.5 0 0 1-.5-.5V8H0v2a2 2 0 0 0 2 2h2v-1.5ZM8 12v-1.5h2a.5.5 0 0 0 .5-.5V8H12v2a2 2 0 0 1-2 2H8Zm2-12a2 2 0 0 1 2 2v2h-1.5V2a.5.5 0 0 0-.5-.5H8V0h2Z\" \/>\n\t\t\t<\/svg>\n\t\t<\/button><\/figure>\n\n\n\n<h4 class=\"wp-block-heading\"><strong>Step 2 - Your strengths (10 minutes)<\/strong><\/h4>\n\n\n\n<p>Take the printed worksheet \"<a href=\"https:\/\/familab.mkteam.org\/wp-content\/uploads\/2024\/11\/Module2_4-1-skill_map.pdf\">Module2_4-1-skill_map.pdf<\/a>\" and start by marking the skills that you would classify as your strengths with a color. If more strengths come to your mind, add them to the sheet. Think about: <\/p>\n\n\n\n<ul class=\"wp-block-list\">\n<li>What are you really good at? What do other people ask you about because they know you are good at it?<\/li>\n\n\n\n<li>What do you enjoy doing?<\/li>\n\n\n\n<li>What motivates you?<\/li>\n<\/ul>\n\n\n\n<figure data-wp-context=\"{&quot;imageId&quot;:&quot;69f1c85d1b1bd&quot;}\" data-wp-interactive=\"core\/image\" data-wp-key=\"69f1c85d1b1bd\" class=\"wp-block-image aligncenter size-full wp-lightbox-container\"><img loading=\"lazy\" decoding=\"async\" width=\"800\" height=\"548\" data-wp-class--hide=\"state.isContentHidden\" data-wp-class--show=\"state.isContentVisible\" data-wp-init=\"callbacks.setButtonStyles\" data-wp-on--click=\"actions.showLightbox\" data-wp-on--load=\"callbacks.setButtonStyles\" data-wp-on-window--resize=\"callbacks.setButtonStyles\" src=\"https:\/\/familab.mkteam.org\/wp-content\/uploads\/2024\/11\/04_01__02s.jpg\" alt=\"Meine St\u00e4rken\" class=\"wp-image-908\" srcset=\"https:\/\/familab.mkteam.org\/wp-content\/uploads\/2024\/11\/04_01__02s.jpg 800w, https:\/\/familab.mkteam.org\/wp-content\/uploads\/2024\/11\/04_01__02s-300x206.jpg 300w, https:\/\/familab.mkteam.org\/wp-content\/uploads\/2024\/11\/04_01__02s-768x526.jpg 768w, https:\/\/familab.mkteam.org\/wp-content\/uploads\/2024\/11\/04_01__02s-18x12.jpg 18w\" sizes=\"auto, (max-width: 800px) 100vw, 800px\" \/><button\n\t\t\tclass=\"lightbox-trigger\"\n\t\t\ttype=\"button\"\n\t\t\taria-haspopup=\"dialog\"\n\t\t\taria-label=\"Enlarge\"\n\t\t\tdata-wp-init=\"callbacks.initTriggerButton\"\n\t\t\tdata-wp-on--click=\"actions.showLightbox\"\n\t\t\tdata-wp-style--right=\"state.imageButtonRight\"\n\t\t\tdata-wp-style--top=\"state.imageButtonTop\"\n\t\t>\n\t\t\t<svg xmlns=\"http:\/\/www.w3.org\/2000\/svg\" width=\"12\" height=\"12\" fill=\"none\" viewbox=\"0 0 12 12\">\n\t\t\t\t<path fill=\"#fff\" d=\"M2 0a2 2 0 0 0-2 2v2h1.5V2a.5.5 0 0 1 .5-.5h2V0H2Zm2 10.5H2a.5.5 0 0 1-.5-.5V8H0v2a2 2 0 0 0 2 2h2v-1.5ZM8 12v-1.5h2a.5.5 0 0 0 .5-.5V8H12v2a2 2 0 0 1-2 2H8Zm2-12a2 2 0 0 1 2 2v2h-1.5V2a.5.5 0 0 0-.5-.5H8V0h2Z\" \/>\n\t\t\t<\/svg>\n\t\t<\/button><\/figure>\n\n\n\n<h4 class=\"wp-block-heading\">Step 3 \u2013 What are you not so good at? (10 minutes)<\/h4>\n\n\n\n<p>Use a different color to mark the things you are not so good at. You can add additional items to the sheet again. Think about: <\/p>\n\n\n\n<div class=\"wp-block-group is-nowrap is-layout-flex wp-container-core-group-is-layout-6c531013 wp-block-group-is-layout-flex\">\n<ul class=\"wp-block-list\">\n<li>What do you find difficult?<\/li>\n\n\n\n<li>What did not work in your last project?<\/li>\n\n\n\n<li>Why didn't it work?<\/li>\n\n\n\n<li>What makes you dissatisfied?<\/li>\n<\/ul>\n<\/div>\n\n\n\n<figure data-wp-context=\"{&quot;imageId&quot;:&quot;69f1c85d1db2a&quot;}\" data-wp-interactive=\"core\/image\" data-wp-key=\"69f1c85d1db2a\" class=\"wp-block-image aligncenter size-full wp-lightbox-container\"><img loading=\"lazy\" decoding=\"async\" width=\"800\" height=\"587\" data-wp-class--hide=\"state.isContentHidden\" data-wp-class--show=\"state.isContentVisible\" data-wp-init=\"callbacks.setButtonStyles\" data-wp-on--click=\"actions.showLightbox\" data-wp-on--load=\"callbacks.setButtonStyles\" data-wp-on-window--resize=\"callbacks.setButtonStyles\" src=\"https:\/\/familab.mkteam.org\/wp-content\/uploads\/2024\/11\/04_01__03s.jpg\" alt=\"Meine Schw\u00e4chen\" class=\"wp-image-910\" srcset=\"https:\/\/familab.mkteam.org\/wp-content\/uploads\/2024\/11\/04_01__03s.jpg 800w, https:\/\/familab.mkteam.org\/wp-content\/uploads\/2024\/11\/04_01__03s-300x220.jpg 300w, https:\/\/familab.mkteam.org\/wp-content\/uploads\/2024\/11\/04_01__03s-768x564.jpg 768w, https:\/\/familab.mkteam.org\/wp-content\/uploads\/2024\/11\/04_01__03s-16x12.jpg 16w\" sizes=\"auto, (max-width: 800px) 100vw, 800px\" \/><button\n\t\t\tclass=\"lightbox-trigger\"\n\t\t\ttype=\"button\"\n\t\t\taria-haspopup=\"dialog\"\n\t\t\taria-label=\"Enlarge\"\n\t\t\tdata-wp-init=\"callbacks.initTriggerButton\"\n\t\t\tdata-wp-on--click=\"actions.showLightbox\"\n\t\t\tdata-wp-style--right=\"state.imageButtonRight\"\n\t\t\tdata-wp-style--top=\"state.imageButtonTop\"\n\t\t>\n\t\t\t<svg xmlns=\"http:\/\/www.w3.org\/2000\/svg\" width=\"12\" height=\"12\" fill=\"none\" viewbox=\"0 0 12 12\">\n\t\t\t\t<path fill=\"#fff\" d=\"M2 0a2 2 0 0 0-2 2v2h1.5V2a.5.5 0 0 1 .5-.5h2V0H2Zm2 10.5H2a.5.5 0 0 1-.5-.5V8H0v2a2 2 0 0 0 2 2h2v-1.5ZM8 12v-1.5h2a.5.5 0 0 0 .5-.5V8H12v2a2 2 0 0 1-2 2H8Zm2-12a2 2 0 0 1 2 2v2h-1.5V2a.5.5 0 0 0-.5-.5H8V0h2Z\" \/>\n\t\t\t<\/svg>\n\t\t<\/button><\/figure>\n\n\n\n<h4 class=\"wp-block-heading\">Step 4 \u2013 Tasks and skills in a Citizen Science project (20 minutes)<\/h4>\n\n\n\n<p>Take the worksheet \"<a href=\"https:\/\/familab.mkteam.org\/wp-content\/uploads\/2024\/11\/Module2_4-1-Task_and_Skill_Assessment_Project.pdf\">Module2_4-1-Task_and_Skill_Assessment_Project.pdf<\/a>\", which contains a list of tasks and skills commonly found in Citizen Science projects. Now think of your own Citizen Science project, go through the list and check:<\/p>\n\n\n\n<ul class=\"wp-block-list\">\n<li>What tasks can you do with your skills?<\/li>\n\n\n\n<li>Which tasks can be done by your team?<\/li>\n\n\n\n<li>For which tasks is there no one with the right skills?<\/li>\n\n\n\n<li>Which tasks are not relevant for your project?<\/li>\n<\/ul>\n\n\n\n<p>This list will help you later on to put together a suitable project team.<\/p>\n\n\n\n<figure data-wp-context=\"{&quot;imageId&quot;:&quot;69f1c85d1e440&quot;}\" data-wp-interactive=\"core\/image\" data-wp-key=\"69f1c85d1e440\" class=\"wp-block-image aligncenter size-full wp-lightbox-container\"><img loading=\"lazy\" decoding=\"async\" width=\"800\" height=\"534\" data-wp-class--hide=\"state.isContentHidden\" data-wp-class--show=\"state.isContentVisible\" data-wp-init=\"callbacks.setButtonStyles\" data-wp-on--click=\"actions.showLightbox\" data-wp-on--load=\"callbacks.setButtonStyles\" data-wp-on-window--resize=\"callbacks.setButtonStyles\" src=\"https:\/\/familab.mkteam.org\/wp-content\/uploads\/2024\/11\/04_01__04s-1.jpg\" alt=\"Aufgaben und Kompetenzen im Projekt\" class=\"wp-image-913\" srcset=\"https:\/\/familab.mkteam.org\/wp-content\/uploads\/2024\/11\/04_01__04s-1.jpg 800w, https:\/\/familab.mkteam.org\/wp-content\/uploads\/2024\/11\/04_01__04s-1-300x200.jpg 300w, https:\/\/familab.mkteam.org\/wp-content\/uploads\/2024\/11\/04_01__04s-1-768x513.jpg 768w, https:\/\/familab.mkteam.org\/wp-content\/uploads\/2024\/11\/04_01__04s-1-18x12.jpg 18w\" sizes=\"auto, (max-width: 800px) 100vw, 800px\" \/><button\n\t\t\tclass=\"lightbox-trigger\"\n\t\t\ttype=\"button\"\n\t\t\taria-haspopup=\"dialog\"\n\t\t\taria-label=\"Enlarge\"\n\t\t\tdata-wp-init=\"callbacks.initTriggerButton\"\n\t\t\tdata-wp-on--click=\"actions.showLightbox\"\n\t\t\tdata-wp-style--right=\"state.imageButtonRight\"\n\t\t\tdata-wp-style--top=\"state.imageButtonTop\"\n\t\t>\n\t\t\t<svg xmlns=\"http:\/\/www.w3.org\/2000\/svg\" width=\"12\" height=\"12\" fill=\"none\" viewbox=\"0 0 12 12\">\n\t\t\t\t<path fill=\"#fff\" d=\"M2 0a2 2 0 0 0-2 2v2h1.5V2a.5.5 0 0 1 .5-.5h2V0H2Zm2 10.5H2a.5.5 0 0 1-.5-.5V8H0v2a2 2 0 0 0 2 2h2v-1.5ZM8 12v-1.5h2a.5.5 0 0 0 .5-.5V8H12v2a2 2 0 0 1-2 2H8Zm2-12a2 2 0 0 1 2 2v2h-1.5V2a.5.5 0 0 0-.5-.5H8V0h2Z\" \/>\n\t\t\t<\/svg>\n\t\t<\/button><\/figure>\n\n\n\n<h4 class=\"wp-block-heading\">Step <strong>5 \u2013 Reflect on the results (10 minutes)<\/strong><\/h4>\n\n\n\n<ul class=\"wp-block-list\">\n<li>What proportion of the project tasks can you and your team already cover?<\/li>\n\n\n\n<li>What do you think of the open tasks? Is it realistic to find someone to take on these tasks?<\/li>\n\n\n\n<li>Are there sections where you have the feeling that there could be more tasks that you do not yet have on your list?<\/li>\n<\/ul>\n\n\n\n<hr class=\"wp-block-separator alignwide has-alpha-channel-opacity\" style=\"margin-top:var(--wp--preset--spacing--30);margin-bottom:var(--wp--preset--spacing--30)\"\/>\n\n\n\n<p><strong>Learning Outcomes - which skills are addressed?<\/strong><\/p>\n\n\n\n<p>The activity trains participants to observe their own skills and evaluate the skills of their team. The activity also introduces them to the details of planning a Citizen Science project and prepares them for the actual team and project planning.<\/p>\n\n\n\n<p><strong>How do you check the outcomes are reached?<\/strong><\/p>\n\n\n\n<p>The participants have completed both worksheets and have a clear idea of their skills and the skills of their team.<\/p>\n\n\n\n<p><strong>De-Briefing questions<\/strong><\/p>\n\n\n\n<ul class=\"wp-block-list\">\n<li>What skills will you bring to your Citizen Science project?<\/li>\n\n\n\n<li>What skills will your team bring to your Citizen Science project?<\/li>\n\n\n\n<li>Which tasks cannot be taken on by you or your team?<\/li>\n\n\n\n<li>How likely is it to find someone for the open tasks?<\/li>\n<\/ul>\n\n\n\n<p><strong>Further links and readings<\/strong><\/p>\n\n\n\n<ul class=\"wp-block-list\">\n<li>Hansen (2021): Citizen Science Skilling for Library Staff, Researchers, and the Public. <a href=\"https:\/\/libereurope.eu\/wp-content\/uploads\/2021\/11\/guide.pdf\"><u>https:\/\/libereurope.eu\/wp-content\/uploads\/2021\/11\/guide.pdf<\/u><\/a>&nbsp;(last viewed 03\/11\/2024)<\/li>\n\n\n\n<li>Klaphaak et al. (2023): How to Identify Your Strengths. <a href=\"https:\/\/www.wikihow.com\/Identify-Your-Strengths\"><u>https:\/\/www.wikihow.com\/Identify-Your-Strengths<\/u><\/a>&nbsp;(last viewed 03\/11\/2024)<\/li>\n<\/ul>\n\n\n\n<div style=\"height:60px\" aria-hidden=\"true\" class=\"wp-block-spacer\"><\/div>\n\n\n\n<div class=\"wp-block-columns is-layout-flex wp-container-core-columns-is-layout-28f84493 wp-block-columns-is-layout-flex\">\n<div class=\"wp-block-column is-layout-flow wp-block-column-is-layout-flow\">\n<div class=\"wp-block-buttons is-content-justification-center is-layout-flex wp-container-core-buttons-is-layout-a89b3969 wp-block-buttons-is-layout-flex\">\n<div class=\"wp-block-button\"><a class=\"wp-block-button__link wp-element-button\" href=\"https:\/\/familab.mkteam.org\/en\/material\/ein-citizen-science-projekt-selber-machen\/4-passen-meine-faehigkeiten-zu-citizen-science\/\">&lt;&lt; Teil 4<\/a><\/div>\n<\/div>\n<\/div>\n\n\n\n<div class=\"wp-block-column is-layout-flow wp-block-column-is-layout-flow\">\n<div class=\"wp-block-buttons is-content-justification-center is-layout-flex wp-container-core-buttons-is-layout-a89b3969 wp-block-buttons-is-layout-flex\">\n<div class=\"wp-block-button\"><a class=\"wp-block-button__link wp-element-button\" href=\"https:\/\/familab.mkteam.org\/en\/material\/ein-citizen-science-projekt-selber-machen\/\">^ Overview<\/a><\/div>\n<\/div>\n<\/div>\n\n\n\n<div class=\"wp-block-column is-layout-flow wp-block-column-is-layout-flow\">\n<div class=\"wp-block-buttons is-content-justification-center is-layout-flex wp-container-core-buttons-is-layout-a89b3969 wp-block-buttons-is-layout-flex\">\n<div class=\"wp-block-button\"><a class=\"wp-block-button__link wp-element-button\" href=\"https:\/\/familab.mkteam.org\/en\/material\/ein-citizen-science-projekt-selber-machen\/4-passen-meine-faehigkeiten-zu-citizen-science\/4-2-kommunikation-mit-fachfremden-personen\/\">Activity 4-2 &gt;&gt;<\/a><\/div>\n<\/div>\n<\/div>\n<\/div>\n\n\n\n<p><\/p>","protected":false},"excerpt":{"rendered":"<p>Ziel der Aktivit\u00e4t In dieser Aktivit\u00e4t analysierst du, welche F\u00e4higkeiten in deinen Citizen Science Projekt ben\u00f6tigten werden. Das wird dir sp\u00e4ter bei der Zusammenstellung deines Teams helfen. Du wirst auch deine eigenen F\u00e4higkeiten einsch\u00e4tzen. Ben\u00f6tigte Materialien Dauer 60 Minuten Schritt 1: Projekt-Vorlage (60 Minuten) Denke an deine letzten Projekte und schreiben 3 Dinge auf, die [&hellip;]<\/p>","protected":false},"author":2,"featured_media":910,"parent":689,"menu_order":0,"comment_status":"closed","ping_status":"closed","template":"","meta":{"footnotes":""},"class_list":["post-895","page","type-page","status-publish","has-post-thumbnail","hentry"],"_links":{"self":[{"href":"https:\/\/familab.mkteam.org\/en\/wp-json\/wp\/v2\/pages\/895","targetHints":{"allow":["GET"]}}],"collection":[{"href":"https:\/\/familab.mkteam.org\/en\/wp-json\/wp\/v2\/pages"}],"about":[{"href":"https:\/\/familab.mkteam.org\/en\/wp-json\/wp\/v2\/types\/page"}],"author":[{"embeddable":true,"href":"https:\/\/familab.mkteam.org\/en\/wp-json\/wp\/v2\/users\/2"}],"replies":[{"embeddable":true,"href":"https:\/\/familab.mkteam.org\/en\/wp-json\/wp\/v2\/comments?post=895"}],"version-history":[{"count":13,"href":"https:\/\/familab.mkteam.org\/en\/wp-json\/wp\/v2\/pages\/895\/revisions"}],"predecessor-version":[{"id":932,"href":"https:\/\/familab.mkteam.org\/en\/wp-json\/wp\/v2\/pages\/895\/revisions\/932"}],"up":[{"embeddable":true,"href":"https:\/\/familab.mkteam.org\/en\/wp-json\/wp\/v2\/pages\/689"}],"wp:featuredmedia":[{"embeddable":true,"href":"https:\/\/familab.mkteam.org\/en\/wp-json\/wp\/v2\/media\/910"}],"wp:attachment":[{"href":"https:\/\/familab.mkteam.org\/en\/wp-json\/wp\/v2\/media?parent=895"}],"curies":[{"name":"wp","href":"https:\/\/api.w.org\/{rel}","templated":true}]}}