{"id":845,"date":"2024-11-07T11:14:55","date_gmt":"2024-11-07T11:14:55","guid":{"rendered":"https:\/\/familienlabor.mkteam.org\/?page_id=845"},"modified":"2024-11-08T16:27:29","modified_gmt":"2024-11-08T16:27:29","slug":"3-3-interessen-und-erwartungen-im-projekt","status":"publish","type":"page","link":"https:\/\/familab.mkteam.org\/en\/material\/ein-citizen-science-projekt-selber-machen\/3-den-umfang-festlegen\/3-3-interessen-und-erwartungen-im-projekt\/","title":{"rendered":"3-3 Manage interests and expectations"},"content":{"rendered":"<p><strong>Aims of the activity and description of target group<\/strong><\/p>\n\n\n\n<p>Each project is prone to interests and expectations by the team and external parties. This activity sensitizes the participants to possible interests and expectations that need to be considered and managed within the project. The activity is suitable for researchers and citizens in a group or individual learning setting. Session #1 and #2 should be done before. <\/p>\n\n\n\n<p><strong>Resources, Materials needed<\/strong> <\/p>\n\n\n\n<ul class=\"wp-block-list\">\n<li>Paper, pen, color pencils, sticky notes<\/li>\n\n\n\n<li>Results from <a href=\"https:\/\/familab.mkteam.org\/en\/material\/ein-citizen-science-projekt-selber-machen\/1-auswahl-des-themas\/1-3-das-netzwerk-analysieren\/\" data-type=\"page\" data-id=\"631\">Part 1, Activity 3, \"Analyze the network\"<\/a><\/li>\n\n\n\n<li>Results from <a href=\"https:\/\/familab.mkteam.org\/en\/material\/ein-citizen-science-projekt-selber-machen\/2-die-zielgruppe-verstehen\/2-1-die-zielgruppe-abbilden\/\" data-type=\"page\" data-id=\"720\">Part 2, Activity 3 \u201cMap your audience\u201d<\/a><\/li>\n<\/ul>\n\n\n\n<p><strong>Duration<\/strong><\/p>\n\n\n\n<p>60 minutes<\/p>\n\n\n\n<hr class=\"wp-block-separator alignwide has-alpha-channel-opacity\" style=\"margin-top:var(--wp--preset--spacing--30);margin-bottom:var(--wp--preset--spacing--30)\"\/>\n\n\n\n<h4 class=\"wp-block-heading\"><strong>Step 1 \u2013 Identify stakeholders (15 minutes)<\/strong><\/h4>\n\n\n\n<p>A stakeholder is an individual, group or organization that has an interest or concern in your project. Stakeholders can include: Researchers, citizens, members of organizations, public administration, investors and communities affected by the project, or the funders of your project. Take your results from <a href=\"https:\/\/familab.mkteam.org\/en\/material\/ein-citizen-science-projekt-selber-machen\/1-auswahl-des-themas\/1-3-das-netzwerk-analysieren\/\" data-type=\"page\" data-id=\"631\">Part 1, Activity 3<\/a> and <a href=\"https:\/\/familab.mkteam.org\/en\/material\/ein-citizen-science-projekt-selber-machen\/2-die-zielgruppe-verstehen\/2-1-die-zielgruppe-abbilden\/\" data-type=\"page\" data-id=\"720\">Part 2, Activity 1<\/a>. Some stakeholders may already be included in these analyses.<\/p>\n\n\n\n<figure data-wp-context=\"{&quot;imageId&quot;:&quot;69f1b7e7590f3&quot;}\" data-wp-interactive=\"core\/image\" data-wp-key=\"69f1b7e7590f3\" class=\"wp-block-image aligncenter size-full wp-lightbox-container\"><img loading=\"lazy\" decoding=\"async\" width=\"800\" height=\"600\" data-wp-class--hide=\"state.isContentHidden\" data-wp-class--show=\"state.isContentVisible\" data-wp-init=\"callbacks.setButtonStyles\" data-wp-on--click=\"actions.showLightbox\" data-wp-on--load=\"callbacks.setButtonStyles\" data-wp-on-window--resize=\"callbacks.setButtonStyles\" src=\"https:\/\/familab.mkteam.org\/wp-content\/uploads\/2024\/11\/03_03__01s.jpg\" alt=\"Ergebnisse aus vorigen \u00dcbungen\" class=\"wp-image-852\" srcset=\"https:\/\/familab.mkteam.org\/wp-content\/uploads\/2024\/11\/03_03__01s.jpg 800w, https:\/\/familab.mkteam.org\/wp-content\/uploads\/2024\/11\/03_03__01s-300x225.jpg 300w, https:\/\/familab.mkteam.org\/wp-content\/uploads\/2024\/11\/03_03__01s-768x576.jpg 768w, https:\/\/familab.mkteam.org\/wp-content\/uploads\/2024\/11\/03_03__01s-16x12.jpg 16w\" sizes=\"auto, (max-width: 800px) 100vw, 800px\" \/><button\n\t\t\tclass=\"lightbox-trigger\"\n\t\t\ttype=\"button\"\n\t\t\taria-haspopup=\"dialog\"\n\t\t\taria-label=\"Enlarge\"\n\t\t\tdata-wp-init=\"callbacks.initTriggerButton\"\n\t\t\tdata-wp-on--click=\"actions.showLightbox\"\n\t\t\tdata-wp-style--right=\"state.imageButtonRight\"\n\t\t\tdata-wp-style--top=\"state.imageButtonTop\"\n\t\t>\n\t\t\t<svg xmlns=\"http:\/\/www.w3.org\/2000\/svg\" width=\"12\" height=\"12\" fill=\"none\" viewbox=\"0 0 12 12\">\n\t\t\t\t<path fill=\"#fff\" d=\"M2 0a2 2 0 0 0-2 2v2h1.5V2a.5.5 0 0 1 .5-.5h2V0H2Zm2 10.5H2a.5.5 0 0 1-.5-.5V8H0v2a2 2 0 0 0 2 2h2v-1.5ZM8 12v-1.5h2a.5.5 0 0 0 .5-.5V8H12v2a2 2 0 0 1-2 2H8Zm2-12a2 2 0 0 1 2 2v2h-1.5V2a.5.5 0 0 0-.5-.5H8V0h2Z\" \/>\n\t\t\t<\/svg>\n\t\t<\/button><\/figure>\n\n\n\n<p>Create one sticky note for each stakeholder. Think of organizations, volunteers, the team, everyone who will use your results, but also who is funding your project or organization.<\/p>\n\n\n\n<figure data-wp-context=\"{&quot;imageId&quot;:&quot;69f1b7e7595b3&quot;}\" data-wp-interactive=\"core\/image\" data-wp-key=\"69f1b7e7595b3\" class=\"wp-block-image aligncenter size-full wp-lightbox-container\"><img loading=\"lazy\" decoding=\"async\" width=\"800\" height=\"623\" data-wp-class--hide=\"state.isContentHidden\" data-wp-class--show=\"state.isContentVisible\" data-wp-init=\"callbacks.setButtonStyles\" data-wp-on--click=\"actions.showLightbox\" data-wp-on--load=\"callbacks.setButtonStyles\" data-wp-on-window--resize=\"callbacks.setButtonStyles\" src=\"https:\/\/familab.mkteam.org\/wp-content\/uploads\/2024\/11\/03_03__02s.jpg\" alt=\"Stakeholder Haftnotizen\" class=\"wp-image-854\" srcset=\"https:\/\/familab.mkteam.org\/wp-content\/uploads\/2024\/11\/03_03__02s.jpg 800w, https:\/\/familab.mkteam.org\/wp-content\/uploads\/2024\/11\/03_03__02s-300x234.jpg 300w, https:\/\/familab.mkteam.org\/wp-content\/uploads\/2024\/11\/03_03__02s-768x598.jpg 768w, https:\/\/familab.mkteam.org\/wp-content\/uploads\/2024\/11\/03_03__02s-15x12.jpg 15w\" sizes=\"auto, (max-width: 800px) 100vw, 800px\" \/><button\n\t\t\tclass=\"lightbox-trigger\"\n\t\t\ttype=\"button\"\n\t\t\taria-haspopup=\"dialog\"\n\t\t\taria-label=\"Enlarge\"\n\t\t\tdata-wp-init=\"callbacks.initTriggerButton\"\n\t\t\tdata-wp-on--click=\"actions.showLightbox\"\n\t\t\tdata-wp-style--right=\"state.imageButtonRight\"\n\t\t\tdata-wp-style--top=\"state.imageButtonTop\"\n\t\t>\n\t\t\t<svg xmlns=\"http:\/\/www.w3.org\/2000\/svg\" width=\"12\" height=\"12\" fill=\"none\" viewbox=\"0 0 12 12\">\n\t\t\t\t<path fill=\"#fff\" d=\"M2 0a2 2 0 0 0-2 2v2h1.5V2a.5.5 0 0 1 .5-.5h2V0H2Zm2 10.5H2a.5.5 0 0 1-.5-.5V8H0v2a2 2 0 0 0 2 2h2v-1.5ZM8 12v-1.5h2a.5.5 0 0 0 .5-.5V8H12v2a2 2 0 0 1-2 2H8Zm2-12a2 2 0 0 1 2 2v2h-1.5V2a.5.5 0 0 0-.5-.5H8V0h2Z\" \/>\n\t\t\t<\/svg>\n\t\t<\/button><\/figure>\n\n\n\n<p>Sort the notes into two or more rows according to the level of interest or influence of the stakeholder.<\/p>\n\n\n\n<figure data-wp-context=\"{&quot;imageId&quot;:&quot;69f1b7e759958&quot;}\" data-wp-interactive=\"core\/image\" data-wp-key=\"69f1b7e759958\" class=\"wp-block-image aligncenter size-full wp-lightbox-container\"><img loading=\"lazy\" decoding=\"async\" width=\"800\" height=\"519\" data-wp-class--hide=\"state.isContentHidden\" data-wp-class--show=\"state.isContentVisible\" data-wp-init=\"callbacks.setButtonStyles\" data-wp-on--click=\"actions.showLightbox\" data-wp-on--load=\"callbacks.setButtonStyles\" data-wp-on-window--resize=\"callbacks.setButtonStyles\" src=\"https:\/\/familab.mkteam.org\/wp-content\/uploads\/2024\/11\/03_03__03s.jpg\" alt=\"Grad des Interesses\" class=\"wp-image-860\" srcset=\"https:\/\/familab.mkteam.org\/wp-content\/uploads\/2024\/11\/03_03__03s.jpg 800w, https:\/\/familab.mkteam.org\/wp-content\/uploads\/2024\/11\/03_03__03s-300x195.jpg 300w, https:\/\/familab.mkteam.org\/wp-content\/uploads\/2024\/11\/03_03__03s-768x498.jpg 768w, https:\/\/familab.mkteam.org\/wp-content\/uploads\/2024\/11\/03_03__03s-18x12.jpg 18w\" sizes=\"auto, (max-width: 800px) 100vw, 800px\" \/><button\n\t\t\tclass=\"lightbox-trigger\"\n\t\t\ttype=\"button\"\n\t\t\taria-haspopup=\"dialog\"\n\t\t\taria-label=\"Enlarge\"\n\t\t\tdata-wp-init=\"callbacks.initTriggerButton\"\n\t\t\tdata-wp-on--click=\"actions.showLightbox\"\n\t\t\tdata-wp-style--right=\"state.imageButtonRight\"\n\t\t\tdata-wp-style--top=\"state.imageButtonTop\"\n\t\t>\n\t\t\t<svg xmlns=\"http:\/\/www.w3.org\/2000\/svg\" width=\"12\" height=\"12\" fill=\"none\" viewbox=\"0 0 12 12\">\n\t\t\t\t<path fill=\"#fff\" d=\"M2 0a2 2 0 0 0-2 2v2h1.5V2a.5.5 0 0 1 .5-.5h2V0H2Zm2 10.5H2a.5.5 0 0 1-.5-.5V8H0v2a2 2 0 0 0 2 2h2v-1.5ZM8 12v-1.5h2a.5.5 0 0 0 .5-.5V8H12v2a2 2 0 0 1-2 2H8Zm2-12a2 2 0 0 1 2 2v2h-1.5V2a.5.5 0 0 0-.5-.5H8V0h2Z\" \/>\n\t\t\t<\/svg>\n\t\t<\/button><\/figure>\n\n\n\n<h4 class=\"wp-block-heading\"><strong>Step 2 \u2013 Identify interests and expectations (20 minutes)<\/strong><\/h4>\n\n\n\n<p>For each stakeholder write down the interests and expectations on another sticky note and attach them to the stakeholder note.<\/p>\n\n\n\n<figure data-wp-context=\"{&quot;imageId&quot;:&quot;69f1b7e759d65&quot;}\" data-wp-interactive=\"core\/image\" data-wp-key=\"69f1b7e759d65\" class=\"wp-block-image aligncenter size-full wp-lightbox-container\"><img loading=\"lazy\" decoding=\"async\" width=\"800\" height=\"772\" data-wp-class--hide=\"state.isContentHidden\" data-wp-class--show=\"state.isContentVisible\" data-wp-init=\"callbacks.setButtonStyles\" data-wp-on--click=\"actions.showLightbox\" data-wp-on--load=\"callbacks.setButtonStyles\" data-wp-on-window--resize=\"callbacks.setButtonStyles\" src=\"https:\/\/familab.mkteam.org\/wp-content\/uploads\/2024\/11\/03_03__04s.jpg\" alt=\"Interessen und Erwartungen\" class=\"wp-image-862\" srcset=\"https:\/\/familab.mkteam.org\/wp-content\/uploads\/2024\/11\/03_03__04s.jpg 800w, https:\/\/familab.mkteam.org\/wp-content\/uploads\/2024\/11\/03_03__04s-300x290.jpg 300w, https:\/\/familab.mkteam.org\/wp-content\/uploads\/2024\/11\/03_03__04s-768x741.jpg 768w, https:\/\/familab.mkteam.org\/wp-content\/uploads\/2024\/11\/03_03__04s-12x12.jpg 12w\" sizes=\"auto, (max-width: 800px) 100vw, 800px\" \/><button\n\t\t\tclass=\"lightbox-trigger\"\n\t\t\ttype=\"button\"\n\t\t\taria-haspopup=\"dialog\"\n\t\t\taria-label=\"Enlarge\"\n\t\t\tdata-wp-init=\"callbacks.initTriggerButton\"\n\t\t\tdata-wp-on--click=\"actions.showLightbox\"\n\t\t\tdata-wp-style--right=\"state.imageButtonRight\"\n\t\t\tdata-wp-style--top=\"state.imageButtonTop\"\n\t\t>\n\t\t\t<svg xmlns=\"http:\/\/www.w3.org\/2000\/svg\" width=\"12\" height=\"12\" fill=\"none\" viewbox=\"0 0 12 12\">\n\t\t\t\t<path fill=\"#fff\" d=\"M2 0a2 2 0 0 0-2 2v2h1.5V2a.5.5 0 0 1 .5-.5h2V0H2Zm2 10.5H2a.5.5 0 0 1-.5-.5V8H0v2a2 2 0 0 0 2 2h2v-1.5ZM8 12v-1.5h2a.5.5 0 0 0 .5-.5V8H12v2a2 2 0 0 1-2 2H8Zm2-12a2 2 0 0 1 2 2v2h-1.5V2a.5.5 0 0 0-.5-.5H8V0h2Z\" \/>\n\t\t\t<\/svg>\n\t\t<\/button><\/figure>\n\n\n\n<ul class=\"wp-block-list\">\n<li><\/li>\n<\/ul>\n\n\n\n<h4 class=\"wp-block-heading\"><strong>Step 3 \u2013 Identify critical interests and expectations (10 minutes)<\/strong><\/h4>\n\n\n\n<p>Highlight interests and expectations that are either crucial for the project (mark with a circle) or targets that you might not be able to achieve (mark with a filled circle).<\/p>\n\n\n\n<figure data-wp-context=\"{&quot;imageId&quot;:&quot;69f1b7e75a1f5&quot;}\" data-wp-interactive=\"core\/image\" data-wp-key=\"69f1b7e75a1f5\" class=\"wp-block-image aligncenter size-full is-resized wp-lightbox-container\"><img loading=\"lazy\" decoding=\"async\" width=\"800\" height=\"600\" data-wp-class--hide=\"state.isContentHidden\" data-wp-class--show=\"state.isContentVisible\" data-wp-init=\"callbacks.setButtonStyles\" data-wp-on--click=\"actions.showLightbox\" data-wp-on--load=\"callbacks.setButtonStyles\" data-wp-on-window--resize=\"callbacks.setButtonStyles\" src=\"https:\/\/familab.mkteam.org\/wp-content\/uploads\/2024\/11\/03_03__05s.jpg\" alt=\"Bewertung\" class=\"wp-image-864\" style=\"width:620px;height:auto\" srcset=\"https:\/\/familab.mkteam.org\/wp-content\/uploads\/2024\/11\/03_03__05s.jpg 800w, https:\/\/familab.mkteam.org\/wp-content\/uploads\/2024\/11\/03_03__05s-300x225.jpg 300w, https:\/\/familab.mkteam.org\/wp-content\/uploads\/2024\/11\/03_03__05s-768x576.jpg 768w, https:\/\/familab.mkteam.org\/wp-content\/uploads\/2024\/11\/03_03__05s-16x12.jpg 16w\" sizes=\"auto, (max-width: 800px) 100vw, 800px\" \/><button\n\t\t\tclass=\"lightbox-trigger\"\n\t\t\ttype=\"button\"\n\t\t\taria-haspopup=\"dialog\"\n\t\t\taria-label=\"Enlarge\"\n\t\t\tdata-wp-init=\"callbacks.initTriggerButton\"\n\t\t\tdata-wp-on--click=\"actions.showLightbox\"\n\t\t\tdata-wp-style--right=\"state.imageButtonRight\"\n\t\t\tdata-wp-style--top=\"state.imageButtonTop\"\n\t\t>\n\t\t\t<svg xmlns=\"http:\/\/www.w3.org\/2000\/svg\" width=\"12\" height=\"12\" fill=\"none\" viewbox=\"0 0 12 12\">\n\t\t\t\t<path fill=\"#fff\" d=\"M2 0a2 2 0 0 0-2 2v2h1.5V2a.5.5 0 0 1 .5-.5h2V0H2Zm2 10.5H2a.5.5 0 0 1-.5-.5V8H0v2a2 2 0 0 0 2 2h2v-1.5ZM8 12v-1.5h2a.5.5 0 0 0 .5-.5V8H12v2a2 2 0 0 1-2 2H8Zm2-12a2 2 0 0 1 2 2v2h-1.5V2a.5.5 0 0 0-.5-.5H8V0h2Z\" \/>\n\t\t\t<\/svg>\n\t\t<\/button><\/figure>\n\n\n\n<p>Summarize your findings on a sheet of paper: On one side, write the interests you need to focus on, and on the other side, write the interests you need to carefully monitor and keep your stakeholders updated on.<\/p>\n\n\n\n<figure data-wp-context=\"{&quot;imageId&quot;:&quot;69f1b7e75a5c3&quot;}\" data-wp-interactive=\"core\/image\" data-wp-key=\"69f1b7e75a5c3\" class=\"wp-block-image aligncenter size-full wp-lightbox-container\"><img loading=\"lazy\" decoding=\"async\" width=\"800\" height=\"600\" data-wp-class--hide=\"state.isContentHidden\" data-wp-class--show=\"state.isContentVisible\" data-wp-init=\"callbacks.setButtonStyles\" data-wp-on--click=\"actions.showLightbox\" data-wp-on--load=\"callbacks.setButtonStyles\" data-wp-on-window--resize=\"callbacks.setButtonStyles\" src=\"https:\/\/familab.mkteam.org\/wp-content\/uploads\/2024\/11\/03_03__06s.jpg\" alt=\"Todo-Liste\" class=\"wp-image-866\" srcset=\"https:\/\/familab.mkteam.org\/wp-content\/uploads\/2024\/11\/03_03__06s.jpg 800w, https:\/\/familab.mkteam.org\/wp-content\/uploads\/2024\/11\/03_03__06s-300x225.jpg 300w, https:\/\/familab.mkteam.org\/wp-content\/uploads\/2024\/11\/03_03__06s-768x576.jpg 768w, https:\/\/familab.mkteam.org\/wp-content\/uploads\/2024\/11\/03_03__06s-16x12.jpg 16w\" sizes=\"auto, (max-width: 800px) 100vw, 800px\" \/><button\n\t\t\tclass=\"lightbox-trigger\"\n\t\t\ttype=\"button\"\n\t\t\taria-haspopup=\"dialog\"\n\t\t\taria-label=\"Enlarge\"\n\t\t\tdata-wp-init=\"callbacks.initTriggerButton\"\n\t\t\tdata-wp-on--click=\"actions.showLightbox\"\n\t\t\tdata-wp-style--right=\"state.imageButtonRight\"\n\t\t\tdata-wp-style--top=\"state.imageButtonTop\"\n\t\t>\n\t\t\t<svg xmlns=\"http:\/\/www.w3.org\/2000\/svg\" width=\"12\" height=\"12\" fill=\"none\" viewbox=\"0 0 12 12\">\n\t\t\t\t<path fill=\"#fff\" d=\"M2 0a2 2 0 0 0-2 2v2h1.5V2a.5.5 0 0 1 .5-.5h2V0H2Zm2 10.5H2a.5.5 0 0 1-.5-.5V8H0v2a2 2 0 0 0 2 2h2v-1.5ZM8 12v-1.5h2a.5.5 0 0 0 .5-.5V8H12v2a2 2 0 0 1-2 2H8Zm2-12a2 2 0 0 1 2 2v2h-1.5V2a.5.5 0 0 0-.5-.5H8V0h2Z\" \/>\n\t\t\t<\/svg>\n\t\t<\/button><\/figure>\n\n\n\n<h4 class=\"wp-block-heading\">Step 4 \u2013 Measures to meet interests and expectations (15 minutes)<\/h4>\n\n\n\n<p>Take another piece of paper and think about actions that can help fulfill the key interests and expectations:<\/p>\n\n\n\n<ul class=\"wp-block-list\">\n<li>What can you do to fulfill an expectation?<\/li>\n\n\n\n<li>What tools can you use?<\/li>\n\n\n\n<li>What processes could help?<\/li>\n\n\n\n<li>Who can help you?<\/li>\n\n\n\n<li>...<\/li>\n<\/ul>\n\n\n\n<p>Use this list for the further planning of your project and always have these core elements in mind.<\/p>\n\n\n\n<figure data-wp-context=\"{&quot;imageId&quot;:&quot;69f1b7e75ab0e&quot;}\" data-wp-interactive=\"core\/image\" data-wp-key=\"69f1b7e75ab0e\" class=\"wp-block-image aligncenter size-full wp-lightbox-container\"><img loading=\"lazy\" decoding=\"async\" width=\"600\" height=\"800\" data-wp-class--hide=\"state.isContentHidden\" data-wp-class--show=\"state.isContentVisible\" data-wp-init=\"callbacks.setButtonStyles\" data-wp-on--click=\"actions.showLightbox\" data-wp-on--load=\"callbacks.setButtonStyles\" data-wp-on-window--resize=\"callbacks.setButtonStyles\" src=\"https:\/\/familab.mkteam.org\/wp-content\/uploads\/2024\/11\/03_03__07s.jpg\" alt=\"Ma\u00dfnahmen Stakeholder\" class=\"wp-image-868\" srcset=\"https:\/\/familab.mkteam.org\/wp-content\/uploads\/2024\/11\/03_03__07s.jpg 600w, https:\/\/familab.mkteam.org\/wp-content\/uploads\/2024\/11\/03_03__07s-225x300.jpg 225w, https:\/\/familab.mkteam.org\/wp-content\/uploads\/2024\/11\/03_03__07s-9x12.jpg 9w\" sizes=\"auto, (max-width: 600px) 100vw, 600px\" \/><button\n\t\t\tclass=\"lightbox-trigger\"\n\t\t\ttype=\"button\"\n\t\t\taria-haspopup=\"dialog\"\n\t\t\taria-label=\"Enlarge\"\n\t\t\tdata-wp-init=\"callbacks.initTriggerButton\"\n\t\t\tdata-wp-on--click=\"actions.showLightbox\"\n\t\t\tdata-wp-style--right=\"state.imageButtonRight\"\n\t\t\tdata-wp-style--top=\"state.imageButtonTop\"\n\t\t>\n\t\t\t<svg xmlns=\"http:\/\/www.w3.org\/2000\/svg\" width=\"12\" height=\"12\" fill=\"none\" viewbox=\"0 0 12 12\">\n\t\t\t\t<path fill=\"#fff\" d=\"M2 0a2 2 0 0 0-2 2v2h1.5V2a.5.5 0 0 1 .5-.5h2V0H2Zm2 10.5H2a.5.5 0 0 1-.5-.5V8H0v2a2 2 0 0 0 2 2h2v-1.5ZM8 12v-1.5h2a.5.5 0 0 0 .5-.5V8H12v2a2 2 0 0 1-2 2H8Zm2-12a2 2 0 0 1 2 2v2h-1.5V2a.5.5 0 0 0-.5-.5H8V0h2Z\" \/>\n\t\t\t<\/svg>\n\t\t<\/button><\/figure>\n\n\n\n<hr class=\"wp-block-separator alignwide has-alpha-channel-opacity\" style=\"margin-top:var(--wp--preset--spacing--30);margin-bottom:var(--wp--preset--spacing--30)\"\/>\n\n\n\n<p><strong>Learning Outcomes - which skills are addressed?<\/strong><\/p>\n\n\n\n<p>Participants learn to take on the perspective of the project stakeholders and identify crucial aspects of the project. They also learn to exclude expectations or communicate that this is not part of the project.<\/p>\n\n\n\n<p><strong>How do you check the outcomes are reached?<\/strong><\/p>\n\n\n\n<p>The participants have a list of interest groups and their interests and expectations. The participants are aware of the most important interests and expectations. They have made initial considerations as to how these can be achieved. They are also aware of what could be expected from the interest groups but cannot be achieved by the project.<\/p>\n\n\n\n<p><strong>De-Briefing questions<\/strong><\/p>\n\n\n\n<ul class=\"wp-block-list\">\n<li>Who are the most important stakeholders in your project?<\/li>\n\n\n\n<li>What are their most important interests and expectations?<\/li>\n\n\n\n<li>Which interests and expectations cannot be fulfilled by the project?<\/li>\n\n\n\n<li>What can you do to fulfill the main interests and expectations?<\/li>\n<\/ul>\n\n\n\n<p><strong>Further links and readings<\/strong><\/p>\n\n\n\n<ul class=\"wp-block-list\">\n<li>Irving, D. (2022): Citizen Science Helps Communities Participate in, Understand, and Trust Science. <a href=\"https:\/\/www.rand.org\/pubs\/articles\/2022\/citizen-science-helps-communities-participate-in-science.html\"><u>https:\/\/www.rand.org\/pubs\/articles\/2022\/citizen-science-helps-communities-participate-in-science.html<\/u><\/a>&nbsp;(last viewed 03\/06\/2024)<\/li>\n\n\n\n<li>Lockhart, L. (2024): How to create a stakeholder management plan: 11 steps and strategies for project success. <a href=\"https:\/\/www.float.com\/resources\/stakeholder-management\/\"><u>https:\/\/www.float.com\/resources\/stakeholder-management\/<\/u><\/a>&nbsp;(last viewed 03\/06\/2024)<\/li>\n\n\n\n<li>Shirk, L. et al. (2012): Public Participation in Scientific Research: A Framework for Deliberate Design. <a href=\"https:\/\/www.researchgate.net\/publication\/231582171_Public_Participation_in_Scientific_Research_A_Framework_for_Deliberate_Design\"><u>https:\/\/www.researchgate.net\/publication\/231582171_Public_Participation_in_Scientific_Research_A_Framework_for_Deliberate_Design<\/u><\/a>&nbsp;(last viewed 03\/05\/2024)<\/li>\n\n\n\n<li>Tzilivakis, K. (2022): Measuring costs and benefits of citizen science. <a href=\"https:\/\/phys.org\/news\/2022-04-benefits-citizen-science.html\"><u>https:\/\/phys.org\/news\/2022-04-benefits-citizen-science.html<\/u><\/a>&nbsp;(last viewed 03\/06\/2024)<\/li>\n<\/ul>\n\n\n\n<div style=\"height:60px\" aria-hidden=\"true\" class=\"wp-block-spacer\"><\/div>\n\n\n\n<div class=\"wp-block-columns is-layout-flex wp-container-core-columns-is-layout-28f84493 wp-block-columns-is-layout-flex\">\n<div class=\"wp-block-column is-layout-flow wp-block-column-is-layout-flow\">\n<div class=\"wp-block-buttons is-content-justification-center is-layout-flex wp-container-core-buttons-is-layout-a89b3969 wp-block-buttons-is-layout-flex\">\n<div class=\"wp-block-button\"><a class=\"wp-block-button__link wp-element-button\" href=\"https:\/\/familab.mkteam.org\/en\/material\/ein-citizen-science-projekt-selber-machen\/3-den-umfang-festlegen\/3-2-citizen-science-ansatz\/\">&lt;&lt; Activity 3-2<\/a><\/div>\n<\/div>\n<\/div>\n\n\n\n<div class=\"wp-block-column is-layout-flow wp-block-column-is-layout-flow\">\n<div class=\"wp-block-buttons is-content-justification-center is-layout-flex wp-container-core-buttons-is-layout-a89b3969 wp-block-buttons-is-layout-flex\">\n<div class=\"wp-block-button\"><a class=\"wp-block-button__link wp-element-button\" href=\"https:\/\/familab.mkteam.org\/en\/material\/ein-citizen-science-projekt-selber-machen\/\">^ Overview<\/a><\/div>\n<\/div>\n<\/div>\n\n\n\n<div class=\"wp-block-column is-layout-flow wp-block-column-is-layout-flow\">\n<div class=\"wp-block-buttons is-content-justification-center is-layout-flex wp-container-core-buttons-is-layout-a89b3969 wp-block-buttons-is-layout-flex\">\n<div class=\"wp-block-button\"><a class=\"wp-block-button__link wp-element-button\" href=\"https:\/\/familab.mkteam.org\/en\/material\/ein-citizen-science-projekt-selber-machen\/3-den-umfang-festlegen\/3-4-projektskizze\/\">Activity 3-4 &gt;&gt;<\/a><\/div>\n<\/div>\n<\/div>\n<\/div>\n\n\n\n<p><\/p>","protected":false},"excerpt":{"rendered":"<p>Ziel der Aktivit\u00e4t In jedem Projekt gibt es Interessen und Erwartungen seitens des Teams und externer Parteien. Diese Aktivit\u00e4t sensibilisiert dich f\u00fcr m\u00f6gliche Interessen und Erwartungen, die du ber\u00fccksichtigen und gegebenenfalls steuern musst. Ben\u00f6tigte Materialien Dauer 60 Minuten Schritt 1 &#8211; Ermittlung der Interessengruppen (15 Minuten) Ein Stakeholder ist eine Einzelperson, eine Gruppe oder eine [&hellip;]<\/p>","protected":false},"author":2,"featured_media":862,"parent":678,"menu_order":0,"comment_status":"closed","ping_status":"closed","template":"","meta":{"footnotes":""},"class_list":["post-845","page","type-page","status-publish","has-post-thumbnail","hentry"],"_links":{"self":[{"href":"https:\/\/familab.mkteam.org\/en\/wp-json\/wp\/v2\/pages\/845","targetHints":{"allow":["GET"]}}],"collection":[{"href":"https:\/\/familab.mkteam.org\/en\/wp-json\/wp\/v2\/pages"}],"about":[{"href":"https:\/\/familab.mkteam.org\/en\/wp-json\/wp\/v2\/types\/page"}],"author":[{"embeddable":true,"href":"https:\/\/familab.mkteam.org\/en\/wp-json\/wp\/v2\/users\/2"}],"replies":[{"embeddable":true,"href":"https:\/\/familab.mkteam.org\/en\/wp-json\/wp\/v2\/comments?post=845"}],"version-history":[{"count":16,"href":"https:\/\/familab.mkteam.org\/en\/wp-json\/wp\/v2\/pages\/845\/revisions"}],"predecessor-version":[{"id":879,"href":"https:\/\/familab.mkteam.org\/en\/wp-json\/wp\/v2\/pages\/845\/revisions\/879"}],"up":[{"embeddable":true,"href":"https:\/\/familab.mkteam.org\/en\/wp-json\/wp\/v2\/pages\/678"}],"wp:featuredmedia":[{"embeddable":true,"href":"https:\/\/familab.mkteam.org\/en\/wp-json\/wp\/v2\/media\/862"}],"wp:attachment":[{"href":"https:\/\/familab.mkteam.org\/en\/wp-json\/wp\/v2\/media?parent=845"}],"curies":[{"name":"wp","href":"https:\/\/api.w.org\/{rel}","templated":true}]}}