{"id":8,"date":"2024-06-03T10:51:19","date_gmt":"2024-06-03T10:51:19","guid":{"rendered":"https:\/\/familienlabor.mkteam.org\/?page_id=8"},"modified":"2024-12-02T08:52:21","modified_gmt":"2024-12-02T08:52:21","slug":"willkommen","status":"publish","type":"page","link":"https:\/\/familab.mkteam.org\/en\/","title":{"rendered":"Familab"},"content":{"rendered":"<h3 class=\"wp-block-heading\">Research together in the media lab for families <\/h3>\n\n\n\n<div style=\"height:26px\" aria-hidden=\"true\" class=\"wp-block-spacer\"><\/div>\n\n\n\n<h4 class=\"wp-block-heading has-vivid-cyan-blue-color has-text-color has-link-color wp-elements-8ff054f6597c87657b154f49855227d9\"><strong>Our Mission<\/strong>: <br>Fewer arguments and better use of digital media in families with children.<\/h4>\n\n\n\n<p>Digital media are:<\/p>\n\n\n\n<ul class=\"wp-block-list\">\n<li> <strong>Devices: <\/strong>Smartphones, tablets, laptops, game consoles, voice assistants,...<\/li>\n\n\n\n<li><strong>Content:<\/strong> Video games, apps, videos, social media...<\/li>\n<\/ul>\n\n\n\n<figure class=\"wp-block-image size-full\"><img loading=\"lazy\" decoding=\"async\" width=\"640\" height=\"427\" src=\"https:\/\/familab.mkteam.org\/wp-content\/uploads\/2024\/08\/00_family1.jpg\" alt=\"Mutter und Tochter mit Laptop und Smartphone\" class=\"wp-image-356\" srcset=\"https:\/\/familab.mkteam.org\/wp-content\/uploads\/2024\/08\/00_family1.jpg 640w, https:\/\/familab.mkteam.org\/wp-content\/uploads\/2024\/08\/00_family1-300x200.jpg 300w, https:\/\/familab.mkteam.org\/wp-content\/uploads\/2024\/08\/00_family1-18x12.jpg 18w\" sizes=\"auto, (max-width: 640px) 100vw, 640px\" \/><\/figure>\n\n\n\n<p>In many families, parents and children argue about this. For example:<\/p>\n\n\n\n<ul class=\"wp-block-list\">\n<li>How long can I be online?<\/li>\n\n\n\n<li>Do I get a new video game?<\/li>\n\n\n\n<li>Can I use TikTok?<\/li>\n\n\n\n<li>Am I allowed to use WhatsApp?<\/li>\n\n\n\n<li>&#8230;<\/li>\n<\/ul>\n\n\n\n<figure class=\"wp-block-image size-full\"><img loading=\"lazy\" decoding=\"async\" width=\"640\" height=\"427\" src=\"https:\/\/familab.mkteam.org\/wp-content\/uploads\/2024\/08\/00_family2.jpg\" alt=\"Schreiende Mutter mit 3 Kindern \" class=\"wp-image-361\" srcset=\"https:\/\/familab.mkteam.org\/wp-content\/uploads\/2024\/08\/00_family2.jpg 640w, https:\/\/familab.mkteam.org\/wp-content\/uploads\/2024\/08\/00_family2-300x200.jpg 300w, https:\/\/familab.mkteam.org\/wp-content\/uploads\/2024\/08\/00_family2-18x12.jpg 18w\" sizes=\"auto, (max-width: 640px) 100vw, 640px\" \/><\/figure>\n\n\n\n<h3 class=\"wp-block-heading has-text-color has-link-color wp-elements-9fec660a4bc0a1fce10949b145d24b13\" style=\"color:#0693e3\"><strong><strong>What is it all about?<\/strong><\/strong><\/h3>\n\n\n\n<p>We want to work with you to find solutions to help families deal with digital media in a more relaxed way. To do this, we would like to hear from you:<\/p>\n\n\n\n<ul class=\"wp-block-list\">\n<li>How do you use digital media in your family?<\/li>\n\n\n\n<li>What problems do you have?<\/li>\n\n\n\n<li>What solutions do you have?<\/li>\n<\/ul>\n\n\n\n<p>We are particularly interested in your solutions. We would like to collect them and share them here with other families: <strong><a href=\"https:\/\/familab.mkteam.org\/en\/bausteine\/\" data-type=\"page\" data-id=\"21\">Tips<\/a><\/strong>. <\/p>\n\n\n\n<h3 class=\"wp-block-heading has-text-color has-link-color wp-elements-9c81de7a6c879958d3437f434f755f5d\" style=\"color:#0693e3\"><strong><strong>What do you get from us?<\/strong><\/strong><\/h3>\n\n\n\n<ul class=\"wp-block-list\">\n<li>A media checklist. You can use it to check your devices and apps at home.<\/li>\n\n\n\n<li>Ideas for learning with digital media<\/li>\n\n\n\n<li>Ideas for games without digital media<\/li>\n\n\n\n<li>Help with device settings<\/li>\n\n\n\n<li>Tips for everyday family life<\/li>\n\n\n\n<li>Exchange with other families<\/li>\n<\/ul>\n\n\n\n<h3 class=\"wp-block-heading has-text-color has-link-color wp-elements-a8ff08852c447acaece4c32b2edf46b8\" style=\"color:#0693e3\"><strong><strong>Who can take part?<\/strong><\/strong><\/h3>\n\n\n\n<p>Families with children from 0-16 years.<\/p>\n\n\n\n<h3 class=\"wp-block-heading has-vivid-cyan-blue-color has-text-color has-link-color wp-elements-c44aa7162f3594bb42447ed2baa5e4a1\"><strong><strong>How long does it take?<\/strong><\/strong><\/h3>\n\n\n\n<p>30-45 minutes<\/p>\n\n\n\n<h3 class=\"wp-block-heading has-vivid-cyan-blue-color has-text-color has-link-color wp-elements-2919996eebf1a05c6993f5364c4c4071\"><strong><strong>How does it work?<\/strong><\/strong><\/h3>\n\n\n\n<p>Each family visits 3 stations and collects their results in photos:<\/p>\n\n\n\n<p><strong>Station 1: Media and digital in our family<\/strong><br>How do we use digital? What works well? What are we arguing about? What do we expect from each other? What rules do we have?<\/p>\n\n\n\n<p>Our team will accompany you and give you lots of good tips.<\/p>\n\n\n\n<figure class=\"wp-block-image size-full\"><a href=\"https:\/\/familab.mkteam.org\/wp-content\/uploads\/2024\/08\/07_places2s.jpg\"><img loading=\"lazy\" decoding=\"async\" width=\"800\" height=\"508\" src=\"https:\/\/familab.mkteam.org\/wp-content\/uploads\/2024\/08\/07_places2s.jpg\" alt=\"\" class=\"wp-image-115\" srcset=\"https:\/\/familab.mkteam.org\/wp-content\/uploads\/2024\/08\/07_places2s.jpg 800w, https:\/\/familab.mkteam.org\/wp-content\/uploads\/2024\/08\/07_places2s-300x191.jpg 300w, https:\/\/familab.mkteam.org\/wp-content\/uploads\/2024\/08\/07_places2s-768x488.jpg 768w\" sizes=\"auto, (max-width: 800px) 100vw, 800px\" \/><\/a><\/figure>\n\n\n\n<figure class=\"wp-block-image aligncenter size-large is-resized\"><a href=\"https:\/\/familab.mkteam.org\/wp-content\/uploads\/2024\/08\/08_checklists.jpg\"><img loading=\"lazy\" decoding=\"async\" width=\"715\" height=\"1024\" src=\"https:\/\/familab.mkteam.org\/wp-content\/uploads\/2024\/08\/08_checklists-715x1024.jpg\" alt=\"\" class=\"wp-image-116\" style=\"width:383px;height:auto\" srcset=\"https:\/\/familab.mkteam.org\/wp-content\/uploads\/2024\/08\/08_checklists-715x1024.jpg 715w, https:\/\/familab.mkteam.org\/wp-content\/uploads\/2024\/08\/08_checklists-210x300.jpg 210w, https:\/\/familab.mkteam.org\/wp-content\/uploads\/2024\/08\/08_checklists-768x1099.jpg 768w, https:\/\/familab.mkteam.org\/wp-content\/uploads\/2024\/08\/08_checklists.jpg 800w\" sizes=\"auto, (max-width: 715px) 100vw, 715px\" \/><\/a><\/figure>\n\n\n\n<p><strong>Station 2: Collect tips<\/strong><br>All tips from families are laid out at a table. Anyone who has a new idea designs a poster. All ideas are collected on this page: Tips. Further information on the topic can be found there. <a href=\"https:\/\/familab.mkteam.org\/en\/bausteine\/\" data-type=\"page\" data-id=\"21\">Tips<\/a>. Further information on this topic can be found there.<\/p>\n\n\n\n<figure class=\"wp-block-image size-full\"><img loading=\"lazy\" decoding=\"async\" width=\"800\" height=\"582\" src=\"https:\/\/familab.mkteam.org\/wp-content\/uploads\/2024\/08\/tippss.jpg\" alt=\"Tips for media usage\" class=\"wp-image-325\" srcset=\"https:\/\/familab.mkteam.org\/wp-content\/uploads\/2024\/08\/tippss.jpg 800w, https:\/\/familab.mkteam.org\/wp-content\/uploads\/2024\/08\/tippss-300x218.jpg 300w, https:\/\/familab.mkteam.org\/wp-content\/uploads\/2024\/08\/tippss-768x559.jpg 768w, https:\/\/familab.mkteam.org\/wp-content\/uploads\/2024\/08\/tippss-16x12.jpg 16w\" sizes=\"auto, (max-width: 800px) 100vw, 800px\" \/><\/figure>\n\n\n\n<figure class=\"wp-block-image size-full\"><img loading=\"lazy\" decoding=\"async\" width=\"800\" height=\"573\" src=\"https:\/\/familab.mkteam.org\/wp-content\/uploads\/2024\/08\/tipps_ideas.jpg\" alt=\"Sheet with a new idea for a media tip\" class=\"wp-image-329\" srcset=\"https:\/\/familab.mkteam.org\/wp-content\/uploads\/2024\/08\/tipps_ideas.jpg 800w, https:\/\/familab.mkteam.org\/wp-content\/uploads\/2024\/08\/tipps_ideas-300x215.jpg 300w, https:\/\/familab.mkteam.org\/wp-content\/uploads\/2024\/08\/tipps_ideas-768x550.jpg 768w, https:\/\/familab.mkteam.org\/wp-content\/uploads\/2024\/08\/tipps_ideas-18x12.jpg 18w\" sizes=\"auto, (max-width: 800px) 100vw, 800px\" \/><\/figure>\n\n\n\n<p><\/p>\n\n\n\n<p><strong>Station 3: Exchange with other families<\/strong><br>At the third station, families can exchange ideas, play games, explore digital technology and make new contacts.<\/p>\n\n\n\n<figure class=\"wp-block-image aligncenter size-full is-resized\"><img loading=\"lazy\" decoding=\"async\" width=\"602\" height=\"800\" src=\"https:\/\/familab.mkteam.org\/wp-content\/uploads\/2024\/08\/signal-2022-07-16-195234_002s.jpg\" alt=\"\" class=\"wp-image-123\" style=\"width:350px;height:auto\" srcset=\"https:\/\/familab.mkteam.org\/wp-content\/uploads\/2024\/08\/signal-2022-07-16-195234_002s.jpg 602w, https:\/\/familab.mkteam.org\/wp-content\/uploads\/2024\/08\/signal-2022-07-16-195234_002s-226x300.jpg 226w\" sizes=\"auto, (max-width: 602px) 100vw, 602px\" \/><figcaption class=\"wp-element-caption\">Learning with and about digital tools and content<\/figcaption><\/figure>\n\n\n\n<figure class=\"wp-block-image aligncenter size-full\"><img loading=\"lazy\" decoding=\"async\" width=\"600\" height=\"578\" src=\"https:\/\/familab.mkteam.org\/wp-content\/uploads\/2024\/08\/analogeSpielideens.jpg\" alt=\"Spielideen ohne Digitales f\u00fcr Unterwegs\" class=\"wp-image-175\" srcset=\"https:\/\/familab.mkteam.org\/wp-content\/uploads\/2024\/08\/analogeSpielideens.jpg 600w, https:\/\/familab.mkteam.org\/wp-content\/uploads\/2024\/08\/analogeSpielideens-300x289.jpg 300w\" sizes=\"auto, (max-width: 600px) 100vw, 600px\" \/><figcaption class=\"wp-element-caption\">Game ideas without digital for on the go<\/figcaption><\/figure>\n\n\n\n<div style=\"height:100px\" aria-hidden=\"true\" class=\"wp-block-spacer\"><\/div>\n\n\n\n<p class=\"has-contrast-3-color has-text-color has-link-color wp-elements-d80e17e014977597c1223e5c099ad272\"><em>Image sources:<br><a href=\"https:\/\/www.pexels.com\/de-de\/foto\/frau-smartphone-laptop-bett-8489041\/\">https:\/\/www.pexels.com\/de-de\/foto\/frau-smartphone-laptop-bett-8489041\/<\/a><\/em><\/p>\n\n\n\n<p><\/p>","protected":false},"excerpt":{"rendered":"<p>Gemeinsam forschen im Medienlabor f\u00fcr Familien Unser Ziel: Weniger Streit und bessere Nutzung von digitalen Medien in Familien mit Kindern. Digitale Medien sind: Dar\u00fcber gibt es in vielen Familien Streit zwischen Eltern und Kindern. Zum Beispiel: Um was geht es? Wir m\u00f6chten gemeinsam mit euch L\u00f6sungen finden, wie Familien entspannter mit digitalen Medien umgehen. Daf\u00fcr [&hellip;]<\/p>","protected":false},"author":2,"featured_media":13,"parent":0,"menu_order":1,"comment_status":"closed","ping_status":"closed","template":"","meta":{"footnotes":""},"class_list":["post-8","page","type-page","status-publish","has-post-thumbnail","hentry"],"_links":{"self":[{"href":"https:\/\/familab.mkteam.org\/en\/wp-json\/wp\/v2\/pages\/8","targetHints":{"allow":["GET"]}}],"collection":[{"href":"https:\/\/familab.mkteam.org\/en\/wp-json\/wp\/v2\/pages"}],"about":[{"href":"https:\/\/familab.mkteam.org\/en\/wp-json\/wp\/v2\/types\/page"}],"author":[{"embeddable":true,"href":"https:\/\/familab.mkteam.org\/en\/wp-json\/wp\/v2\/users\/2"}],"replies":[{"embeddable":true,"href":"https:\/\/familab.mkteam.org\/en\/wp-json\/wp\/v2\/comments?post=8"}],"version-history":[{"count":64,"href":"https:\/\/familab.mkteam.org\/en\/wp-json\/wp\/v2\/pages\/8\/revisions"}],"predecessor-version":[{"id":1027,"href":"https:\/\/familab.mkteam.org\/en\/wp-json\/wp\/v2\/pages\/8\/revisions\/1027"}],"wp:featuredmedia":[{"embeddable":true,"href":"https:\/\/familab.mkteam.org\/en\/wp-json\/wp\/v2\/media\/13"}],"wp:attachment":[{"href":"https:\/\/familab.mkteam.org\/en\/wp-json\/wp\/v2\/media?parent=8"}],"curies":[{"name":"wp","href":"https:\/\/api.w.org\/{rel}","templated":true}]}}