{"id":784,"date":"2024-11-06T15:25:57","date_gmt":"2024-11-06T15:25:57","guid":{"rendered":"https:\/\/familienlabor.mkteam.org\/?page_id=784"},"modified":"2024-11-06T16:01:38","modified_gmt":"2024-11-06T16:01:38","slug":"2-4-triff-deine-zielgruppe","status":"publish","type":"page","link":"https:\/\/familab.mkteam.org\/en\/material\/ein-citizen-science-projekt-selber-machen\/2-die-zielgruppe-verstehen\/2-4-triff-deine-zielgruppe\/","title":{"rendered":"2-4 Meet your audience"},"content":{"rendered":"<p><strong>Aims of the activity and description of target group<\/strong><\/p>\n\n\n\n<p>This activity brings the participants into the public space where they will later carry out their project. They explore the area where potential volunteers can be found and gather impressions that will help in the design and implementation of the project.<\/p>\n\n\n\n<p>Ideally, the activity should be carried out in the real environment of the project. If this location is too far away, participants should try to gather as much information as possible by researching on the internet and perhaps contacting people this way. The activity is suitable for researchers and citizens in a group or individual learning setting. Session 1 and Activity 2 should be carried out beforehand. <\/p>\n\n\n\n<p><strong>Resources, Materials needed<\/strong><\/p>\n\n\n\n<p>Paper, pen, camera<\/p>\n\n\n\n<p><strong>Duration<\/strong><\/p>\n\n\n\n<p>60 minutes + way to the location<\/p>\n\n\n\n<hr class=\"wp-block-separator alignwide has-alpha-channel-opacity\" style=\"margin-top:var(--wp--preset--spacing--30);margin-bottom:var(--wp--preset--spacing--30)\"\/>\n\n\n\n<h4 class=\"wp-block-heading\"><strong>Step 1 \u2013 Select an area for exploration (should be done before the activity)<\/strong><\/h4>\n\n\n\n<p>Determine the area that could be suitable for the implementation of your project. First think about what your project requires: <\/p>\n\n\n\n<ul class=\"wp-block-list\">\n<li>Certain natural conditions (e.g. a particular habitat or the presence of other natural resources such as the sea, lakes, rivers,...)<\/li>\n\n\n\n<li>A geographically limited area (e.g. a natural habitat, a neighborhood, a village,...)<\/li>\n\n\n\n<li>A particular social constellation (e.g. a neighborhood with many families, a neighborhood with special needs,...)<\/li>\n\n\n\n<li>An online community (e.g. member of a social media platform or a research platform)<\/li>\n<\/ul>\n\n\n\n<p>Take a paper and start by defining the target group: <\/p>\n\n\n\n<figure data-wp-context=\"{&quot;imageId&quot;:&quot;69f1ad27efcbf&quot;}\" data-wp-interactive=\"core\/image\" data-wp-key=\"69f1ad27efcbf\" class=\"wp-block-image aligncenter size-full wp-lightbox-container\"><img loading=\"lazy\" decoding=\"async\" width=\"800\" height=\"572\" data-wp-class--hide=\"state.isContentHidden\" data-wp-class--show=\"state.isContentVisible\" data-wp-init=\"callbacks.setButtonStyles\" data-wp-on--click=\"actions.showLightbox\" data-wp-on--load=\"callbacks.setButtonStyles\" data-wp-on-window--resize=\"callbacks.setButtonStyles\" src=\"https:\/\/familab.mkteam.org\/wp-content\/uploads\/2024\/11\/02_04__01s.jpg\" alt=\"Zielgruppe\" class=\"wp-image-792\" srcset=\"https:\/\/familab.mkteam.org\/wp-content\/uploads\/2024\/11\/02_04__01s.jpg 800w, https:\/\/familab.mkteam.org\/wp-content\/uploads\/2024\/11\/02_04__01s-300x215.jpg 300w, https:\/\/familab.mkteam.org\/wp-content\/uploads\/2024\/11\/02_04__01s-768x549.jpg 768w, https:\/\/familab.mkteam.org\/wp-content\/uploads\/2024\/11\/02_04__01s-18x12.jpg 18w\" sizes=\"auto, (max-width: 800px) 100vw, 800px\" \/><button\n\t\t\tclass=\"lightbox-trigger\"\n\t\t\ttype=\"button\"\n\t\t\taria-haspopup=\"dialog\"\n\t\t\taria-label=\"Enlarge\"\n\t\t\tdata-wp-init=\"callbacks.initTriggerButton\"\n\t\t\tdata-wp-on--click=\"actions.showLightbox\"\n\t\t\tdata-wp-style--right=\"state.imageButtonRight\"\n\t\t\tdata-wp-style--top=\"state.imageButtonTop\"\n\t\t>\n\t\t\t<svg xmlns=\"http:\/\/www.w3.org\/2000\/svg\" width=\"12\" height=\"12\" fill=\"none\" viewbox=\"0 0 12 12\">\n\t\t\t\t<path fill=\"#fff\" d=\"M2 0a2 2 0 0 0-2 2v2h1.5V2a.5.5 0 0 1 .5-.5h2V0H2Zm2 10.5H2a.5.5 0 0 1-.5-.5V8H0v2a2 2 0 0 0 2 2h2v-1.5ZM8 12v-1.5h2a.5.5 0 0 0 .5-.5V8H12v2a2 2 0 0 1-2 2H8Zm2-12a2 2 0 0 1 2 2v2h-1.5V2a.5.5 0 0 0-.5-.5H8V0h2Z\" \/>\n\t\t\t<\/svg>\n\t\t<\/button><\/figure>\n\n\n\n<p>Then gather where you can find the audience and mark your favorite spot:<\/p>\n\n\n\n<figure data-wp-context=\"{&quot;imageId&quot;:&quot;69f1ad27f01ec&quot;}\" data-wp-interactive=\"core\/image\" data-wp-key=\"69f1ad27f01ec\" class=\"wp-block-image aligncenter size-full wp-lightbox-container\"><img loading=\"lazy\" decoding=\"async\" width=\"800\" height=\"582\" data-wp-class--hide=\"state.isContentHidden\" data-wp-class--show=\"state.isContentVisible\" data-wp-init=\"callbacks.setButtonStyles\" data-wp-on--click=\"actions.showLightbox\" data-wp-on--load=\"callbacks.setButtonStyles\" data-wp-on-window--resize=\"callbacks.setButtonStyles\" src=\"https:\/\/familab.mkteam.org\/wp-content\/uploads\/2024\/11\/02_04__02s.jpg\" alt=\"Zielgruppe Orte\" class=\"wp-image-794\" srcset=\"https:\/\/familab.mkteam.org\/wp-content\/uploads\/2024\/11\/02_04__02s.jpg 800w, https:\/\/familab.mkteam.org\/wp-content\/uploads\/2024\/11\/02_04__02s-300x218.jpg 300w, https:\/\/familab.mkteam.org\/wp-content\/uploads\/2024\/11\/02_04__02s-768x559.jpg 768w, https:\/\/familab.mkteam.org\/wp-content\/uploads\/2024\/11\/02_04__02s-16x12.jpg 16w\" sizes=\"auto, (max-width: 800px) 100vw, 800px\" \/><button\n\t\t\tclass=\"lightbox-trigger\"\n\t\t\ttype=\"button\"\n\t\t\taria-haspopup=\"dialog\"\n\t\t\taria-label=\"Enlarge\"\n\t\t\tdata-wp-init=\"callbacks.initTriggerButton\"\n\t\t\tdata-wp-on--click=\"actions.showLightbox\"\n\t\t\tdata-wp-style--right=\"state.imageButtonRight\"\n\t\t\tdata-wp-style--top=\"state.imageButtonTop\"\n\t\t>\n\t\t\t<svg xmlns=\"http:\/\/www.w3.org\/2000\/svg\" width=\"12\" height=\"12\" fill=\"none\" viewbox=\"0 0 12 12\">\n\t\t\t\t<path fill=\"#fff\" d=\"M2 0a2 2 0 0 0-2 2v2h1.5V2a.5.5 0 0 1 .5-.5h2V0H2Zm2 10.5H2a.5.5 0 0 1-.5-.5V8H0v2a2 2 0 0 0 2 2h2v-1.5ZM8 12v-1.5h2a.5.5 0 0 0 .5-.5V8H12v2a2 2 0 0 1-2 2H8Zm2-12a2 2 0 0 1 2 2v2h-1.5V2a.5.5 0 0 0-.5-.5H8V0h2Z\" \/>\n\t\t\t<\/svg>\n\t\t<\/button><\/figure>\n\n\n\n<p>Find out if the place is open to the public or if you need to make an appointment to gain access or take other measures to enter the community. It is also good to inform people before you go there and explain what your mission is.<\/p>\n\n\n\n<h4 class=\"wp-block-heading\"><strong>Step 2 \u2013 Explore the field (15 minutes)<\/strong><\/h4>\n\n\n\n<p>Explore the area around your destination and take notes of your first impressions. If the area allows you to take photos or videos, collect some impressions. Make sure that you do not infringe on the property rights to images or the privacy of individuals. If you are in an online environment, take some screenshots. Create a small collage of your impressions after the visit.<\/p>\n\n\n\n<figure data-wp-context=\"{&quot;imageId&quot;:&quot;69f1ad27f0671&quot;}\" data-wp-interactive=\"core\/image\" data-wp-key=\"69f1ad27f0671\" class=\"wp-block-image aligncenter size-full wp-lightbox-container\"><img loading=\"lazy\" decoding=\"async\" width=\"800\" height=\"600\" data-wp-class--hide=\"state.isContentHidden\" data-wp-class--show=\"state.isContentVisible\" data-wp-init=\"callbacks.setButtonStyles\" data-wp-on--click=\"actions.showLightbox\" data-wp-on--load=\"callbacks.setButtonStyles\" data-wp-on-window--resize=\"callbacks.setButtonStyles\" src=\"https:\/\/familab.mkteam.org\/wp-content\/uploads\/2024\/11\/02_04__03s.jpg\" alt=\"Eindr\u00fccke ORtsbegehung\" class=\"wp-image-797\" srcset=\"https:\/\/familab.mkteam.org\/wp-content\/uploads\/2024\/11\/02_04__03s.jpg 800w, https:\/\/familab.mkteam.org\/wp-content\/uploads\/2024\/11\/02_04__03s-300x225.jpg 300w, https:\/\/familab.mkteam.org\/wp-content\/uploads\/2024\/11\/02_04__03s-768x576.jpg 768w, https:\/\/familab.mkteam.org\/wp-content\/uploads\/2024\/11\/02_04__03s-16x12.jpg 16w\" sizes=\"auto, (max-width: 800px) 100vw, 800px\" \/><button\n\t\t\tclass=\"lightbox-trigger\"\n\t\t\ttype=\"button\"\n\t\t\taria-haspopup=\"dialog\"\n\t\t\taria-label=\"Enlarge\"\n\t\t\tdata-wp-init=\"callbacks.initTriggerButton\"\n\t\t\tdata-wp-on--click=\"actions.showLightbox\"\n\t\t\tdata-wp-style--right=\"state.imageButtonRight\"\n\t\t\tdata-wp-style--top=\"state.imageButtonTop\"\n\t\t>\n\t\t\t<svg xmlns=\"http:\/\/www.w3.org\/2000\/svg\" width=\"12\" height=\"12\" fill=\"none\" viewbox=\"0 0 12 12\">\n\t\t\t\t<path fill=\"#fff\" d=\"M2 0a2 2 0 0 0-2 2v2h1.5V2a.5.5 0 0 1 .5-.5h2V0H2Zm2 10.5H2a.5.5 0 0 1-.5-.5V8H0v2a2 2 0 0 0 2 2h2v-1.5ZM8 12v-1.5h2a.5.5 0 0 0 .5-.5V8H12v2a2 2 0 0 1-2 2H8Zm2-12a2 2 0 0 1 2 2v2h-1.5V2a.5.5 0 0 0-.5-.5H8V0h2Z\" \/>\n\t\t\t<\/svg>\n\t\t<\/button><\/figure>\n\n\n\n<h4 class=\"wp-block-heading\"><strong>Step 3 \u2013 Talk to people (25 minutes)<\/strong><\/h4>\n\n\n\n<p>Talk to as many people as possible and find out what role they play and what their motives are. Present your project idea as you learned it in the previous activity and see what people have to say about it:<\/p>\n\n\n\n<ul class=\"wp-block-list\">\n<li>Would they be willing to participate in the project?<\/li>\n\n\n\n<li>Do they understand the project idea?<\/li>\n\n\n\n<li>Do they like the project idea?<\/li>\n\n\n\n<li>What words and language do they use to talk about the project?<\/li>\n\n\n\n<li>What questions do they have?<\/li>\n\n\n\n<li>What concerns do they have?<\/li>\n<\/ul>\n\n\n\n<h4 class=\"wp-block-heading\"><strong>Step 4 - <\/strong>Summarize the results<strong> (10 minutes)<\/strong><\/h4>\n\n\n\n<p>Take some notes during the interview and summarize your findings later. Divide a sheet into 4 sections: one for positive aspects, one for negative aspects, one for questions and one for ideas:<\/p>\n\n\n\n<figure data-wp-context=\"{&quot;imageId&quot;:&quot;69f1ad27f0c2f&quot;}\" data-wp-interactive=\"core\/image\" data-wp-key=\"69f1ad27f0c2f\" class=\"wp-block-image aligncenter size-full wp-lightbox-container\"><img loading=\"lazy\" decoding=\"async\" width=\"800\" height=\"600\" data-wp-class--hide=\"state.isContentHidden\" data-wp-class--show=\"state.isContentVisible\" data-wp-init=\"callbacks.setButtonStyles\" data-wp-on--click=\"actions.showLightbox\" data-wp-on--load=\"callbacks.setButtonStyles\" data-wp-on-window--resize=\"callbacks.setButtonStyles\" src=\"https:\/\/familab.mkteam.org\/wp-content\/uploads\/2024\/11\/02_04__04s.jpg\" alt=\"Ergebnis Ortsbegehung\" class=\"wp-image-800\" srcset=\"https:\/\/familab.mkteam.org\/wp-content\/uploads\/2024\/11\/02_04__04s.jpg 800w, https:\/\/familab.mkteam.org\/wp-content\/uploads\/2024\/11\/02_04__04s-300x225.jpg 300w, https:\/\/familab.mkteam.org\/wp-content\/uploads\/2024\/11\/02_04__04s-768x576.jpg 768w, https:\/\/familab.mkteam.org\/wp-content\/uploads\/2024\/11\/02_04__04s-16x12.jpg 16w\" sizes=\"auto, (max-width: 800px) 100vw, 800px\" \/><button\n\t\t\tclass=\"lightbox-trigger\"\n\t\t\ttype=\"button\"\n\t\t\taria-haspopup=\"dialog\"\n\t\t\taria-label=\"Enlarge\"\n\t\t\tdata-wp-init=\"callbacks.initTriggerButton\"\n\t\t\tdata-wp-on--click=\"actions.showLightbox\"\n\t\t\tdata-wp-style--right=\"state.imageButtonRight\"\n\t\t\tdata-wp-style--top=\"state.imageButtonTop\"\n\t\t>\n\t\t\t<svg xmlns=\"http:\/\/www.w3.org\/2000\/svg\" width=\"12\" height=\"12\" fill=\"none\" viewbox=\"0 0 12 12\">\n\t\t\t\t<path fill=\"#fff\" d=\"M2 0a2 2 0 0 0-2 2v2h1.5V2a.5.5 0 0 1 .5-.5h2V0H2Zm2 10.5H2a.5.5 0 0 1-.5-.5V8H0v2a2 2 0 0 0 2 2h2v-1.5ZM8 12v-1.5h2a.5.5 0 0 0 .5-.5V8H12v2a2 2 0 0 1-2 2H8Zm2-12a2 2 0 0 1 2 2v2h-1.5V2a.5.5 0 0 0-.5-.5H8V0h2Z\" \/>\n\t\t\t<\/svg>\n\t\t<\/button><\/figure>\n\n\n\n<p>Enter your observations and experiences on the sheet: <\/p>\n\n\n\n<figure data-wp-context=\"{&quot;imageId&quot;:&quot;69f1ad27f10d8&quot;}\" data-wp-interactive=\"core\/image\" data-wp-key=\"69f1ad27f10d8\" class=\"wp-block-image aligncenter size-full wp-lightbox-container\"><img loading=\"lazy\" decoding=\"async\" width=\"800\" height=\"587\" data-wp-class--hide=\"state.isContentHidden\" data-wp-class--show=\"state.isContentVisible\" data-wp-init=\"callbacks.setButtonStyles\" data-wp-on--click=\"actions.showLightbox\" data-wp-on--load=\"callbacks.setButtonStyles\" data-wp-on-window--resize=\"callbacks.setButtonStyles\" src=\"https:\/\/familab.mkteam.org\/wp-content\/uploads\/2024\/11\/02_04__05s.jpg\" alt=\"Ergebnisse Ortsbegehung und Gespr\u00e4che\" class=\"wp-image-802\" srcset=\"https:\/\/familab.mkteam.org\/wp-content\/uploads\/2024\/11\/02_04__05s.jpg 800w, https:\/\/familab.mkteam.org\/wp-content\/uploads\/2024\/11\/02_04__05s-300x220.jpg 300w, https:\/\/familab.mkteam.org\/wp-content\/uploads\/2024\/11\/02_04__05s-768x564.jpg 768w, https:\/\/familab.mkteam.org\/wp-content\/uploads\/2024\/11\/02_04__05s-16x12.jpg 16w\" sizes=\"auto, (max-width: 800px) 100vw, 800px\" \/><button\n\t\t\tclass=\"lightbox-trigger\"\n\t\t\ttype=\"button\"\n\t\t\taria-haspopup=\"dialog\"\n\t\t\taria-label=\"Enlarge\"\n\t\t\tdata-wp-init=\"callbacks.initTriggerButton\"\n\t\t\tdata-wp-on--click=\"actions.showLightbox\"\n\t\t\tdata-wp-style--right=\"state.imageButtonRight\"\n\t\t\tdata-wp-style--top=\"state.imageButtonTop\"\n\t\t>\n\t\t\t<svg xmlns=\"http:\/\/www.w3.org\/2000\/svg\" width=\"12\" height=\"12\" fill=\"none\" viewbox=\"0 0 12 12\">\n\t\t\t\t<path fill=\"#fff\" d=\"M2 0a2 2 0 0 0-2 2v2h1.5V2a.5.5 0 0 1 .5-.5h2V0H2Zm2 10.5H2a.5.5 0 0 1-.5-.5V8H0v2a2 2 0 0 0 2 2h2v-1.5ZM8 12v-1.5h2a.5.5 0 0 0 .5-.5V8H12v2a2 2 0 0 1-2 2H8Zm2-12a2 2 0 0 1 2 2v2h-1.5V2a.5.5 0 0 0-.5-.5H8V0h2Z\" \/>\n\t\t\t<\/svg>\n\t\t<\/button><\/figure>\n\n\n\n<h4 class=\"wp-block-heading\">Step 5 \u2013 Conclusion (10 minutes)<\/h4>\n\n\n\n<p>Summarize your impressions and experiences and think about the following questions:<\/p>\n\n\n\n<ul class=\"wp-block-list\">\n<li>Does the target group fit your project?<\/li>\n\n\n\n<li>What needs of the audience must be taken into account?<\/li>\n\n\n\n<li>Is the location suitable for your project?<\/li>\n\n\n\n<li>If not, what should the location be able to do?<\/li>\n<\/ul>\n\n\n\n<p>At the end, you should have an initial assessment of whether your target audience actually meets the requirements of your project and whether the location is suitable for carrying out the project.<\/p>\n\n\n\n<figure data-wp-context=\"{&quot;imageId&quot;:&quot;69f1ad27f1644&quot;}\" data-wp-interactive=\"core\/image\" data-wp-key=\"69f1ad27f1644\" class=\"wp-block-image aligncenter size-full wp-lightbox-container\"><img loading=\"lazy\" decoding=\"async\" width=\"800\" height=\"600\" data-wp-class--hide=\"state.isContentHidden\" data-wp-class--show=\"state.isContentVisible\" data-wp-init=\"callbacks.setButtonStyles\" data-wp-on--click=\"actions.showLightbox\" data-wp-on--load=\"callbacks.setButtonStyles\" data-wp-on-window--resize=\"callbacks.setButtonStyles\" src=\"https:\/\/familab.mkteam.org\/wp-content\/uploads\/2024\/11\/02_04__06s.jpg\" alt=\"Auswertung \" class=\"wp-image-804\" srcset=\"https:\/\/familab.mkteam.org\/wp-content\/uploads\/2024\/11\/02_04__06s.jpg 800w, https:\/\/familab.mkteam.org\/wp-content\/uploads\/2024\/11\/02_04__06s-300x225.jpg 300w, https:\/\/familab.mkteam.org\/wp-content\/uploads\/2024\/11\/02_04__06s-768x576.jpg 768w, https:\/\/familab.mkteam.org\/wp-content\/uploads\/2024\/11\/02_04__06s-16x12.jpg 16w\" sizes=\"auto, (max-width: 800px) 100vw, 800px\" \/><button\n\t\t\tclass=\"lightbox-trigger\"\n\t\t\ttype=\"button\"\n\t\t\taria-haspopup=\"dialog\"\n\t\t\taria-label=\"Enlarge\"\n\t\t\tdata-wp-init=\"callbacks.initTriggerButton\"\n\t\t\tdata-wp-on--click=\"actions.showLightbox\"\n\t\t\tdata-wp-style--right=\"state.imageButtonRight\"\n\t\t\tdata-wp-style--top=\"state.imageButtonTop\"\n\t\t>\n\t\t\t<svg xmlns=\"http:\/\/www.w3.org\/2000\/svg\" width=\"12\" height=\"12\" fill=\"none\" viewbox=\"0 0 12 12\">\n\t\t\t\t<path fill=\"#fff\" d=\"M2 0a2 2 0 0 0-2 2v2h1.5V2a.5.5 0 0 1 .5-.5h2V0H2Zm2 10.5H2a.5.5 0 0 1-.5-.5V8H0v2a2 2 0 0 0 2 2h2v-1.5ZM8 12v-1.5h2a.5.5 0 0 0 .5-.5V8H12v2a2 2 0 0 1-2 2H8Zm2-12a2 2 0 0 1 2 2v2h-1.5V2a.5.5 0 0 0-.5-.5H8V0h2Z\" \/>\n\t\t\t<\/svg>\n\t\t<\/button><\/figure>\n\n\n\n<hr class=\"wp-block-separator alignwide has-alpha-channel-opacity\" style=\"margin-top:var(--wp--preset--spacing--30);margin-bottom:var(--wp--preset--spacing--30)\"\/>\n\n\n\n<p><strong>Learning Outcomes - which skills are addressed?<\/strong><\/p>\n\n\n\n<p>The participants learned how to find a suitable target group and a suitable location for their project. Participants got to know the language and interests of the target group. They practiced presenting their project to non-scientists. Participants learned how to recognize needs, obstacles and opportunities in the actual environment.<\/p>\n\n\n\n<p><strong>How do you check the outcomes are reached?<\/strong><\/p>\n\n\n\n<p>The participants have a checklist for the target group and the location, including the needs and hurdles, and an assessment of whether both are suitable for the project.<\/p>\n\n\n\n<p><strong>De-Briefing questions<\/strong><\/p>\n\n\n\n<ul class=\"wp-block-list\">\n<li>How did you feel when you visited the public space and talked about your topic?<\/li>\n\n\n\n<li>Do you think the area is suitable for the implementing of your project?<\/li>\n\n\n\n<li>Could there be better areas to carry out the project?<\/li>\n<\/ul>\n\n\n\n<p><strong>Further links and readings<\/strong><\/p>\n\n\n\n<ul class=\"wp-block-list\">\n<li>Pfeifer, Anne (2018): The Perfect Usability Test Participant &amp; How to Deal with Difficulties. <a href=\"https:\/\/usertimes.io\/2018\/10\/25\/perfect-usability-participant\/\"><u>https:\/\/usertimes.io\/2018\/10\/25\/perfect-usability-participant\/<\/u><\/a> (last viewed 06\/24\/2024)<\/li>\n\n\n\n<li>West, Sarah &amp; Pateman, Rachel (2016): Recruiting and Retaining Participants in Citizen Science: What Can Be Learned from the Volunteering Literature?\u00a0<a href=\"https:\/\/theoryandpractice.citizenscienceassociation.org\/articles\/10.5334\/cstp.8\"><u>https:\/\/theoryandpractice.citizenscienceassociation.org\/articles\/10.5334\/cstp.8<\/u><\/a>\u00a0(last viewed 06\/24\/2024)<\/li>\n<\/ul>\n\n\n\n<div style=\"height:60px\" aria-hidden=\"true\" class=\"wp-block-spacer\"><\/div>\n\n\n\n<div class=\"wp-block-columns is-layout-flex wp-container-core-columns-is-layout-28f84493 wp-block-columns-is-layout-flex\">\n<div class=\"wp-block-column is-layout-flow wp-block-column-is-layout-flow\">\n<div class=\"wp-block-buttons is-content-justification-center is-layout-flex wp-container-core-buttons-is-layout-a89b3969 wp-block-buttons-is-layout-flex\">\n<div class=\"wp-block-button\"><a class=\"wp-block-button__link wp-element-button\" href=\"https:\/\/familab.mkteam.org\/en\/material\/ein-citizen-science-projekt-selber-machen\/2-die-zielgruppe-verstehen\/2-3-einen-friendly-user-test-durchfuehren\/\">&lt;&lt; Activity 2-3<\/a><\/div>\n<\/div>\n<\/div>\n\n\n\n<div class=\"wp-block-column is-layout-flow wp-block-column-is-layout-flow\">\n<div class=\"wp-block-buttons is-content-justification-center is-layout-flex wp-container-core-buttons-is-layout-a89b3969 wp-block-buttons-is-layout-flex\">\n<div class=\"wp-block-button\"><a class=\"wp-block-button__link wp-element-button\" href=\"https:\/\/familab.mkteam.org\/en\/material\/ein-citizen-science-projekt-selber-machen\/\">^ Overview<\/a><\/div>\n<\/div>\n<\/div>\n\n\n\n<div class=\"wp-block-column is-layout-flow wp-block-column-is-layout-flow\">\n<div class=\"wp-block-buttons is-content-justification-center is-layout-flex wp-container-core-buttons-is-layout-a89b3969 wp-block-buttons-is-layout-flex\">\n<div class=\"wp-block-button\"><a class=\"wp-block-button__link wp-element-button\" href=\"https:\/\/familab.mkteam.org\/en\/material\/ein-citizen-science-projekt-selber-machen\/3-den-umfang-festlegen\/\">Part 3 &gt;&gt;<\/a><\/div>\n<\/div>\n<\/div>\n<\/div>\n\n\n\n<p><\/p>","protected":false},"excerpt":{"rendered":"<p>Ziel der Aktivit\u00e4t Diese Aktivit\u00e4t f\u00fchrt dich an den Ort, an dem du dein Projekt sp\u00e4ter durchf\u00fchren wirst. Du erkundest die Umgebung, in der potenzielle Freiwillige zu finden sind, und sammelst Eindr\u00fccke, die dir bei der Gestaltung und Umsetzung des Projekts helfen werden. Idealerweise sollte die Aktivit\u00e4t in der realen Umgebung des Projekts durchgef\u00fchrt werden. [&hellip;]<\/p>","protected":false},"author":2,"featured_media":797,"parent":671,"menu_order":0,"comment_status":"closed","ping_status":"closed","template":"","meta":{"footnotes":""},"class_list":["post-784","page","type-page","status-publish","has-post-thumbnail","hentry"],"_links":{"self":[{"href":"https:\/\/familab.mkteam.org\/en\/wp-json\/wp\/v2\/pages\/784","targetHints":{"allow":["GET"]}}],"collection":[{"href":"https:\/\/familab.mkteam.org\/en\/wp-json\/wp\/v2\/pages"}],"about":[{"href":"https:\/\/familab.mkteam.org\/en\/wp-json\/wp\/v2\/types\/page"}],"author":[{"embeddable":true,"href":"https:\/\/familab.mkteam.org\/en\/wp-json\/wp\/v2\/users\/2"}],"replies":[{"embeddable":true,"href":"https:\/\/familab.mkteam.org\/en\/wp-json\/wp\/v2\/comments?post=784"}],"version-history":[{"count":14,"href":"https:\/\/familab.mkteam.org\/en\/wp-json\/wp\/v2\/pages\/784\/revisions"}],"predecessor-version":[{"id":807,"href":"https:\/\/familab.mkteam.org\/en\/wp-json\/wp\/v2\/pages\/784\/revisions\/807"}],"up":[{"embeddable":true,"href":"https:\/\/familab.mkteam.org\/en\/wp-json\/wp\/v2\/pages\/671"}],"wp:featuredmedia":[{"embeddable":true,"href":"https:\/\/familab.mkteam.org\/en\/wp-json\/wp\/v2\/media\/797"}],"wp:attachment":[{"href":"https:\/\/familab.mkteam.org\/en\/wp-json\/wp\/v2\/media?parent=784"}],"curies":[{"name":"wp","href":"https:\/\/api.w.org\/{rel}","templated":true}]}}