{"id":764,"date":"2024-11-06T14:43:00","date_gmt":"2024-11-06T14:43:00","guid":{"rendered":"https:\/\/familienlabor.mkteam.org\/?page_id=764"},"modified":"2025-02-10T21:39:03","modified_gmt":"2025-02-10T21:39:03","slug":"2-3-einen-friendly-user-test-durchfuehren","status":"publish","type":"page","link":"https:\/\/familab.mkteam.org\/en\/material\/ein-citizen-science-projekt-selber-machen\/2-die-zielgruppe-verstehen\/2-3-einen-friendly-user-test-durchfuehren\/","title":{"rendered":"2-3 Run a friendly user test"},"content":{"rendered":"<p><strong>Aims of the activity and description of target group<\/strong><\/p>\n\n\n\n<p>Participants learn when and how to carry out a \"friendly user test\". Friendly user tests are used as a quality assurance method in early planning and implementation phases. The idea is to test a concept, prototype or product with a single person or a small group of people who are readily available in the workplace, organization or private environment.<\/p>\n\n\n\n<p>These tests are easy to organize, cheap, but they already provide valuable initial feedback for adjustments of the project. In a Citizen Science project, these early friendly user tests help participants to see if they are able to communicate the project idea and if the idea is understandable to the audience. This prepares the participants to interact with volunteers later in the project. The activity is suitable for researchers and citizens in a group or individual learning setting.<\/p>\n\n\n\n<p><strong>Resources, Materials needed<\/strong><\/p>\n\n\n\n<ul class=\"wp-block-list\">\n<li>Paper, pen, color pencils<\/li>\n\n\n\n<li>emplate for test protocol (<a href=\"https:\/\/familab.mkteam.org\/wp-content\/uploads\/2024\/11\/Module2_2-3-FriendlyUserTestProtocol_Template.docx\">Module2_2-3-FriendlyUserTestProtocol_Template.docx<\/a>)<\/li>\n<\/ul>\n\n\n\n<p><strong>Duration<\/strong><\/p>\n\n\n\n<p>60 minutes (More time or a different environment may be needed to actually conduct the interviews properly. Participants should do at least one interview as a test with another participant and then do the real interviews and final assessment later after the workshop.)<\/p>\n\n\n\n<hr class=\"wp-block-separator alignwide has-alpha-channel-opacity\" style=\"margin-top:var(--wp--preset--spacing--30);margin-bottom:var(--wp--preset--spacing--30)\"\/>\n\n\n\n<h4 class=\"wp-block-heading\">Step 1 \u2013 Test protocol: Introduction (10 minutes)<\/h4>\n\n\n\n<p>Write a brief introduction of yourself and the friendly user test. Explicitly mention how valuable the feedback is.<\/p>\n\n\n\n<p><em>Example: \u201cHello, my name is Maria. I work for the Medienkompetenz Team, a non-profit organization in Karlsruhe. We mainly work with families on digital media topics. Our goal is to empower families to benefit from the use of digital media and to accompany their children well in the digital world. Today we are gathering feedback for a project idea we are currently working on. I will briefly present the project idea to you and then ask for your feedback in 6 questions. All feedback is welcome and will help us to develop the project idea further. Let me know if you have any questions and thank you for your participation.\u201d<\/em><\/p>\n\n\n\n<h4 class=\"wp-block-heading\"><strong>Step 2 \u2013 Test protocol:<\/strong> <strong>Project idea (5 minutes)<\/strong><\/h4>\n\n\n\n<p>Write a brief description of your project idea and the target of the the project. You can also provide material to communicate the project idea, like drafts, charts or images.<\/p>\n\n\n\n<p><em>Example:<\/em> <em>\u201cWe are planning a project in which families can learn about digital media, share their experiences and ideas and benefit from the experiences and ideas of other families.<\/em> <em>Participation should be easy and fun for the families.\u201d<\/em><\/p>\n\n\n\n<h4 class=\"wp-block-heading\"><strong>Step 3 \u2013 Test protocol:<\/strong> <strong>Target audience (10 minutes)<\/strong><\/h4>\n\n\n\n<p>Briefly describe your target audience. You can also use the personas, created in the previous activity, to illustrate the target audience.<\/p>\n\n\n\n<p><em>Example: \u201cIn our initial analysis, we found that there is a wide range of families who struggle with the use of digital media in their family. Families have problems due to intensive use, inappropriate content and a lack of knowledge about digital topics. Time and support are crucial aspects for families to cope well with digital media. Our project is therefore aimed at families who are under great pressure in their everyday family life: little time, little money, separated from their families, no access to information, language barriers, no access to public services.\u201d<\/em><\/p>\n\n\n\n<h4 class=\"wp-block-heading\"><strong>Step 4 \u2013 Test protocol:<\/strong> <strong>Questions (10 minutes)<\/strong><\/h4>\n\n\n\n<p>Collect questions that you would like to ask your participants in your friendly user test. Think about what could help improve your project idea and provide new insights for the further design of the scope.<\/p>\n\n\n\n<p><em>Example:<\/em><\/p>\n\n\n\n<ul class=\"wp-block-list\">\n<li><em>Have you ever heard of the topic we want to deal with in our project?<\/em><\/li>\n\n\n\n<li><em>Could you repeat the project idea in your own words in one sentence?<\/em><\/li>\n\n\n\n<li><em>Suppose you were part of the target group of our project:<\/em> <em>Would you be interested in participating in the project?<\/em><\/li>\n\n\n\n<li><em>Where do you think would be a good place to carry out the project?<\/em><\/li>\n\n\n\n<li><em>Do you see any problems or hurdles in our current project idea?<\/em><\/li>\n\n\n\n<li><em>Do you have any other ideas for the project?<\/em><\/li>\n<\/ul>\n\n\n\n<h4 class=\"wp-block-heading\">Step 5 \u2013 Finalize your test protocol (10 minutes)<\/h4>\n\n\n\n<p>Gather all points in a document and leave some room for your notes (see <a href=\"https:\/\/familab.mkteam.org\/wp-content\/uploads\/2024\/11\/Module2_2-3-FriendlyUserTestProtocol_Template.docx\">Modul2_2-3-FriendlyUserTestProtocol_Template.docx<\/a>).<\/p>\n\n\n\n<figure data-wp-context=\"{&quot;imageId&quot;:&quot;69f1abe1a7d3b&quot;}\" data-wp-interactive=\"core\/image\" data-wp-key=\"69f1abe1a7d3b\" class=\"wp-block-image aligncenter size-full wp-lightbox-container\"><img loading=\"lazy\" decoding=\"async\" width=\"800\" height=\"639\" data-wp-class--hide=\"state.isContentHidden\" data-wp-class--show=\"state.isContentVisible\" data-wp-init=\"callbacks.setButtonStyles\" data-wp-on--click=\"actions.showLightbox\" data-wp-on--load=\"callbacks.setButtonStyles\" data-wp-on-window--resize=\"callbacks.setButtonStyles\" src=\"https:\/\/familab.mkteam.org\/wp-content\/uploads\/2024\/11\/02_03__01s.jpg\" alt=\"Friendly User Test Protokoll\" class=\"wp-image-777\" srcset=\"https:\/\/familab.mkteam.org\/wp-content\/uploads\/2024\/11\/02_03__01s.jpg 800w, https:\/\/familab.mkteam.org\/wp-content\/uploads\/2024\/11\/02_03__01s-300x240.jpg 300w, https:\/\/familab.mkteam.org\/wp-content\/uploads\/2024\/11\/02_03__01s-768x613.jpg 768w, https:\/\/familab.mkteam.org\/wp-content\/uploads\/2024\/11\/02_03__01s-15x12.jpg 15w\" sizes=\"auto, (max-width: 800px) 100vw, 800px\" \/><button\n\t\t\tclass=\"lightbox-trigger\"\n\t\t\ttype=\"button\"\n\t\t\taria-haspopup=\"dialog\"\n\t\t\taria-label=\"Enlarge\"\n\t\t\tdata-wp-init=\"callbacks.initTriggerButton\"\n\t\t\tdata-wp-on--click=\"actions.showLightbox\"\n\t\t\tdata-wp-style--right=\"state.imageButtonRight\"\n\t\t\tdata-wp-style--top=\"state.imageButtonTop\"\n\t\t>\n\t\t\t<svg xmlns=\"http:\/\/www.w3.org\/2000\/svg\" width=\"12\" height=\"12\" fill=\"none\" viewbox=\"0 0 12 12\">\n\t\t\t\t<path fill=\"#fff\" d=\"M2 0a2 2 0 0 0-2 2v2h1.5V2a.5.5 0 0 1 .5-.5h2V0H2Zm2 10.5H2a.5.5 0 0 1-.5-.5V8H0v2a2 2 0 0 0 2 2h2v-1.5ZM8 12v-1.5h2a.5.5 0 0 0 .5-.5V8H12v2a2 2 0 0 1-2 2H8Zm2-12a2 2 0 0 1 2 2v2h-1.5V2a.5.5 0 0 0-.5-.5H8V0h2Z\" \/>\n\t\t\t<\/svg>\n\t\t<\/button><\/figure>\n\n\n\n<h4 class=\"wp-block-heading\">Step 6 \u2013 Run your test (15 minutes)<\/h4>\n\n\n\n<p>Carry out your friendly user test with one or more people. Inform the participants well about what the test is about and also give them an approximate time estimate in advance. You may find that the participants are nervous, even though it is not an official test. This can also happen if you later involve your target group. Even if people are not being assessed, they may feel uncomfortable in such situations. It is therefore important that you do as much as possible to create a pleasant atmosphere: offer water, choose a room that offers privacy, sit next to the participant and not in front of them, smile, use friendly words, appreciate participation. After each interview check if you need to adapt your description or questions.<\/p>\n\n\n\n<h4 class=\"wp-block-heading\"><strong>Step 7 \u2013 Evaluate results (10 minutes)<\/strong><\/h4>\n\n\n\n<p>Put together all the results:<\/p>\n\n\n\n<ul class=\"wp-block-list\">\n<li>What did you learn from your friendly user test?<\/li>\n\n\n\n<li>Which wordings worked well, which ones need to be improved?<\/li>\n\n\n\n<li>What new ideas or aspects turned out?<\/li>\n\n\n\n<li>Are there any risks or hurdles you did not anticipate?<\/li>\n\n\n\n<li>Did you get any new information about your target audience or the location?<\/li>\n<\/ul>\n\n\n\n<figure data-wp-context=\"{&quot;imageId&quot;:&quot;69f1abe1a83d0&quot;}\" data-wp-interactive=\"core\/image\" data-wp-key=\"69f1abe1a83d0\" class=\"wp-block-image aligncenter size-full wp-lightbox-container\"><img loading=\"lazy\" decoding=\"async\" width=\"800\" height=\"580\" data-wp-class--hide=\"state.isContentHidden\" data-wp-class--show=\"state.isContentVisible\" data-wp-init=\"callbacks.setButtonStyles\" data-wp-on--click=\"actions.showLightbox\" data-wp-on--load=\"callbacks.setButtonStyles\" data-wp-on-window--resize=\"callbacks.setButtonStyles\" src=\"https:\/\/familab.mkteam.org\/wp-content\/uploads\/2024\/11\/02_03__02s.jpg\" alt=\"Ergebnis Friendly User Test\" class=\"wp-image-780\" srcset=\"https:\/\/familab.mkteam.org\/wp-content\/uploads\/2024\/11\/02_03__02s.jpg 800w, https:\/\/familab.mkteam.org\/wp-content\/uploads\/2024\/11\/02_03__02s-300x218.jpg 300w, https:\/\/familab.mkteam.org\/wp-content\/uploads\/2024\/11\/02_03__02s-768x557.jpg 768w, https:\/\/familab.mkteam.org\/wp-content\/uploads\/2024\/11\/02_03__02s-18x12.jpg 18w\" sizes=\"auto, (max-width: 800px) 100vw, 800px\" \/><button\n\t\t\tclass=\"lightbox-trigger\"\n\t\t\ttype=\"button\"\n\t\t\taria-haspopup=\"dialog\"\n\t\t\taria-label=\"Enlarge\"\n\t\t\tdata-wp-init=\"callbacks.initTriggerButton\"\n\t\t\tdata-wp-on--click=\"actions.showLightbox\"\n\t\t\tdata-wp-style--right=\"state.imageButtonRight\"\n\t\t\tdata-wp-style--top=\"state.imageButtonTop\"\n\t\t>\n\t\t\t<svg xmlns=\"http:\/\/www.w3.org\/2000\/svg\" width=\"12\" height=\"12\" fill=\"none\" viewbox=\"0 0 12 12\">\n\t\t\t\t<path fill=\"#fff\" d=\"M2 0a2 2 0 0 0-2 2v2h1.5V2a.5.5 0 0 1 .5-.5h2V0H2Zm2 10.5H2a.5.5 0 0 1-.5-.5V8H0v2a2 2 0 0 0 2 2h2v-1.5ZM8 12v-1.5h2a.5.5 0 0 0 .5-.5V8H12v2a2 2 0 0 1-2 2H8Zm2-12a2 2 0 0 1 2 2v2h-1.5V2a.5.5 0 0 0-.5-.5H8V0h2Z\" \/>\n\t\t\t<\/svg>\n\t\t<\/button><\/figure>\n\n\n\n<hr class=\"wp-block-separator alignwide has-alpha-channel-opacity\" style=\"margin-top:var(--wp--preset--spacing--30);margin-bottom:var(--wp--preset--spacing--30)\"\/>\n\n\n\n<p><strong>Learning Outcomes - which skills are addressed?<\/strong><\/p>\n\n\n\n<p>The participants know the methodology of a user-friendly test. They know how to set up, conduct and evaluate such a test. They learn how to respond to the needs of test participants and how to create a positive and welcoming atmosphere.<\/p>\n\n\n\n<p><strong>How do you check the outcomes are reached?<\/strong><\/p>\n\n\n\n<p>Participants have run at least one test and gathered feedback for their project.<\/p>\n\n\n\n<p><strong>De-Briefing questions<\/strong><\/p>\n\n\n\n<ul class=\"wp-block-list\">\n<li>Did the friendly user test bring you new input?<\/li>\n\n\n\n<li>How did you feel conducting the test?<\/li>\n\n\n\n<li>What is your impression: How did participants of your test feel?<\/li>\n<\/ul>\n\n\n\n<p><strong>Further links and readings<\/strong><\/p>\n\n\n\n<ul class=\"wp-block-list\">\n<li>Lewrick, M. et al. (2018): The Design Thinking Playbook. Mindful Digital Transformation of Teams, Products, Services, Businesses and Ecosystems. Chapter 1.10 How to test efficiently. <a href=\"https:\/\/www.sitepoint.com\/premium\/books\/the-design-thinking-playbook\/read\/1\/kn87531l\/\"><u>https:\/\/www.sitepoint.com\/premium\/books\/the-design-thinking-playbook\/read\/1\/kn8753m3\/<\/u><\/a>&nbsp;(last viewed 02\/06\/2024)<\/li>\n\n\n\n<li>Nielsen, Jakob (2018): User Testing: Why &amp; How. <a href=\"https:\/\/www.youtube.com\/watch?v=v8JJrDvQDF4\">https:\/\/www.youtube.com\/watch?v=v8JJrDvQDF4<\/a> (last viewed 02\/06\/2024)<\/li>\n<\/ul>\n\n\n\n<div style=\"height:60px\" aria-hidden=\"true\" class=\"wp-block-spacer\"><\/div>\n\n\n\n<div class=\"wp-block-columns is-layout-flex wp-container-core-columns-is-layout-28f84493 wp-block-columns-is-layout-flex\">\n<div class=\"wp-block-column is-layout-flow wp-block-column-is-layout-flow\">\n<div class=\"wp-block-buttons is-content-justification-center is-layout-flex wp-container-core-buttons-is-layout-a89b3969 wp-block-buttons-is-layout-flex\">\n<div class=\"wp-block-button\"><a class=\"wp-block-button__link wp-element-button\" href=\"https:\/\/familab.mkteam.org\/en\/material\/ein-citizen-science-projekt-selber-machen\/2-die-zielgruppe-verstehen\/2-2-personas-erstellen\/\">&lt;&lt; Activity 2-2<\/a><\/div>\n<\/div>\n<\/div>\n\n\n\n<div class=\"wp-block-column is-layout-flow wp-block-column-is-layout-flow\">\n<div class=\"wp-block-buttons is-content-justification-center is-layout-flex wp-container-core-buttons-is-layout-a89b3969 wp-block-buttons-is-layout-flex\">\n<div class=\"wp-block-button\"><a class=\"wp-block-button__link wp-element-button\" href=\"https:\/\/familab.mkteam.org\/en\/material\/ein-citizen-science-projekt-selber-machen\/\">^ Overview<\/a><\/div>\n<\/div>\n<\/div>\n\n\n\n<div class=\"wp-block-column is-layout-flow wp-block-column-is-layout-flow\">\n<div class=\"wp-block-buttons is-content-justification-center is-layout-flex wp-container-core-buttons-is-layout-a89b3969 wp-block-buttons-is-layout-flex\">\n<div class=\"wp-block-button\"><a class=\"wp-block-button__link wp-element-button\" href=\"https:\/\/familab.mkteam.org\/en\/material\/ein-citizen-science-projekt-selber-machen\/2-die-zielgruppe-verstehen\/2-4-triff-deine-zielgruppe\/\">Activity 2-4 &gt;&gt;<\/a><\/div>\n<\/div>\n<\/div>\n<\/div>\n\n\n\n<p><\/p>","protected":false},"excerpt":{"rendered":"<p>Ziel der Aktivit\u00e4t Du lernst, wann und wie man einen \u201eFriendly User Test\u201c durchf\u00fchrt. Friendly User Tests werden als Qualit\u00e4tssicherungsmethode in fr\u00fchen Planungs- und Implementierungsphasen eingesetzt. Die Idee ist, ein Konzept, einen Prototyp oder ein Produkt mit einer einzelnen Person oder einer kleinen Gruppe von Personen zu testen, die am Arbeitsplatz, in der Organisation oder [&hellip;]<\/p>","protected":false},"author":2,"featured_media":777,"parent":671,"menu_order":0,"comment_status":"closed","ping_status":"closed","template":"","meta":{"footnotes":""},"class_list":["post-764","page","type-page","status-publish","has-post-thumbnail","hentry"],"_links":{"self":[{"href":"https:\/\/familab.mkteam.org\/en\/wp-json\/wp\/v2\/pages\/764","targetHints":{"allow":["GET"]}}],"collection":[{"href":"https:\/\/familab.mkteam.org\/en\/wp-json\/wp\/v2\/pages"}],"about":[{"href":"https:\/\/familab.mkteam.org\/en\/wp-json\/wp\/v2\/types\/page"}],"author":[{"embeddable":true,"href":"https:\/\/familab.mkteam.org\/en\/wp-json\/wp\/v2\/users\/2"}],"replies":[{"embeddable":true,"href":"https:\/\/familab.mkteam.org\/en\/wp-json\/wp\/v2\/comments?post=764"}],"version-history":[{"count":15,"href":"https:\/\/familab.mkteam.org\/en\/wp-json\/wp\/v2\/pages\/764\/revisions"}],"predecessor-version":[{"id":1295,"href":"https:\/\/familab.mkteam.org\/en\/wp-json\/wp\/v2\/pages\/764\/revisions\/1295"}],"up":[{"embeddable":true,"href":"https:\/\/familab.mkteam.org\/en\/wp-json\/wp\/v2\/pages\/671"}],"wp:featuredmedia":[{"embeddable":true,"href":"https:\/\/familab.mkteam.org\/en\/wp-json\/wp\/v2\/media\/777"}],"wp:attachment":[{"href":"https:\/\/familab.mkteam.org\/en\/wp-json\/wp\/v2\/media?parent=764"}],"curies":[{"name":"wp","href":"https:\/\/api.w.org\/{rel}","templated":true}]}}