{"id":720,"date":"2024-11-06T12:40:37","date_gmt":"2024-11-06T12:40:37","guid":{"rendered":"https:\/\/familienlabor.mkteam.org\/?page_id=720"},"modified":"2024-11-06T16:00:47","modified_gmt":"2024-11-06T16:00:47","slug":"2-1-die-zielgruppe-abbilden","status":"publish","type":"page","link":"https:\/\/familab.mkteam.org\/en\/material\/ein-citizen-science-projekt-selber-machen\/2-die-zielgruppe-verstehen\/2-1-die-zielgruppe-abbilden\/","title":{"rendered":"2-1 Map your audience"},"content":{"rendered":"<p><strong>Aims of the activity and description of target group<\/strong><\/p>\n\n\n\n<p>Participants have already started to reflect on aspects of this activity in Session #1, Activity 3 \"Analyzing the network\". Now we will deepen the analysis of the potential audience. Participants will analyze the target group in detail and learn about their motivation to participate in the project. The activity is suitable for researchers and citizens in a group or individual learning setting. Session #1 should be carried out beforehand. <\/p>\n\n\n\n<p><strong>Resources, Materials needed<\/strong><\/p>\n\n\n\n<p>Paper, pens, color pencils<\/p>\n\n\n\n<p><strong>Duration<\/strong><\/p>\n\n\n\n<p>45 minutes<\/p>\n\n\n\n<hr class=\"wp-block-separator alignwide has-alpha-channel-opacity\" style=\"margin-top:var(--wp--preset--spacing--30);margin-bottom:var(--wp--preset--spacing--30)\"\/>\n\n\n\n<h4 class=\"wp-block-heading\">Step 1 - Make your topic the center (5 minutes)<\/h4>\n\n\n\n<p>Take a sheet of paper, draw an element in the middle and write the name of your topic in it:<\/p>\n\n\n\n<figure data-wp-context=\"{&quot;imageId&quot;:&quot;69f1ad310c9b5&quot;}\" data-wp-interactive=\"core\/image\" data-wp-key=\"69f1ad310c9b5\" class=\"wp-block-image aligncenter size-full wp-lightbox-container\"><img loading=\"lazy\" decoding=\"async\" width=\"800\" height=\"598\" data-wp-class--hide=\"state.isContentHidden\" data-wp-class--show=\"state.isContentVisible\" data-wp-init=\"callbacks.setButtonStyles\" data-wp-on--click=\"actions.showLightbox\" data-wp-on--load=\"callbacks.setButtonStyles\" data-wp-on-window--resize=\"callbacks.setButtonStyles\" src=\"https:\/\/familab.mkteam.org\/wp-content\/uploads\/2024\/11\/02_01__01s.jpg\" alt=\"Zielgruppe analysieren\" class=\"wp-image-721\" srcset=\"https:\/\/familab.mkteam.org\/wp-content\/uploads\/2024\/11\/02_01__01s.jpg 800w, https:\/\/familab.mkteam.org\/wp-content\/uploads\/2024\/11\/02_01__01s-300x224.jpg 300w, https:\/\/familab.mkteam.org\/wp-content\/uploads\/2024\/11\/02_01__01s-768x574.jpg 768w, https:\/\/familab.mkteam.org\/wp-content\/uploads\/2024\/11\/02_01__01s-16x12.jpg 16w\" sizes=\"auto, (max-width: 800px) 100vw, 800px\" \/><button\n\t\t\tclass=\"lightbox-trigger\"\n\t\t\ttype=\"button\"\n\t\t\taria-haspopup=\"dialog\"\n\t\t\taria-label=\"Enlarge\"\n\t\t\tdata-wp-init=\"callbacks.initTriggerButton\"\n\t\t\tdata-wp-on--click=\"actions.showLightbox\"\n\t\t\tdata-wp-style--right=\"state.imageButtonRight\"\n\t\t\tdata-wp-style--top=\"state.imageButtonTop\"\n\t\t>\n\t\t\t<svg xmlns=\"http:\/\/www.w3.org\/2000\/svg\" width=\"12\" height=\"12\" fill=\"none\" viewbox=\"0 0 12 12\">\n\t\t\t\t<path fill=\"#fff\" d=\"M2 0a2 2 0 0 0-2 2v2h1.5V2a.5.5 0 0 1 .5-.5h2V0H2Zm2 10.5H2a.5.5 0 0 1-.5-.5V8H0v2a2 2 0 0 0 2 2h2v-1.5ZM8 12v-1.5h2a.5.5 0 0 0 .5-.5V8H12v2a2 2 0 0 1-2 2H8Zm2-12a2 2 0 0 1 2 2v2h-1.5V2a.5.5 0 0 0-.5-.5H8V0h2Z\" \/>\n\t\t\t<\/svg>\n\t\t<\/button><\/figure>\n\n\n\n<h4 class=\"wp-block-heading\">Step 2 - <strong>Add groups and people (10 minutes)<\/strong><\/h4>\n\n\n\n<p>Think about who is affected by your topic and for whom the research is relevant. Divide the part outside the central element into segments: one for each group. Enlarge the segments for groups that are particularly affected. Give each segment a name, but leave some space in each segment for additional notes.<\/p>\n\n\n\n<figure data-wp-context=\"{&quot;imageId&quot;:&quot;69f1ad310d08a&quot;}\" data-wp-interactive=\"core\/image\" data-wp-key=\"69f1ad310d08a\" class=\"wp-block-image aligncenter size-full wp-lightbox-container\"><img loading=\"lazy\" decoding=\"async\" width=\"800\" height=\"596\" data-wp-class--hide=\"state.isContentHidden\" data-wp-class--show=\"state.isContentVisible\" data-wp-init=\"callbacks.setButtonStyles\" data-wp-on--click=\"actions.showLightbox\" data-wp-on--load=\"callbacks.setButtonStyles\" data-wp-on-window--resize=\"callbacks.setButtonStyles\" src=\"https:\/\/familab.mkteam.org\/wp-content\/uploads\/2024\/11\/02_01__02s.jpg\" alt=\"Zielgruppe \" class=\"wp-image-722\" srcset=\"https:\/\/familab.mkteam.org\/wp-content\/uploads\/2024\/11\/02_01__02s.jpg 800w, https:\/\/familab.mkteam.org\/wp-content\/uploads\/2024\/11\/02_01__02s-300x224.jpg 300w, https:\/\/familab.mkteam.org\/wp-content\/uploads\/2024\/11\/02_01__02s-768x572.jpg 768w, https:\/\/familab.mkteam.org\/wp-content\/uploads\/2024\/11\/02_01__02s-16x12.jpg 16w\" sizes=\"auto, (max-width: 800px) 100vw, 800px\" \/><button\n\t\t\tclass=\"lightbox-trigger\"\n\t\t\ttype=\"button\"\n\t\t\taria-haspopup=\"dialog\"\n\t\t\taria-label=\"Enlarge\"\n\t\t\tdata-wp-init=\"callbacks.initTriggerButton\"\n\t\t\tdata-wp-on--click=\"actions.showLightbox\"\n\t\t\tdata-wp-style--right=\"state.imageButtonRight\"\n\t\t\tdata-wp-style--top=\"state.imageButtonTop\"\n\t\t>\n\t\t\t<svg xmlns=\"http:\/\/www.w3.org\/2000\/svg\" width=\"12\" height=\"12\" fill=\"none\" viewbox=\"0 0 12 12\">\n\t\t\t\t<path fill=\"#fff\" d=\"M2 0a2 2 0 0 0-2 2v2h1.5V2a.5.5 0 0 1 .5-.5h2V0H2Zm2 10.5H2a.5.5 0 0 1-.5-.5V8H0v2a2 2 0 0 0 2 2h2v-1.5ZM8 12v-1.5h2a.5.5 0 0 0 .5-.5V8H12v2a2 2 0 0 1-2 2H8Zm2-12a2 2 0 0 1 2 2v2h-1.5V2a.5.5 0 0 0-.5-.5H8V0h2Z\" \/>\n\t\t\t<\/svg>\n\t\t<\/button><\/figure>\n\n\n\n<h4 class=\"wp-block-heading\">Step 3 -  Add needs and interests for each group (15 minutes)<\/h4>\n\n\n\n<p>Think about what needs each group has in relation to the topic. What could be interesting for them? What could help them? Where do they have questions or unresolved problems?<\/p>\n\n\n\n<figure data-wp-context=\"{&quot;imageId&quot;:&quot;69f1ad310d61d&quot;}\" data-wp-interactive=\"core\/image\" data-wp-key=\"69f1ad310d61d\" class=\"wp-block-image aligncenter size-full wp-lightbox-container\"><img loading=\"lazy\" decoding=\"async\" width=\"800\" height=\"600\" data-wp-class--hide=\"state.isContentHidden\" data-wp-class--show=\"state.isContentVisible\" data-wp-init=\"callbacks.setButtonStyles\" data-wp-on--click=\"actions.showLightbox\" data-wp-on--load=\"callbacks.setButtonStyles\" data-wp-on-window--resize=\"callbacks.setButtonStyles\" src=\"https:\/\/familab.mkteam.org\/wp-content\/uploads\/2024\/11\/02_01__03s.jpg\" alt=\"Zielgruppe Bed\u00fcrfnisse\" class=\"wp-image-723\" srcset=\"https:\/\/familab.mkteam.org\/wp-content\/uploads\/2024\/11\/02_01__03s.jpg 800w, https:\/\/familab.mkteam.org\/wp-content\/uploads\/2024\/11\/02_01__03s-300x225.jpg 300w, https:\/\/familab.mkteam.org\/wp-content\/uploads\/2024\/11\/02_01__03s-768x576.jpg 768w, https:\/\/familab.mkteam.org\/wp-content\/uploads\/2024\/11\/02_01__03s-16x12.jpg 16w\" sizes=\"auto, (max-width: 800px) 100vw, 800px\" \/><button\n\t\t\tclass=\"lightbox-trigger\"\n\t\t\ttype=\"button\"\n\t\t\taria-haspopup=\"dialog\"\n\t\t\taria-label=\"Enlarge\"\n\t\t\tdata-wp-init=\"callbacks.initTriggerButton\"\n\t\t\tdata-wp-on--click=\"actions.showLightbox\"\n\t\t\tdata-wp-style--right=\"state.imageButtonRight\"\n\t\t\tdata-wp-style--top=\"state.imageButtonTop\"\n\t\t>\n\t\t\t<svg xmlns=\"http:\/\/www.w3.org\/2000\/svg\" width=\"12\" height=\"12\" fill=\"none\" viewbox=\"0 0 12 12\">\n\t\t\t\t<path fill=\"#fff\" d=\"M2 0a2 2 0 0 0-2 2v2h1.5V2a.5.5 0 0 1 .5-.5h2V0H2Zm2 10.5H2a.5.5 0 0 1-.5-.5V8H0v2a2 2 0 0 0 2 2h2v-1.5ZM8 12v-1.5h2a.5.5 0 0 0 .5-.5V8H12v2a2 2 0 0 1-2 2H8Zm2-12a2 2 0 0 1 2 2v2h-1.5V2a.5.5 0 0 0-.5-.5H8V0h2Z\" \/>\n\t\t\t<\/svg>\n\t\t<\/button><\/figure>\n\n\n\n<h4 class=\"wp-block-heading\">Step 4 \u2013 Highlight important needs (10 minutes) <\/h4>\n\n\n\n<p>To find out which needs occur most frequently, mark common needs in the same color. If you notice that you have overlooked needs or aspects within individual groups, add them to the relevant area.<\/p>\n\n\n\n<figure data-wp-context=\"{&quot;imageId&quot;:&quot;69f1ad310dbc0&quot;}\" data-wp-interactive=\"core\/image\" data-wp-key=\"69f1ad310dbc0\" class=\"wp-block-image aligncenter size-full wp-lightbox-container\"><img loading=\"lazy\" decoding=\"async\" width=\"800\" height=\"594\" data-wp-class--hide=\"state.isContentHidden\" data-wp-class--show=\"state.isContentVisible\" data-wp-init=\"callbacks.setButtonStyles\" data-wp-on--click=\"actions.showLightbox\" data-wp-on--load=\"callbacks.setButtonStyles\" data-wp-on-window--resize=\"callbacks.setButtonStyles\" src=\"https:\/\/familab.mkteam.org\/wp-content\/uploads\/2024\/11\/02_01__04s.jpg\" alt=\"\" class=\"wp-image-724\" srcset=\"https:\/\/familab.mkteam.org\/wp-content\/uploads\/2024\/11\/02_01__04s.jpg 800w, https:\/\/familab.mkteam.org\/wp-content\/uploads\/2024\/11\/02_01__04s-300x223.jpg 300w, https:\/\/familab.mkteam.org\/wp-content\/uploads\/2024\/11\/02_01__04s-768x570.jpg 768w, https:\/\/familab.mkteam.org\/wp-content\/uploads\/2024\/11\/02_01__04s-16x12.jpg 16w\" sizes=\"auto, (max-width: 800px) 100vw, 800px\" \/><button\n\t\t\tclass=\"lightbox-trigger\"\n\t\t\ttype=\"button\"\n\t\t\taria-haspopup=\"dialog\"\n\t\t\taria-label=\"Enlarge\"\n\t\t\tdata-wp-init=\"callbacks.initTriggerButton\"\n\t\t\tdata-wp-on--click=\"actions.showLightbox\"\n\t\t\tdata-wp-style--right=\"state.imageButtonRight\"\n\t\t\tdata-wp-style--top=\"state.imageButtonTop\"\n\t\t>\n\t\t\t<svg xmlns=\"http:\/\/www.w3.org\/2000\/svg\" width=\"12\" height=\"12\" fill=\"none\" viewbox=\"0 0 12 12\">\n\t\t\t\t<path fill=\"#fff\" d=\"M2 0a2 2 0 0 0-2 2v2h1.5V2a.5.5 0 0 1 .5-.5h2V0H2Zm2 10.5H2a.5.5 0 0 1-.5-.5V8H0v2a2 2 0 0 0 2 2h2v-1.5ZM8 12v-1.5h2a.5.5 0 0 0 .5-.5V8H12v2a2 2 0 0 1-2 2H8Zm2-12a2 2 0 0 1 2 2v2h-1.5V2a.5.5 0 0 0-.5-.5H8V0h2Z\" \/>\n\t\t\t<\/svg>\n\t\t<\/button><\/figure>\n\n\n\n<h4 class=\"wp-block-heading\">Step 5 - Rate groups <\/h4>\n\n\n\n<p>Highlight the groups that are most likely to have the greatest need or interest in participating in the project. You can distinguish between groups of primary and secondary interest.<\/p>\n\n\n\n<figure data-wp-context=\"{&quot;imageId&quot;:&quot;69f1ad310e027&quot;}\" data-wp-interactive=\"core\/image\" data-wp-key=\"69f1ad310e027\" class=\"wp-block-image aligncenter size-full wp-lightbox-container\"><img loading=\"lazy\" decoding=\"async\" width=\"800\" height=\"570\" data-wp-class--hide=\"state.isContentHidden\" data-wp-class--show=\"state.isContentVisible\" data-wp-init=\"callbacks.setButtonStyles\" data-wp-on--click=\"actions.showLightbox\" data-wp-on--load=\"callbacks.setButtonStyles\" data-wp-on-window--resize=\"callbacks.setButtonStyles\" src=\"https:\/\/familab.mkteam.org\/wp-content\/uploads\/2024\/11\/02_01__05s.jpg\" alt=\"\" class=\"wp-image-725\" srcset=\"https:\/\/familab.mkteam.org\/wp-content\/uploads\/2024\/11\/02_01__05s.jpg 800w, https:\/\/familab.mkteam.org\/wp-content\/uploads\/2024\/11\/02_01__05s-300x214.jpg 300w, https:\/\/familab.mkteam.org\/wp-content\/uploads\/2024\/11\/02_01__05s-768x547.jpg 768w, https:\/\/familab.mkteam.org\/wp-content\/uploads\/2024\/11\/02_01__05s-18x12.jpg 18w\" sizes=\"auto, (max-width: 800px) 100vw, 800px\" \/><button\n\t\t\tclass=\"lightbox-trigger\"\n\t\t\ttype=\"button\"\n\t\t\taria-haspopup=\"dialog\"\n\t\t\taria-label=\"Enlarge\"\n\t\t\tdata-wp-init=\"callbacks.initTriggerButton\"\n\t\t\tdata-wp-on--click=\"actions.showLightbox\"\n\t\t\tdata-wp-style--right=\"state.imageButtonRight\"\n\t\t\tdata-wp-style--top=\"state.imageButtonTop\"\n\t\t>\n\t\t\t<svg xmlns=\"http:\/\/www.w3.org\/2000\/svg\" width=\"12\" height=\"12\" fill=\"none\" viewbox=\"0 0 12 12\">\n\t\t\t\t<path fill=\"#fff\" d=\"M2 0a2 2 0 0 0-2 2v2h1.5V2a.5.5 0 0 1 .5-.5h2V0H2Zm2 10.5H2a.5.5 0 0 1-.5-.5V8H0v2a2 2 0 0 0 2 2h2v-1.5ZM8 12v-1.5h2a.5.5 0 0 0 .5-.5V8H12v2a2 2 0 0 1-2 2H8Zm2-12a2 2 0 0 1 2 2v2h-1.5V2a.5.5 0 0 0-.5-.5H8V0h2Z\" \/>\n\t\t\t<\/svg>\n\t\t<\/button><\/figure>\n\n\n\n<hr class=\"wp-block-separator alignwide has-alpha-channel-opacity\" style=\"margin-top:var(--wp--preset--spacing--30);margin-bottom:var(--wp--preset--spacing--30)\"\/>\n\n\n\n<p><strong>Learning Outcomes - which skills are addressed?<\/strong><\/p>\n\n\n\n<p>The participants now have a clear picture of the groups that could be involved in their project. They learn to identify and focus on relevant needs, topics or issues.<\/p>\n\n\n\n<p><strong>How do you check the outcomes are reached?<\/strong><\/p>\n\n\n\n<p>Participants have identified at least one target audience group for their project and one core need, topic or question their project could be about.<\/p>\n\n\n\n<p><strong>De-Briefing questions<\/strong><\/p>\n\n\n\n<ul class=\"wp-block-list\">\n<li>Did you identify one or more relevant groups for your project?<\/li>\n\n\n\n<li>Did you identify one or more relevant needs, questions or interest with the groups?<\/li>\n<\/ul>\n\n\n\n<p><strong>Further links and readings<\/strong><\/p>\n\n\n\n<ul class=\"wp-block-list\">\n<li>Waling, Leah: Fundamentals of Engineering Technical Communications, Chapter 2. Understanding Your Audience. <a href=\"https:\/\/ohiostate.pressbooks.pub\/feptechcomm\/chapter\/2-audience\/\">https:\/\/ohiostate.pressbooks.pub\/feptechcomm\/chapter\/2-audience\/ <\/a>(last viewed 02\/05\/2024)<\/li>\n<\/ul>\n\n\n\n<div style=\"height:60px\" aria-hidden=\"true\" class=\"wp-block-spacer\"><\/div>\n\n\n\n<div class=\"wp-block-columns is-layout-flex wp-container-core-columns-is-layout-28f84493 wp-block-columns-is-layout-flex\">\n<div class=\"wp-block-column is-layout-flow wp-block-column-is-layout-flow\">\n<div class=\"wp-block-buttons is-content-justification-center is-layout-flex wp-container-core-buttons-is-layout-a89b3969 wp-block-buttons-is-layout-flex\">\n<div class=\"wp-block-button\"><a class=\"wp-block-button__link wp-element-button\" href=\"https:\/\/familab.mkteam.org\/en\/material\/ein-citizen-science-projekt-selber-machen\/2-die-zielgruppe-verstehen\/\">&lt;&lt; Part 2<\/a><\/div>\n<\/div>\n<\/div>\n\n\n\n<div class=\"wp-block-column is-layout-flow wp-block-column-is-layout-flow\">\n<div class=\"wp-block-buttons is-content-justification-center is-layout-flex wp-container-core-buttons-is-layout-a89b3969 wp-block-buttons-is-layout-flex\">\n<div class=\"wp-block-button\"><a class=\"wp-block-button__link wp-element-button\" href=\"https:\/\/familab.mkteam.org\/en\/material\/ein-citizen-science-projekt-selber-machen\/\">^ Overview<\/a><\/div>\n<\/div>\n<\/div>\n\n\n\n<div class=\"wp-block-column is-layout-flow wp-block-column-is-layout-flow\">\n<div class=\"wp-block-buttons is-content-justification-center is-layout-flex wp-container-core-buttons-is-layout-a89b3969 wp-block-buttons-is-layout-flex\">\n<div class=\"wp-block-button\"><a class=\"wp-block-button__link wp-element-button\" href=\"https:\/\/familab.mkteam.org\/en\/material\/ein-citizen-science-projekt-selber-machen\/2-die-zielgruppe-verstehen\/2-2-personas-erstellen\/\">Activity 2-2 &gt;&gt;<\/a><\/div>\n<\/div>\n<\/div>\n<\/div>\n\n\n\n<p><\/p>","protected":false},"excerpt":{"rendered":"<p>Ziel der Aktivit\u00e4t In dieser Aktivit\u00e4t werden wir die Analyse der potenziellen Zielgruppe vertiefen. Du wirst die Zielgruppe im Detail analysieren und etwas \u00fcber ihre Motivation zur Teilnahme am Projekt erfahren. Ben\u00f6tigte Materialien Stifte, Papier und Buntstifte Dauer 45 Minuten Schritt 1 &#8211; Schreibe dein Thema in die Mitte Nimm ein Blatt Papier und zeichne [&hellip;]<\/p>","protected":false},"author":2,"featured_media":725,"parent":671,"menu_order":0,"comment_status":"closed","ping_status":"closed","template":"","meta":{"footnotes":""},"class_list":["post-720","page","type-page","status-publish","has-post-thumbnail","hentry"],"_links":{"self":[{"href":"https:\/\/familab.mkteam.org\/en\/wp-json\/wp\/v2\/pages\/720","targetHints":{"allow":["GET"]}}],"collection":[{"href":"https:\/\/familab.mkteam.org\/en\/wp-json\/wp\/v2\/pages"}],"about":[{"href":"https:\/\/familab.mkteam.org\/en\/wp-json\/wp\/v2\/types\/page"}],"author":[{"embeddable":true,"href":"https:\/\/familab.mkteam.org\/en\/wp-json\/wp\/v2\/users\/2"}],"replies":[{"embeddable":true,"href":"https:\/\/familab.mkteam.org\/en\/wp-json\/wp\/v2\/comments?post=720"}],"version-history":[{"count":2,"href":"https:\/\/familab.mkteam.org\/en\/wp-json\/wp\/v2\/pages\/720\/revisions"}],"predecessor-version":[{"id":734,"href":"https:\/\/familab.mkteam.org\/en\/wp-json\/wp\/v2\/pages\/720\/revisions\/734"}],"up":[{"embeddable":true,"href":"https:\/\/familab.mkteam.org\/en\/wp-json\/wp\/v2\/pages\/671"}],"wp:featuredmedia":[{"embeddable":true,"href":"https:\/\/familab.mkteam.org\/en\/wp-json\/wp\/v2\/media\/725"}],"wp:attachment":[{"href":"https:\/\/familab.mkteam.org\/en\/wp-json\/wp\/v2\/media?parent=720"}],"curies":[{"name":"wp","href":"https:\/\/api.w.org\/{rel}","templated":true}]}}