{"id":710,"date":"2024-11-06T11:02:03","date_gmt":"2024-11-06T11:02:03","guid":{"rendered":"https:\/\/familienlabor.mkteam.org\/?page_id=710"},"modified":"2024-12-16T16:06:49","modified_gmt":"2024-12-16T16:06:49","slug":"7-naechste-schritte","status":"publish","type":"page","link":"https:\/\/familab.mkteam.org\/en\/material\/ein-citizen-science-projekt-selber-machen\/7-naechste-schritte\/","title":{"rendered":"7. Next steps"},"content":{"rendered":"<p>Congratulations, you have completed all parts of the training! You now know all the relevant basics about Citizen Science and have experienced for yourself what it is like to participate in a Citizen Science project. You can check your progress by completing the self-reflection from the <a href=\"https:\/\/familab.mkteam.org\/en\/material\/ein-citizen-science-projekt-selber-machen\/einleitung\/\" data-type=\"page\" data-id=\"554\">Introduction<\/a> once again. <\/p>\n\n\n\n<p>You should now be ready to start your project as you have the following materials to hand:<\/p>\n\n\n\n<ul class=\"wp-block-list\">\n<li>A clear scope and description of your project.<\/li>\n\n\n\n<li>A clear picture of the target group and the environment in which your project will take place.<\/li>\n\n\n\n<li>An overview of all relevant tasks.<\/li>\n\n\n\n<li>A rough plan of the project phases and the team<\/li>\n\n\n\n<li>A concept for communication with the volunteers.<\/li>\n\n\n\n<li>An overview of expectations and a strategy for managing expectations.<\/li>\n\n\n\n<li>Texts for the recruitment of volunteers and partners.<\/li>\n<\/ul>\n\n\n\n<p>You have also practiced some very important skills for running a Citizen Science project:<\/p>\n\n\n\n<ul class=\"wp-block-list\">\n<li>Describe your project in plain language for non-scientists.<\/li>\n\n\n\n<li>Approach people you don't know outside your organization and talk to them about the project.<\/li>\n\n\n\n<li>Carry out iterative tests to check whether your materials and procedures work.<\/li>\n\n\n\n<li>Carry out basic project planning.<\/li>\n\n\n\n<li>Empathize with people and create a safe space for them.<\/li>\n<\/ul>\n\n\n\n<p>On the page <a href=\"http:\/\/scie-citizens.org\/\">&#8222;Scie Citizens 2.0&#8220;<\/a> there are further learning modules to help you implement the project. <\/p>\n\n\n\n<h2 class=\"wp-block-heading\"><strong>Further reading<\/strong><\/h2>\n\n\n\n<p><strong>Checklists for Citizen Science Projects<\/strong><\/p>\n\n\n\n<ul class=\"wp-block-list\">\n<li>Set up your own citizen science program <a href=\"https:\/\/citizenscience.org.au\/set-up-your-own-citizen-science-program\/\"><u>https:\/\/citizenscience.org.au\/set-up-your-own-citizen-science-program\/<\/u><\/a><\/li>\n\n\n\n<li>Continous improvement:&nbsp; Step 5 \u2014 Sustain and Improve Your Project&nbsp; <a href=\"https:\/\/www.citizenscience.gov\/toolkit\/howto\/step5\/#\"><u>https:\/\/www.citizenscience.gov\/toolkit\/howto\/step5\/#<\/u><\/a>&nbsp; <a href=\"https:\/\/citizenscience.org.au\/set-up-your-own-citizen-science-program\/\"><\/a><\/li>\n<\/ul>\n\n\n\n<p><strong>Funding a Citizen Science Project<\/strong><\/p>\n\n\n\n<ul class=\"wp-block-list\">\n<li>Ethics in a Citizen Science Project <a href=\"https:\/\/crnonline.de\/project\/success\/\"><u>https:\/\/crnonline.de\/project\/success\/<\/u><\/a>&nbsp;<\/li>\n\n\n\n<li>The Citizen Science Funding Landscape &#8211; TIME4CS webinar&nbsp;<a href=\"https:\/\/yewtu.be\/watch?v=wTBJThe1qyc\"><u>https:\/\/yewtu.be\/watch?v=wTBJThe1qyc<\/u><\/a>&nbsp;<\/li>\n\n\n\n<li>Citizen Science Toolkit &#8211; Designing your project and securing funding&nbsp;<a href=\"https:\/\/www.una-europa.eu\/knowledge-hub\/toolkits\/citizen-science-toolkit\/designing-your-project-and-securing-funding#content\"><u>https:\/\/www.una-europa.eu\/knowledge-hub\/toolkits\/citizen-science-toolkit\/designing-your-project-and-securing-funding#content<\/u><\/a>&nbsp;<\/li>\n<\/ul>\n\n\n\n<p><strong>Ethics in a Citizen Science Project<\/strong><\/p>\n\n\n\n<ul class=\"wp-block-list\">\n<li>Find out what Responsible Research and Innovation means, why it is important and how to foster it: <a href=\"https:\/\/rri-tools.eu\/about-rri\"><u>https:\/\/rri-tools.eu\/about-rri<\/u><\/a>&nbsp;<\/li>\n\n\n\n<li>Ethics Resources <a href=\"https:\/\/participatorysciences.org\/resources\/ethics\/\"><u>https:\/\/participatorysciences.org\/resources\/ethics\/<\/u><\/a>&nbsp;<\/li>\n\n\n\n<li>Data Ethics in the Participatory Sciences Toolkit <a href=\"https:\/\/participatorysciences.org\/resources\/data-ethics\/\"><u>https:\/\/participatorysciences.org\/resources\/data-ethics\/<\/u><\/a>&nbsp;&nbsp;<\/li>\n<\/ul>\n\n\n\n<p><strong>Data handling<\/strong><\/p>\n\n\n\n<ul class=\"wp-block-list\">\n<li>Guide to Data Charter for Citizen Science <a href=\"https:\/\/www.scivil.be\/sites\/default\/files\/media-library\/files\/2024-01\/Scivil Data Guide - EN - oct2021.pdf\"><u>https:\/\/www.scivil.be\/sites\/default\/files\/media-library\/files\/2024-01\/Scivil%20Data%20Guide%20-%20EN%20-%20oct2021.pdf<\/u><\/a>&nbsp;<\/li>\n<\/ul>\n\n\n\n<p><strong>Communication management<\/strong><\/p>\n\n\n\n<ul class=\"wp-block-list\">\n<li>Communication Plan Template: <a href=\"https:\/\/www.chiefscientist.qld.gov.au\/__data\/assets\/word_doc\/0013\/100516\/Communications-plan-template.docx\"><u>https:\/\/www.chiefscientist.qld.gov.au\/__data\/assets\/word_doc\/0013\/100516\/Communications-plan-template.docx<\/u><\/a>&nbsp;&nbsp;<\/li>\n\n\n\n<li>Social media management for citizen science projects <a href=\"https:\/\/eu-citizen.science\/resource\/265\"><u>https:\/\/eu-citizen.science\/resource\/265<\/u><\/a>&nbsp;&nbsp;&nbsp; &nbsp;<\/li>\n<\/ul>\n\n\n\n<p><strong>Quality Assurance &amp; Documentation<\/strong><\/p>\n\n\n\n<p>Citizen Science Handbook \u2013 Quality Assurance and Documentation <a href=\"https:\/\/www.epa.gov\/sites\/default\/files\/2019-03\/documents\/508_csqapphandbook_3_5_19_mmedits.pdf\"><u>https:\/\/www.epa.gov\/sites\/default\/files\/2019-03\/documents\/508_csqapphandbook_3_5_19_mmedits.pdf<\/u><\/a>&nbsp; <\/p>\n\n\n\n<div style=\"height:60px\" aria-hidden=\"true\" class=\"wp-block-spacer\"><\/div>\n\n\n\n<div class=\"wp-block-columns is-layout-flex wp-container-core-columns-is-layout-28f84493 wp-block-columns-is-layout-flex\">\n<div class=\"wp-block-column is-layout-flow wp-block-column-is-layout-flow\">\n<div class=\"wp-block-buttons is-content-justification-center is-layout-flex wp-container-core-buttons-is-layout-a89b3969 wp-block-buttons-is-layout-flex\">\n<div class=\"wp-block-button\"><a class=\"wp-block-button__link wp-element-button\">&lt;&lt; Activity 6-4<\/a><\/div>\n<\/div>\n<\/div>\n\n\n\n<div class=\"wp-block-column is-layout-flow wp-block-column-is-layout-flow\">\n<div class=\"wp-block-buttons is-content-justification-center is-layout-flex wp-container-core-buttons-is-layout-a89b3969 wp-block-buttons-is-layout-flex\">\n<div class=\"wp-block-button\"><a class=\"wp-block-button__link wp-element-button\" href=\"https:\/\/familab.mkteam.org\/en\/material\/ein-citizen-science-projekt-selber-machen\/\">^ Overview<\/a><\/div>\n<\/div>\n<\/div>\n\n\n\n<div class=\"wp-block-column is-layout-flow wp-block-column-is-layout-flow\">\n<div class=\"wp-block-buttons is-content-justification-center is-layout-flex wp-container-core-buttons-is-layout-a89b3969 wp-block-buttons-is-layout-flex\"><\/div>\n<\/div>\n<\/div>\n\n\n\n<p><\/p>","protected":false},"excerpt":{"rendered":"<p>Gratulation, du hast alle Teile des Trainings abgeschlossen! Du kennst nun alle relevanten Grundlagen \u00fcber Citizen Science und hast selbst erfahren, wie es ist, an einem Citizen Science Projekt teilzunehmen. Du kannst deinen Fortschritt \u00fcberpr\u00fcfen, indem du die Selbstreflektion aus der Einleitung noch einmal durchf\u00fchrst. Du solltest nun bereit sein, dein Projekt zu starten. Du [&hellip;]<\/p>","protected":false},"author":2,"featured_media":1243,"parent":548,"menu_order":7,"comment_status":"closed","ping_status":"closed","template":"","meta":{"footnotes":""},"class_list":["post-710","page","type-page","status-publish","has-post-thumbnail","hentry"],"_links":{"self":[{"href":"https:\/\/familab.mkteam.org\/en\/wp-json\/wp\/v2\/pages\/710","targetHints":{"allow":["GET"]}}],"collection":[{"href":"https:\/\/familab.mkteam.org\/en\/wp-json\/wp\/v2\/pages"}],"about":[{"href":"https:\/\/familab.mkteam.org\/en\/wp-json\/wp\/v2\/types\/page"}],"author":[{"embeddable":true,"href":"https:\/\/familab.mkteam.org\/en\/wp-json\/wp\/v2\/users\/2"}],"replies":[{"embeddable":true,"href":"https:\/\/familab.mkteam.org\/en\/wp-json\/wp\/v2\/comments?post=710"}],"version-history":[{"count":6,"href":"https:\/\/familab.mkteam.org\/en\/wp-json\/wp\/v2\/pages\/710\/revisions"}],"predecessor-version":[{"id":719,"href":"https:\/\/familab.mkteam.org\/en\/wp-json\/wp\/v2\/pages\/710\/revisions\/719"}],"up":[{"embeddable":true,"href":"https:\/\/familab.mkteam.org\/en\/wp-json\/wp\/v2\/pages\/548"}],"wp:featuredmedia":[{"embeddable":true,"href":"https:\/\/familab.mkteam.org\/en\/wp-json\/wp\/v2\/media\/1243"}],"wp:attachment":[{"href":"https:\/\/familab.mkteam.org\/en\/wp-json\/wp\/v2\/media?parent=710"}],"curies":[{"name":"wp","href":"https:\/\/api.w.org\/{rel}","templated":true}]}}