{"id":695,"date":"2024-11-06T10:45:14","date_gmt":"2024-11-06T10:45:14","guid":{"rendered":"https:\/\/familienlabor.mkteam.org\/?page_id=695"},"modified":"2024-12-16T16:02:49","modified_gmt":"2024-12-16T16:02:49","slug":"5-ein-sicheres-umfeld-fuer-mich-gestalten","status":"publish","type":"page","link":"https:\/\/familab.mkteam.org\/en\/material\/ein-citizen-science-projekt-selber-machen\/5-ein-sicheres-umfeld-fuer-mich-gestalten\/","title":{"rendered":"5. How to create safe spaces for myself"},"content":{"rendered":"<p>In Session #5, participants will further explore what it takes to feel comfortable conducting a Citizen Science project. Participants will assess what other skills they need to develop in order to feel comfortable and confident in the project. Participants will develop a training plan and continue to improve their communication skills. They will also begin the actual planning of the project and develop a testing strategy that will help them gain more confidence in carrying out the project.<\/p>\n\n\n\n<p><strong>Theoretical Background<\/strong><\/p>\n\n\n\n<p>In these activites, methods from personality development, project planning and software development are applied.<\/p>\n\n\n\n<p><strong>Activities<\/strong><\/p>\n\n\n\n<p>Go through the activities in sequence, as the results build on each other. All activities can be used both for self-learning and in a group.<\/p>\n\n\n\n<p><strong>Learning Goals<\/strong><\/p>\n\n\n\n<p>Participants will learn how to create a training plan for themselves that will later help them to better empathize with the learning situations of their own participants. Participants will further improve their communication skills and learn a step-by-step testing method that they can apply to their project. They will also learn about the basics of project planning.<\/p>\n\n\n\n<h2 class=\"wp-block-heading\">Aktivit\u00e4ten Teil 5<\/h2>\n\n\n\n<ul class=\"wp-block-list\">\n<li><strong>5-1 <\/strong><a href=\"https:\/\/familab.mkteam.org\/en\/material\/ein-citizen-science-projekt-selber-machen\/5-ein-sicheres-umfeld-fuer-mich-gestalten\/5-1-trainingsplan-erstellen\/\" data-type=\"page\" data-id=\"986\">Create a training plan<\/a><\/li>\n\n\n\n<li><strong>5-2<\/strong><a href=\"https:\/\/familab.mkteam.org\/en\/material\/ein-citizen-science-projekt-selber-machen\/5-ein-sicheres-umfeld-fuer-mich-gestalten\/5-2-das-projekt-vorstellen\/\" data-type=\"page\" data-id=\"1006\"> Present your project<\/a><\/li>\n\n\n\n<li><strong>5-3<\/strong><a href=\"https:\/\/familab.mkteam.org\/en\/material\/ein-citizen-science-projekt-selber-machen\/5-ein-sicheres-umfeld-fuer-mich-gestalten\/5-3-groben-projektplan-erstellen\/\" data-type=\"page\" data-id=\"1053\"> Create a rough project plan<\/a><\/li>\n\n\n\n<li><strong>5-4<\/strong> <a href=\"https:\/\/familab.mkteam.org\/en\/material\/ein-citizen-science-projekt-selber-machen\/5-ein-sicheres-umfeld-fuer-mich-gestalten\/5-4-testplan-erstellen\/\" data-type=\"page\" data-id=\"1084\">Make a test plan<\/a><\/li>\n<\/ul>\n\n\n\n<div style=\"height:60px\" aria-hidden=\"true\" class=\"wp-block-spacer\"><\/div>\n\n\n\n<div class=\"wp-block-columns is-layout-flex wp-container-core-columns-is-layout-28f84493 wp-block-columns-is-layout-flex\">\n<div class=\"wp-block-column is-layout-flow wp-block-column-is-layout-flow\">\n<div class=\"wp-block-buttons is-content-justification-center is-layout-flex wp-container-core-buttons-is-layout-a89b3969 wp-block-buttons-is-layout-flex\">\n<div class=\"wp-block-button\"><a class=\"wp-block-button__link wp-element-button\">&lt;&lt; Activity 4-4<\/a><\/div>\n<\/div>\n<\/div>\n\n\n\n<div class=\"wp-block-column is-layout-flow wp-block-column-is-layout-flow\">\n<div class=\"wp-block-buttons is-content-justification-center is-layout-flex wp-container-core-buttons-is-layout-a89b3969 wp-block-buttons-is-layout-flex\">\n<div class=\"wp-block-button\"><a class=\"wp-block-button__link wp-element-button\" href=\"https:\/\/familab.mkteam.org\/en\/material\/ein-citizen-science-projekt-selber-machen\/\">^ Overview<\/a><\/div>\n<\/div>\n<\/div>\n\n\n\n<div class=\"wp-block-column is-layout-flow wp-block-column-is-layout-flow\">\n<div class=\"wp-block-buttons is-content-justification-center is-layout-flex wp-container-core-buttons-is-layout-a89b3969 wp-block-buttons-is-layout-flex\">\n<div class=\"wp-block-button\"><a class=\"wp-block-button__link wp-element-button\" href=\"https:\/\/familab.mkteam.org\/en\/material\/ein-citizen-science-projekt-selber-machen\/5-ein-sicheres-umfeld-fuer-mich-gestalten\/5-1-trainingsplan-erstellen\/\">Activity 5-1 &gt;&gt;<\/a><\/div>\n<\/div>\n<\/div>\n<\/div>\n\n\n\n<p><\/p>","protected":false},"excerpt":{"rendered":"<p>In Teil 5 schaust du dir an, was du brauchst, um dich bei der Durchf\u00fchrung eines Citizen Science Projekts wohl und sicher zu f\u00fchlen. Du schaust dir an, welche F\u00e4higkeiten du vielleicht noch weiter entwickeln musst. Dazu erstellst du einen Trainingsplan und verbesserst weiter deine Kommunikationsf\u00e4higkeiten. Du beginnst mit der eigentlichen Planung des Projekts und [&hellip;]<\/p>","protected":false},"author":2,"featured_media":1022,"parent":548,"menu_order":5,"comment_status":"closed","ping_status":"closed","template":"","meta":{"footnotes":""},"class_list":["post-695","page","type-page","status-publish","has-post-thumbnail","hentry"],"_links":{"self":[{"href":"https:\/\/familab.mkteam.org\/en\/wp-json\/wp\/v2\/pages\/695","targetHints":{"allow":["GET"]}}],"collection":[{"href":"https:\/\/familab.mkteam.org\/en\/wp-json\/wp\/v2\/pages"}],"about":[{"href":"https:\/\/familab.mkteam.org\/en\/wp-json\/wp\/v2\/types\/page"}],"author":[{"embeddable":true,"href":"https:\/\/familab.mkteam.org\/en\/wp-json\/wp\/v2\/users\/2"}],"replies":[{"embeddable":true,"href":"https:\/\/familab.mkteam.org\/en\/wp-json\/wp\/v2\/comments?post=695"}],"version-history":[{"count":10,"href":"https:\/\/familab.mkteam.org\/en\/wp-json\/wp\/v2\/pages\/695\/revisions"}],"predecessor-version":[{"id":1091,"href":"https:\/\/familab.mkteam.org\/en\/wp-json\/wp\/v2\/pages\/695\/revisions\/1091"}],"up":[{"embeddable":true,"href":"https:\/\/familab.mkteam.org\/en\/wp-json\/wp\/v2\/pages\/548"}],"wp:featuredmedia":[{"embeddable":true,"href":"https:\/\/familab.mkteam.org\/en\/wp-json\/wp\/v2\/media\/1022"}],"wp:attachment":[{"href":"https:\/\/familab.mkteam.org\/en\/wp-json\/wp\/v2\/media?parent=695"}],"curies":[{"name":"wp","href":"https:\/\/api.w.org\/{rel}","templated":true}]}}