{"id":678,"date":"2024-11-06T10:20:48","date_gmt":"2024-11-06T10:20:48","guid":{"rendered":"https:\/\/familienlabor.mkteam.org\/?page_id=678"},"modified":"2025-02-10T14:13:15","modified_gmt":"2025-02-10T14:13:15","slug":"3-den-umfang-festlegen","status":"publish","type":"page","link":"https:\/\/familab.mkteam.org\/en\/material\/ein-citizen-science-projekt-selber-machen\/3-den-umfang-festlegen\/","title":{"rendered":"3. How to set the scope"},"content":{"rendered":"<p>In this session, the participants refine the scope of their project. They define the expected outcome of the project and select suitable methods for implementation. As a result, the participants receive a more detailed project outline that enables further planning.<\/p>\n\n\n\n<p><strong>Theoretical Background<\/strong><\/p>\n\n\n\n<p>These sessions use methods from product and project management theory, but also from the theory of science.<\/p>\n\n\n\n<p><strong>Activities<\/strong> <\/p>\n\n\n\n<p>Follow the activities in sequence, as the results build on each other. <a href=\"https:\/\/familab.mkteam.org\/en\/material\/ein-citizen-science-projekt-selber-machen\/1-auswahl-des-themas\/\" data-type=\"page\" data-id=\"564\">Part 1 <\/a>and<a href=\"https:\/\/familab.mkteam.org\/en\/material\/ein-citizen-science-projekt-selber-machen\/2-die-zielgruppe-verstehen\/\" data-type=\"page\" data-id=\"671\"> Part 2<\/a> should be completed before. <\/p>\n\n\n\n<p><strong>Learning Goals<\/strong><\/p>\n\n\n\n<p>You will learn how to determine and manage the expectations of a Citizen Science project. You will also learn about the limits of a Citizen Science project. You will be able to assign your project idea to one of the Citizen Science approaches and have created a project outline for further planning. <\/p>\n\n\n\n<h2 class=\"wp-block-heading\">Activities Part 3<\/h2>\n\n\n\n<ul class=\"wp-block-list\">\n<li><strong>3-1 <\/strong><a href=\"https:\/\/familab.mkteam.org\/en\/3-1-projektziel-festlegen\/\" data-type=\"page\" data-id=\"810\">Define your project goal<\/a><\/li>\n\n\n\n<li><strong>3-2<\/strong> <a href=\"https:\/\/familab.mkteam.org\/en\/material\/ein-citizen-science-projekt-selber-machen\/3-den-umfang-festlegen\/3-2-citizen-science-ansatz\/\" data-type=\"page\" data-id=\"827\">Citizen Science approach <\/a><\/li>\n\n\n\n<li><strong>3-3<\/strong> <a href=\"https:\/\/familab.mkteam.org\/en\/material\/ein-citizen-science-projekt-selber-machen\/3-den-umfang-festlegen\/3-3-interessen-und-erwartungen-im-projekt\/\" data-type=\"page\" data-id=\"845\">Managing interests and expectations<\/a> <\/li>\n\n\n\n<li><strong>3-4<\/strong> <a href=\"https:\/\/familab.mkteam.org\/en\/material\/ein-citizen-science-projekt-selber-machen\/3-den-umfang-festlegen\/3-4-projektskizze\/\" data-type=\"page\" data-id=\"875\">Project outline<\/a><\/li>\n<\/ul>\n\n\n\n<div style=\"height:60px\" aria-hidden=\"true\" class=\"wp-block-spacer\"><\/div>\n\n\n\n<div class=\"wp-block-columns is-layout-flex wp-container-core-columns-is-layout-28f84493 wp-block-columns-is-layout-flex\">\n<div class=\"wp-block-column is-layout-flow wp-block-column-is-layout-flow\">\n<div class=\"wp-block-buttons is-content-justification-center is-layout-flex wp-container-core-buttons-is-layout-a89b3969 wp-block-buttons-is-layout-flex\">\n<div class=\"wp-block-button\"><a class=\"wp-block-button__link wp-element-button\" href=\"https:\/\/familab.mkteam.org\/en\/material\/ein-citizen-science-projekt-selber-machen\/2-die-zielgruppe-verstehen\/2-4-triff-deine-zielgruppe\/\">&lt;&lt; Activity 2-4<\/a><\/div>\n<\/div>\n<\/div>\n\n\n\n<div class=\"wp-block-column is-layout-flow wp-block-column-is-layout-flow\">\n<div class=\"wp-block-buttons is-content-justification-center is-layout-flex wp-container-core-buttons-is-layout-a89b3969 wp-block-buttons-is-layout-flex\">\n<div class=\"wp-block-button\"><a class=\"wp-block-button__link wp-element-button\" href=\"https:\/\/familab.mkteam.org\/en\/material\/ein-citizen-science-projekt-selber-machen\/\">^ Overview<\/a><\/div>\n<\/div>\n<\/div>\n\n\n\n<div class=\"wp-block-column is-layout-flow wp-block-column-is-layout-flow\">\n<div class=\"wp-block-buttons is-content-justification-center is-layout-flex wp-container-core-buttons-is-layout-a89b3969 wp-block-buttons-is-layout-flex\">\n<div class=\"wp-block-button\"><a class=\"wp-block-button__link wp-element-button\" href=\"https:\/\/familab.mkteam.org\/en\/material\/ein-citizen-science-projekt-selber-machen\/3-den-umfang-festlegen\/3-1-projektziel-festlegen\/\">Activity 3-1 &gt;&gt;<\/a><\/div>\n<\/div>\n<\/div>\n<\/div>\n\n\n\n<p><\/p>","protected":false},"excerpt":{"rendered":"<p>In Teil 3 schaust du dir den Umfang des Projekts genauer an. Du definierst, welches Ergebnis du von dem Projekt erwartest und w\u00e4hlst geeignete Methoden f\u00fcr die Umsetzung aus. Als Ergebnis erh\u00e4ltst du eine detailliertere Projektskizze f\u00fcr deine weitere Planung. Theoretischer Hintergrund In den Aktivit\u00e4ten werden Methoden aus der Produkt- und Projektmanagementtheorie, aber auch aus [&hellip;]<\/p>","protected":false},"author":2,"featured_media":822,"parent":548,"menu_order":3,"comment_status":"closed","ping_status":"closed","template":"","meta":{"footnotes":""},"class_list":["post-678","page","type-page","status-publish","has-post-thumbnail","hentry"],"_links":{"self":[{"href":"https:\/\/familab.mkteam.org\/en\/wp-json\/wp\/v2\/pages\/678","targetHints":{"allow":["GET"]}}],"collection":[{"href":"https:\/\/familab.mkteam.org\/en\/wp-json\/wp\/v2\/pages"}],"about":[{"href":"https:\/\/familab.mkteam.org\/en\/wp-json\/wp\/v2\/types\/page"}],"author":[{"embeddable":true,"href":"https:\/\/familab.mkteam.org\/en\/wp-json\/wp\/v2\/users\/2"}],"replies":[{"embeddable":true,"href":"https:\/\/familab.mkteam.org\/en\/wp-json\/wp\/v2\/comments?post=678"}],"version-history":[{"count":15,"href":"https:\/\/familab.mkteam.org\/en\/wp-json\/wp\/v2\/pages\/678\/revisions"}],"predecessor-version":[{"id":1288,"href":"https:\/\/familab.mkteam.org\/en\/wp-json\/wp\/v2\/pages\/678\/revisions\/1288"}],"up":[{"embeddable":true,"href":"https:\/\/familab.mkteam.org\/en\/wp-json\/wp\/v2\/pages\/548"}],"wp:featuredmedia":[{"embeddable":true,"href":"https:\/\/familab.mkteam.org\/en\/wp-json\/wp\/v2\/media\/822"}],"wp:attachment":[{"href":"https:\/\/familab.mkteam.org\/en\/wp-json\/wp\/v2\/media?parent=678"}],"curies":[{"name":"wp","href":"https:\/\/api.w.org\/{rel}","templated":true}]}}