{"id":671,"date":"2024-11-06T10:13:56","date_gmt":"2024-11-06T10:13:56","guid":{"rendered":"https:\/\/familienlabor.mkteam.org\/?page_id=671"},"modified":"2024-11-06T16:02:37","modified_gmt":"2024-11-06T16:02:37","slug":"2-die-zielgruppe-verstehen","status":"publish","type":"page","link":"https:\/\/familab.mkteam.org\/en\/material\/ein-citizen-science-projekt-selber-machen\/2-die-zielgruppe-verstehen\/","title":{"rendered":"2. Understanding the audience"},"content":{"rendered":"<p>In this session, the participants take a closer look at the target group they want to work with in their project. At the end of the session, the participants should have a good overview of who the target group is, how to address them and what their needs are.<\/p>\n\n\n\n<p><strong>Theoretical Background<\/strong><\/p>\n\n\n\n<p>Methods from market research and customer and user experience design are used. <\/p>\n\n\n\n<p><strong>Activities<\/strong> <\/p>\n\n\n\n<p>Follow the activities in order, as the results build on each other. You should complete the activities from <a href=\"https:\/\/familab.mkteam.org\/en\/material\/ein-citizen-science-projekt-selber-machen\/1-auswahl-des-themas\/\" data-type=\"page\" data-id=\"564\">Part 1.<\/a>  before.<\/p>\n\n\n\n<p><strong>Learning Goals<\/strong><\/p>\n\n\n\n<p>One of the main objectives of this session is to take participants on the road and meet with their actual audience in the later environment to better appreciate what volunteers can contribute to the project and to sensitize them to the language and terms that non-scientists use for the topic. Participants learn how to present potential volunteers in so-called \"personas\". They also learn how to take the perspective of the volunteers and anticipate their needs. Participants will learn about the concept of \"Friendly User Testing\", which can also be applied in later phases of the project.<\/p>\n\n\n\n<h2 class=\"wp-block-heading\">Activities Part 2 <\/h2>\n\n\n\n<ul class=\"wp-block-list\">\n<li><strong>2-1 <\/strong><a href=\"https:\/\/familab.mkteam.org\/en\/material\/ein-citizen-science-projekt-selber-machen\/2-die-zielgruppe-verstehen\/2-1-die-zielgruppe-abbilden\/\" data-type=\"page\" data-id=\"720\">Map your audience<\/a><\/li>\n\n\n\n<li><strong>2-2<\/strong> <a href=\"https:\/\/familab.mkteam.org\/en\/material\/ein-citizen-science-projekt-selber-machen\/2-die-zielgruppe-verstehen\/2-2-personas-erstellen\/\" data-type=\"page\" data-id=\"730\">Make personas<\/a><\/li>\n\n\n\n<li><strong>2-3<\/strong> <a href=\"https:\/\/familab.mkteam.org\/en\/material\/ein-citizen-science-projekt-selber-machen\/2-die-zielgruppe-verstehen\/2-3-einen-friendly-user-test-durchfuehren\/\" data-type=\"page\" data-id=\"764\">Run a friendly user test<\/a><\/li>\n\n\n\n<li><strong>2-4<\/strong> <a href=\"https:\/\/familab.mkteam.org\/en\/material\/ein-citizen-science-projekt-selber-machen\/2-die-zielgruppe-verstehen\/2-4-triff-deine-zielgruppe\/\" data-type=\"page\" data-id=\"784\">Meet your audience<\/a><\/li>\n<\/ul>\n\n\n\n<div style=\"height:60px\" aria-hidden=\"true\" class=\"wp-block-spacer\"><\/div>\n\n\n\n<div class=\"wp-block-columns is-layout-flex wp-container-core-columns-is-layout-28f84493 wp-block-columns-is-layout-flex\">\n<div class=\"wp-block-column is-layout-flow wp-block-column-is-layout-flow\">\n<div class=\"wp-block-buttons is-content-justification-center is-layout-flex wp-container-core-buttons-is-layout-a89b3969 wp-block-buttons-is-layout-flex\">\n<div class=\"wp-block-button\"><a class=\"wp-block-button__link wp-element-button\" href=\"https:\/\/familab.mkteam.org\/en\/material\/ein-citizen-science-projekt-selber-machen\/1-auswahl-des-themas\/1-4-soll-es-ein-citizen-science-projekt-werden\/\">&lt;&lt; Activity 1-4 <\/a><\/div>\n<\/div>\n<\/div>\n\n\n\n<div class=\"wp-block-column is-layout-flow wp-block-column-is-layout-flow\">\n<div class=\"wp-block-buttons is-content-justification-center is-layout-flex wp-container-core-buttons-is-layout-a89b3969 wp-block-buttons-is-layout-flex\">\n<div class=\"wp-block-button\"><a class=\"wp-block-button__link wp-element-button\" href=\"https:\/\/familab.mkteam.org\/en\/material\/ein-citizen-science-projekt-selber-machen\/\">^ Overview<\/a><\/div>\n<\/div>\n<\/div>\n\n\n\n<div class=\"wp-block-column is-layout-flow wp-block-column-is-layout-flow\">\n<div class=\"wp-block-buttons is-content-justification-center is-layout-flex wp-container-core-buttons-is-layout-a89b3969 wp-block-buttons-is-layout-flex\">\n<div class=\"wp-block-button\"><a class=\"wp-block-button__link wp-element-button\" href=\"https:\/\/familab.mkteam.org\/en\/material\/ein-citizen-science-projekt-selber-machen\/2-die-zielgruppe-verstehen\/2-1-die-zielgruppe-abbilden\/\">Activity 2-1 &gt;&gt;<\/a><\/div>\n<\/div>\n<\/div>\n<\/div>\n\n\n\n<p><\/p>","protected":false},"excerpt":{"rendered":"<p>Im 2. Teil nimmst du die Zielgruppe f\u00fcr dein Projekt genauer unter die Lupe. Am Ende der Sitzung solltest du einen guten \u00dcberblick haben, wer die Zielgruppe ist, wie man sie anspricht und welche Bed\u00fcrfnisse sie hat. Theoretischer Hintergrund Es kommen Methoden aus der Marktforschung und dem Kunden- und User Experience Design zum Einsatz. Lernaktivit\u00e4ten [&hellip;]<\/p>","protected":false},"author":2,"featured_media":755,"parent":548,"menu_order":2,"comment_status":"closed","ping_status":"closed","template":"","meta":{"footnotes":""},"class_list":["post-671","page","type-page","status-publish","has-post-thumbnail","hentry"],"_links":{"self":[{"href":"https:\/\/familab.mkteam.org\/en\/wp-json\/wp\/v2\/pages\/671","targetHints":{"allow":["GET"]}}],"collection":[{"href":"https:\/\/familab.mkteam.org\/en\/wp-json\/wp\/v2\/pages"}],"about":[{"href":"https:\/\/familab.mkteam.org\/en\/wp-json\/wp\/v2\/types\/page"}],"author":[{"embeddable":true,"href":"https:\/\/familab.mkteam.org\/en\/wp-json\/wp\/v2\/users\/2"}],"replies":[{"embeddable":true,"href":"https:\/\/familab.mkteam.org\/en\/wp-json\/wp\/v2\/comments?post=671"}],"version-history":[{"count":10,"href":"https:\/\/familab.mkteam.org\/en\/wp-json\/wp\/v2\/pages\/671\/revisions"}],"predecessor-version":[{"id":809,"href":"https:\/\/familab.mkteam.org\/en\/wp-json\/wp\/v2\/pages\/671\/revisions\/809"}],"up":[{"embeddable":true,"href":"https:\/\/familab.mkteam.org\/en\/wp-json\/wp\/v2\/pages\/548"}],"wp:featuredmedia":[{"embeddable":true,"href":"https:\/\/familab.mkteam.org\/en\/wp-json\/wp\/v2\/media\/755"}],"wp:attachment":[{"href":"https:\/\/familab.mkteam.org\/en\/wp-json\/wp\/v2\/media?parent=671"}],"curies":[{"name":"wp","href":"https:\/\/api.w.org\/{rel}","templated":true}]}}