{"id":646,"date":"2024-11-05T17:09:52","date_gmt":"2024-11-05T17:09:52","guid":{"rendered":"https:\/\/familienlabor.mkteam.org\/?page_id=646"},"modified":"2024-11-06T10:14:38","modified_gmt":"2024-11-06T10:14:38","slug":"1-4-soll-es-ein-citizen-science-projekt-werden","status":"publish","type":"page","link":"https:\/\/familab.mkteam.org\/en\/material\/ein-citizen-science-projekt-selber-machen\/1-auswahl-des-themas\/1-4-soll-es-ein-citizen-science-projekt-werden\/","title":{"rendered":"1-4 Make it Citizen Science?"},"content":{"rendered":"<p><strong>Aims of the activity and description of target group<\/strong><\/p>\n\n\n\n<p>Participants explore the possibilities and opportunities for carrying out a citizen science project and check whether it makes sense for their environment to use this type of project. The activity is suitable for researchers and citizens in a group or individual learning setting. Activities 1 - 3 of this session should be carried out beforehand. <\/p>\n\n\n\n<p><strong>Resources, Materials needed<\/strong><\/p>\n\n\n\n<ul class=\"wp-block-list\">\n<li>Questionnaire <a href=\"https:\/\/familab.mkteam.org\/wp-content\/uploads\/2024\/11\/Module2_1-4-StatusCheck_Questionnaire.pdf\">\u201eModul2_1-4-StatusCheck_Fragebogen\u201c<\/a> (printed or as digital version) <\/li>\n\n\n\n<li>Template <a href=\"https:\/\/familab.mkteam.org\/wp-content\/uploads\/2024\/11\/Module2_1-4-SWOT_Analysis.pdf\">\u201eModul2_1-4-SWOT_Analyse\u201c<\/a> (printed or as digital version or just scribble the structure with pen &amp; paper)<\/li>\n<\/ul>\n\n\n\n<p><strong>Duration<\/strong><\/p>\n\n\n\n<p>60 minutes<\/p>\n\n\n\n<hr class=\"wp-block-separator alignwide has-alpha-channel-opacity\" style=\"margin-top:var(--wp--preset--spacing--30);margin-bottom:var(--wp--preset--spacing--30)\"\/>\n\n\n\n<h4 class=\"wp-block-heading\">Step 1 - Questionnaire (15 minutes)<\/h4>\n\n\n\n<p>Complete the questionnaire \"Module2_1-4-StatusCheck_Questionnaire\" and check your results. Make a list of the things you want to do before you continue with the next session or topics that you further need to investigate.<\/p>\n\n\n\n<h4 class=\"wp-block-heading\">Step 2 \u2013 SWOT analysis (30 minutes)<\/h4>\n\n\n\n<p>SWOT stands for Strengths, Weaknesses, Opportunities and Threats. This method is used to evaluate project or business ideas at an early stage in order to identify aspects that need to be taken into account as the project progresses.<\/p>\n\n\n\n<p>The aim of the SWOT analysis is to find out whether you and your team are ready for a Citizen Science project. You can use the template for the SWOT analysis or simply scribble it down with pen and paper. Ideally, the SWOT analysis is carried out in a group. You can train the application of this method and use it later with your project team.<\/p>\n\n\n\n<p>Think about what you and your potential team do well or not so well or where you might have changes and obstacles.<\/p>\n\n\n\n<p><strong>Internal: <\/strong>Strengths and Weaknesses<\/p>\n\n\n\n<ul class=\"wp-block-list\">\n<li>What do you do well or what are positive aspects? E.g. good team spirit, curiosity, passion for the topic, experience in working with non-scientists, existing funding for a project, good location,...<\/li>\n\n\n\n<li>What is not going so well? E.g. lack of funding, lack of time, lack of experience, problematic deadlines, no connection to people outside the organization,...<\/li>\n<\/ul>\n\n\n\n<p><strong>External:<\/strong> Opportunities and Threats<\/p>\n\n\n\n<ul class=\"wp-block-list\">\n<li>What could positively influence your project from the outside? E.g. a current topic, a topic considered relevant by stakeholders, a public interest, existing initiatives in your organization or field, a complement to a project you are already working on...<\/li>\n\n\n\n<li>What external factors could threaten your project? E.g. shift in focus of stakeholders, fluctuating funding, political interests,...<\/li>\n<\/ul>\n\n\n\n<figure data-wp-context=\"{&quot;imageId&quot;:&quot;69f1a575745b6&quot;}\" data-wp-interactive=\"core\/image\" data-wp-key=\"69f1a575745b6\" class=\"wp-block-image aligncenter size-full wp-lightbox-container\"><img loading=\"lazy\" decoding=\"async\" width=\"800\" height=\"600\" data-wp-class--hide=\"state.isContentHidden\" data-wp-class--show=\"state.isContentVisible\" data-wp-init=\"callbacks.setButtonStyles\" data-wp-on--click=\"actions.showLightbox\" data-wp-on--load=\"callbacks.setButtonStyles\" data-wp-on-window--resize=\"callbacks.setButtonStyles\" src=\"https:\/\/familab.mkteam.org\/wp-content\/uploads\/2024\/11\/01_04__01s.jpg\" alt=\"SWOT Analyse\" class=\"wp-image-658\" srcset=\"https:\/\/familab.mkteam.org\/wp-content\/uploads\/2024\/11\/01_04__01s.jpg 800w, https:\/\/familab.mkteam.org\/wp-content\/uploads\/2024\/11\/01_04__01s-300x225.jpg 300w, https:\/\/familab.mkteam.org\/wp-content\/uploads\/2024\/11\/01_04__01s-768x576.jpg 768w, https:\/\/familab.mkteam.org\/wp-content\/uploads\/2024\/11\/01_04__01s-16x12.jpg 16w\" sizes=\"auto, (max-width: 800px) 100vw, 800px\" \/><button\n\t\t\tclass=\"lightbox-trigger\"\n\t\t\ttype=\"button\"\n\t\t\taria-haspopup=\"dialog\"\n\t\t\taria-label=\"Enlarge\"\n\t\t\tdata-wp-init=\"callbacks.initTriggerButton\"\n\t\t\tdata-wp-on--click=\"actions.showLightbox\"\n\t\t\tdata-wp-style--right=\"state.imageButtonRight\"\n\t\t\tdata-wp-style--top=\"state.imageButtonTop\"\n\t\t>\n\t\t\t<svg xmlns=\"http:\/\/www.w3.org\/2000\/svg\" width=\"12\" height=\"12\" fill=\"none\" viewbox=\"0 0 12 12\">\n\t\t\t\t<path fill=\"#fff\" d=\"M2 0a2 2 0 0 0-2 2v2h1.5V2a.5.5 0 0 1 .5-.5h2V0H2Zm2 10.5H2a.5.5 0 0 1-.5-.5V8H0v2a2 2 0 0 0 2 2h2v-1.5ZM8 12v-1.5h2a.5.5 0 0 0 .5-.5V8H12v2a2 2 0 0 1-2 2H8Zm2-12a2 2 0 0 1 2 2v2h-1.5V2a.5.5 0 0 0-.5-.5H8V0h2Z\" \/>\n\t\t\t<\/svg>\n\t\t<\/button><\/figure>\n\n\n\n<p><strong>Derive your strategy<\/strong><\/p>\n\n\n\n<p>Go through the points and compile a list of actions you could take to make the most of the positive aspects and avoid or mitigate the negative aspects.<\/p>\n\n\n\n<figure data-wp-context=\"{&quot;imageId&quot;:&quot;69f1a57574c6f&quot;}\" data-wp-interactive=\"core\/image\" data-wp-key=\"69f1a57574c6f\" class=\"wp-block-image aligncenter size-full wp-lightbox-container\"><img loading=\"lazy\" decoding=\"async\" width=\"800\" height=\"567\" data-wp-class--hide=\"state.isContentHidden\" data-wp-class--show=\"state.isContentVisible\" data-wp-init=\"callbacks.setButtonStyles\" data-wp-on--click=\"actions.showLightbox\" data-wp-on--load=\"callbacks.setButtonStyles\" data-wp-on-window--resize=\"callbacks.setButtonStyles\" src=\"https:\/\/familab.mkteam.org\/wp-content\/uploads\/2024\/11\/01_04__02s.jpg\" alt=\"Liste Strategie\" class=\"wp-image-660\" srcset=\"https:\/\/familab.mkteam.org\/wp-content\/uploads\/2024\/11\/01_04__02s.jpg 800w, https:\/\/familab.mkteam.org\/wp-content\/uploads\/2024\/11\/01_04__02s-300x213.jpg 300w, https:\/\/familab.mkteam.org\/wp-content\/uploads\/2024\/11\/01_04__02s-768x544.jpg 768w, https:\/\/familab.mkteam.org\/wp-content\/uploads\/2024\/11\/01_04__02s-18x12.jpg 18w\" sizes=\"auto, (max-width: 800px) 100vw, 800px\" \/><button\n\t\t\tclass=\"lightbox-trigger\"\n\t\t\ttype=\"button\"\n\t\t\taria-haspopup=\"dialog\"\n\t\t\taria-label=\"Enlarge\"\n\t\t\tdata-wp-init=\"callbacks.initTriggerButton\"\n\t\t\tdata-wp-on--click=\"actions.showLightbox\"\n\t\t\tdata-wp-style--right=\"state.imageButtonRight\"\n\t\t\tdata-wp-style--top=\"state.imageButtonTop\"\n\t\t>\n\t\t\t<svg xmlns=\"http:\/\/www.w3.org\/2000\/svg\" width=\"12\" height=\"12\" fill=\"none\" viewbox=\"0 0 12 12\">\n\t\t\t\t<path fill=\"#fff\" d=\"M2 0a2 2 0 0 0-2 2v2h1.5V2a.5.5 0 0 1 .5-.5h2V0H2Zm2 10.5H2a.5.5 0 0 1-.5-.5V8H0v2a2 2 0 0 0 2 2h2v-1.5ZM8 12v-1.5h2a.5.5 0 0 0 .5-.5V8H12v2a2 2 0 0 1-2 2H8Zm2-12a2 2 0 0 1 2 2v2h-1.5V2a.5.5 0 0 0-.5-.5H8V0h2Z\" \/>\n\t\t\t<\/svg>\n\t\t<\/button><\/figure>\n\n\n\n<h4 class=\"wp-block-heading\">Step 3 \u2013 Your conclusion (15 minutes)<\/h4>\n\n\n\n<p>Create a list of pros and cons. On one side, enter the arguments in favor of carrying out a Citizen Science project and on the other side the arguments against. What conclusion do you come to? Do you want to start a Citizen Science project?<\/p>\n\n\n\n<figure data-wp-context=\"{&quot;imageId&quot;:&quot;69f1a5757519f&quot;}\" data-wp-interactive=\"core\/image\" data-wp-key=\"69f1a5757519f\" class=\"wp-block-image aligncenter size-full wp-lightbox-container\"><img loading=\"lazy\" decoding=\"async\" width=\"800\" height=\"554\" data-wp-class--hide=\"state.isContentHidden\" data-wp-class--show=\"state.isContentVisible\" data-wp-init=\"callbacks.setButtonStyles\" data-wp-on--click=\"actions.showLightbox\" data-wp-on--load=\"callbacks.setButtonStyles\" data-wp-on-window--resize=\"callbacks.setButtonStyles\" src=\"https:\/\/familab.mkteam.org\/wp-content\/uploads\/2024\/11\/01_04__03s.jpg\" alt=\"Pro-Contra-Liste\" class=\"wp-image-661\" srcset=\"https:\/\/familab.mkteam.org\/wp-content\/uploads\/2024\/11\/01_04__03s.jpg 800w, https:\/\/familab.mkteam.org\/wp-content\/uploads\/2024\/11\/01_04__03s-300x208.jpg 300w, https:\/\/familab.mkteam.org\/wp-content\/uploads\/2024\/11\/01_04__03s-768x532.jpg 768w, https:\/\/familab.mkteam.org\/wp-content\/uploads\/2024\/11\/01_04__03s-18x12.jpg 18w\" sizes=\"auto, (max-width: 800px) 100vw, 800px\" \/><button\n\t\t\tclass=\"lightbox-trigger\"\n\t\t\ttype=\"button\"\n\t\t\taria-haspopup=\"dialog\"\n\t\t\taria-label=\"Enlarge\"\n\t\t\tdata-wp-init=\"callbacks.initTriggerButton\"\n\t\t\tdata-wp-on--click=\"actions.showLightbox\"\n\t\t\tdata-wp-style--right=\"state.imageButtonRight\"\n\t\t\tdata-wp-style--top=\"state.imageButtonTop\"\n\t\t>\n\t\t\t<svg xmlns=\"http:\/\/www.w3.org\/2000\/svg\" width=\"12\" height=\"12\" fill=\"none\" viewbox=\"0 0 12 12\">\n\t\t\t\t<path fill=\"#fff\" d=\"M2 0a2 2 0 0 0-2 2v2h1.5V2a.5.5 0 0 1 .5-.5h2V0H2Zm2 10.5H2a.5.5 0 0 1-.5-.5V8H0v2a2 2 0 0 0 2 2h2v-1.5ZM8 12v-1.5h2a.5.5 0 0 0 .5-.5V8H12v2a2 2 0 0 1-2 2H8Zm2-12a2 2 0 0 1 2 2v2h-1.5V2a.5.5 0 0 0-.5-.5H8V0h2Z\" \/>\n\t\t\t<\/svg>\n\t\t<\/button><\/figure>\n\n\n\n<p>If you need more support in deciding whether your project should be a Citizen Science project or not, you will find a detailed decision framework in chapter 4 of this document: <br><a href=\"https:\/\/\/en\/ \/\/www.ceh.ac.uk\/sites\/default\/files\/sepa_choosingandusingcitizenscience_interactive_4web_final_amended-blue1.pdf\/\"><u>https:<\/u> \/\/www.ceh.ac.uk\/sites\/default\/files\/sepa_choosingandusingcitizenscience_interactive_4web_final_amended-blue1.pdf<\/a> (page 17ff).<\/p>\n\n\n\n<hr class=\"wp-block-separator alignwide has-alpha-channel-opacity\" style=\"margin-top:var(--wp--preset--spacing--30);margin-bottom:var(--wp--preset--spacing--30)\"\/>\n\n\n\n<p><strong>Learning Outcomes - which skills are addressed?<\/strong><\/p>\n\n\n\n<p>The participants have a clear assessment of whether their project idea is suitable for a Citizen Science project or not. They also know the strengths and weaknesses of the project idea and the team as well as the opportunities and risks. Participants should be able to decide whether or not they want to proceed with the Citizen Science approach.<\/p>\n\n\n\n<p><strong>How do you check the outcomes are reached?<\/strong><\/p>\n\n\n\n<p>The participants decide whether or not they want to carry out their project using the Citizen Science approach and can justify their decision.<\/p>\n\n\n\n<p><strong>De-Briefing questions<\/strong><\/p>\n\n\n\n<ul class=\"wp-block-list\">\n<li>Is your topic suitable for Citizen Science?<\/li>\n\n\n\n<li>Do you feel comfortable with the overall approach?<\/li>\n\n\n\n<li>What are open questions or problems that you see and how do you intend to solve them?<\/li>\n\n\n\n<li>How likely is it that you will overcome potential obstacles?<\/li>\n<\/ul>\n\n\n\n<p><strong>Further links and readings<\/strong><\/p>\n\n\n\n<ul class=\"wp-block-list\">\n<li>Australian Citizen Science Association (2020) 10 Principles of Citizen Science. <a href=\"https:\/\/citizenscience.org.au\/10-principles-of-citizen-science\/\"><u>https:\/\/citizenscience.org.au\/10-principles-of-citizen-science\/<\/u><\/a>&nbsp;(last viewed 02\/05\/2024)<\/li>\n\n\n\n<li>Australian Citizen Science Association (2020): Set up your own citizen science program. <a href=\"https:\/\/citizenscience.org.au\/set-up-your-own-citizen-science-program\/\"><u>https:\/\/citizenscience.org.au\/set-up-your-own-citizen-science-program\/<\/u><\/a>&nbsp;(last viewed 03\/28\/2024)<\/li>\n\n\n\n<li>Pocock, M.J.O (2014): Choosing and Using Citizen Science: a guide<\/li>\n\n\n\n<li>to when and how to use citizen science to monitor biodiversity and the environment.&nbsp;Chapter 3 &amp; 4 A decision framework for choosing and using citizen science. Page 10ff.&nbsp;<a href=\"https:\/\/www.ceh.ac.uk\/sites\/default\/files\/sepa_choosingandusingcitizenscience_interactive_4web_final_amended-blue1.pdf\"><u>https:\/\/www.ceh.ac.uk\/sites\/default\/files\/sepa_choosingandusingcitizenscience_interactive_4web_final_amended-blue1.pdf<\/u><\/a>&nbsp;&nbsp;(last viewed 02\/06\/2024)<\/li>\n\n\n\n<li>Pring, John (2020): The power of citizen science across Australia and beyond. <a href=\"https:\/\/www.sydney.edu.au\/science\/news-and-events\/2020\/06\/23\/the-power-of-citizen-science.html\"><u>https:\/\/www.sydney.edu.au\/science\/news-and-events\/2020\/06\/23\/the-power-of-citizen-science.html<\/u><\/a>&nbsp;(last viewed 02\/05\/2024)<\/li>\n\n\n\n<li>Walker, David et al. (2020): The benefits and negative impacts of citizen science applications to water as experienced by participants and communities. <a href=\"https:\/\/wires.onlinelibrary.wiley.com\/doi\/full\/10.1002\/wat2.1488\"><u>https:\/\/wires.onlinelibrary.wiley.com\/doi\/full\/10.1002\/wat2.1488<\/u><\/a> (last viewed 02\/05\/2024)<\/li>\n<\/ul>\n\n\n\n<div style=\"height:60px\" aria-hidden=\"true\" class=\"wp-block-spacer\"><\/div>\n\n\n\n<div class=\"wp-block-columns is-layout-flex wp-container-core-columns-is-layout-28f84493 wp-block-columns-is-layout-flex\">\n<div class=\"wp-block-column is-layout-flow wp-block-column-is-layout-flow\">\n<div class=\"wp-block-buttons is-content-justification-center is-layout-flex wp-container-core-buttons-is-layout-a89b3969 wp-block-buttons-is-layout-flex\">\n<div class=\"wp-block-button\"><a class=\"wp-block-button__link wp-element-button\" href=\"https:\/\/familab.mkteam.org\/en\/material\/ein-citizen-science-projekt-selber-machen\/1-auswahl-des-themas\/1-3-das-netzwerk-analysieren\/\">&lt;&lt; Activity 1-3<\/a><\/div>\n<\/div>\n<\/div>\n\n\n\n<div class=\"wp-block-column is-layout-flow wp-block-column-is-layout-flow\">\n<div class=\"wp-block-buttons is-content-justification-center is-layout-flex wp-container-core-buttons-is-layout-a89b3969 wp-block-buttons-is-layout-flex\">\n<div class=\"wp-block-button\"><a class=\"wp-block-button__link wp-element-button\" href=\"https:\/\/familab.mkteam.org\/en\/material\/ein-citizen-science-projekt-selber-machen\/\">^ Overview<\/a><\/div>\n<\/div>\n<\/div>\n\n\n\n<div class=\"wp-block-column is-layout-flow wp-block-column-is-layout-flow\">\n<div class=\"wp-block-buttons is-content-justification-center is-layout-flex wp-container-core-buttons-is-layout-a89b3969 wp-block-buttons-is-layout-flex\">\n<div class=\"wp-block-button\"><a class=\"wp-block-button__link wp-element-button\" href=\"https:\/\/familab.mkteam.org\/en\/material\/ein-citizen-science-projekt-selber-machen\/2-die-zielgruppe-verstehen\/\">Part 2 &gt;&gt;<\/a><\/div>\n<\/div>\n<\/div>\n<\/div>\n\n\n\n<p><\/p>","protected":false},"excerpt":{"rendered":"<p>Ziel der Aktivit\u00e4t Du bewertest die M\u00f6glichkeit und Chancen f\u00fcr die Durchf\u00fchrung eines Citizen Science Projekts und pr\u00fcfst, ob diese Art von Projekt f\u00fcr dein Vorhaben sinnvoll ist. Ben\u00f6tigte Materialien Dauer 60 Minuten Schritt 1 &#8211; Fragebogen (15 Minuten) F\u00fclle den Fragebogen \u201eModule2_1-4-StatusCheck_Questionnaire\u201c aus und \u00fcberpr\u00fcfe dein Ergebnis. Erstelle eine Liste der Dinge, die du [&hellip;]<\/p>","protected":false},"author":2,"featured_media":658,"parent":564,"menu_order":0,"comment_status":"closed","ping_status":"closed","template":"","meta":{"footnotes":""},"class_list":["post-646","page","type-page","status-publish","has-post-thumbnail","hentry"],"_links":{"self":[{"href":"https:\/\/familab.mkteam.org\/en\/wp-json\/wp\/v2\/pages\/646","targetHints":{"allow":["GET"]}}],"collection":[{"href":"https:\/\/familab.mkteam.org\/en\/wp-json\/wp\/v2\/pages"}],"about":[{"href":"https:\/\/familab.mkteam.org\/en\/wp-json\/wp\/v2\/types\/page"}],"author":[{"embeddable":true,"href":"https:\/\/familab.mkteam.org\/en\/wp-json\/wp\/v2\/users\/2"}],"replies":[{"embeddable":true,"href":"https:\/\/familab.mkteam.org\/en\/wp-json\/wp\/v2\/comments?post=646"}],"version-history":[{"count":10,"href":"https:\/\/familab.mkteam.org\/en\/wp-json\/wp\/v2\/pages\/646\/revisions"}],"predecessor-version":[{"id":676,"href":"https:\/\/familab.mkteam.org\/en\/wp-json\/wp\/v2\/pages\/646\/revisions\/676"}],"up":[{"embeddable":true,"href":"https:\/\/familab.mkteam.org\/en\/wp-json\/wp\/v2\/pages\/564"}],"wp:featuredmedia":[{"embeddable":true,"href":"https:\/\/familab.mkteam.org\/en\/wp-json\/wp\/v2\/media\/658"}],"wp:attachment":[{"href":"https:\/\/familab.mkteam.org\/en\/wp-json\/wp\/v2\/media?parent=646"}],"curies":[{"name":"wp","href":"https:\/\/api.w.org\/{rel}","templated":true}]}}