{"id":61,"date":"2024-06-03T12:22:58","date_gmt":"2024-06-03T12:22:58","guid":{"rendered":"https:\/\/familienlabor.mkteam.org\/?page_id=61"},"modified":"2024-06-03T14:27:52","modified_gmt":"2024-06-03T14:27:52","slug":"2-apps","status":"publish","type":"page","link":"https:\/\/familab.mkteam.org\/en\/tipps\/2-apps\/","title":{"rendered":"Maximal 2 Apps"},"content":{"rendered":"<h2 class=\"wp-block-heading\">Wie geht es?<\/h2>\n\n\n\n<p>Kinder d\u00fcrfen auf einem Ger\u00e4t nur 2 eigene Apps installieren. Wenn sie 2 Apps installiert haben und eine neue App m\u00f6chten, m\u00fcssen sie eine App l\u00f6schen. <\/p>\n\n\n\n<h2 class=\"wp-block-heading\">Was ist das Ziel?<\/h2>\n\n\n\n<ul class=\"wp-block-list\">\n<li>Kinder lernen, wichtige Angebote auszuw\u00e4hlen. <\/li>\n\n\n\n<li>Weniger Anreize, das Ger\u00e4t zu nutzen. <\/li>\n<\/ul>\n\n\n\n<figure class=\"wp-block-image size-large\"><img loading=\"lazy\" decoding=\"async\" width=\"576\" height=\"1024\" src=\"https:\/\/familab.mkteam.org\/wp-content\/uploads\/2024\/06\/2_Apps-576x1024.png\" alt=\"\" class=\"wp-image-62\" srcset=\"https:\/\/familab.mkteam.org\/wp-content\/uploads\/2024\/06\/2_Apps-576x1024.png 576w, https:\/\/familab.mkteam.org\/wp-content\/uploads\/2024\/06\/2_Apps-169x300.png 169w, https:\/\/familab.mkteam.org\/wp-content\/uploads\/2024\/06\/2_Apps.png 750w\" sizes=\"auto, (max-width: 576px) 100vw, 576px\" \/><\/figure>","protected":false},"excerpt":{"rendered":"<p>Wie geht es? Kinder d\u00fcrfen auf einem Ger\u00e4t nur 2 eigene Apps installieren. Wenn sie 2 Apps installiert haben und eine neue App m\u00f6chten, m\u00fcssen sie eine App l\u00f6schen. Was ist das Ziel?<\/p>","protected":false},"author":2,"featured_media":0,"parent":21,"menu_order":0,"comment_status":"closed","ping_status":"closed","template":"","meta":{"footnotes":""},"class_list":["post-61","page","type-page","status-publish","hentry"],"_links":{"self":[{"href":"https:\/\/familab.mkteam.org\/en\/wp-json\/wp\/v2\/pages\/61","targetHints":{"allow":["GET"]}}],"collection":[{"href":"https:\/\/familab.mkteam.org\/en\/wp-json\/wp\/v2\/pages"}],"about":[{"href":"https:\/\/familab.mkteam.org\/en\/wp-json\/wp\/v2\/types\/page"}],"author":[{"embeddable":true,"href":"https:\/\/familab.mkteam.org\/en\/wp-json\/wp\/v2\/users\/2"}],"replies":[{"embeddable":true,"href":"https:\/\/familab.mkteam.org\/en\/wp-json\/wp\/v2\/comments?post=61"}],"version-history":[{"count":2,"href":"https:\/\/familab.mkteam.org\/en\/wp-json\/wp\/v2\/pages\/61\/revisions"}],"predecessor-version":[{"id":109,"href":"https:\/\/familab.mkteam.org\/en\/wp-json\/wp\/v2\/pages\/61\/revisions\/109"}],"up":[{"embeddable":true,"href":"https:\/\/familab.mkteam.org\/en\/wp-json\/wp\/v2\/pages\/21"}],"wp:attachment":[{"href":"https:\/\/familab.mkteam.org\/en\/wp-json\/wp\/v2\/media?parent=61"}],"curies":[{"name":"wp","href":"https:\/\/api.w.org\/{rel}","templated":true}]}}