{"id":585,"date":"2024-11-05T15:52:45","date_gmt":"2024-11-05T15:52:45","guid":{"rendered":"https:\/\/familienlabor.mkteam.org\/?page_id=585"},"modified":"2024-11-06T12:40:18","modified_gmt":"2024-11-06T12:40:18","slug":"1-1-ich-und-meine-mission","status":"publish","type":"page","link":"https:\/\/familab.mkteam.org\/en\/material\/ein-citizen-science-projekt-selber-machen\/1-auswahl-des-themas\/1-1-ich-und-meine-mission\/","title":{"rendered":"1-1 Me and my mission"},"content":{"rendered":"<p><strong>Aims of the activity and description of target group<\/strong> <\/p>\n\n\n\n<p>Let's first look at what questions or topics participants bring to the project. This lays the foundation to explain their work and the project to the volunteers and also sharpen their image of the research question. The activity is suitable for researchers interested in Citizen Science as well as for citizens who want to carry out a Citizen Science project. The activity can be done individually or in a group.<\/p>\n\n\n\n<p><strong>Resources, Materials needed<\/strong><\/p>\n\n\n\n<p>Pen and Paper<\/p>\n\n\n\n<p><strong>Duration<\/strong><\/p>\n\n\n\n<p>45 minutes<\/p>\n\n\n\n<hr class=\"wp-block-separator alignwide has-alpha-channel-opacity\" style=\"margin-top:var(--wp--preset--spacing--30);margin-bottom:var(--wp--preset--spacing--30)\"\/>\n\n\n\n<h4 class=\"wp-block-heading\">Step 1 -  Draw yourself<\/h4>\n\n\n\n<p>Draw a short picture of yourself in the middle of the paper and hold a small box. Write your profession or role in the box. Use easy-to-understand words that anyone on the street can understand.<\/p>\n\n\n\n<div class=\"wp-block-columns is-layout-flex wp-container-core-columns-is-layout-28f84493 wp-block-columns-is-layout-flex\">\n<div class=\"wp-block-column is-layout-flow wp-block-column-is-layout-flow\">\n<figure data-wp-context=\"{&quot;imageId&quot;:&quot;69f1a7ecaee56&quot;}\" data-wp-interactive=\"core\/image\" data-wp-key=\"69f1a7ecaee56\" class=\"wp-block-image size-full wp-lightbox-container\"><img loading=\"lazy\" decoding=\"async\" width=\"534\" height=\"800\" data-wp-class--hide=\"state.isContentHidden\" data-wp-class--show=\"state.isContentVisible\" data-wp-init=\"callbacks.setButtonStyles\" data-wp-on--click=\"actions.showLightbox\" data-wp-on--load=\"callbacks.setButtonStyles\" data-wp-on-window--resize=\"callbacks.setButtonStyles\" src=\"https:\/\/familab.mkteam.org\/wp-content\/uploads\/2024\/11\/01_01__01s.jpg\" alt=\"\" class=\"wp-image-589\" srcset=\"https:\/\/familab.mkteam.org\/wp-content\/uploads\/2024\/11\/01_01__01s.jpg 534w, https:\/\/familab.mkteam.org\/wp-content\/uploads\/2024\/11\/01_01__01s-200x300.jpg 200w, https:\/\/familab.mkteam.org\/wp-content\/uploads\/2024\/11\/01_01__01s-8x12.jpg 8w\" sizes=\"auto, (max-width: 534px) 100vw, 534px\" \/><button\n\t\t\tclass=\"lightbox-trigger\"\n\t\t\ttype=\"button\"\n\t\t\taria-haspopup=\"dialog\"\n\t\t\taria-label=\"Enlarge\"\n\t\t\tdata-wp-init=\"callbacks.initTriggerButton\"\n\t\t\tdata-wp-on--click=\"actions.showLightbox\"\n\t\t\tdata-wp-style--right=\"state.imageButtonRight\"\n\t\t\tdata-wp-style--top=\"state.imageButtonTop\"\n\t\t>\n\t\t\t<svg xmlns=\"http:\/\/www.w3.org\/2000\/svg\" width=\"12\" height=\"12\" fill=\"none\" viewbox=\"0 0 12 12\">\n\t\t\t\t<path fill=\"#fff\" d=\"M2 0a2 2 0 0 0-2 2v2h1.5V2a.5.5 0 0 1 .5-.5h2V0H2Zm2 10.5H2a.5.5 0 0 1-.5-.5V8H0v2a2 2 0 0 0 2 2h2v-1.5ZM8 12v-1.5h2a.5.5 0 0 0 .5-.5V8H12v2a2 2 0 0 1-2 2H8Zm2-12a2 2 0 0 1 2 2v2h-1.5V2a.5.5 0 0 0-.5-.5H8V0h2Z\" \/>\n\t\t\t<\/svg>\n\t\t<\/button><\/figure>\n<\/div>\n\n\n\n<div class=\"wp-block-column is-layout-flow wp-block-column-is-layout-flow\">\n<figure data-wp-context=\"{&quot;imageId&quot;:&quot;69f1a7ecb11b2&quot;}\" data-wp-interactive=\"core\/image\" data-wp-key=\"69f1a7ecb11b2\" class=\"wp-block-image size-full wp-lightbox-container\"><img loading=\"lazy\" decoding=\"async\" width=\"534\" height=\"800\" data-wp-class--hide=\"state.isContentHidden\" data-wp-class--show=\"state.isContentVisible\" data-wp-init=\"callbacks.setButtonStyles\" data-wp-on--click=\"actions.showLightbox\" data-wp-on--load=\"callbacks.setButtonStyles\" data-wp-on-window--resize=\"callbacks.setButtonStyles\" src=\"https:\/\/familab.mkteam.org\/wp-content\/uploads\/2024\/11\/01_01__02s.jpg\" alt=\"Bild mit Titel\" class=\"wp-image-590\" srcset=\"https:\/\/familab.mkteam.org\/wp-content\/uploads\/2024\/11\/01_01__02s.jpg 534w, https:\/\/familab.mkteam.org\/wp-content\/uploads\/2024\/11\/01_01__02s-200x300.jpg 200w, https:\/\/familab.mkteam.org\/wp-content\/uploads\/2024\/11\/01_01__02s-8x12.jpg 8w\" sizes=\"auto, (max-width: 534px) 100vw, 534px\" \/><button\n\t\t\tclass=\"lightbox-trigger\"\n\t\t\ttype=\"button\"\n\t\t\taria-haspopup=\"dialog\"\n\t\t\taria-label=\"Enlarge\"\n\t\t\tdata-wp-init=\"callbacks.initTriggerButton\"\n\t\t\tdata-wp-on--click=\"actions.showLightbox\"\n\t\t\tdata-wp-style--right=\"state.imageButtonRight\"\n\t\t\tdata-wp-style--top=\"state.imageButtonTop\"\n\t\t>\n\t\t\t<svg xmlns=\"http:\/\/www.w3.org\/2000\/svg\" width=\"12\" height=\"12\" fill=\"none\" viewbox=\"0 0 12 12\">\n\t\t\t\t<path fill=\"#fff\" d=\"M2 0a2 2 0 0 0-2 2v2h1.5V2a.5.5 0 0 1 .5-.5h2V0H2Zm2 10.5H2a.5.5 0 0 1-.5-.5V8H0v2a2 2 0 0 0 2 2h2v-1.5ZM8 12v-1.5h2a.5.5 0 0 0 .5-.5V8H12v2a2 2 0 0 1-2 2H8Zm2-12a2 2 0 0 1 2 2v2h-1.5V2a.5.5 0 0 0-.5-.5H8V0h2Z\" \/>\n\t\t\t<\/svg>\n\t\t<\/button><\/figure>\n<\/div>\n<\/div>\n\n\n\n<h4 class=\"wp-block-heading\">Step 2 -  Describe your work in one sentence<\/h4>\n\n\n\n<p>Insert another field under the first one. Make it a little larger than the first one. Now describe your work in a single, easy-to-understand sentence.<\/p>\n\n\n\n<div class=\"wp-block-columns is-layout-flex wp-container-core-columns-is-layout-28f84493 wp-block-columns-is-layout-flex\">\n<div class=\"wp-block-column is-layout-flow wp-block-column-is-layout-flow\">\n<figure data-wp-context=\"{&quot;imageId&quot;:&quot;69f1a7ecb1bb2&quot;}\" data-wp-interactive=\"core\/image\" data-wp-key=\"69f1a7ecb1bb2\" class=\"wp-block-image size-full wp-lightbox-container\"><img loading=\"lazy\" decoding=\"async\" width=\"532\" height=\"800\" data-wp-class--hide=\"state.isContentHidden\" data-wp-class--show=\"state.isContentVisible\" data-wp-init=\"callbacks.setButtonStyles\" data-wp-on--click=\"actions.showLightbox\" data-wp-on--load=\"callbacks.setButtonStyles\" data-wp-on-window--resize=\"callbacks.setButtonStyles\" src=\"https:\/\/familab.mkteam.org\/wp-content\/uploads\/2024\/11\/01_01__03s.jpg\" alt=\"Beschreibe deine T\u00e4tigkeit\" class=\"wp-image-594\" srcset=\"https:\/\/familab.mkteam.org\/wp-content\/uploads\/2024\/11\/01_01__03s.jpg 532w, https:\/\/familab.mkteam.org\/wp-content\/uploads\/2024\/11\/01_01__03s-200x300.jpg 200w, https:\/\/familab.mkteam.org\/wp-content\/uploads\/2024\/11\/01_01__03s-8x12.jpg 8w\" sizes=\"auto, (max-width: 532px) 100vw, 532px\" \/><button\n\t\t\tclass=\"lightbox-trigger\"\n\t\t\ttype=\"button\"\n\t\t\taria-haspopup=\"dialog\"\n\t\t\taria-label=\"Enlarge\"\n\t\t\tdata-wp-init=\"callbacks.initTriggerButton\"\n\t\t\tdata-wp-on--click=\"actions.showLightbox\"\n\t\t\tdata-wp-style--right=\"state.imageButtonRight\"\n\t\t\tdata-wp-style--top=\"state.imageButtonTop\"\n\t\t>\n\t\t\t<svg xmlns=\"http:\/\/www.w3.org\/2000\/svg\" width=\"12\" height=\"12\" fill=\"none\" viewbox=\"0 0 12 12\">\n\t\t\t\t<path fill=\"#fff\" d=\"M2 0a2 2 0 0 0-2 2v2h1.5V2a.5.5 0 0 1 .5-.5h2V0H2Zm2 10.5H2a.5.5 0 0 1-.5-.5V8H0v2a2 2 0 0 0 2 2h2v-1.5ZM8 12v-1.5h2a.5.5 0 0 0 .5-.5V8H12v2a2 2 0 0 1-2 2H8Zm2-12a2 2 0 0 1 2 2v2h-1.5V2a.5.5 0 0 0-.5-.5H8V0h2Z\" \/>\n\t\t\t<\/svg>\n\t\t<\/button><\/figure>\n<\/div>\n\n\n\n<div class=\"wp-block-column is-layout-flow wp-block-column-is-layout-flow\">\n<figure data-wp-context=\"{&quot;imageId&quot;:&quot;69f1a7ecb21f4&quot;}\" data-wp-interactive=\"core\/image\" data-wp-key=\"69f1a7ecb21f4\" class=\"wp-block-image size-full wp-lightbox-container\"><img loading=\"lazy\" decoding=\"async\" width=\"666\" height=\"800\" data-wp-class--hide=\"state.isContentHidden\" data-wp-class--show=\"state.isContentVisible\" data-wp-init=\"callbacks.setButtonStyles\" data-wp-on--click=\"actions.showLightbox\" data-wp-on--load=\"callbacks.setButtonStyles\" data-wp-on-window--resize=\"callbacks.setButtonStyles\" src=\"https:\/\/familab.mkteam.org\/wp-content\/uploads\/2024\/11\/01_01__04s.jpg\" alt=\"Beschreibe deine T\u00e4tigkeit\" class=\"wp-image-595\" srcset=\"https:\/\/familab.mkteam.org\/wp-content\/uploads\/2024\/11\/01_01__04s.jpg 666w, https:\/\/familab.mkteam.org\/wp-content\/uploads\/2024\/11\/01_01__04s-250x300.jpg 250w, https:\/\/familab.mkteam.org\/wp-content\/uploads\/2024\/11\/01_01__04s-10x12.jpg 10w\" sizes=\"auto, (max-width: 666px) 100vw, 666px\" \/><button\n\t\t\tclass=\"lightbox-trigger\"\n\t\t\ttype=\"button\"\n\t\t\taria-haspopup=\"dialog\"\n\t\t\taria-label=\"Enlarge\"\n\t\t\tdata-wp-init=\"callbacks.initTriggerButton\"\n\t\t\tdata-wp-on--click=\"actions.showLightbox\"\n\t\t\tdata-wp-style--right=\"state.imageButtonRight\"\n\t\t\tdata-wp-style--top=\"state.imageButtonTop\"\n\t\t>\n\t\t\t<svg xmlns=\"http:\/\/www.w3.org\/2000\/svg\" width=\"12\" height=\"12\" fill=\"none\" viewbox=\"0 0 12 12\">\n\t\t\t\t<path fill=\"#fff\" d=\"M2 0a2 2 0 0 0-2 2v2h1.5V2a.5.5 0 0 1 .5-.5h2V0H2Zm2 10.5H2a.5.5 0 0 1-.5-.5V8H0v2a2 2 0 0 0 2 2h2v-1.5ZM8 12v-1.5h2a.5.5 0 0 0 .5-.5V8H12v2a2 2 0 0 1-2 2H8Zm2-12a2 2 0 0 1 2 2v2h-1.5V2a.5.5 0 0 0-.5-.5H8V0h2Z\" \/>\n\t\t\t<\/svg>\n\t\t<\/button><\/figure>\n<\/div>\n<\/div>\n\n\n\n<h4 class=\"wp-block-heading\">Step 3 -  Your questions<\/h4>\n\n\n\n<p>Draw a line under the second box and label the bottom section \"My most important questions\". Enter up to 3 main questions that arise from your work.<\/p>\n\n\n\n<div class=\"wp-block-columns is-layout-flex wp-container-core-columns-is-layout-28f84493 wp-block-columns-is-layout-flex\">\n<div class=\"wp-block-column is-layout-flow wp-block-column-is-layout-flow\">\n<figure data-wp-context=\"{&quot;imageId&quot;:&quot;69f1a7ecb2b76&quot;}\" data-wp-interactive=\"core\/image\" data-wp-key=\"69f1a7ecb2b76\" class=\"wp-block-image size-full wp-lightbox-container\"><img loading=\"lazy\" decoding=\"async\" width=\"534\" height=\"800\" data-wp-class--hide=\"state.isContentHidden\" data-wp-class--show=\"state.isContentVisible\" data-wp-init=\"callbacks.setButtonStyles\" data-wp-on--click=\"actions.showLightbox\" data-wp-on--load=\"callbacks.setButtonStyles\" data-wp-on-window--resize=\"callbacks.setButtonStyles\" src=\"https:\/\/familab.mkteam.org\/wp-content\/uploads\/2024\/11\/01_01__05s.jpg\" alt=\"Fragen deiner Arbeit\" class=\"wp-image-597\" srcset=\"https:\/\/familab.mkteam.org\/wp-content\/uploads\/2024\/11\/01_01__05s.jpg 534w, https:\/\/familab.mkteam.org\/wp-content\/uploads\/2024\/11\/01_01__05s-200x300.jpg 200w, https:\/\/familab.mkteam.org\/wp-content\/uploads\/2024\/11\/01_01__05s-8x12.jpg 8w\" sizes=\"auto, (max-width: 534px) 100vw, 534px\" \/><button\n\t\t\tclass=\"lightbox-trigger\"\n\t\t\ttype=\"button\"\n\t\t\taria-haspopup=\"dialog\"\n\t\t\taria-label=\"Enlarge\"\n\t\t\tdata-wp-init=\"callbacks.initTriggerButton\"\n\t\t\tdata-wp-on--click=\"actions.showLightbox\"\n\t\t\tdata-wp-style--right=\"state.imageButtonRight\"\n\t\t\tdata-wp-style--top=\"state.imageButtonTop\"\n\t\t>\n\t\t\t<svg xmlns=\"http:\/\/www.w3.org\/2000\/svg\" width=\"12\" height=\"12\" fill=\"none\" viewbox=\"0 0 12 12\">\n\t\t\t\t<path fill=\"#fff\" d=\"M2 0a2 2 0 0 0-2 2v2h1.5V2a.5.5 0 0 1 .5-.5h2V0H2Zm2 10.5H2a.5.5 0 0 1-.5-.5V8H0v2a2 2 0 0 0 2 2h2v-1.5ZM8 12v-1.5h2a.5.5 0 0 0 .5-.5V8H12v2a2 2 0 0 1-2 2H8Zm2-12a2 2 0 0 1 2 2v2h-1.5V2a.5.5 0 0 0-.5-.5H8V0h2Z\" \/>\n\t\t\t<\/svg>\n\t\t<\/button><\/figure>\n<\/div>\n\n\n\n<div class=\"wp-block-column is-layout-flow wp-block-column-is-layout-flow\">\n<figure data-wp-context=\"{&quot;imageId&quot;:&quot;69f1a7ecb3167&quot;}\" data-wp-interactive=\"core\/image\" data-wp-key=\"69f1a7ecb3167\" class=\"wp-block-image size-full wp-lightbox-container\"><img loading=\"lazy\" decoding=\"async\" width=\"800\" height=\"859\" data-wp-class--hide=\"state.isContentHidden\" data-wp-class--show=\"state.isContentVisible\" data-wp-init=\"callbacks.setButtonStyles\" data-wp-on--click=\"actions.showLightbox\" data-wp-on--load=\"callbacks.setButtonStyles\" data-wp-on-window--resize=\"callbacks.setButtonStyles\" src=\"https:\/\/familab.mkteam.org\/wp-content\/uploads\/2024\/11\/01_01__06s.jpg\" alt=\"Fragen deiner Arbeit\" class=\"wp-image-598\" srcset=\"https:\/\/familab.mkteam.org\/wp-content\/uploads\/2024\/11\/01_01__06s.jpg 800w, https:\/\/familab.mkteam.org\/wp-content\/uploads\/2024\/11\/01_01__06s-279x300.jpg 279w, https:\/\/familab.mkteam.org\/wp-content\/uploads\/2024\/11\/01_01__06s-768x825.jpg 768w, https:\/\/familab.mkteam.org\/wp-content\/uploads\/2024\/11\/01_01__06s-11x12.jpg 11w\" sizes=\"auto, (max-width: 800px) 100vw, 800px\" \/><button\n\t\t\tclass=\"lightbox-trigger\"\n\t\t\ttype=\"button\"\n\t\t\taria-haspopup=\"dialog\"\n\t\t\taria-label=\"Enlarge\"\n\t\t\tdata-wp-init=\"callbacks.initTriggerButton\"\n\t\t\tdata-wp-on--click=\"actions.showLightbox\"\n\t\t\tdata-wp-style--right=\"state.imageButtonRight\"\n\t\t\tdata-wp-style--top=\"state.imageButtonTop\"\n\t\t>\n\t\t\t<svg xmlns=\"http:\/\/www.w3.org\/2000\/svg\" width=\"12\" height=\"12\" fill=\"none\" viewbox=\"0 0 12 12\">\n\t\t\t\t<path fill=\"#fff\" d=\"M2 0a2 2 0 0 0-2 2v2h1.5V2a.5.5 0 0 1 .5-.5h2V0H2Zm2 10.5H2a.5.5 0 0 1-.5-.5V8H0v2a2 2 0 0 0 2 2h2v-1.5ZM8 12v-1.5h2a.5.5 0 0 0 .5-.5V8H12v2a2 2 0 0 1-2 2H8Zm2-12a2 2 0 0 1 2 2v2h-1.5V2a.5.5 0 0 0-.5-.5H8V0h2Z\" \/>\n\t\t\t<\/svg>\n\t\t<\/button><\/figure>\n<\/div>\n<\/div>\n\n\n\n<h4 class=\"wp-block-heading\">Step 4 \u2013 Core elements of your work<\/h4>\n\n\n\n<p>Insert the heading \"My work\" at the top of the page. Fill the rest of the page with speech bubbles containing important aspects of your work. You should also use easy-to-understand words here. <\/p>\n\n\n\n<div class=\"wp-block-columns is-layout-flex wp-container-core-columns-is-layout-28f84493 wp-block-columns-is-layout-flex\">\n<div class=\"wp-block-column is-layout-flow wp-block-column-is-layout-flow\">\n<figure data-wp-context=\"{&quot;imageId&quot;:&quot;69f1a7ecb393f&quot;}\" data-wp-interactive=\"core\/image\" data-wp-key=\"69f1a7ecb393f\" class=\"wp-block-image size-full wp-lightbox-container\"><img loading=\"lazy\" decoding=\"async\" width=\"534\" height=\"800\" data-wp-class--hide=\"state.isContentHidden\" data-wp-class--show=\"state.isContentVisible\" data-wp-init=\"callbacks.setButtonStyles\" data-wp-on--click=\"actions.showLightbox\" data-wp-on--load=\"callbacks.setButtonStyles\" data-wp-on-window--resize=\"callbacks.setButtonStyles\" src=\"https:\/\/familab.mkteam.org\/wp-content\/uploads\/2024\/11\/01_01__07s.jpg\" alt=\"Meine Arbeit\" class=\"wp-image-603\" srcset=\"https:\/\/familab.mkteam.org\/wp-content\/uploads\/2024\/11\/01_01__07s.jpg 534w, https:\/\/familab.mkteam.org\/wp-content\/uploads\/2024\/11\/01_01__07s-200x300.jpg 200w, https:\/\/familab.mkteam.org\/wp-content\/uploads\/2024\/11\/01_01__07s-8x12.jpg 8w\" sizes=\"auto, (max-width: 534px) 100vw, 534px\" \/><button\n\t\t\tclass=\"lightbox-trigger\"\n\t\t\ttype=\"button\"\n\t\t\taria-haspopup=\"dialog\"\n\t\t\taria-label=\"Enlarge\"\n\t\t\tdata-wp-init=\"callbacks.initTriggerButton\"\n\t\t\tdata-wp-on--click=\"actions.showLightbox\"\n\t\t\tdata-wp-style--right=\"state.imageButtonRight\"\n\t\t\tdata-wp-style--top=\"state.imageButtonTop\"\n\t\t>\n\t\t\t<svg xmlns=\"http:\/\/www.w3.org\/2000\/svg\" width=\"12\" height=\"12\" fill=\"none\" viewbox=\"0 0 12 12\">\n\t\t\t\t<path fill=\"#fff\" d=\"M2 0a2 2 0 0 0-2 2v2h1.5V2a.5.5 0 0 1 .5-.5h2V0H2Zm2 10.5H2a.5.5 0 0 1-.5-.5V8H0v2a2 2 0 0 0 2 2h2v-1.5ZM8 12v-1.5h2a.5.5 0 0 0 .5-.5V8H12v2a2 2 0 0 1-2 2H8Zm2-12a2 2 0 0 1 2 2v2h-1.5V2a.5.5 0 0 0-.5-.5H8V0h2Z\" \/>\n\t\t\t<\/svg>\n\t\t<\/button><\/figure>\n<\/div>\n\n\n\n<div class=\"wp-block-column is-layout-flow wp-block-column-is-layout-flow\">\n<figure data-wp-context=\"{&quot;imageId&quot;:&quot;69f1a7ecb3d84&quot;}\" data-wp-interactive=\"core\/image\" data-wp-key=\"69f1a7ecb3d84\" class=\"wp-block-image size-full wp-lightbox-container\"><img loading=\"lazy\" decoding=\"async\" width=\"531\" height=\"800\" data-wp-class--hide=\"state.isContentHidden\" data-wp-class--show=\"state.isContentVisible\" data-wp-init=\"callbacks.setButtonStyles\" data-wp-on--click=\"actions.showLightbox\" data-wp-on--load=\"callbacks.setButtonStyles\" data-wp-on-window--resize=\"callbacks.setButtonStyles\" src=\"https:\/\/familab.mkteam.org\/wp-content\/uploads\/2024\/11\/01_01__08s.jpg\" alt=\"Meine Arbeit\" class=\"wp-image-604\" srcset=\"https:\/\/familab.mkteam.org\/wp-content\/uploads\/2024\/11\/01_01__08s.jpg 531w, https:\/\/familab.mkteam.org\/wp-content\/uploads\/2024\/11\/01_01__08s-199x300.jpg 199w, https:\/\/familab.mkteam.org\/wp-content\/uploads\/2024\/11\/01_01__08s-8x12.jpg 8w\" sizes=\"auto, (max-width: 531px) 100vw, 531px\" \/><button\n\t\t\tclass=\"lightbox-trigger\"\n\t\t\ttype=\"button\"\n\t\t\taria-haspopup=\"dialog\"\n\t\t\taria-label=\"Enlarge\"\n\t\t\tdata-wp-init=\"callbacks.initTriggerButton\"\n\t\t\tdata-wp-on--click=\"actions.showLightbox\"\n\t\t\tdata-wp-style--right=\"state.imageButtonRight\"\n\t\t\tdata-wp-style--top=\"state.imageButtonTop\"\n\t\t>\n\t\t\t<svg xmlns=\"http:\/\/www.w3.org\/2000\/svg\" width=\"12\" height=\"12\" fill=\"none\" viewbox=\"0 0 12 12\">\n\t\t\t\t<path fill=\"#fff\" d=\"M2 0a2 2 0 0 0-2 2v2h1.5V2a.5.5 0 0 1 .5-.5h2V0H2Zm2 10.5H2a.5.5 0 0 1-.5-.5V8H0v2a2 2 0 0 0 2 2h2v-1.5ZM8 12v-1.5h2a.5.5 0 0 0 .5-.5V8H12v2a2 2 0 0 1-2 2H8Zm2-12a2 2 0 0 1 2 2v2h-1.5V2a.5.5 0 0 0-.5-.5H8V0h2Z\" \/>\n\t\t\t<\/svg>\n\t\t<\/button><\/figure>\n<\/div>\n<\/div>\n\n\n\n<p>If you like, you can add some color. We will need this sheet again later.<\/p>\n\n\n\n<figure data-wp-context=\"{&quot;imageId&quot;:&quot;69f1a7ecb42a7&quot;}\" data-wp-interactive=\"core\/image\" data-wp-key=\"69f1a7ecb42a7\" class=\"wp-block-image aligncenter size-full wp-lightbox-container\"><img loading=\"lazy\" decoding=\"async\" width=\"534\" height=\"800\" data-wp-class--hide=\"state.isContentHidden\" data-wp-class--show=\"state.isContentVisible\" data-wp-init=\"callbacks.setButtonStyles\" data-wp-on--click=\"actions.showLightbox\" data-wp-on--load=\"callbacks.setButtonStyles\" data-wp-on-window--resize=\"callbacks.setButtonStyles\" src=\"https:\/\/familab.mkteam.org\/wp-content\/uploads\/2024\/11\/01_01__09s.jpg\" alt=\"Fertiges Poster\" class=\"wp-image-606\" srcset=\"https:\/\/familab.mkteam.org\/wp-content\/uploads\/2024\/11\/01_01__09s.jpg 534w, https:\/\/familab.mkteam.org\/wp-content\/uploads\/2024\/11\/01_01__09s-200x300.jpg 200w, https:\/\/familab.mkteam.org\/wp-content\/uploads\/2024\/11\/01_01__09s-8x12.jpg 8w\" sizes=\"auto, (max-width: 534px) 100vw, 534px\" \/><button\n\t\t\tclass=\"lightbox-trigger\"\n\t\t\ttype=\"button\"\n\t\t\taria-haspopup=\"dialog\"\n\t\t\taria-label=\"Enlarge\"\n\t\t\tdata-wp-init=\"callbacks.initTriggerButton\"\n\t\t\tdata-wp-on--click=\"actions.showLightbox\"\n\t\t\tdata-wp-style--right=\"state.imageButtonRight\"\n\t\t\tdata-wp-style--top=\"state.imageButtonTop\"\n\t\t>\n\t\t\t<svg xmlns=\"http:\/\/www.w3.org\/2000\/svg\" width=\"12\" height=\"12\" fill=\"none\" viewbox=\"0 0 12 12\">\n\t\t\t\t<path fill=\"#fff\" d=\"M2 0a2 2 0 0 0-2 2v2h1.5V2a.5.5 0 0 1 .5-.5h2V0H2Zm2 10.5H2a.5.5 0 0 1-.5-.5V8H0v2a2 2 0 0 0 2 2h2v-1.5ZM8 12v-1.5h2a.5.5 0 0 0 .5-.5V8H12v2a2 2 0 0 1-2 2H8Zm2-12a2 2 0 0 1 2 2v2h-1.5V2a.5.5 0 0 0-.5-.5H8V0h2Z\" \/>\n\t\t\t<\/svg>\n\t\t<\/button><\/figure>\n\n\n\n<h4 class=\"wp-block-heading\">Step 5 \u2013 Introduce yourself and your work in 3 sentences<\/h4>\n\n\n\n<p>Now use all the information you have gathered and introduce yourself to the group in 3 sentences.<\/p>\n\n\n\n<hr class=\"wp-block-separator alignwide has-alpha-channel-opacity\" style=\"margin-top:var(--wp--preset--spacing--30);margin-bottom:var(--wp--preset--spacing--30)\"\/>\n\n\n\n<p><strong>Learning Outcomes - which skills are addressed?<\/strong><\/p>\n\n\n\n<p>The participants are prepared for the subsequent presentation of themselves and their project. It also helps them to formulate a concrete research question or project idea from their current context.<\/p>\n\n\n\n<p><strong>How do you check the outcomes are reached?<\/strong><\/p>\n\n\n\n<p>Participants are able to present themselves and their work in 3 sentences to someone who has no prior knowledge of the subject.<\/p>\n\n\n\n<p><strong>De-Briefing questions<\/strong><\/p>\n\n\n\n<ul class=\"wp-block-list\">\n<li>How comfortable do you feel presenting yourself and your work?<\/li>\n\n\n\n<li>Have you found a question or a topic that you would like to evaluate further as a citizen science project?<\/li>\n<\/ul>\n\n\n\n<p><strong>Further links and readings<\/strong><\/p>\n\n\n\n<ul class=\"wp-block-list\">\n<li>Bhoi, Akash (2023): How to Start Research Work || Beginner\u2019s Guide. <a href=\"https:\/\/yewtu.be\/watch?v=6ohfcvWnj3w\"><u>https:\/\/yewtu.be\/watch?v=6ohfcvWnj3w<\/u><\/a>&nbsp;(last viewed 02\/06\/2024)<\/li>\n\n\n\n<li>Larson, Craig: Basic Steps in the Research Process. <a href=\"https:\/\/www.nhcc.edu\/academics\/library\/doing-library-research\/basic-steps-research-process\"><u>https:\/\/www.nhcc.edu\/academics\/library\/doing-library-research\/basic-steps-research-process<\/u><\/a>&nbsp;(last viewed 02\/06\/2024)<\/li>\n\n\n\n<li>Marbie25 (2015): A Scientist&#8217;s Guide to Citizen Science. <a href=\"https:\/\/www.instructables.com\/A-Scientists-Guide-to-Citizen-Science\/\"><u>https:\/\/www.instructables.com\/A-Scientists-Guide-to-Citizen-Science\/<\/u><\/a> (last viewed 02\/05\/2024)<\/li>\n\n\n\n<li>Stapleton, Andy (2021): How to research any topic | Insider tips for easy and fast research. <a href=\"https:\/\/yewtu.be\/watch?v=iW2DaL-g1CU\"><u>https:\/\/yewtu.be\/watch?v=iW2DaL-g1CU<\/u><\/a>&nbsp;(last viewed 02\/06\/2024)<\/li>\n<\/ul>\n\n\n\n<div style=\"height:60px\" aria-hidden=\"true\" class=\"wp-block-spacer\"><\/div>\n\n\n\n<div class=\"wp-block-columns is-layout-flex wp-container-core-columns-is-layout-28f84493 wp-block-columns-is-layout-flex\">\n<div class=\"wp-block-column is-layout-flow wp-block-column-is-layout-flow\">\n<div class=\"wp-block-buttons is-content-justification-center is-layout-flex wp-container-core-buttons-is-layout-a89b3969 wp-block-buttons-is-layout-flex\">\n<div class=\"wp-block-button\"><a class=\"wp-block-button__link wp-element-button\" href=\"https:\/\/familab.mkteam.org\/en\/material\/ein-citizen-science-projekt-selber-machen\/1-auswahl-des-themas\/\">&lt;&lt; Part 1<\/a><\/div>\n<\/div>\n<\/div>\n\n\n\n<div class=\"wp-block-column is-layout-flow wp-block-column-is-layout-flow\">\n<div class=\"wp-block-buttons is-content-justification-center is-layout-flex wp-container-core-buttons-is-layout-a89b3969 wp-block-buttons-is-layout-flex\">\n<div class=\"wp-block-button\"><a class=\"wp-block-button__link wp-element-button\" href=\"https:\/\/familab.mkteam.org\/en\/material\/ein-citizen-science-projekt-selber-machen\/\">^ Overview<\/a><\/div>\n<\/div>\n<\/div>\n\n\n\n<div class=\"wp-block-column is-layout-flow wp-block-column-is-layout-flow\">\n<div class=\"wp-block-buttons is-content-justification-center is-layout-flex wp-container-core-buttons-is-layout-a89b3969 wp-block-buttons-is-layout-flex\">\n<div class=\"wp-block-button\"><a class=\"wp-block-button__link wp-element-button\" href=\"https:\/\/familab.mkteam.org\/en\/material\/ein-citizen-science-projekt-selber-machen\/1-auswahl-des-themas\/1-2-eine-themenwand-zusammenstellen\/\">Activity 1-2 &gt;&gt;<\/a><\/div>\n<\/div>\n<\/div>\n<\/div>\n\n\n\n<p><\/p>","protected":false},"excerpt":{"rendered":"<p>Ziel der Aktivit\u00e4t Schauen wir uns zun\u00e4chst an, welche Fragen oder Themen f\u00fcr dein Projekt in Frage kommen. Dies bildet die Grundlage, um sp\u00e4ter den Freiwilligen das Projekt zu erkl\u00e4ren und ihr Bild von der Forschungsfrage zu sch\u00e4rfen. Die Aktivit\u00e4t eignet sich sowohl f\u00fcr Forschende, die sich f\u00fcr Citizen Science interessieren, als auch f\u00fcr Privatpersonen, [&hellip;]<\/p>","protected":false},"author":2,"featured_media":606,"parent":564,"menu_order":0,"comment_status":"closed","ping_status":"closed","template":"","meta":{"footnotes":""},"class_list":["post-585","page","type-page","status-publish","has-post-thumbnail","hentry"],"_links":{"self":[{"href":"https:\/\/familab.mkteam.org\/en\/wp-json\/wp\/v2\/pages\/585","targetHints":{"allow":["GET"]}}],"collection":[{"href":"https:\/\/familab.mkteam.org\/en\/wp-json\/wp\/v2\/pages"}],"about":[{"href":"https:\/\/familab.mkteam.org\/en\/wp-json\/wp\/v2\/types\/page"}],"author":[{"embeddable":true,"href":"https:\/\/familab.mkteam.org\/en\/wp-json\/wp\/v2\/users\/2"}],"replies":[{"embeddable":true,"href":"https:\/\/familab.mkteam.org\/en\/wp-json\/wp\/v2\/comments?post=585"}],"version-history":[{"count":19,"href":"https:\/\/familab.mkteam.org\/en\/wp-json\/wp\/v2\/pages\/585\/revisions"}],"predecessor-version":[{"id":727,"href":"https:\/\/familab.mkteam.org\/en\/wp-json\/wp\/v2\/pages\/585\/revisions\/727"}],"up":[{"embeddable":true,"href":"https:\/\/familab.mkteam.org\/en\/wp-json\/wp\/v2\/pages\/564"}],"wp:featuredmedia":[{"embeddable":true,"href":"https:\/\/familab.mkteam.org\/en\/wp-json\/wp\/v2\/media\/606"}],"wp:attachment":[{"href":"https:\/\/familab.mkteam.org\/en\/wp-json\/wp\/v2\/media?parent=585"}],"curies":[{"name":"wp","href":"https:\/\/api.w.org\/{rel}","templated":true}]}}