{"id":564,"date":"2024-11-05T15:17:50","date_gmt":"2024-11-05T15:17:50","guid":{"rendered":"https:\/\/familienlabor.mkteam.org\/?page_id=564"},"modified":"2024-11-06T16:02:01","modified_gmt":"2024-11-06T16:02:01","slug":"1-auswahl-des-themas","status":"publish","type":"page","link":"https:\/\/familab.mkteam.org\/en\/material\/ein-citizen-science-projekt-selber-machen\/1-auswahl-des-themas\/","title":{"rendered":"1. What to work on"},"content":{"rendered":"<p>In the first part, participants will make an initial assessment of their project idea or research and determine to what extent it is suitable for a Citizen Science approach or which topics of their work could be enriched by a Citizen Science approach. The aim of this session is to get a good assessment of whether the Citizen Science approach is suitable for your project and which aspects or topics you should focus on when starting a Citizen Science project.<\/p>\n\n\n\n<p><strong>Theoretical Background<\/strong><\/p>\n\n\n\n<p>In this part, methods from product management and marketing are incorporated and used to build a scientific project. Since a citizen science project needs a close connection to people who are not scientists themselves, approaches from these disciplines help to shape and communicate well with these people.<\/p>\n\n\n\n<p><strong>Activities<\/strong><\/p>\n\n\n\n<p>Go through the activities in order, as the results build on each other. All activities can be used for self-study as well as in a group. All activities use a visual thinking approach to analyze and communicate the respective aspects in order to prepare for clear and easy communication in later phases of the project. <\/p>\n\n\n\n<p><strong>Learning Goals<\/strong><\/p>\n\n\n\n<p>The main aim of the session is to make participants aware of the particular aspects of a Citizen Science project and how the approach relates to their project idea or research. Participants will learn which questions or topics can benefit from a Citizen Science approach. They will also learn to identify potential questions or issues in their work or environment. The session also prepares participants to communicate their project or research simply and clearly to non-scientists or people on the street.<\/p>\n\n\n\n<p>By the end of Session 1, participants should have a clear picture of their project idea and a good assessment of whether the idea is suitable for a citizen science project.<\/p>\n\n\n\n<h2 class=\"wp-block-heading\">Activities Part 1<\/h2>\n\n\n\n<ul class=\"wp-block-list\">\n<li><strong>1-1 <\/strong><a href=\"https:\/\/familab.mkteam.org\/en\/material\/ein-citizen-science-projekt-selber-machen\/1-auswahl-des-themas\/1-1-ich-und-meine-mission\/\" data-type=\"page\" data-id=\"585\">Me and my mission<\/a><\/li>\n\n\n\n<li><strong>1-2<\/strong> <a href=\"https:\/\/familab.mkteam.org\/en\/material\/ein-citizen-science-projekt-selber-machen\/1-auswahl-des-themas\/1-2-eine-themenwand-zusammenstellen\/\" data-type=\"page\" data-id=\"619\">Create a topic board<\/a><\/li>\n\n\n\n<li><strong>1-3<\/strong> <a href=\"https:\/\/familab.mkteam.org\/en\/1-3-das-netzwerk-analysieren\/\" data-type=\"page\" data-id=\"631\">Analyze the network<\/a><\/li>\n\n\n\n<li><strong>1-4<\/strong> <a href=\"https:\/\/familab.mkteam.org\/en\/material\/ein-citizen-science-projekt-selber-machen\/1-auswahl-des-themas\/1-4-soll-es-ein-citizen-science-projekt-werden\/\" data-type=\"page\" data-id=\"646\">Soll es ein Citizen Science Projekt werden?<\/a> <\/li>\n<\/ul>\n\n\n\n<div style=\"height:60px\" aria-hidden=\"true\" class=\"wp-block-spacer\"><\/div>\n\n\n\n<div class=\"wp-block-columns is-layout-flex wp-container-core-columns-is-layout-28f84493 wp-block-columns-is-layout-flex\">\n<div class=\"wp-block-column is-layout-flow wp-block-column-is-layout-flow\">\n<div class=\"wp-block-buttons is-content-justification-center is-layout-flex wp-container-core-buttons-is-layout-a89b3969 wp-block-buttons-is-layout-flex\">\n<div class=\"wp-block-button\"><a class=\"wp-block-button__link wp-element-button\" href=\"https:\/\/familab.mkteam.org\/en\/material\/ein-citizen-science-projekt-selber-machen\/einleitung\/\">&lt;&lt; Introduction<\/a><\/div>\n<\/div>\n<\/div>\n\n\n\n<div class=\"wp-block-column is-layout-flow wp-block-column-is-layout-flow\">\n<div class=\"wp-block-buttons is-content-justification-center is-layout-flex wp-container-core-buttons-is-layout-a89b3969 wp-block-buttons-is-layout-flex\">\n<div class=\"wp-block-button\"><a class=\"wp-block-button__link wp-element-button\" href=\"https:\/\/familab.mkteam.org\/en\/material\/ein-citizen-science-projekt-selber-machen\/\">^ Overview<\/a><\/div>\n<\/div>\n<\/div>\n\n\n\n<div class=\"wp-block-column is-layout-flow wp-block-column-is-layout-flow\">\n<div class=\"wp-block-buttons is-content-justification-center is-layout-flex wp-container-core-buttons-is-layout-a89b3969 wp-block-buttons-is-layout-flex\">\n<div class=\"wp-block-button\"><a class=\"wp-block-button__link wp-element-button\" href=\"https:\/\/familab.mkteam.org\/en\/material\/ein-citizen-science-projekt-selber-machen\/1-auswahl-des-themas\/1-1-ich-und-meine-mission\/\">Aktivit\u00e4t 1-1 &gt;&gt;<\/a><\/div>\n<\/div>\n<\/div>\n<\/div>\n\n\n\n<p><\/p>","protected":false},"excerpt":{"rendered":"<p>Im 1. Teil nimmst du eine erste Bewertung der Projekt- oder Forschungsidee vor. Du untersuchst, ob das Thema f\u00fcr einen Citizen Science-Ansatz geeignet ist oder welche Fragen deiner Arbeit von einem Citizen Science-Ansatz profitieren k\u00f6nnen. Ziel dieser Sitzung ist es, eine gute Einsch\u00e4tzung zu bekommen, ob der Citizen Science-Ansatz f\u00fcr das Projekt geeignet ist und [&hellip;]<\/p>","protected":false},"author":2,"featured_media":625,"parent":548,"menu_order":1,"comment_status":"closed","ping_status":"closed","template":"","meta":{"footnotes":""},"class_list":["post-564","page","type-page","status-publish","has-post-thumbnail","hentry"],"_links":{"self":[{"href":"https:\/\/familab.mkteam.org\/en\/wp-json\/wp\/v2\/pages\/564","targetHints":{"allow":["GET"]}}],"collection":[{"href":"https:\/\/familab.mkteam.org\/en\/wp-json\/wp\/v2\/pages"}],"about":[{"href":"https:\/\/familab.mkteam.org\/en\/wp-json\/wp\/v2\/types\/page"}],"author":[{"embeddable":true,"href":"https:\/\/familab.mkteam.org\/en\/wp-json\/wp\/v2\/users\/2"}],"replies":[{"embeddable":true,"href":"https:\/\/familab.mkteam.org\/en\/wp-json\/wp\/v2\/comments?post=564"}],"version-history":[{"count":20,"href":"https:\/\/familab.mkteam.org\/en\/wp-json\/wp\/v2\/pages\/564\/revisions"}],"predecessor-version":[{"id":675,"href":"https:\/\/familab.mkteam.org\/en\/wp-json\/wp\/v2\/pages\/564\/revisions\/675"}],"up":[{"embeddable":true,"href":"https:\/\/familab.mkteam.org\/en\/wp-json\/wp\/v2\/pages\/548"}],"wp:featuredmedia":[{"embeddable":true,"href":"https:\/\/familab.mkteam.org\/en\/wp-json\/wp\/v2\/media\/625"}],"wp:attachment":[{"href":"https:\/\/familab.mkteam.org\/en\/wp-json\/wp\/v2\/media?parent=564"}],"curies":[{"name":"wp","href":"https:\/\/api.w.org\/{rel}","templated":true}]}}