{"id":311,"date":"2024-08-22T13:34:17","date_gmt":"2024-08-22T13:34:17","guid":{"rendered":"https:\/\/familienlabor.mkteam.org\/?page_id=311"},"modified":"2025-02-21T08:20:49","modified_gmt":"2025-02-21T08:20:49","slug":"03-einrichten","status":"publish","type":"page","link":"https:\/\/familab.mkteam.org\/en\/tipps\/03-einrichten\/","title":{"rendered":"Set Up"},"content":{"rendered":"<h3 class=\"wp-block-heading\">Devices, apps, contacts, video games, social media...<\/h3>\n\n\n\n<p>Devices, apps and games are mostly made for adults. You have to change the settings for children. You need to check this:<\/p>\n\n\n\n<h4 class=\"wp-block-heading\"><strong>Devices<\/strong><\/h4>\n\n\n\n<div class=\"wp-block-columns is-layout-flex wp-container-core-columns-is-layout-28f84493 wp-block-columns-is-layout-flex\">\n<div class=\"wp-block-column is-layout-flow wp-block-column-is-layout-flow\">\n<figure class=\"wp-block-image aligncenter size-full\"><img loading=\"lazy\" decoding=\"async\" width=\"500\" height=\"500\" src=\"https:\/\/familab.mkteam.org\/wp-content\/uploads\/2024\/08\/03_smartphone-1.png\" alt=\"Smartphone\" class=\"wp-image-486\" srcset=\"https:\/\/familab.mkteam.org\/wp-content\/uploads\/2024\/08\/03_smartphone-1.png 500w, https:\/\/familab.mkteam.org\/wp-content\/uploads\/2024\/08\/03_smartphone-1-300x300.png 300w, https:\/\/familab.mkteam.org\/wp-content\/uploads\/2024\/08\/03_smartphone-1-150x150.png 150w, https:\/\/familab.mkteam.org\/wp-content\/uploads\/2024\/08\/03_smartphone-1-12x12.png 12w\" sizes=\"auto, (max-width: 500px) 100vw, 500px\" \/><\/figure>\n\n\n\n<p class=\"has-text-align-center\">Smartphones<\/p>\n<\/div>\n\n\n\n<div class=\"wp-block-column is-layout-flow wp-block-column-is-layout-flow\">\n<figure class=\"wp-block-image aligncenter size-full\"><img loading=\"lazy\" decoding=\"async\" width=\"500\" height=\"500\" src=\"https:\/\/familab.mkteam.org\/wp-content\/uploads\/2024\/08\/03_tablet-1.png\" alt=\"Tablet\" class=\"wp-image-487\" srcset=\"https:\/\/familab.mkteam.org\/wp-content\/uploads\/2024\/08\/03_tablet-1.png 500w, https:\/\/familab.mkteam.org\/wp-content\/uploads\/2024\/08\/03_tablet-1-300x300.png 300w, https:\/\/familab.mkteam.org\/wp-content\/uploads\/2024\/08\/03_tablet-1-150x150.png 150w, https:\/\/familab.mkteam.org\/wp-content\/uploads\/2024\/08\/03_tablet-1-12x12.png 12w\" sizes=\"auto, (max-width: 500px) 100vw, 500px\" \/><\/figure>\n\n\n\n<p class=\"has-text-align-center\">Tablets<\/p>\n<\/div>\n\n\n\n<div class=\"wp-block-column is-layout-flow wp-block-column-is-layout-flow\">\n<figure class=\"wp-block-image aligncenter size-full\"><img loading=\"lazy\" decoding=\"async\" width=\"500\" height=\"500\" src=\"https:\/\/familab.mkteam.org\/wp-content\/uploads\/2024\/08\/03_laptop-1.png\" alt=\"Laptop\" class=\"wp-image-489\" srcset=\"https:\/\/familab.mkteam.org\/wp-content\/uploads\/2024\/08\/03_laptop-1.png 500w, https:\/\/familab.mkteam.org\/wp-content\/uploads\/2024\/08\/03_laptop-1-300x300.png 300w, https:\/\/familab.mkteam.org\/wp-content\/uploads\/2024\/08\/03_laptop-1-150x150.png 150w, https:\/\/familab.mkteam.org\/wp-content\/uploads\/2024\/08\/03_laptop-1-12x12.png 12w\" sizes=\"auto, (max-width: 500px) 100vw, 500px\" \/><\/figure>\n\n\n\n<p class=\"has-text-align-center\">Laptop &amp; PC<\/p>\n<\/div>\n\n\n\n<div class=\"wp-block-column is-layout-flow wp-block-column-is-layout-flow\">\n<figure class=\"wp-block-image aligncenter size-full\"><img loading=\"lazy\" decoding=\"async\" width=\"500\" height=\"500\" src=\"https:\/\/familab.mkteam.org\/wp-content\/uploads\/2024\/08\/03_konsole-1.png\" alt=\"Spielkonsole\" class=\"wp-image-490\" srcset=\"https:\/\/familab.mkteam.org\/wp-content\/uploads\/2024\/08\/03_konsole-1.png 500w, https:\/\/familab.mkteam.org\/wp-content\/uploads\/2024\/08\/03_konsole-1-300x300.png 300w, https:\/\/familab.mkteam.org\/wp-content\/uploads\/2024\/08\/03_konsole-1-150x150.png 150w, https:\/\/familab.mkteam.org\/wp-content\/uploads\/2024\/08\/03_konsole-1-12x12.png 12w\" sizes=\"auto, (max-width: 500px) 100vw, 500px\" \/><\/figure>\n\n\n\n<p class=\"has-text-align-center\">Video game console<\/p>\n<\/div>\n<\/div>\n\n\n\n<div class=\"wp-block-columns is-layout-flex wp-container-core-columns-is-layout-28f84493 wp-block-columns-is-layout-flex\">\n<div class=\"wp-block-column is-layout-flow wp-block-column-is-layout-flow\">\n<figure class=\"wp-block-image aligncenter size-full\"><img loading=\"lazy\" decoding=\"async\" width=\"500\" height=\"500\" src=\"https:\/\/familab.mkteam.org\/wp-content\/uploads\/2024\/08\/03_smartwatch.png\" alt=\"Smartwatch\" class=\"wp-image-492\" srcset=\"https:\/\/familab.mkteam.org\/wp-content\/uploads\/2024\/08\/03_smartwatch.png 500w, https:\/\/familab.mkteam.org\/wp-content\/uploads\/2024\/08\/03_smartwatch-300x300.png 300w, https:\/\/familab.mkteam.org\/wp-content\/uploads\/2024\/08\/03_smartwatch-150x150.png 150w, https:\/\/familab.mkteam.org\/wp-content\/uploads\/2024\/08\/03_smartwatch-12x12.png 12w\" sizes=\"auto, (max-width: 500px) 100vw, 500px\" \/><\/figure>\n\n\n\n<p class=\"has-text-align-center\">Smart Watch<\/p>\n<\/div>\n\n\n\n<div class=\"wp-block-column is-layout-flow wp-block-column-is-layout-flow\">\n<figure class=\"wp-block-image aligncenter size-full\"><img loading=\"lazy\" decoding=\"async\" width=\"500\" height=\"500\" src=\"https:\/\/familab.mkteam.org\/wp-content\/uploads\/2024\/08\/03_smarttv.png\" alt=\"Smart TV\" class=\"wp-image-493\" srcset=\"https:\/\/familab.mkteam.org\/wp-content\/uploads\/2024\/08\/03_smarttv.png 500w, https:\/\/familab.mkteam.org\/wp-content\/uploads\/2024\/08\/03_smarttv-300x300.png 300w, https:\/\/familab.mkteam.org\/wp-content\/uploads\/2024\/08\/03_smarttv-150x150.png 150w, https:\/\/familab.mkteam.org\/wp-content\/uploads\/2024\/08\/03_smarttv-12x12.png 12w\" sizes=\"auto, (max-width: 500px) 100vw, 500px\" \/><\/figure>\n\n\n\n<p class=\"has-text-align-center\">Smart TV<\/p>\n<\/div>\n\n\n\n<div class=\"wp-block-column is-layout-flow wp-block-column-is-layout-flow\">\n<figure class=\"wp-block-image aligncenter size-full\"><img loading=\"lazy\" decoding=\"async\" width=\"500\" height=\"500\" src=\"https:\/\/familab.mkteam.org\/wp-content\/uploads\/2024\/08\/03_assistant.jpg\" alt=\"Smart Assistent\" class=\"wp-image-495\" srcset=\"https:\/\/familab.mkteam.org\/wp-content\/uploads\/2024\/08\/03_assistant.jpg 500w, https:\/\/familab.mkteam.org\/wp-content\/uploads\/2024\/08\/03_assistant-300x300.jpg 300w, https:\/\/familab.mkteam.org\/wp-content\/uploads\/2024\/08\/03_assistant-150x150.jpg 150w, https:\/\/familab.mkteam.org\/wp-content\/uploads\/2024\/08\/03_assistant-12x12.jpg 12w\" sizes=\"auto, (max-width: 500px) 100vw, 500px\" \/><\/figure>\n\n\n\n<p class=\"has-text-align-center\">Digital assistant<\/p>\n<\/div>\n\n\n\n<div class=\"wp-block-column is-layout-flow wp-block-column-is-layout-flow\">\n<figure class=\"wp-block-image size-full\"><img loading=\"lazy\" decoding=\"async\" width=\"500\" height=\"500\" src=\"https:\/\/familab.mkteam.org\/wp-content\/uploads\/2024\/08\/03_router.jpg\" alt=\"Router\" class=\"wp-image-497\" srcset=\"https:\/\/familab.mkteam.org\/wp-content\/uploads\/2024\/08\/03_router.jpg 500w, https:\/\/familab.mkteam.org\/wp-content\/uploads\/2024\/08\/03_router-300x300.jpg 300w, https:\/\/familab.mkteam.org\/wp-content\/uploads\/2024\/08\/03_router-150x150.jpg 150w, https:\/\/familab.mkteam.org\/wp-content\/uploads\/2024\/08\/03_router-12x12.jpg 12w\" sizes=\"auto, (max-width: 500px) 100vw, 500px\" \/><\/figure>\n\n\n\n<p class=\"has-text-align-center\">Router<\/p>\n<\/div>\n<\/div>\n\n\n\n<div style=\"height:30px\" aria-hidden=\"true\" class=\"wp-block-spacer\"><\/div>\n\n\n\n<h4 class=\"wp-block-heading\"><strong>Apps and Content<\/strong><\/h4>\n\n\n\n<ul class=\"wp-block-list\">\n<li>Chats<\/li>\n\n\n\n<li>Video games<\/li>\n\n\n\n<li>Social Media<\/li>\n\n\n\n<li>Internet Browser &amp; Search<\/li>\n<\/ul>\n\n\n\n<div style=\"height:30px\" aria-hidden=\"true\" class=\"wp-block-spacer\"><\/div>\n\n\n\n<h4 class=\"wp-block-heading\">Check New Devices and Apps<\/h4>\n\n\n\n<p>The settings of devices and apps are often not good for children. Check all settings on a new device or app. Check the settings together with older children. <\/p>\n\n\n\n<p>You can find tips for the settings for all devices and apps here: <a href=\"https:\/\/www.medien-kindersicher.de\">https:\/\/www.medien-kindersicher.de<\/a><\/p>\n\n\n\n<figure class=\"wp-block-image size-large\"><img loading=\"lazy\" decoding=\"async\" width=\"1024\" height=\"811\" src=\"https:\/\/familab.mkteam.org\/wp-content\/uploads\/2024\/08\/03_medienkindersicher-1024x811.jpg\" alt=\"Screenshot Webseite medien-kindersicher.de\" class=\"wp-image-459\" srcset=\"https:\/\/familab.mkteam.org\/wp-content\/uploads\/2024\/08\/03_medienkindersicher-1024x811.jpg 1024w, https:\/\/familab.mkteam.org\/wp-content\/uploads\/2024\/08\/03_medienkindersicher-300x237.jpg 300w, https:\/\/familab.mkteam.org\/wp-content\/uploads\/2024\/08\/03_medienkindersicher-768x608.jpg 768w, https:\/\/familab.mkteam.org\/wp-content\/uploads\/2024\/08\/03_medienkindersicher-15x12.jpg 15w, https:\/\/familab.mkteam.org\/wp-content\/uploads\/2024\/08\/03_medienkindersicher.jpg 1147w\" sizes=\"auto, (max-width: 1024px) 100vw, 1024px\" \/><\/figure>\n\n\n\n<p>The site is also available in plain German: <a href=\"https:\/\/www.medien-kindersicher.de\/leichte-sprache\/startseite-medien-kindersicherde\">https:\/\/www.medien-kindersicher.de\/leichte-sprache\/startseite-medien-kindersicherde<\/a><\/p>\n\n\n\n<div style=\"height:30px\" aria-hidden=\"true\" class=\"wp-block-spacer\"><\/div>\n\n\n\n<hr class=\"wp-block-separator alignwide has-alpha-channel-opacity\"\/>\n\n\n\n<div style=\"height:30px\" aria-hidden=\"true\" class=\"wp-block-spacer\"><\/div>\n\n\n\n<h2 class=\"wp-block-heading\">Important Settings<\/h2>\n\n\n\n<div style=\"height:30px\" aria-hidden=\"true\" class=\"wp-block-spacer\"><\/div>\n\n\n\n<hr class=\"wp-block-separator alignwide has-alpha-channel-opacity\"\/>\n\n\n\n<div style=\"height:30px\" aria-hidden=\"true\" class=\"wp-block-spacer\"><\/div>\n\n\n\n<h4 class=\"wp-block-heading\">1.  PIN, Password, Face-ID,\u2026<\/h4>\n\n\n\n<p>Children should not use devices without their parents. Therefore, protect every device with a good password, PIN, Face ID, fingerprint,... <\/p>\n\n\n\n<p><strong>Attention!<\/strong> Children guess PINs or passwords. Don't use a family birthday or other simple PINs such as 1234 or 0000. Be careful when typing, children can see everything! \ud83d\ude09 Face ID or fingerprints are safer.  <\/p>\n\n\n\n<figure class=\"wp-block-image size-full\"><img loading=\"lazy\" decoding=\"async\" width=\"800\" height=\"534\" src=\"https:\/\/familab.mkteam.org\/wp-content\/uploads\/2024\/08\/03_passwort.jpg\" alt=\"Smartphone mit PIN-Eingabe\" class=\"wp-image-465\" srcset=\"https:\/\/familab.mkteam.org\/wp-content\/uploads\/2024\/08\/03_passwort.jpg 800w, https:\/\/familab.mkteam.org\/wp-content\/uploads\/2024\/08\/03_passwort-300x200.jpg 300w, https:\/\/familab.mkteam.org\/wp-content\/uploads\/2024\/08\/03_passwort-768x513.jpg 768w, https:\/\/familab.mkteam.org\/wp-content\/uploads\/2024\/08\/03_passwort-18x12.jpg 18w\" sizes=\"auto, (max-width: 800px) 100vw, 800px\" \/><\/figure>\n\n\n\n<div style=\"height:30px\" aria-hidden=\"true\" class=\"wp-block-spacer\"><\/div>\n\n\n\n<hr class=\"wp-block-separator alignwide has-alpha-channel-opacity\"\/>\n\n\n\n<div style=\"height:30px\" aria-hidden=\"true\" class=\"wp-block-spacer\"><\/div>\n\n\n\n<h4 class=\"wp-block-heading\">2. Secure Installation and Purchases <\/h4>\n\n\n\n<p>Children should not install apps on their own. Many apps are not good for children or cost money.   <\/p>\n\n\n\n<p><strong>Password for App Stores<\/strong><br>Secure all app stores with a good password. Your child won't be able to install apps on their own.<\/p>\n\n\n\n<p><strong>Do not save payment info<\/strong><br>Does not store any account data, e.g. bank, Paypal, credit card,...  <\/p>\n\n\n\n<p><strong>No in-app purchases<\/strong><br>In apps, you can often buy new functions or play money (these are called \u201cin-app purchases\u201d). These can be switched off on the devices, in the App Store or in the apps. <a href=\"https:\/\/www.verbraucherzentrale.de\/wissen\/digitale-welt\/mobilfunk-und-festnetz\/inappkaeufe-deaktivieren-bei-ios-und-android-so-gehts-13532\">That's how it works...<\/a><\/p>\n\n\n\n<p><strong>Third-party blocking<\/strong><br>Online stores can charge money via the phone bill. This can be switched off in the smartphone contract. <a href=\"https:\/\/www.verbraucherzentrale.de\/wissen\/digitale-welt\/mobilfunk-und-festnetz\/drittanbietersperre-schutz-vor-ungewollten-abos-12613\">That's how it works...<\/a> <\/p>\n\n\n\n<figure class=\"wp-block-image size-full\"><img loading=\"lazy\" decoding=\"async\" width=\"640\" height=\"427\" src=\"https:\/\/familab.mkteam.org\/wp-content\/uploads\/2024\/08\/03_appstore.jpg\" alt=\"App Store on Smartphone\" class=\"wp-image-499\" srcset=\"https:\/\/familab.mkteam.org\/wp-content\/uploads\/2024\/08\/03_appstore.jpg 640w, https:\/\/familab.mkteam.org\/wp-content\/uploads\/2024\/08\/03_appstore-300x200.jpg 300w, https:\/\/familab.mkteam.org\/wp-content\/uploads\/2024\/08\/03_appstore-18x12.jpg 18w\" sizes=\"auto, (max-width: 640px) 100vw, 640px\" \/><\/figure>\n\n\n\n<div style=\"height:30px\" aria-hidden=\"true\" class=\"wp-block-spacer\"><\/div>\n\n\n\n<hr class=\"wp-block-separator alignwide has-alpha-channel-opacity\"\/>\n\n\n\n<div style=\"height:30px\" aria-hidden=\"true\" class=\"wp-block-spacer\"><\/div>\n\n\n\n<h4 class=\"wp-block-heading\"><strong>3. Smartphone<\/strong><\/h4>\n\n\n\n<p><strong>Apple iPhone<\/strong><br>Use the iPhone's parental controls (Settings &gt; Screen Time). This allows you to control content and online time. <a href=\"https:\/\/support.apple.com\/de-de\/105121\">That's how it works...<\/a>  <\/p>\n\n\n\n<p><strong>Android Smartphone<\/strong>s<br>Each manufacturer has its own settings. You can also find instructions for each manufacturer here: <a href=\"https:\/\/www.medien-kindersicher.de\">https:\/\/www.medien-kindersicher.de<\/a> <\/p>\n\n\n\n<p><strong>Switch off sounds and signals<\/strong><br>Children are easily distracted by smartphones. Switch off as many sounds, signals and notifications as possible:<\/p>\n\n\n\n<ul class=\"wp-block-list\">\n<li>Key tones off<\/li>\n\n\n\n<li>Ringtone quiet<\/li>\n\n\n\n<li>Turn off app notifications<\/li>\n\n\n\n<li>Explain flight mode and \u201cdo not disturb\u201d<\/li>\n\n\n\n<li><\/li>\n<\/ul>\n\n\n\n<p><strong>Data protection and privacy <\/strong><br>Switch off everything you can. This way, as little data about your children as possible will be used by others.  <\/p>\n\n\n\n<p><strong>Enable only one app<\/strong><br>With \u201cGuided access\u201d (iOS) or \u201cPin app\u201d (Android), the child can only use one app. Access to all other functions is blocked. How it works: <a href=\"https:\/\/www.heise.de\/tipps-tricks\/App-sperren-auf-dem-Smartphone-so-klappt-s-4989893.html\">https:\/\/www.heise.de\/tipps-tricks\/App-sperren-auf-dem-Smartphone-so-klappt-s-4989893.html<\/a><\/p>\n\n\n\n<p><\/p>\n\n\n\n<div style=\"height:30px\" aria-hidden=\"true\" class=\"wp-block-spacer\"><\/div>\n\n\n\n<hr class=\"wp-block-separator alignwide has-alpha-channel-opacity\"\/>\n\n\n\n<div style=\"height:30px\" aria-hidden=\"true\" class=\"wp-block-spacer\"><\/div>\n\n\n\n<h4 class=\"wp-block-heading\">4. Profiles<\/h4>\n\n\n\n<p>In chat programs, video games and on social media. Instructions for each app also here: <a href=\"https:\/\/www.medien-kindersicher.de\/\">https:\/\/www.medien-kindersicher.de\/<\/a><\/p>\n\n\n\n<p><strong>Profile picture<\/strong><br>No photo with your child in it.<\/p>\n\n\n\n<p><strong>User name<\/strong><br>Not the real first name and surname, a made-up nickname is better.<\/p>\n\n\n\n<p><strong>Personal information<\/strong><br>No personal information in the profile, e.g. age, birthday, school, place of residence, club name<\/p>\n\n\n\n<p><strong>Set profiles to private<\/strong><br>This will prevent strangers from seeing your children's profile and writing to them.<\/p>\n\n\n\n<figure class=\"wp-block-image size-large\"><img loading=\"lazy\" decoding=\"async\" width=\"1024\" height=\"704\" src=\"https:\/\/familab.mkteam.org\/wp-content\/uploads\/2024\/08\/03_socialmedia-1024x704.jpg\" alt=\"Einstellungen TikTok\" class=\"wp-image-500\" srcset=\"https:\/\/familab.mkteam.org\/wp-content\/uploads\/2024\/08\/03_socialmedia-1024x704.jpg 1024w, https:\/\/familab.mkteam.org\/wp-content\/uploads\/2024\/08\/03_socialmedia-300x206.jpg 300w, https:\/\/familab.mkteam.org\/wp-content\/uploads\/2024\/08\/03_socialmedia-768x528.jpg 768w, https:\/\/familab.mkteam.org\/wp-content\/uploads\/2024\/08\/03_socialmedia-18x12.jpg 18w, https:\/\/familab.mkteam.org\/wp-content\/uploads\/2024\/08\/03_socialmedia.jpg 1383w\" sizes=\"auto, (max-width: 1024px) 100vw, 1024px\" \/><\/figure>\n\n\n\n<div style=\"height:30px\" aria-hidden=\"true\" class=\"wp-block-spacer\"><\/div>\n\n\n\n<hr class=\"wp-block-separator alignwide has-alpha-channel-opacity\"\/>\n\n\n\n<div style=\"height:30px\" aria-hidden=\"true\" class=\"wp-block-spacer\"><\/div>\n\n\n\n<h4 class=\"wp-block-heading\">5. Video Games<\/h4>\n\n\n\n<p>There are many settings on game consoles to protect your children: <a href=\"https:\/\/www.medien-kindersicher.de\">https:\/\/www.medien-kindersicher.de<\/a>. Also take a look at the settings of game apps.<\/p>\n\n\n\n<p><strong>Turn off chat<\/strong><br>Many games have a chat function. This allows strangers to talk to your children. In good games, you can switch off the chat. If you cannot switch off the chat, the child will only play the game when you are present.<\/p>\n\n\n\n<p><strong>Do not save payment info<\/strong><br>Does not store any account data, e.g. bank, Paypal, credit card,...  <\/p>\n\n\n\n<p><strong>Disable purchases<\/strong><br>In many apps you can switch off the buying function.<\/p>\n\n\n\n<figure class=\"wp-block-image aligncenter size-full\"><img loading=\"lazy\" decoding=\"async\" width=\"374\" height=\"443\" src=\"https:\/\/familab.mkteam.org\/wp-content\/uploads\/2024\/08\/03_gaming-1.jpg\" alt=\"Screenshot Elterneinstellungen Royal Match\" class=\"wp-image-503\" srcset=\"https:\/\/familab.mkteam.org\/wp-content\/uploads\/2024\/08\/03_gaming-1.jpg 374w, https:\/\/familab.mkteam.org\/wp-content\/uploads\/2024\/08\/03_gaming-1-253x300.jpg 253w, https:\/\/familab.mkteam.org\/wp-content\/uploads\/2024\/08\/03_gaming-1-10x12.jpg 10w\" sizes=\"auto, (max-width: 374px) 100vw, 374px\" \/><\/figure>\n\n\n\n<div style=\"height:30px\" aria-hidden=\"true\" class=\"wp-block-spacer\"><\/div>\n\n\n\n<hr class=\"wp-block-separator alignwide has-alpha-channel-opacity\"\/>\n\n\n\n<div style=\"height:30px\" aria-hidden=\"true\" class=\"wp-block-spacer\"><\/div>\n\n\n\n<h4 class=\"wp-block-heading\">6. Internet Browser and Search<\/h4>\n\n\n\n<p>The Internet browser (for example Safari, Chrome, Firefox, Edge,...) is <strong>never<\/strong> safe for your children. With search (for example Google, Ecosia, Duckduck Go, Bing,...) children can open a lot of content that is not good for them. Don't leave children alone with these apps. <\/p>\n\n\n\n<p>Your data is best protected by the <a href=\"https:\/\/www.mozilla.org\/de\/firefox\/new\/\">Firefox-Browser<\/a> and the searches <a href=\"https:\/\/www.startpage.com\/\">Startpage<\/a>  and <a href=\"https:\/\/www.qwant.com\">Qwant<\/a>. <\/p>\n\n\n\n<figure class=\"wp-block-image aligncenter size-large is-resized\"><img loading=\"lazy\" decoding=\"async\" width=\"576\" height=\"1024\" src=\"https:\/\/familab.mkteam.org\/wp-content\/uploads\/2024\/09\/03_browser-576x1024.jpg\" alt=\"Screenshot Firefox-Browser mit DuckduckGo Suchmaschine\" class=\"wp-image-510\" style=\"width:306px;height:auto\" srcset=\"https:\/\/familab.mkteam.org\/wp-content\/uploads\/2024\/09\/03_browser-576x1024.jpg 576w, https:\/\/familab.mkteam.org\/wp-content\/uploads\/2024\/09\/03_browser-169x300.jpg 169w, https:\/\/familab.mkteam.org\/wp-content\/uploads\/2024\/09\/03_browser-7x12.jpg 7w, https:\/\/familab.mkteam.org\/wp-content\/uploads\/2024\/09\/03_browser.jpg 750w\" sizes=\"auto, (max-width: 576px) 100vw, 576px\" \/><\/figure>\n\n\n\n<div style=\"height:30px\" aria-hidden=\"true\" class=\"wp-block-spacer\"><\/div>\n\n\n\n<hr class=\"wp-block-separator alignwide has-alpha-channel-opacity\"\/>\n\n\n\n<div style=\"height:30px\" aria-hidden=\"true\" class=\"wp-block-spacer\"><\/div>\n\n\n\n<h3 class=\"wp-block-heading\">More Tips<\/h3>\n\n\n\n<ul class=\"wp-block-list\">\n<li><a href=\"https:\/\/familab.mkteam.org\/en\/bausteine\/01-kinder-im-internet-begleiten\/\" data-type=\"page\" data-id=\"293\">01 Accompany Kids Online<\/a> <\/li>\n\n\n\n<li><a href=\"https:\/\/familab.mkteam.org\/en\/bausteine\/02-auswaehlen\/\">02 <strong>Select:<\/strong> <\/a>Devices, apps, contacts, video games, social media...<\/li>\n<\/ul>\n\n\n\n<ul class=\"wp-block-list\">\n<li>Kinder- und Jugendschutzprogramme <a href=\"https:\/\/www.klicksafe.de\/jugendschutzprogramme\">https:\/\/www.klicksafe.de\/jugendschutzprogramme<\/a><\/li>\n\n\n\n<li>Sicher im Netz: Surfen f\u00fcr Anf\u00e4ngerInnen <a href=\"https:\/\/www.schau-hin.info\/surfen\">https:\/\/www.schau-hin.info\/surfen<\/a><\/li>\n<\/ul>\n\n\n\n<div style=\"height:30px\" aria-hidden=\"true\" class=\"wp-block-spacer\"><\/div>\n\n\n\n<hr class=\"wp-block-separator alignwide has-alpha-channel-opacity\"\/>\n\n\n\n<div style=\"height:30px\" aria-hidden=\"true\" class=\"wp-block-spacer\"><\/div>\n\n\n\n<h3 class=\"wp-block-heading\">Print out<\/h3>\n\n\n\n<div data-wp-interactive=\"core\/file\" class=\"wp-block-file\"><object data-wp-bind--hidden=\"!state.hasPdfPreview\" hidden class=\"wp-block-file__embed\" data=\"https:\/\/familab.mkteam.org\/wp-content\/uploads\/2024\/12\/03_Setup.pdf\" type=\"application\/pdf\" style=\"width:100%;height:600px\" aria-label=\"Embed of 03_Setup.\"><\/object><a id=\"wp-block-file--media-58c7013f-801e-4845-aff6-e0c1c6579a7c\" href=\"https:\/\/familab.mkteam.org\/wp-content\/uploads\/2024\/12\/03_Setup.pdf\">03_Setup<\/a><a href=\"https:\/\/familab.mkteam.org\/wp-content\/uploads\/2024\/12\/03_Setup.pdf\" class=\"wp-block-file__button wp-element-button\" download aria-describedby=\"wp-block-file--media-58c7013f-801e-4845-aff6-e0c1c6579a7c\">Download<\/a><\/div>\n\n\n\n<div style=\"height:161px\" aria-hidden=\"true\" class=\"wp-block-spacer\"><\/div>\n\n\n\n<p class=\"has-contrast-3-color has-text-color has-link-color wp-elements-c5e4836a60cc31a2eb2c4598f564789f\"><em><strong>Image sources<\/strong><\/em><br><a href=\"https:\/\/pixabay.com\/vectors\/iphone-cell-phone-phone-160307\/\">https:\/\/pixabay.com\/vectors\/iphone-cell-phone-phone-160307\/<\/a><br><a href=\"https:\/\/pixabay.com\/vectors\/tablet-device-technology-computer-1315651\/\">https:\/\/pixabay.com\/vectors\/tablet-device-technology-computer-1315651\/<\/a><br><a href=\"https:\/\/pixabay.com\/vectors\/laptop-notebook-computer-keyboard-157424\/\">https:\/\/pixabay.com\/vectors\/laptop-notebook-computer-keyboard-157424\/<\/a><br><a href=\"https:\/\/pixabay.com\/vectors\/joystick-isolated-system-console-3091672\/\">https:\/\/pixabay.com\/vectors\/joystick-isolated-system-console-3091672\/<\/a><br><a href=\"https:\/\/pixabay.com\/illustrations\/smart-watch-watch-technology-6913690\/\">https:\/\/pixabay.com\/illustrations\/smart-watch-watch-technology-6913690\/<\/a><br><a href=\"https:\/\/pixabay.com\/illustrations\/smart-tv-entertainment-plasma-3889141\/\">https:\/\/pixabay.com\/illustrations\/smart-tv-entertainment-plasma-3889141\/<\/a><br><a href=\"https:\/\/pixabay.com\/photos\/alexa-echo-smart-home-box-jukebox-4758340\/\">https:\/\/pixabay.com\/photos\/alexa-echo-smart-home-box-jukebox-4758340\/<\/a><br><a href=\"https:\/\/pixabay.com\/photos\/netgear-nighthawk-ac1900-wifi-2202273\/\">https:\/\/pixabay.com\/photos\/netgear-nighthawk-ac1900-wifi-2202273\/<\/a><\/p>","protected":false},"excerpt":{"rendered":"<p>Ger\u00e4te, Apps, Kontakte, Videospiele, Social Media&#8230; Ger\u00e4te, Apps und Spiele sind meistens f\u00fcr Erwachsene gemacht. F\u00fcr Kinder muss man die Einstellungen \u00e4ndern. Das m\u00fcsst ihr pr\u00fcfen: Ger\u00e4te Smartphones Tablets Laptop &amp; PC Spielkonsole Smartwatch Smart TV Assistenten Router Apps und Inhalte Neue Ger\u00e4te und Apps pr\u00fcfen Die Einstellungen von Ger\u00e4ten und Apps sind oft nicht [&hellip;]<\/p>","protected":false},"author":2,"featured_media":456,"parent":21,"menu_order":0,"comment_status":"closed","ping_status":"closed","template":"","meta":{"footnotes":""},"class_list":["post-311","page","type-page","status-publish","has-post-thumbnail","hentry"],"_links":{"self":[{"href":"https:\/\/familab.mkteam.org\/en\/wp-json\/wp\/v2\/pages\/311","targetHints":{"allow":["GET"]}}],"collection":[{"href":"https:\/\/familab.mkteam.org\/en\/wp-json\/wp\/v2\/pages"}],"about":[{"href":"https:\/\/familab.mkteam.org\/en\/wp-json\/wp\/v2\/types\/page"}],"author":[{"embeddable":true,"href":"https:\/\/familab.mkteam.org\/en\/wp-json\/wp\/v2\/users\/2"}],"replies":[{"embeddable":true,"href":"https:\/\/familab.mkteam.org\/en\/wp-json\/wp\/v2\/comments?post=311"}],"version-history":[{"count":44,"href":"https:\/\/familab.mkteam.org\/en\/wp-json\/wp\/v2\/pages\/311\/revisions"}],"predecessor-version":[{"id":1306,"href":"https:\/\/familab.mkteam.org\/en\/wp-json\/wp\/v2\/pages\/311\/revisions\/1306"}],"up":[{"embeddable":true,"href":"https:\/\/familab.mkteam.org\/en\/wp-json\/wp\/v2\/pages\/21"}],"wp:featuredmedia":[{"embeddable":true,"href":"https:\/\/familab.mkteam.org\/en\/wp-json\/wp\/v2\/media\/456"}],"wp:attachment":[{"href":"https:\/\/familab.mkteam.org\/en\/wp-json\/wp\/v2\/media?parent=311"}],"curies":[{"name":"wp","href":"https:\/\/api.w.org\/{rel}","templated":true}]}}