{"id":308,"date":"2024-08-22T13:32:26","date_gmt":"2024-08-22T13:32:26","guid":{"rendered":"https:\/\/familienlabor.mkteam.org\/?page_id=308"},"modified":"2024-12-03T07:27:00","modified_gmt":"2024-12-03T07:27:00","slug":"02-auswaehlen","status":"publish","type":"page","link":"https:\/\/familab.mkteam.org\/en\/tipps\/02-auswaehlen\/","title":{"rendered":"02 Select"},"content":{"rendered":"<h3 class=\"wp-block-heading\">Devices, apps, contacts, video games, social media...<\/h3>\n\n\n\n<p>First, adults choose for children: <\/p>\n\n\n\n<ul class=\"wp-block-list\">\n<li class=\"has-medium-font-size\"><a href=\"#geraete\"><strong>Devices<\/strong><\/a><\/li>\n\n\n\n<li class=\"has-medium-font-size\"><a href=\"#filme\"><strong>Movies &amp; Videos<\/strong><\/a><\/li>\n\n\n\n<li class=\"has-medium-font-size\"><a href=\"#apps\"><strong>Apps &amp; Video Games<\/strong><\/a><\/li>\n\n\n\n<li class=\"has-medium-font-size\"><a href=\"#sozialemedien\"><strong>Social Media<\/strong><\/a><\/li>\n\n\n\n<li class=\"has-medium-font-size\"><a href=\"http:\/\/kontakte\"><strong>Contacts<\/strong><\/a> <\/li>\n<\/ul>\n\n\n\n<p>Parents explain to their children how to choose things on the Internet. In this way, children learn to use good and safe things on the Internet.<\/p>\n\n\n\n<div style=\"height:30px\" aria-hidden=\"true\" class=\"wp-block-spacer\"><\/div>\n\n\n\n<hr class=\"wp-block-separator alignwide has-alpha-channel-opacity\"\/>\n\n\n\n<div style=\"height:30px\" aria-hidden=\"true\" class=\"wp-block-spacer\"><\/div>\n\n\n\n<h2 class=\"wp-block-heading\">What is good for which age?<\/h2>\n\n\n\n<div style=\"height:30px\" aria-hidden=\"true\" class=\"wp-block-spacer\"><\/div>\n\n\n\n<hr class=\"wp-block-separator alignwide has-alpha-channel-opacity\"\/>\n\n\n\n<div style=\"height:30px\" aria-hidden=\"true\" class=\"wp-block-spacer\"><\/div>\n\n\n\n<h4 class=\"wp-block-heading\" id=\"geraete\">Devices<\/h4>\n\n\n\n<p><strong>1. Parents' Devices<\/strong><br>Children don't need their own smartphone or tablet at the beginning. They use their parents' devices. <\/p>\n\n\n\n<figure class=\"wp-block-image aligncenter size-full is-resized\"><a href=\"https:\/\/familab.mkteam.org\/wp-content\/uploads\/2024\/08\/02_geraet1.jpg\"><img loading=\"lazy\" decoding=\"async\" width=\"640\" height=\"427\" src=\"https:\/\/familab.mkteam.org\/wp-content\/uploads\/2024\/08\/02_geraet1.jpg\" alt=\"Vater und Sohn schauen ins Smartphone\" class=\"wp-image-414\" style=\"width:455px;height:auto\" srcset=\"https:\/\/familab.mkteam.org\/wp-content\/uploads\/2024\/08\/02_geraet1.jpg 640w, https:\/\/familab.mkteam.org\/wp-content\/uploads\/2024\/08\/02_geraet1-300x200.jpg 300w, https:\/\/familab.mkteam.org\/wp-content\/uploads\/2024\/08\/02_geraet1-18x12.jpg 18w\" sizes=\"auto, (max-width: 640px) 100vw, 640px\" \/><\/a><\/figure>\n\n\n\n<p><strong>2. Simple Mobile Without Internet<\/strong> (approximately from 6 - 10 years)<br>Children start with a simple mobile phone. They can make calls and send messages but they can't access the Internet on their own.   <\/p>\n\n\n\n<figure class=\"wp-block-image aligncenter size-full is-resized\"><img loading=\"lazy\" decoding=\"async\" width=\"640\" height=\"427\" src=\"https:\/\/familab.mkteam.org\/wp-content\/uploads\/2024\/08\/02_geraet2.jpg\" alt=\"Mobiltelefon mit Tasten\" class=\"wp-image-417\" style=\"width:466px;height:auto\" srcset=\"https:\/\/familab.mkteam.org\/wp-content\/uploads\/2024\/08\/02_geraet2.jpg 640w, https:\/\/familab.mkteam.org\/wp-content\/uploads\/2024\/08\/02_geraet2-300x200.jpg 300w, https:\/\/familab.mkteam.org\/wp-content\/uploads\/2024\/08\/02_geraet2-18x12.jpg 18w\" sizes=\"auto, (max-width: 640px) 100vw, 640px\" \/><\/figure>\n\n\n\n<p><strong>3. Older Smartphone<\/strong> (approximately from 10 - 14 years) <br>Start with a used smartphone from around 10 years old. It doesn't cost much. It doesn't matter if the child loses it or breaks it. Start with a phone plan without mobile data. Then a prepaid plan. This teaches children not to be on the Internet all the time when they are out and about.<\/p>\n\n\n\n<figure class=\"wp-block-image aligncenter size-full is-resized\"><img loading=\"lazy\" decoding=\"async\" width=\"800\" height=\"533\" src=\"https:\/\/familab.mkteam.org\/wp-content\/uploads\/2024\/08\/02_geraet3.jpg\" alt=\"Gebrauchtes Smarthpone\" class=\"wp-image-419\" style=\"width:463px;height:auto\" srcset=\"https:\/\/familab.mkteam.org\/wp-content\/uploads\/2024\/08\/02_geraet3.jpg 800w, https:\/\/familab.mkteam.org\/wp-content\/uploads\/2024\/08\/02_geraet3-300x200.jpg 300w, https:\/\/familab.mkteam.org\/wp-content\/uploads\/2024\/08\/02_geraet3-768x512.jpg 768w, https:\/\/familab.mkteam.org\/wp-content\/uploads\/2024\/08\/02_geraet3-18x12.jpg 18w\" sizes=\"auto, (max-width: 800px) 100vw, 800px\" \/><\/figure>\n\n\n\n<p><strong>4. New Smartphone<\/strong> (approximately from 15 years)<br>A child gets a new smartphone if they are good at using the device. Children should also pay for part of the new smartphone themselves. That way, they learn to appreciate the value. <\/p>\n\n\n\n<figure class=\"wp-block-image aligncenter size-full is-resized\"><img loading=\"lazy\" decoding=\"async\" width=\"640\" height=\"427\" src=\"https:\/\/familab.mkteam.org\/wp-content\/uploads\/2024\/08\/02_geraet4.jpg\" alt=\"Teenager mit Smartphone\" class=\"wp-image-421\" style=\"width:472px;height:auto\" srcset=\"https:\/\/familab.mkteam.org\/wp-content\/uploads\/2024\/08\/02_geraet4.jpg 640w, https:\/\/familab.mkteam.org\/wp-content\/uploads\/2024\/08\/02_geraet4-300x200.jpg 300w, https:\/\/familab.mkteam.org\/wp-content\/uploads\/2024\/08\/02_geraet4-18x12.jpg 18w\" sizes=\"auto, (max-width: 640px) 100vw, 640px\" \/><\/figure>\n\n\n\n<div style=\"height:30px\" aria-hidden=\"true\" class=\"wp-block-spacer\"><\/div>\n\n\n\n<hr class=\"wp-block-separator alignwide has-alpha-channel-opacity\"\/>\n\n\n\n<div style=\"height:30px\" aria-hidden=\"true\" class=\"wp-block-spacer\"><\/div>\n\n\n\n<h4 class=\"wp-block-heading\" id=\"filme\">Movies &amp; Videos<\/h4>\n\n\n\n<p>There is often an age recommendation for movies. This movie is for ages 0 and up:<\/p>\n\n\n\n<figure class=\"wp-block-image size-full\"><a href=\"https:\/\/familab.mkteam.org\/wp-content\/uploads\/2024\/08\/02_alter1.jpg\"><img loading=\"lazy\" decoding=\"async\" width=\"693\" height=\"430\" src=\"https:\/\/familab.mkteam.org\/wp-content\/uploads\/2024\/08\/02_alter1.jpg\" alt=\"Screenshot Mediathek\" class=\"wp-image-388\" srcset=\"https:\/\/familab.mkteam.org\/wp-content\/uploads\/2024\/08\/02_alter1.jpg 693w, https:\/\/familab.mkteam.org\/wp-content\/uploads\/2024\/08\/02_alter1-300x186.jpg 300w, https:\/\/familab.mkteam.org\/wp-content\/uploads\/2024\/08\/02_alter1-18x12.jpg 18w\" sizes=\"auto, (max-width: 693px) 100vw, 693px\" \/><\/a><\/figure>\n\n\n\n<p>This movie is for ages 6+: <\/p>\n\n\n\n<figure class=\"wp-block-image size-full\"><a href=\"https:\/\/familab.mkteam.org\/wp-content\/uploads\/2024\/08\/02_alter2.jpg\"><img loading=\"lazy\" decoding=\"async\" width=\"712\" height=\"399\" src=\"https:\/\/familab.mkteam.org\/wp-content\/uploads\/2024\/08\/02_alter2.jpg\" alt=\"Screenshot Netflix\" class=\"wp-image-389\" srcset=\"https:\/\/familab.mkteam.org\/wp-content\/uploads\/2024\/08\/02_alter2.jpg 712w, https:\/\/familab.mkteam.org\/wp-content\/uploads\/2024\/08\/02_alter2-300x168.jpg 300w, https:\/\/familab.mkteam.org\/wp-content\/uploads\/2024\/08\/02_alter2-18x10.jpg 18w\" sizes=\"auto, (max-width: 712px) 100vw, 712px\" \/><\/a><\/figure>\n\n\n\n<p>This movie is for ages 12+:<\/p>\n\n\n\n<figure class=\"wp-block-image size-full\"><a href=\"https:\/\/familab.mkteam.org\/wp-content\/uploads\/2024\/08\/02_alter3.jpg\"><img loading=\"lazy\" decoding=\"async\" width=\"800\" height=\"448\" src=\"https:\/\/familab.mkteam.org\/wp-content\/uploads\/2024\/08\/02_alter3.jpg\" alt=\"DVD-H\u00fclle mit Altersempfehlung 12 Jahre\" class=\"wp-image-390\" srcset=\"https:\/\/familab.mkteam.org\/wp-content\/uploads\/2024\/08\/02_alter3.jpg 800w, https:\/\/familab.mkteam.org\/wp-content\/uploads\/2024\/08\/02_alter3-300x168.jpg 300w, https:\/\/familab.mkteam.org\/wp-content\/uploads\/2024\/08\/02_alter3-768x430.jpg 768w, https:\/\/familab.mkteam.org\/wp-content\/uploads\/2024\/08\/02_alter3-18x10.jpg 18w\" sizes=\"auto, (max-width: 800px) 100vw, 800px\" \/><\/a><\/figure>\n\n\n\n<p>These movies are <strong>not good <\/strong>for children. They are only OK from the age of 16 or 18:<\/p>\n\n\n\n<figure class=\"wp-block-image size-large\"><a href=\"https:\/\/familab.mkteam.org\/wp-content\/uploads\/2024\/08\/02_alter4-scaled.jpg\"><img loading=\"lazy\" decoding=\"async\" width=\"1024\" height=\"695\" src=\"https:\/\/familab.mkteam.org\/wp-content\/uploads\/2024\/08\/02_alter4-1024x695.jpg\" alt=\"DVD-H\u00fcllen mit Altersfreigabe ab 16 und 18 Jahren\" class=\"wp-image-392\" srcset=\"https:\/\/familab.mkteam.org\/wp-content\/uploads\/2024\/08\/02_alter4-1024x695.jpg 1024w, https:\/\/familab.mkteam.org\/wp-content\/uploads\/2024\/08\/02_alter4-300x204.jpg 300w, https:\/\/familab.mkteam.org\/wp-content\/uploads\/2024\/08\/02_alter4-768x522.jpg 768w, https:\/\/familab.mkteam.org\/wp-content\/uploads\/2024\/08\/02_alter4-1536x1043.jpg 1536w, https:\/\/familab.mkteam.org\/wp-content\/uploads\/2024\/08\/02_alter4-2048x1391.jpg 2048w, https:\/\/familab.mkteam.org\/wp-content\/uploads\/2024\/08\/02_alter4-18x12.jpg 18w\" sizes=\"auto, (max-width: 1024px) 100vw, 1024px\" \/><\/a><\/figure>\n\n\n\n<h5 class=\"wp-block-heading\">YoutTube<\/h5>\n\n\n\n<p>YouTube is for adults and not for children. There are many videos with violence, sex or lies that scare children. Your child should only watch YouTube with an adult. <\/p>\n\n\n\n<p>YouTube Kids is safe for children: <a href=\"https:\/\/www.youtubekids.com\/\">https:\/\/www.youtubekids.com\/<\/a>. There are only videos for children here. <\/p>\n\n\n\n<figure class=\"wp-block-image aligncenter size-large is-resized\"><img loading=\"lazy\" decoding=\"async\" width=\"1024\" height=\"755\" src=\"https:\/\/familab.mkteam.org\/wp-content\/uploads\/2024\/08\/02_youtube_kids-1024x755.jpg\" alt=\"Screenshot YouTube Kids\" class=\"wp-image-394\" style=\"width:468px;height:auto\" srcset=\"https:\/\/familab.mkteam.org\/wp-content\/uploads\/2024\/08\/02_youtube_kids-1024x755.jpg 1024w, https:\/\/familab.mkteam.org\/wp-content\/uploads\/2024\/08\/02_youtube_kids-300x221.jpg 300w, https:\/\/familab.mkteam.org\/wp-content\/uploads\/2024\/08\/02_youtube_kids-768x566.jpg 768w, https:\/\/familab.mkteam.org\/wp-content\/uploads\/2024\/08\/02_youtube_kids-16x12.jpg 16w, https:\/\/familab.mkteam.org\/wp-content\/uploads\/2024\/08\/02_youtube_kids.jpg 1069w\" sizes=\"auto, (max-width: 1024px) 100vw, 1024px\" \/><\/figure>\n\n\n\n<h5 class=\"wp-block-heading\">How to find good movies for kids<\/h5>\n\n\n\n<ul class=\"wp-block-list\">\n<li>Tests and tips: <a href=\"https:\/\/www.flimmo.de\/\">https:\/\/www.flimmo.de\/<\/a><\/li>\n<\/ul>\n\n\n\n<ul class=\"wp-block-list\">\n<li><strong>Kika (DE):<\/strong> <a href=\"https:\/\/www.kika.de\/\">https:\/\/www.kika.de\/<\/a><\/li>\n\n\n\n<li><strong>ARD Mediathek: <\/strong><a href=\"https:\/\/www.ardmediathek.de\/kinderfamilie?isChildContent\">https:\/\/www.ardmediathek.de\/kinderfamilie?isChildContent<\/a><\/li>\n\n\n\n<li><strong>ZDF Tivi<\/strong> for children <a href=\"https:\/\/www.zdf.de\/kinder\">https:\/\/www.zdf.de\/kinder<\/a><\/li>\n\n\n\n<li>Movies for children when streaming, e.g. <a href=\"https:\/\/www.netflix.com\/Kids\">https:\/\/www.netflix.com\/Kids<\/a>, Amazon Prime Kids <a href=\"https:\/\/www.amazon.com\/gp\/video\/kids\">https:\/\/www.amazon.com\/gp\/video\/kids<\/a><\/li>\n<\/ul>\n\n\n\n<div style=\"height:30px\" aria-hidden=\"true\" class=\"wp-block-spacer\"><\/div>\n\n\n\n<hr class=\"wp-block-separator alignwide has-alpha-channel-opacity\"\/>\n\n\n\n<div style=\"height:30px\" aria-hidden=\"true\" class=\"wp-block-spacer\"><\/div>\n\n\n\n<h2 class=\"wp-block-heading\" id=\"apps\">Apps and Video Games<\/h2>\n\n\n\n<p>There is also an age recommendation for apps and games. This app, for example, is good for all children (from 0 years). <\/p>\n\n\n\n<figure class=\"wp-block-image aligncenter size-full is-resized\"><a href=\"https:\/\/familab.mkteam.org\/wp-content\/uploads\/2024\/08\/02_app_alter1.jpg\"><img loading=\"lazy\" decoding=\"async\" width=\"530\" height=\"301\" src=\"https:\/\/familab.mkteam.org\/wp-content\/uploads\/2024\/08\/02_app_alter1.jpg\" alt=\"Screenshot Google Playstore ab ab 0 Jahre\" class=\"wp-image-401\" style=\"width:402px;height:auto\" srcset=\"https:\/\/familab.mkteam.org\/wp-content\/uploads\/2024\/08\/02_app_alter1.jpg 530w, https:\/\/familab.mkteam.org\/wp-content\/uploads\/2024\/08\/02_app_alter1-300x170.jpg 300w, https:\/\/familab.mkteam.org\/wp-content\/uploads\/2024\/08\/02_app_alter1-18x10.jpg 18w\" sizes=\"auto, (max-width: 530px) 100vw, 530px\" \/><\/a><\/figure>\n\n\n\n<p>This game is for ages 9 and up:<\/p>\n\n\n\n<figure class=\"wp-block-image aligncenter size-full is-resized\"><a href=\"https:\/\/familab.mkteam.org\/wp-content\/uploads\/2024\/08\/02_app_alter2.jpg\"><img loading=\"lazy\" decoding=\"async\" width=\"750\" height=\"478\" src=\"https:\/\/familab.mkteam.org\/wp-content\/uploads\/2024\/08\/02_app_alter2.jpg\" alt=\"Screenshot Apple Appstore Spiel ab 9 Jahre\" class=\"wp-image-402\" style=\"width:396px;height:auto\" srcset=\"https:\/\/familab.mkteam.org\/wp-content\/uploads\/2024\/08\/02_app_alter2.jpg 750w, https:\/\/familab.mkteam.org\/wp-content\/uploads\/2024\/08\/02_app_alter2-300x191.jpg 300w, https:\/\/familab.mkteam.org\/wp-content\/uploads\/2024\/08\/02_app_alter2-18x12.jpg 18w\" sizes=\"auto, (max-width: 750px) 100vw, 750px\" \/><\/a><\/figure>\n\n\n\n<p>This app is for ages 12 and up (Instagram and Tiktok are only for ages 12 and up):<\/p>\n\n\n\n<figure class=\"wp-block-image aligncenter size-full\"><a href=\"https:\/\/familab.mkteam.org\/wp-content\/uploads\/2024\/08\/02_app_alter_3.jpg\"><img loading=\"lazy\" decoding=\"async\" width=\"397\" height=\"167\" src=\"https:\/\/familab.mkteam.org\/wp-content\/uploads\/2024\/08\/02_app_alter_3.jpg\" alt=\"Screenshot Appstore Instagram ab 12 Jahre\" class=\"wp-image-404\" srcset=\"https:\/\/familab.mkteam.org\/wp-content\/uploads\/2024\/08\/02_app_alter_3.jpg 397w, https:\/\/familab.mkteam.org\/wp-content\/uploads\/2024\/08\/02_app_alter_3-300x126.jpg 300w, https:\/\/familab.mkteam.org\/wp-content\/uploads\/2024\/08\/02_app_alter_3-18x8.jpg 18w\" sizes=\"auto, (max-width: 397px) 100vw, 397px\" \/><\/a><\/figure>\n\n\n\n<p><strong>Not good for kids:<\/strong> Apps and video games from 16 or 18 years:<\/p>\n\n\n\n<figure class=\"wp-block-image aligncenter size-full is-resized\"><a href=\"https:\/\/familab.mkteam.org\/wp-content\/uploads\/2024\/08\/02_app_alter_4.jpg\"><img loading=\"lazy\" decoding=\"async\" width=\"800\" height=\"560\" src=\"https:\/\/familab.mkteam.org\/wp-content\/uploads\/2024\/08\/02_app_alter_4.jpg\" alt=\"Foto von Spieleh\u00fclle mit Altersfreigabe 16 und 18\" class=\"wp-image-406\" style=\"width:399px;height:auto\" srcset=\"https:\/\/familab.mkteam.org\/wp-content\/uploads\/2024\/08\/02_app_alter_4.jpg 800w, https:\/\/familab.mkteam.org\/wp-content\/uploads\/2024\/08\/02_app_alter_4-300x210.jpg 300w, https:\/\/familab.mkteam.org\/wp-content\/uploads\/2024\/08\/02_app_alter_4-768x538.jpg 768w, https:\/\/familab.mkteam.org\/wp-content\/uploads\/2024\/08\/02_app_alter_4-18x12.jpg 18w\" sizes=\"auto, (max-width: 800px) 100vw, 800px\" \/><\/a><\/figure>\n\n\n\n<h5 class=\"wp-block-heading\">Find good apps and videos<\/h5>\n\n\n\n<p><strong>Let&#8217;s Play Videos<\/strong><\/p>\n\n\n\n<p>These videos show you how a video game works. So you can decide whether the game is good for your children. <\/p>\n\n\n\n<p>How to find these videos: Enter in the YouTube search<strong> \u201eLet\u2019s Play + name of the game\u201c<\/strong>for example \u201cLet's Play Brawl Stars\u201d. In these videos  you can see how fast the game is, whether it contains violence, what the language is like,...    <\/p>\n\n\n\n<figure class=\"wp-block-image size-full\"><img loading=\"lazy\" decoding=\"async\" width=\"958\" height=\"565\" src=\"https:\/\/familab.mkteam.org\/wp-content\/uploads\/2024\/08\/02_app_letsplay.jpg\" alt=\"\" class=\"wp-image-439\" srcset=\"https:\/\/familab.mkteam.org\/wp-content\/uploads\/2024\/08\/02_app_letsplay.jpg 958w, https:\/\/familab.mkteam.org\/wp-content\/uploads\/2024\/08\/02_app_letsplay-300x177.jpg 300w, https:\/\/familab.mkteam.org\/wp-content\/uploads\/2024\/08\/02_app_letsplay-768x453.jpg 768w, https:\/\/familab.mkteam.org\/wp-content\/uploads\/2024\/08\/02_app_letsplay-18x12.jpg 18w\" sizes=\"auto, (max-width: 958px) 100vw, 958px\" \/><\/figure>\n\n\n\n<h5 class=\"wp-block-heading\">Tests and tips:<\/h5>\n\n\n\n<ul class=\"wp-block-list\">\n<li>Spieleratgeber NRW: <a href=\"https:\/\/www.spieleratgeber-nrw.de\/\">https:\/\/www.spieleratgeber-nrw.de\/<\/a>&nbsp;<\/li>\n\n\n\n<li>App-Tests \u2013 a close look at the most popular apps:&nbsp;<a href=\"https:\/\/www.handysektor.de\/app-tests\">https:\/\/www.handysektor.de\/app-tests<\/a><\/li>\n<\/ul>\n\n\n\n<h5 class=\"wp-block-heading\">Apps<\/h5>\n\n\n\n<ul class=\"wp-block-list\">\n<li>Kika <a href=\"https:\/\/www.kika.de\/der-sender\/angebote\/kika-apps100.html\">https:\/\/www.kika.de\/der-sender\/angebote\/kika-apps100.html<\/a>&nbsp;<\/li>\n\n\n\n<li>Sendung mit der Maus <a href=\"https:\/\/www.wdrmaus.de\/extras\/mausapp.php5\">https:\/\/www.wdrmaus.de\/extras\/mausapp.php5<\/a>&nbsp;<\/li>\n\n\n\n<li>Kindersoftwarepreis Tommi: <a href=\"https:\/\/tommi.kids\/\">https:\/\/tommi.kids\/<\/a><\/li>\n<\/ul>\n\n\n\n<div style=\"height:30px\" aria-hidden=\"true\" class=\"wp-block-spacer\"><\/div>\n\n\n\n<hr class=\"wp-block-separator alignwide has-alpha-channel-opacity\"\/>\n\n\n\n<div style=\"height:30px\" aria-hidden=\"true\" class=\"wp-block-spacer\"><\/div>\n\n\n\n<h2 class=\"wp-block-heading\" id=\"sozialemedien\">Social Media<\/h2>\n\n\n\n<p>Here too, there is a lot of content that is not good for children. Strangers can also talk to your children.  Officially, Instagram, TikTok and Snapchat are recommended from the age of 12.  However, you should accompany your children until they are at least 14 or 15. <\/p>\n\n\n\n<h5 class=\"wp-block-heading\">Select Channels<\/h5>\n\n\n\n<p>Look for good channels together with your child. The content should be made for children. Content for adults is often not good for children.  <\/p>\n\n\n\n<figure class=\"wp-block-image size-full\"><img loading=\"lazy\" decoding=\"async\" width=\"715\" height=\"733\" src=\"https:\/\/familab.mkteam.org\/wp-content\/uploads\/2024\/08\/02_social1.jpg\" alt=\"Screenshot Instagram Kika f\u00fcr Eltern\" class=\"wp-image-433\" srcset=\"https:\/\/familab.mkteam.org\/wp-content\/uploads\/2024\/08\/02_social1.jpg 715w, https:\/\/familab.mkteam.org\/wp-content\/uploads\/2024\/08\/02_social1-293x300.jpg 293w, https:\/\/familab.mkteam.org\/wp-content\/uploads\/2024\/08\/02_social1-12x12.jpg 12w\" sizes=\"auto, (max-width: 715px) 100vw, 715px\" \/><\/figure>\n\n\n\n<h5 class=\"wp-block-heading\">Likes and Comments<\/h5>\n\n\n\n<p>Liked and shared posts together first. Write comments together.  Comments should be nice and friendly. If you don't like something, write the person a private message. Explain to children how blocking and reporting works. <\/p>\n\n\n\n<figure class=\"wp-block-image aligncenter size-full\"><img loading=\"lazy\" decoding=\"async\" width=\"533\" height=\"93\" src=\"https:\/\/familab.mkteam.org\/wp-content\/uploads\/2024\/08\/02_social2.png\" alt=\"Netter Kommentar\" class=\"wp-image-435\" srcset=\"https:\/\/familab.mkteam.org\/wp-content\/uploads\/2024\/08\/02_social2.png 533w, https:\/\/familab.mkteam.org\/wp-content\/uploads\/2024\/08\/02_social2-300x52.png 300w, https:\/\/familab.mkteam.org\/wp-content\/uploads\/2024\/08\/02_social2-18x3.png 18w\" sizes=\"auto, (max-width: 533px) 100vw, 533px\" \/><\/figure>\n\n\n\n<h5 class=\"wp-block-heading\">Private Messages<\/h5>\n\n\n\n<p>Write and read personal messages together first. Strangers who try to approach children are a great danger. Children must first learn to recognize this danger before they can write alone. <\/p>\n\n\n\n<div style=\"height:30px\" aria-hidden=\"true\" class=\"wp-block-spacer\"><\/div>\n\n\n\n<hr class=\"wp-block-separator alignwide has-alpha-channel-opacity\"\/>\n\n\n\n<div style=\"height:30px\" aria-hidden=\"true\" class=\"wp-block-spacer\"><\/div>\n\n\n\n<h2 class=\"wp-block-heading\" id=\"kontakte\">Contacts<\/h2>\n\n\n\n<p>In many apps and video games, you write with strangers. This can be dangerous for children. There are people on the internet who seek contact with children because they want to do violence to them. <\/p>\n\n\n\n<p>It is important that you choose contacts on social media, in video games or in chats together with your children at the beginning. <\/p>\n\n\n\n<p>Explain to your kids:<\/p>\n\n\n\n<ul class=\"wp-block-list\">\n<li>Don't tell foreigners <strong>private information<\/strong>: \n<ul class=\"wp-block-list\">\n<li>first name and last name<\/li>\n\n\n\n<li>age, birthday<\/li>\n\n\n\n<li>address, town, street<\/li>\n\n\n\n<li>phone number<\/li>\n\n\n\n<li>e-mail address<\/li>\n\n\n\n<li>Photos &amp; videos of the children<\/li>\n\n\n\n<li>information about family, school, hobbies<\/li>\n<\/ul>\n<\/li>\n\n\n\n<li>Some people pretend to be someone else on the internet. Adults, for example, pretend to be a child. <\/li>\n\n\n\n<li>If something is strange: block and report the person and talk to the parents. <\/li>\n\n\n\n<li>Children never meet people they know from the internet on their own. You can only meet these people if the parents are there.  <\/li>\n<\/ul>\n\n\n\n<figure class=\"wp-block-image aligncenter size-full\"><img loading=\"lazy\" decoding=\"async\" width=\"403\" height=\"470\" src=\"https:\/\/familab.mkteam.org\/wp-content\/uploads\/2024\/08\/02_social3.jpg\" alt=\"Screenshot Tiktok-Kontakte\" class=\"wp-image-436\" srcset=\"https:\/\/familab.mkteam.org\/wp-content\/uploads\/2024\/08\/02_social3.jpg 403w, https:\/\/familab.mkteam.org\/wp-content\/uploads\/2024\/08\/02_social3-257x300.jpg 257w, https:\/\/familab.mkteam.org\/wp-content\/uploads\/2024\/08\/02_social3-10x12.jpg 10w\" sizes=\"auto, (max-width: 403px) 100vw, 403px\" \/><\/figure>\n\n\n\n<h5 class=\"wp-block-heading\">Good contacts<\/h5>\n\n\n\n<ul class=\"wp-block-list\">\n<li>at the beginning only family and very good friends<\/li>\n\n\n\n<li>then friends from the class<\/li>\n\n\n\n<li>Later, other people you don't know personally. <\/li>\n<\/ul>\n\n\n\n<div style=\"height:30px\" aria-hidden=\"true\" class=\"wp-block-spacer\"><\/div>\n\n\n\n<hr class=\"wp-block-separator alignwide has-alpha-channel-opacity\"\/>\n\n\n\n<div style=\"height:30px\" aria-hidden=\"true\" class=\"wp-block-spacer\"><\/div>\n\n\n\n<h3 class=\"wp-block-heading\">More Tips<\/h3>\n\n\n\n<ul class=\"wp-block-list\">\n<li><a href=\"https:\/\/familab.mkteam.org\/en\/bausteine\/01-kinder-im-internet-begleiten\/\" data-type=\"page\" data-id=\"293\">01 Accompany Kids Online<\/a><\/li>\n\n\n\n<li><a href=\"https:\/\/familab.mkteam.org\/en\/bausteine\/03-einrichten\/\" data-type=\"page\" data-id=\"311\">03 Set up - Devices, apps, contacts, video games, social media...<\/a><\/li>\n<\/ul>\n\n\n\n<div style=\"height:30px\" aria-hidden=\"true\" class=\"wp-block-spacer\"><\/div>\n\n\n\n<hr class=\"wp-block-separator alignwide has-alpha-channel-opacity\"\/>\n\n\n\n<div style=\"height:30px\" aria-hidden=\"true\" class=\"wp-block-spacer\"><\/div>\n\n\n\n<h3 class=\"wp-block-heading\">Print out<\/h3>\n\n\n\n<div data-wp-interactive=\"core\/file\" class=\"wp-block-file\"><object data-wp-bind--hidden=\"!state.hasPdfPreview\" hidden class=\"wp-block-file__embed\" data=\"https:\/\/familab.mkteam.org\/wp-content\/uploads\/2024\/12\/02_Select.pdf\" type=\"application\/pdf\" style=\"width:100%;height:600px\" aria-label=\"Embed of 02_Select.\"><\/object><a id=\"wp-block-file--media-0a858835-1a5e-4a4c-bd8d-d19082a0b568\" href=\"https:\/\/familab.mkteam.org\/wp-content\/uploads\/2024\/12\/02_Select.pdf\">02_Select<\/a><a href=\"https:\/\/familab.mkteam.org\/wp-content\/uploads\/2024\/12\/02_Select.pdf\" class=\"wp-block-file__button wp-element-button\" download aria-describedby=\"wp-block-file--media-0a858835-1a5e-4a4c-bd8d-d19082a0b568\">Download<\/a><\/div>\n\n\n\n<div style=\"height:100px\" aria-hidden=\"true\" class=\"wp-block-spacer\"><\/div>\n\n\n\n<hr class=\"wp-block-separator has-alpha-channel-opacity\"\/>\n\n\n\n<p class=\"has-contrast-3-color has-text-color has-link-color wp-elements-5c2f6a67785045bb0c9dd29414806742\"><em>Quellen Bilder:<\/em><br><a href=\"https:\/\/pixabay.com\/photos\/entrepreneur-startup-woman-macbook-593357\/\">https:\/\/pixabay.com\/photos\/entrepreneur-startup-woman-macbook-593357\/<\/a><br><a href=\"https:\/\/pixabay.com\/photos\/tablet-little-caucasian-child-kid-4576139\/\">https:\/\/pixabay.com\/photos\/tablet-little-caucasian-child-kid-4576139\/<\/a><br><a href=\"https:\/\/www.pexels.com\/de-de\/foto\/vater-der-seinen-sohn-betrachtet-der-auf-einem-smartphone-spielt-4260647\/\">https:\/\/www.pexels.com\/de-de\/foto\/vater-der-seinen-sohn-betrachtet-der-auf-einem-smartphone-spielt-4260647\/<\/a><br><a href=\"https:\/\/pixabay.com\/photos\/android-mobile-smartphone-1814580\/\">https:\/\/pixabay.com\/photos\/android-mobile-smartphone-1814580\/<\/a><br><a href=\"https:\/\/www.pexels.com\/photo\/man-in-pink-crew-neck-t-shirt-holding-blue-iphone-case-9558232\/\">https:\/\/www.pexels.com\/photo\/man-in-pink-crew-neck-t-shirt-holding-blue-iphone-case-9558232\/<\/a><\/p>\n\n\n\n<p><\/p>","protected":false},"excerpt":{"rendered":"<p>Ger\u00e4te, Apps, Kontakte, Videospiele, Social Media&#8230; Zuerst w\u00e4hlen Erwachsene f\u00fcr Kinder aus: Eltern erkl\u00e4ren ihren Kindern, wie sie Dinge im Internet ausw\u00e4hlen. Kinder lernen so, gute und sichere Dinge im Internet zu nutzen. Was ist gut f\u00fcr welches Alter? Ger\u00e4te 1. Ger\u00e4te der ElternKinder brauchen am Anfang kein eigenes Smartphone oder Tablet. Sie nutzen die [&hellip;]<\/p>","protected":false},"author":2,"featured_media":381,"parent":21,"menu_order":0,"comment_status":"closed","ping_status":"closed","template":"","meta":{"footnotes":""},"class_list":["post-308","page","type-page","status-publish","has-post-thumbnail","hentry"],"_links":{"self":[{"href":"https:\/\/familab.mkteam.org\/en\/wp-json\/wp\/v2\/pages\/308","targetHints":{"allow":["GET"]}}],"collection":[{"href":"https:\/\/familab.mkteam.org\/en\/wp-json\/wp\/v2\/pages"}],"about":[{"href":"https:\/\/familab.mkteam.org\/en\/wp-json\/wp\/v2\/types\/page"}],"author":[{"embeddable":true,"href":"https:\/\/familab.mkteam.org\/en\/wp-json\/wp\/v2\/users\/2"}],"replies":[{"embeddable":true,"href":"https:\/\/familab.mkteam.org\/en\/wp-json\/wp\/v2\/comments?post=308"}],"version-history":[{"count":58,"href":"https:\/\/familab.mkteam.org\/en\/wp-json\/wp\/v2\/pages\/308\/revisions"}],"predecessor-version":[{"id":1050,"href":"https:\/\/familab.mkteam.org\/en\/wp-json\/wp\/v2\/pages\/308\/revisions\/1050"}],"up":[{"embeddable":true,"href":"https:\/\/familab.mkteam.org\/en\/wp-json\/wp\/v2\/pages\/21"}],"wp:featuredmedia":[{"embeddable":true,"href":"https:\/\/familab.mkteam.org\/en\/wp-json\/wp\/v2\/media\/381"}],"wp:attachment":[{"href":"https:\/\/familab.mkteam.org\/en\/wp-json\/wp\/v2\/media?parent=308"}],"curies":[{"name":"wp","href":"https:\/\/api.w.org\/{rel}","templated":true}]}}