{"id":293,"date":"2024-08-21T14:20:23","date_gmt":"2024-08-21T14:20:23","guid":{"rendered":"https:\/\/familienlabor.mkteam.org\/?page_id=293"},"modified":"2024-12-03T07:25:31","modified_gmt":"2024-12-03T07:25:31","slug":"01-kinder-im-internet-begleiten","status":"publish","type":"page","link":"https:\/\/familab.mkteam.org\/en\/tipps\/01-kinder-im-internet-begleiten\/","title":{"rendered":"01 Accompany Kids Online"},"content":{"rendered":"<figure class=\"wp-block-image size-full\"><img loading=\"lazy\" decoding=\"async\" width=\"640\" height=\"426\" src=\"https:\/\/familab.mkteam.org\/wp-content\/uploads\/2024\/08\/01_familie_begleiten.jpg\" alt=\"\" class=\"wp-image-334\" srcset=\"https:\/\/familab.mkteam.org\/wp-content\/uploads\/2024\/08\/01_familie_begleiten.jpg 640w, https:\/\/familab.mkteam.org\/wp-content\/uploads\/2024\/08\/01_familie_begleiten-300x200.jpg 300w, https:\/\/familab.mkteam.org\/wp-content\/uploads\/2024\/08\/01_familie_begleiten-18x12.jpg 18w\" sizes=\"auto, (max-width: 640px) 100vw, 640px\" \/><\/figure>\n\n\n\n<p class=\"has-large-font-size\"><strong>Accompanying children on the Internet protects against: <\/strong><\/p>\n\n\n\n<ul class=\"wp-block-list\">\n<li>Content that is not good for children (violence, sexual content, etc.) <\/li>\n\n\n\n<li>Contact with strangers in chats<\/li>\n\n\n\n<li>Bullying in chats<\/li>\n\n\n\n<li>Post private photos and videos<\/li>\n\n\n\n<li>Spend money by mistake<\/li>\n\n\n\n<li>Too much time on the Internet <\/li>\n<\/ul>\n\n\n\n<p class=\"has-large-font-size\"><strong>Children learn with company: <\/strong><\/p>\n\n\n\n<ul class=\"wp-block-list\">\n<li>Protect yourself from risks and dangers<\/li>\n\n\n\n<li>Deal well with others (e.g. in chats and social media)<\/li>\n\n\n\n<li>Using the Internet for learning<\/li>\n\n\n\n<li>Organize your time on the Internet<\/li>\n<\/ul>\n\n\n\n<div style=\"height:30px\" aria-hidden=\"true\" class=\"wp-block-spacer\"><\/div>\n\n\n\n<hr class=\"wp-block-separator alignwide has-alpha-channel-opacity\"\/>\n\n\n\n<div style=\"height:30px\" aria-hidden=\"true\" class=\"wp-block-spacer\"><\/div>\n\n\n\n<h2 class=\"wp-block-heading\">Which company at what age?<\/h2>\n\n\n\n<ul class=\"wp-block-list\">\n<li><strong>0 - 10 years:<\/strong> Children are never alone on the internet<\/li>\n\n\n\n<li><strong>10 - 16 years:<\/strong> Children learn step-by-step how to be alone on the Internet<\/li>\n\n\n\n<li><strong>from the age of 16:<\/strong> Children can be alone on the Internet<\/li>\n<\/ul>\n\n\n\n<div style=\"height:30px\" aria-hidden=\"true\" class=\"wp-block-spacer\"><\/div>\n\n\n\n<h3 class=\"wp-block-heading\"><strong>0 - 10 Years<\/strong><\/h3>\n\n\n\n<p class=\"has-background\" style=\"background-color:#afede9\"><strong>Parents always accompany children on the Internet.<\/strong><br>Until the end of elementary school, children are never online without an adult. You protect your children from dangers. You explain what children need to watch out for online and how they can protect themselves.<\/p>\n\n\n\n<figure class=\"wp-block-image size-full is-resized\"><img loading=\"lazy\" decoding=\"async\" width=\"600\" height=\"403\" src=\"https:\/\/familab.mkteam.org\/wp-content\/uploads\/2024\/08\/01_begleitung.jpg\" alt=\"Begleitung\" class=\"wp-image-131\" style=\"width:619px;height:auto\" srcset=\"https:\/\/familab.mkteam.org\/wp-content\/uploads\/2024\/08\/01_begleitung.jpg 600w, https:\/\/familab.mkteam.org\/wp-content\/uploads\/2024\/08\/01_begleitung-300x202.jpg 300w\" sizes=\"auto, (max-width: 600px) 100vw, 600px\" \/><\/figure>\n\n\n\n<p>What parents do:<\/p>\n\n\n\n<ul class=\"wp-block-list\">\n<li>select devices and apps and set them for children<\/li>\n\n\n\n<li>play video games together<\/li>\n\n\n\n<li>chat together<\/li>\n\n\n\n<li>search together for stuff on the Internet<\/li>\n\n\n\n<li>check online contacts together<\/li>\n\n\n\n<li>Learning about risks and protection<\/li>\n<\/ul>\n\n\n\n<div style=\"height:30px\" aria-hidden=\"true\" class=\"wp-block-spacer\"><\/div>\n\n\n\n<h3 class=\"wp-block-heading\"><strong>10 - 16 Years<\/strong><\/h3>\n\n\n\n<p class=\"has-background\" style=\"background-color:#afede9\"><strong>Children learn step-by-step how to be alone on the Internet. <\/strong><br>Children can play video games alone without chatting. Children can chat alone with close friends. Can your child do that? Then try out more. From the age of 14-15, children should be able to use most things on the internet on their own. This is also a good age for social media.<\/p>\n\n\n\n<figure class=\"wp-block-image size-full\"><img loading=\"lazy\" decoding=\"async\" width=\"640\" height=\"427\" src=\"https:\/\/familab.mkteam.org\/wp-content\/uploads\/2024\/08\/01_lernen.jpg\" alt=\"\" class=\"wp-image-279\" srcset=\"https:\/\/familab.mkteam.org\/wp-content\/uploads\/2024\/08\/01_lernen.jpg 640w, https:\/\/familab.mkteam.org\/wp-content\/uploads\/2024\/08\/01_lernen-300x200.jpg 300w, https:\/\/familab.mkteam.org\/wp-content\/uploads\/2024\/08\/01_lernen-18x12.jpg 18w\" sizes=\"auto, (max-width: 640px) 100vw, 640px\" \/><\/figure>\n\n\n\n<p>What parents do:<\/p>\n\n\n\n<ul class=\"wp-block-list\">\n<li>Observing children: How well can they use the Internet? For example, is the child ready for their own smartphone?<\/li>\n\n\n\n<li>Select and set devices and apps together.<\/li>\n\n\n\n<li>talk about chats<\/li>\n\n\n\n<li>talk about Social Media<\/li>\n\n\n\n<li>talk about video games<\/li>\n\n\n\n<li>talk about contact with people on the Internet<\/li>\n\n\n\n<li>talk about risks on the Internet<\/li>\n<\/ul>\n\n\n\n<div style=\"height:30px\" aria-hidden=\"true\" class=\"wp-block-spacer\"><\/div>\n\n\n\n<h3 class=\"wp-block-heading\"><strong>From 16 Years<\/strong><\/h3>\n\n\n\n<p class=\"has-background\" style=\"background-color:#afede9\"><strong>Kids can be alone on the Internet. <\/strong><br>Keep talking to your children about things on the internet. There are still risks online for adults too. Or maybe you'll learn something new from your children. <strong>  <\/strong><\/p>\n\n\n\n<figure class=\"wp-block-image size-full\"><img loading=\"lazy\" decoding=\"async\" width=\"640\" height=\"427\" src=\"https:\/\/familab.mkteam.org\/wp-content\/uploads\/2024\/08\/01_allein.jpg\" alt=\"\" class=\"wp-image-282\" srcset=\"https:\/\/familab.mkteam.org\/wp-content\/uploads\/2024\/08\/01_allein.jpg 640w, https:\/\/familab.mkteam.org\/wp-content\/uploads\/2024\/08\/01_allein-300x200.jpg 300w, https:\/\/familab.mkteam.org\/wp-content\/uploads\/2024\/08\/01_allein-18x12.jpg 18w\" sizes=\"auto, (max-width: 640px) 100vw, 640px\" \/><\/figure>\n\n\n\n<div style=\"height:50px\" aria-hidden=\"true\" class=\"wp-block-spacer\"><\/div>\n\n\n\n<hr class=\"wp-block-separator alignwide has-alpha-channel-opacity\"\/>\n\n\n\n<div style=\"height:50px\" aria-hidden=\"true\" class=\"wp-block-spacer\"><\/div>\n\n\n\n<h3 class=\"wp-block-heading\"><strong>More Tips<\/strong><\/h3>\n\n\n\n<ul class=\"wp-block-list\">\n<li><a href=\"https:\/\/familab.mkteam.org\/en\/bausteine\/02-auswaehlen\/\" data-type=\"page\" data-id=\"308\">02 <strong>Select:<\/strong> <\/a>Devices, apps, contacts, video games, social media...<\/li>\n\n\n\n<li><a href=\"https:\/\/familab.mkteam.org\/en\/bausteine\/03-einrichten\/\" data-type=\"page\" data-id=\"311\">03 <strong>Set up:<\/strong><\/a> Devices, apps, contacts, video games, social media...<\/li>\n<\/ul>\n\n\n\n<div style=\"height:50px\" aria-hidden=\"true\" class=\"wp-block-spacer\"><\/div>\n\n\n\n<hr class=\"wp-block-separator alignwide has-alpha-channel-opacity\"\/>\n\n\n\n<div style=\"height:50px\" aria-hidden=\"true\" class=\"wp-block-spacer\"><\/div>\n\n\n\n<h3 class=\"wp-block-heading\"><strong>Print out<\/strong><\/h3>\n\n\n\n<div data-wp-interactive=\"core\/file\" class=\"wp-block-file\"><object data-wp-bind--hidden=\"!state.hasPdfPreview\" hidden class=\"wp-block-file__embed\" data=\"https:\/\/familab.mkteam.org\/wp-content\/uploads\/2024\/12\/01_AccompanyKids.pdf\" type=\"application\/pdf\" style=\"width:100%;height:600px\" aria-label=\"Embed of 01_AccompanyKids.\"><\/object><a id=\"wp-block-file--media-4b66eaac-7ecd-4b3a-aced-29e82882644d\" href=\"https:\/\/familab.mkteam.org\/wp-content\/uploads\/2024\/12\/01_AccompanyKids.pdf\">01_AccompanyKids<\/a><a href=\"https:\/\/familab.mkteam.org\/wp-content\/uploads\/2024\/12\/01_AccompanyKids.pdf\" class=\"wp-block-file__button wp-element-button\" download aria-describedby=\"wp-block-file--media-4b66eaac-7ecd-4b3a-aced-29e82882644d\">Download<\/a><\/div>\n\n\n\n<div style=\"height:200px\" aria-hidden=\"true\" class=\"wp-block-spacer\"><\/div>\n\n\n\n<hr class=\"wp-block-separator aligncenter has-alpha-channel-opacity\"\/>\n\n\n\n<p class=\"has-contrast-3-color has-text-color has-link-color wp-elements-1b103bc829591b0ead22d57d2b37eda0\"><em><strong>Image sources<\/strong><br><\/em><a href=\"https:\/\/www.pexels.com\/photo\/caring-father-teaching-son-using-joystick-4545957\/\">https:\/\/www.pexels.com\/photo\/caring-father-teaching-son-using-joystick-4545957\/<\/a><em><a href=\"https:\/\/www.pexels.com\/photo\/woman-and-girl-using-tablet-computer-1312023\/\">https:\/\/www.pexels.com\/photo\/woman-and-girl-using-tablet-computer-1312023\/ <\/a><\/em><br><em>h<a href=\"https:\/\/www.pexels.com\/photo\/cheerful-diverse-classmates-browsing-smartphone-and-laughing-5896438\/\">ttps:\/\/www.pexels.com\/photo\/mother-helping-her-daughter-with-her-homework-4260323\/<\/a><\/em><br><a href=\"https:\/\/www.pexels.com\/photo\/two-teenagers-sitting-on-a-couch-while-using-their-electronic-gadgets-6256073\/ \">https:\/\/www.pexels.com\/photo\/two-teenagers-sitting-on-a-couch-while-using-their-electronic-gadgets-6256073\/ <\/a><\/p>","protected":false},"excerpt":{"rendered":"<p>Begleitung sch\u00fctzt Kinder im Internet vor: Mit Begleitung lernen Kinder: Welche Begleitung in welchem Alter? 0 &#8211; 10 Jahre Eltern begleiten Kinder immer im Internet.Bis zum Ende der Grundschule sind Kinder nie ohne einen Erwachsenen im Internet. Ihr sch\u00fctzt eure Kinder vor Gefahren. Dabei erkl\u00e4rt ihr, auf was Kinder im Internet achten m\u00fcssen und wie [&hellip;]<\/p>","protected":false},"author":2,"featured_media":0,"parent":21,"menu_order":0,"comment_status":"closed","ping_status":"closed","template":"","meta":{"footnotes":""},"class_list":["post-293","page","type-page","status-publish","hentry"],"_links":{"self":[{"href":"https:\/\/familab.mkteam.org\/en\/wp-json\/wp\/v2\/pages\/293","targetHints":{"allow":["GET"]}}],"collection":[{"href":"https:\/\/familab.mkteam.org\/en\/wp-json\/wp\/v2\/pages"}],"about":[{"href":"https:\/\/familab.mkteam.org\/en\/wp-json\/wp\/v2\/types\/page"}],"author":[{"embeddable":true,"href":"https:\/\/familab.mkteam.org\/en\/wp-json\/wp\/v2\/users\/2"}],"replies":[{"embeddable":true,"href":"https:\/\/familab.mkteam.org\/en\/wp-json\/wp\/v2\/comments?post=293"}],"version-history":[{"count":28,"href":"https:\/\/familab.mkteam.org\/en\/wp-json\/wp\/v2\/pages\/293\/revisions"}],"predecessor-version":[{"id":1049,"href":"https:\/\/familab.mkteam.org\/en\/wp-json\/wp\/v2\/pages\/293\/revisions\/1049"}],"up":[{"embeddable":true,"href":"https:\/\/familab.mkteam.org\/en\/wp-json\/wp\/v2\/pages\/21"}],"wp:attachment":[{"href":"https:\/\/familab.mkteam.org\/en\/wp-json\/wp\/v2\/media?parent=293"}],"curies":[{"name":"wp","href":"https:\/\/api.w.org\/{rel}","templated":true}]}}