{"id":1216,"date":"2024-12-16T13:08:50","date_gmt":"2024-12-16T13:08:50","guid":{"rendered":"https:\/\/familab.mkteam.org\/?page_id=1216"},"modified":"2025-02-10T16:08:14","modified_gmt":"2025-02-10T16:08:14","slug":"6-4-eine-sichere-umgebung-fuer-freiwillige-gestalten","status":"publish","type":"page","link":"https:\/\/familab.mkteam.org\/en\/material\/ein-citizen-science-projekt-selber-machen\/6-das-team\/6-4-eine-sichere-umgebung-fuer-freiwillige-gestalten\/","title":{"rendered":"6-4 Creating a safe space for volunteers"},"content":{"rendered":"<p><strong>Aims of the activity and description of target group<\/strong><\/p>\n\n\n\n<p>This activity sensitizes the participants to the special situation and the vulnerability of the volunteers. The activity gives inspiration how participants create a space where volunteers feel safe. The activity is suitable for researchers and citizens in a group or individual learning setting. Session #1 - #2 and activity 3 of this session should be carried out beforehand. Participants should have participated in a Citizen Science project themselves.<\/p>\n\n\n\n<p><strong>Resources, Materials needed<\/strong> <\/p>\n\n\n\n<ul class=\"wp-block-list\">\n<li>Paper, pen, color pencils<\/li>\n\n\n\n<li>Results from <a href=\"https:\/\/familab.mkteam.org\/en\/material\/ein-citizen-science-projekt-selber-machen\/2-die-zielgruppe-verstehen\/2-4-triff-deine-zielgruppe\/\" data-type=\"page\" data-id=\"784\">Part 2, Activity 4 \"Meet your audience\"<\/a><\/li>\n<\/ul>\n\n\n\n<p><strong>Duration<\/strong><\/p>\n\n\n\n<p>60 minutes<\/p>\n\n\n\n<hr class=\"wp-block-separator alignwide has-alpha-channel-opacity\" style=\"margin-top:var(--wp--preset--spacing--30);margin-bottom:var(--wp--preset--spacing--30)\"\/>\n\n\n\n<h4 class=\"wp-block-heading\"><strong>Step 1 \u2013 Your personal experience (20 minutes)<\/strong><\/h4>\n\n\n\n<p>Take a sheet of paper and give it the heading \"What made me feel safe?\". Think about when you yourself looked for a Citizen Science project and when you actually took part in the project. Write down all the things that made you feel safe.<\/p>\n\n\n\n<figure data-wp-context=\"{&quot;imageId&quot;:&quot;69f1e8da67915&quot;}\" data-wp-interactive=\"core\/image\" data-wp-key=\"69f1e8da67915\" class=\"wp-block-image aligncenter size-full wp-lightbox-container\"><img loading=\"lazy\" decoding=\"async\" width=\"800\" height=\"568\" data-wp-class--hide=\"state.isContentHidden\" data-wp-class--show=\"state.isContentVisible\" data-wp-init=\"callbacks.setButtonStyles\" data-wp-on--click=\"actions.showLightbox\" data-wp-on--load=\"callbacks.setButtonStyles\" data-wp-on-window--resize=\"callbacks.setButtonStyles\" src=\"https:\/\/familab.mkteam.org\/wp-content\/uploads\/2024\/12\/06_04__01s.jpg\" alt=\"Arbeitsblatt Sicherheit im Citizen Science Projekt\" class=\"wp-image-1225\" srcset=\"https:\/\/familab.mkteam.org\/wp-content\/uploads\/2024\/12\/06_04__01s.jpg 800w, https:\/\/familab.mkteam.org\/wp-content\/uploads\/2024\/12\/06_04__01s-300x213.jpg 300w, https:\/\/familab.mkteam.org\/wp-content\/uploads\/2024\/12\/06_04__01s-768x545.jpg 768w, https:\/\/familab.mkteam.org\/wp-content\/uploads\/2024\/12\/06_04__01s-18x12.jpg 18w\" sizes=\"auto, (max-width: 800px) 100vw, 800px\" \/><button\n\t\t\tclass=\"lightbox-trigger\"\n\t\t\ttype=\"button\"\n\t\t\taria-haspopup=\"dialog\"\n\t\t\taria-label=\"Enlarge\"\n\t\t\tdata-wp-init=\"callbacks.initTriggerButton\"\n\t\t\tdata-wp-on--click=\"actions.showLightbox\"\n\t\t\tdata-wp-style--right=\"state.imageButtonRight\"\n\t\t\tdata-wp-style--top=\"state.imageButtonTop\"\n\t\t>\n\t\t\t<svg xmlns=\"http:\/\/www.w3.org\/2000\/svg\" width=\"12\" height=\"12\" fill=\"none\" viewbox=\"0 0 12 12\">\n\t\t\t\t<path fill=\"#fff\" d=\"M2 0a2 2 0 0 0-2 2v2h1.5V2a.5.5 0 0 1 .5-.5h2V0H2Zm2 10.5H2a.5.5 0 0 1-.5-.5V8H0v2a2 2 0 0 0 2 2h2v-1.5ZM8 12v-1.5h2a.5.5 0 0 0 .5-.5V8H12v2a2 2 0 0 1-2 2H8Zm2-12a2 2 0 0 1 2 2v2h-1.5V2a.5.5 0 0 0-.5-.5H8V0h2Z\" \/>\n\t\t\t<\/svg>\n\t\t<\/button><\/figure>\n\n\n\n<p>Take another sheet of paper and give it the heading \"What made me feel insecure\". Write down all the things you remember that made you unsure whether you should choose a project or really take part.<\/p>\n\n\n\n<figure data-wp-context=\"{&quot;imageId&quot;:&quot;69f1e8da68045&quot;}\" data-wp-interactive=\"core\/image\" data-wp-key=\"69f1e8da68045\" class=\"wp-block-image aligncenter size-full wp-lightbox-container\"><img loading=\"lazy\" decoding=\"async\" width=\"800\" height=\"579\" data-wp-class--hide=\"state.isContentHidden\" data-wp-class--show=\"state.isContentVisible\" data-wp-init=\"callbacks.setButtonStyles\" data-wp-on--click=\"actions.showLightbox\" data-wp-on--load=\"callbacks.setButtonStyles\" data-wp-on-window--resize=\"callbacks.setButtonStyles\" src=\"https:\/\/familab.mkteam.org\/wp-content\/uploads\/2024\/12\/06_04__02s.jpg\" alt=\"Arbeitsblatt Unsicherheit in Citizen Science Projekten\" class=\"wp-image-1226\" srcset=\"https:\/\/familab.mkteam.org\/wp-content\/uploads\/2024\/12\/06_04__02s.jpg 800w, https:\/\/familab.mkteam.org\/wp-content\/uploads\/2024\/12\/06_04__02s-300x217.jpg 300w, https:\/\/familab.mkteam.org\/wp-content\/uploads\/2024\/12\/06_04__02s-768x556.jpg 768w, https:\/\/familab.mkteam.org\/wp-content\/uploads\/2024\/12\/06_04__02s-18x12.jpg 18w\" sizes=\"auto, (max-width: 800px) 100vw, 800px\" \/><button\n\t\t\tclass=\"lightbox-trigger\"\n\t\t\ttype=\"button\"\n\t\t\taria-haspopup=\"dialog\"\n\t\t\taria-label=\"Enlarge\"\n\t\t\tdata-wp-init=\"callbacks.initTriggerButton\"\n\t\t\tdata-wp-on--click=\"actions.showLightbox\"\n\t\t\tdata-wp-style--right=\"state.imageButtonRight\"\n\t\t\tdata-wp-style--top=\"state.imageButtonTop\"\n\t\t>\n\t\t\t<svg xmlns=\"http:\/\/www.w3.org\/2000\/svg\" width=\"12\" height=\"12\" fill=\"none\" viewbox=\"0 0 12 12\">\n\t\t\t\t<path fill=\"#fff\" d=\"M2 0a2 2 0 0 0-2 2v2h1.5V2a.5.5 0 0 1 .5-.5h2V0H2Zm2 10.5H2a.5.5 0 0 1-.5-.5V8H0v2a2 2 0 0 0 2 2h2v-1.5ZM8 12v-1.5h2a.5.5 0 0 0 .5-.5V8H12v2a2 2 0 0 1-2 2H8Zm2-12a2 2 0 0 1 2 2v2h-1.5V2a.5.5 0 0 0-.5-.5H8V0h2Z\" \/>\n\t\t\t<\/svg>\n\t\t<\/button><\/figure>\n\n\n\n<h4 class=\"wp-block-heading\"><strong>Step 2 \u2013 Listen to volunteers reporting about their experience (10 minutes)<\/strong><\/h4>\n\n\n\n<p>Listen to the following reports from volunteers about their participation in a Citizen Science project:<\/p>\n\n\n\n<ul class=\"wp-block-list\">\n<li><a href=\"https:\/\/www.youtube.com\/watch?v=RGqSmRIxLnQ\">https:\/\/www.youtube.com\/watch?v=RGqSmRIxLnQ<\/a> (Citizen Scientist Volunteer: Patty Steffen, <a href=\"https:\/\/www.youtube.com\/watch?v=RGqSmRIxLnQ&amp;t=21s\">YoutTube<\/a>)<\/li>\n\n\n\n<li><a href=\"https:\/\/www.youtube.com\/watch?v=mlGs4QyuNdY\">https:\/\/www.youtube.com\/watch?v=mlGs4QyuNdY<\/a>\u00a0(Citizen Science: Volunteering, <a href=\"https:\/\/www.youtube.com\/watch?v=mlGs4QyuNdY\">YoutTube<\/a>)<\/li>\n\n\n\n<li><a href=\"https:\/\/www.youtube.com\/watch?v=26RtAcLUjE0\">https:\/\/www.youtube.com\/watch?v=26RtAcLUjE0<\/a> (Citizen Science and Air Pollution Monitoring, <a href=\"https:\/\/www.youtube.com\/watch?v=26RtAcLUjE0\">YoutTube<\/a>)<\/li>\n\n\n\n<li><a href=\"https:\/\/www.youtube.com\/watch?v=dJ83G0rqi8s\">https:\/\/www.youtube.com\/watch?v=dJ83G0rqi8s<\/a> (Citizen Scientist, Origami, Virtual Reality, and more! | Simply Science, <a href=\"https:\/\/www.youtube.com\/watch?v=dJ83G0rqi8s\">YoutTube<\/a>)<\/li>\n\n\n\n<li><a href=\"https:\/\/www.youtube.com\/watch?v=uz05GFpnl2U\">https:\/\/www.youtube.com\/watch?v=uz05GFpnl2U<\/a> (Science Communication in Action &#8211; Citizen Science Project, <a href=\"https:\/\/www.youtube.com\/watch?v=uz05GFpnl2U\">YoutTube<\/a>)<\/li>\n<\/ul>\n\n\n\n<p>What suggestions can you take on board for your project?<\/p>\n\n\n\n<h4 class=\"wp-block-heading\"><strong>Step 3 \u2013 Volunteers physical safety (10 minutes)<\/strong><\/h4>\n\n\n\n<p>Let's take a look at the physical safety of the volunteers. Take a sheet of paper and give it the heading \"Physical\". Divide it into two halves.<\/p>\n\n\n\n<figure data-wp-context=\"{&quot;imageId&quot;:&quot;69f1e8da6860b&quot;}\" data-wp-interactive=\"core\/image\" data-wp-key=\"69f1e8da6860b\" class=\"wp-block-image aligncenter size-full wp-lightbox-container\"><img loading=\"lazy\" decoding=\"async\" width=\"800\" height=\"573\" data-wp-class--hide=\"state.isContentHidden\" data-wp-class--show=\"state.isContentVisible\" data-wp-init=\"callbacks.setButtonStyles\" data-wp-on--click=\"actions.showLightbox\" data-wp-on--load=\"callbacks.setButtonStyles\" data-wp-on-window--resize=\"callbacks.setButtonStyles\" src=\"https:\/\/familab.mkteam.org\/wp-content\/uploads\/2024\/12\/06_04__03s.jpg\" alt=\"Arbeitsblatt k\u00f6rperliche Risiken f\u00fcr Freiwillige\" class=\"wp-image-1228\" srcset=\"https:\/\/familab.mkteam.org\/wp-content\/uploads\/2024\/12\/06_04__03s.jpg 800w, https:\/\/familab.mkteam.org\/wp-content\/uploads\/2024\/12\/06_04__03s-300x215.jpg 300w, https:\/\/familab.mkteam.org\/wp-content\/uploads\/2024\/12\/06_04__03s-768x550.jpg 768w, https:\/\/familab.mkteam.org\/wp-content\/uploads\/2024\/12\/06_04__03s-18x12.jpg 18w\" sizes=\"auto, (max-width: 800px) 100vw, 800px\" \/><button\n\t\t\tclass=\"lightbox-trigger\"\n\t\t\ttype=\"button\"\n\t\t\taria-haspopup=\"dialog\"\n\t\t\taria-label=\"Enlarge\"\n\t\t\tdata-wp-init=\"callbacks.initTriggerButton\"\n\t\t\tdata-wp-on--click=\"actions.showLightbox\"\n\t\t\tdata-wp-style--right=\"state.imageButtonRight\"\n\t\t\tdata-wp-style--top=\"state.imageButtonTop\"\n\t\t>\n\t\t\t<svg xmlns=\"http:\/\/www.w3.org\/2000\/svg\" width=\"12\" height=\"12\" fill=\"none\" viewbox=\"0 0 12 12\">\n\t\t\t\t<path fill=\"#fff\" d=\"M2 0a2 2 0 0 0-2 2v2h1.5V2a.5.5 0 0 1 .5-.5h2V0H2Zm2 10.5H2a.5.5 0 0 1-.5-.5V8H0v2a2 2 0 0 0 2 2h2v-1.5ZM8 12v-1.5h2a.5.5 0 0 0 .5-.5V8H12v2a2 2 0 0 1-2 2H8Zm2-12a2 2 0 0 1 2 2v2h-1.5V2a.5.5 0 0 0-.5-.5H8V0h2Z\" \/>\n\t\t\t<\/svg>\n\t\t<\/button><\/figure>\n\n\n\n<p>Add the threats and hazards that the volunteers may be exposed to. Think about the location, equipment, natural hazards such as exposure to sunlight, getting lost in remote places, handling chemicals or contact with animals and include them on the left side of the paper.<\/p>\n\n\n\n<figure data-wp-context=\"{&quot;imageId&quot;:&quot;69f1e8da689da&quot;}\" data-wp-interactive=\"core\/image\" data-wp-key=\"69f1e8da689da\" class=\"wp-block-image aligncenter size-full wp-lightbox-container\"><img loading=\"lazy\" decoding=\"async\" width=\"800\" height=\"576\" data-wp-class--hide=\"state.isContentHidden\" data-wp-class--show=\"state.isContentVisible\" data-wp-init=\"callbacks.setButtonStyles\" data-wp-on--click=\"actions.showLightbox\" data-wp-on--load=\"callbacks.setButtonStyles\" data-wp-on-window--resize=\"callbacks.setButtonStyles\" src=\"https:\/\/familab.mkteam.org\/wp-content\/uploads\/2024\/12\/06_04__04s.jpg\" alt=\"Beispiele f\u00fcr k\u00f6rperliche Risiken im Projekt\" class=\"wp-image-1230\" srcset=\"https:\/\/familab.mkteam.org\/wp-content\/uploads\/2024\/12\/06_04__04s.jpg 800w, https:\/\/familab.mkteam.org\/wp-content\/uploads\/2024\/12\/06_04__04s-300x216.jpg 300w, https:\/\/familab.mkteam.org\/wp-content\/uploads\/2024\/12\/06_04__04s-768x553.jpg 768w, https:\/\/familab.mkteam.org\/wp-content\/uploads\/2024\/12\/06_04__04s-18x12.jpg 18w\" sizes=\"auto, (max-width: 800px) 100vw, 800px\" \/><button\n\t\t\tclass=\"lightbox-trigger\"\n\t\t\ttype=\"button\"\n\t\t\taria-haspopup=\"dialog\"\n\t\t\taria-label=\"Enlarge\"\n\t\t\tdata-wp-init=\"callbacks.initTriggerButton\"\n\t\t\tdata-wp-on--click=\"actions.showLightbox\"\n\t\t\tdata-wp-style--right=\"state.imageButtonRight\"\n\t\t\tdata-wp-style--top=\"state.imageButtonTop\"\n\t\t>\n\t\t\t<svg xmlns=\"http:\/\/www.w3.org\/2000\/svg\" width=\"12\" height=\"12\" fill=\"none\" viewbox=\"0 0 12 12\">\n\t\t\t\t<path fill=\"#fff\" d=\"M2 0a2 2 0 0 0-2 2v2h1.5V2a.5.5 0 0 1 .5-.5h2V0H2Zm2 10.5H2a.5.5 0 0 1-.5-.5V8H0v2a2 2 0 0 0 2 2h2v-1.5ZM8 12v-1.5h2a.5.5 0 0 0 .5-.5V8H12v2a2 2 0 0 1-2 2H8Zm2-12a2 2 0 0 1 2 2v2h-1.5V2a.5.5 0 0 0-.5-.5H8V0h2Z\" \/>\n\t\t\t<\/svg>\n\t\t<\/button><\/figure>\n\n\n\n<p>Now add on the right-hand side what measures could protect your volunteers from the hazards, e.g. sun or eye protection, gloves, people watching out for safety, instructions on the hazards...<\/p>\n\n\n\n<figure data-wp-context=\"{&quot;imageId&quot;:&quot;69f1e8da68d71&quot;}\" data-wp-interactive=\"core\/image\" data-wp-key=\"69f1e8da68d71\" class=\"wp-block-image size-full wp-lightbox-container\"><img loading=\"lazy\" decoding=\"async\" width=\"800\" height=\"584\" data-wp-class--hide=\"state.isContentHidden\" data-wp-class--show=\"state.isContentVisible\" data-wp-init=\"callbacks.setButtonStyles\" data-wp-on--click=\"actions.showLightbox\" data-wp-on--load=\"callbacks.setButtonStyles\" data-wp-on-window--resize=\"callbacks.setButtonStyles\" src=\"https:\/\/familab.mkteam.org\/wp-content\/uploads\/2024\/12\/06_04__05s.jpg\" alt=\"Beispiele f\u00fcr Schutz der Teilnehmenden\" class=\"wp-image-1232\" srcset=\"https:\/\/familab.mkteam.org\/wp-content\/uploads\/2024\/12\/06_04__05s.jpg 800w, https:\/\/familab.mkteam.org\/wp-content\/uploads\/2024\/12\/06_04__05s-300x219.jpg 300w, https:\/\/familab.mkteam.org\/wp-content\/uploads\/2024\/12\/06_04__05s-768x561.jpg 768w, https:\/\/familab.mkteam.org\/wp-content\/uploads\/2024\/12\/06_04__05s-16x12.jpg 16w\" sizes=\"auto, (max-width: 800px) 100vw, 800px\" \/><button\n\t\t\tclass=\"lightbox-trigger\"\n\t\t\ttype=\"button\"\n\t\t\taria-haspopup=\"dialog\"\n\t\t\taria-label=\"Enlarge\"\n\t\t\tdata-wp-init=\"callbacks.initTriggerButton\"\n\t\t\tdata-wp-on--click=\"actions.showLightbox\"\n\t\t\tdata-wp-style--right=\"state.imageButtonRight\"\n\t\t\tdata-wp-style--top=\"state.imageButtonTop\"\n\t\t>\n\t\t\t<svg xmlns=\"http:\/\/www.w3.org\/2000\/svg\" width=\"12\" height=\"12\" fill=\"none\" viewbox=\"0 0 12 12\">\n\t\t\t\t<path fill=\"#fff\" d=\"M2 0a2 2 0 0 0-2 2v2h1.5V2a.5.5 0 0 1 .5-.5h2V0H2Zm2 10.5H2a.5.5 0 0 1-.5-.5V8H0v2a2 2 0 0 0 2 2h2v-1.5ZM8 12v-1.5h2a.5.5 0 0 0 .5-.5V8H12v2a2 2 0 0 1-2 2H8Zm2-12a2 2 0 0 1 2 2v2h-1.5V2a.5.5 0 0 0-.5-.5H8V0h2Z\" \/>\n\t\t\t<\/svg>\n\t\t<\/button><\/figure>\n\n\n\n<h4 class=\"wp-block-heading\"><strong>Step 4 \u2013 Volunteers mental safety (10 minutes)<\/strong><\/h4>\n\n\n\n<p>Take another sheet of paper and give it the heading \"Psychological\". Divide it into two halves.<\/p>\n\n\n\n<figure data-wp-context=\"{&quot;imageId&quot;:&quot;69f1e8da69170&quot;}\" data-wp-interactive=\"core\/image\" data-wp-key=\"69f1e8da69170\" class=\"wp-block-image aligncenter size-full wp-lightbox-container\"><img loading=\"lazy\" decoding=\"async\" width=\"800\" height=\"581\" data-wp-class--hide=\"state.isContentHidden\" data-wp-class--show=\"state.isContentVisible\" data-wp-init=\"callbacks.setButtonStyles\" data-wp-on--click=\"actions.showLightbox\" data-wp-on--load=\"callbacks.setButtonStyles\" data-wp-on-window--resize=\"callbacks.setButtonStyles\" src=\"https:\/\/familab.mkteam.org\/wp-content\/uploads\/2024\/12\/06_04__06s.jpg\" alt=\"Arbeitsblatt psychische Risiken\" class=\"wp-image-1234\" srcset=\"https:\/\/familab.mkteam.org\/wp-content\/uploads\/2024\/12\/06_04__06s.jpg 800w, https:\/\/familab.mkteam.org\/wp-content\/uploads\/2024\/12\/06_04__06s-300x218.jpg 300w, https:\/\/familab.mkteam.org\/wp-content\/uploads\/2024\/12\/06_04__06s-768x558.jpg 768w, https:\/\/familab.mkteam.org\/wp-content\/uploads\/2024\/12\/06_04__06s-18x12.jpg 18w\" sizes=\"auto, (max-width: 800px) 100vw, 800px\" \/><button\n\t\t\tclass=\"lightbox-trigger\"\n\t\t\ttype=\"button\"\n\t\t\taria-haspopup=\"dialog\"\n\t\t\taria-label=\"Enlarge\"\n\t\t\tdata-wp-init=\"callbacks.initTriggerButton\"\n\t\t\tdata-wp-on--click=\"actions.showLightbox\"\n\t\t\tdata-wp-style--right=\"state.imageButtonRight\"\n\t\t\tdata-wp-style--top=\"state.imageButtonTop\"\n\t\t>\n\t\t\t<svg xmlns=\"http:\/\/www.w3.org\/2000\/svg\" width=\"12\" height=\"12\" fill=\"none\" viewbox=\"0 0 12 12\">\n\t\t\t\t<path fill=\"#fff\" d=\"M2 0a2 2 0 0 0-2 2v2h1.5V2a.5.5 0 0 1 .5-.5h2V0H2Zm2 10.5H2a.5.5 0 0 1-.5-.5V8H0v2a2 2 0 0 0 2 2h2v-1.5ZM8 12v-1.5h2a.5.5 0 0 0 .5-.5V8H12v2a2 2 0 0 1-2 2H8Zm2-12a2 2 0 0 1 2 2v2h-1.5V2a.5.5 0 0 0-.5-.5H8V0h2Z\" \/>\n\t\t\t<\/svg>\n\t\t<\/button><\/figure>\n\n\n\n<p>Now think about which psychological aspects could threaten or unsettle the volunteers, e.g. that they make mistakes, lack confidence in their skills, do not open up to certain topics, etc. Enter these points on the left-hand side of the paper.<\/p>\n\n\n\n<figure class=\"wp-block-image size-full\"><img loading=\"lazy\" decoding=\"async\" width=\"800\" height=\"600\" src=\"https:\/\/familab.mkteam.org\/wp-content\/uploads\/2024\/12\/06_04__07s.jpg\" alt=\"Arbeitsblatt Beispiele psychische Risiken\" class=\"wp-image-1236\" srcset=\"https:\/\/familab.mkteam.org\/wp-content\/uploads\/2024\/12\/06_04__07s.jpg 800w, https:\/\/familab.mkteam.org\/wp-content\/uploads\/2024\/12\/06_04__07s-300x225.jpg 300w, https:\/\/familab.mkteam.org\/wp-content\/uploads\/2024\/12\/06_04__07s-768x576.jpg 768w, https:\/\/familab.mkteam.org\/wp-content\/uploads\/2024\/12\/06_04__07s-16x12.jpg 16w\" sizes=\"auto, (max-width: 800px) 100vw, 800px\" \/><\/figure>\n\n\n\n<p>Now add on the right-hand side which measures can protect the volunteers from the risks or give them more security. For example:<\/p>\n\n\n\n<ul class=\"wp-block-list\">\n<li>Transparency about how the project works<\/li>\n\n\n\n<li>Clarity about the requirements<\/li>\n\n\n\n<li>The opportunity to try things out first.<\/li>\n\n\n\n<li>Mutual review of results<\/li>\n\n\n\n<li>&#8230;<\/li>\n<\/ul>\n\n\n\n<figure data-wp-context=\"{&quot;imageId&quot;:&quot;69f1e8da6a68f&quot;}\" data-wp-interactive=\"core\/image\" data-wp-key=\"69f1e8da6a68f\" class=\"wp-block-image aligncenter size-full wp-lightbox-container\"><img loading=\"lazy\" decoding=\"async\" width=\"800\" height=\"859\" data-wp-class--hide=\"state.isContentHidden\" data-wp-class--show=\"state.isContentVisible\" data-wp-init=\"callbacks.setButtonStyles\" data-wp-on--click=\"actions.showLightbox\" data-wp-on--load=\"callbacks.setButtonStyles\" data-wp-on-window--resize=\"callbacks.setButtonStyles\" src=\"https:\/\/familab.mkteam.org\/wp-content\/uploads\/2024\/12\/06_04__08s.jpg\" alt=\"Arbeitsblatt Beispiele Sicherheit f\u00fcr Freiwillige\" class=\"wp-image-1237\" srcset=\"https:\/\/familab.mkteam.org\/wp-content\/uploads\/2024\/12\/06_04__08s.jpg 800w, https:\/\/familab.mkteam.org\/wp-content\/uploads\/2024\/12\/06_04__08s-279x300.jpg 279w, https:\/\/familab.mkteam.org\/wp-content\/uploads\/2024\/12\/06_04__08s-768x825.jpg 768w, https:\/\/familab.mkteam.org\/wp-content\/uploads\/2024\/12\/06_04__08s-11x12.jpg 11w\" sizes=\"auto, (max-width: 800px) 100vw, 800px\" \/><button\n\t\t\tclass=\"lightbox-trigger\"\n\t\t\ttype=\"button\"\n\t\t\taria-haspopup=\"dialog\"\n\t\t\taria-label=\"Enlarge\"\n\t\t\tdata-wp-init=\"callbacks.initTriggerButton\"\n\t\t\tdata-wp-on--click=\"actions.showLightbox\"\n\t\t\tdata-wp-style--right=\"state.imageButtonRight\"\n\t\t\tdata-wp-style--top=\"state.imageButtonTop\"\n\t\t>\n\t\t\t<svg xmlns=\"http:\/\/www.w3.org\/2000\/svg\" width=\"12\" height=\"12\" fill=\"none\" viewbox=\"0 0 12 12\">\n\t\t\t\t<path fill=\"#fff\" d=\"M2 0a2 2 0 0 0-2 2v2h1.5V2a.5.5 0 0 1 .5-.5h2V0H2Zm2 10.5H2a.5.5 0 0 1-.5-.5V8H0v2a2 2 0 0 0 2 2h2v-1.5ZM8 12v-1.5h2a.5.5 0 0 0 .5-.5V8H12v2a2 2 0 0 1-2 2H8Zm2-12a2 2 0 0 1 2 2v2h-1.5V2a.5.5 0 0 0-.5-.5H8V0h2Z\" \/>\n\t\t\t<\/svg>\n\t\t<\/button><\/figure>\n\n\n\n<p>Take these aspects into account in your further planning and in the design of your information material and project setup. Create a cheat sheet on how to create a positive working atmosphere for volunteers and give them an exit option at any time.<\/p>\n\n\n\n<h4 class=\"wp-block-heading\"><strong>Step 5 \u2013 Rewarding volunteers (10 minutes)<\/strong><\/h4>\n\n\n\n<p>To recognize the contribution of volunteers, consider what might make them feel valued. Here are some ideas:<\/p>\n\n\n\n<ul class=\"wp-block-list\">\n<li>Hand them out a participation certificate.<\/li>\n\n\n\n<li>Organize vouchers or goodies from a local store.<\/li>\n\n\n\n<li>Organize goodies, like buttons, badges, bags or stickers.<\/li>\n\n\n\n<li>Ask for permission to take photos and include it in reporting.<\/li>\n\n\n\n<li>Ask for permission to include them in a video about the project.<\/li>\n\n\n\n<li>Invite them to the project presentation or let them take part in the presentation.<\/li>\n\n\n\n<li>Put up a wall where participants can note down their names and thoughts about the project.<\/li>\n\n\n\n<li>Provide free food and drinks.<\/li>\n\n\n\n<li>Sent an e-mail after the project, inform about the progress and thank them for participation.<\/li>\n\n\n\n<li>Set-up a photo booth where volunteers can take photos for Social Media.<\/li>\n\n\n\n<li>If you have enough budget, reward them financially<\/li>\n<\/ul>\n\n\n\n<hr class=\"wp-block-separator alignwide has-alpha-channel-opacity\" style=\"margin-top:var(--wp--preset--spacing--30);margin-bottom:var(--wp--preset--spacing--30)\"\/>\n\n\n\n<p><strong>Learning Outcomes - which skills are addressed?<\/strong><\/p>\n\n\n\n<p>You have learned to put yourself in the volunteers' shoes, assess risks and define protective measures. You have worked out how you can thank the volunteers for their participation. <\/p>\n\n\n\n<p><strong>How do you check the outcomes are reached?<\/strong><\/p>\n\n\n\n<p>The participants have a list of measures that they want to implement so that the participants feel safe and comfortable in the project. <\/p>\n\n\n\n<p><strong>De-Briefing questions<\/strong><\/p>\n\n\n\n<ul class=\"wp-block-list\">\n<li>Do you feel well enough prepared to welcome your volunteers to the project?<\/li>\n\n\n\n<li>In which areas are you unsure?<\/li>\n\n\n\n<li>Where could you get further support to make the participants feel safe?<\/li>\n<\/ul>\n\n\n\n<p><strong>Further links and readings<\/strong><\/p>\n\n\n\n<ul class=\"wp-block-list\">\n<li>Bulcock, J. (2022): A quick guide to running research interviews. <a href=\"https:\/\/medium.com\/@JeniferBulcock\/a-quick-guide-to-running-research-interviews-92802c95d7b4\"><u>https:\/\/medium.com\/@JeniferBulcock\/a-quick-guide-to-running-research-interviews-92802c95d7b4<\/u><\/a>&nbsp;(last viewed 04\/19\/2024)<\/li>\n\n\n\n<li>Emergo: 5 Tips to Ease Nervous Participants During Product Evaluations. <a href=\"https:\/\/www.emergobyul.com\/resources\/5-tips-ease-nervous-participants-during-product-evaluations\"><u>https:\/\/www.emergobyul.com\/resources\/5-tips-ease-nervous-participants-during-product-evaluations<\/u><\/a>&nbsp;(last viewed 04\/19\/2024)<\/li>\n\n\n\n<li>Kumar, P. (2022): Tips and Techniques for Making Participants Comfortable During Your User Research. <a href=\"https:\/\/www.myparticipants.com\/blog\/tips-and-techniques-for-making-participants-comfortable-during-your-user-research-studies\"><u>https:\/\/www.myparticipants.com\/blog\/tips-and-techniques-for-making-participants-comfortable-during-your-user-research-studies<\/u><\/a>&nbsp;(last viewed 04\/19\/2024)<\/li>\n\n\n\n<li>Tsai, A. et al. (2023): Leading Volunteer Motivation: How Leader Behaviour can Trigger and Fulfil Volunteers\u2019 Motivations&nbsp;<a href=\"https:\/\/link.springer.com\/article\/10.1007\/s11266-023-00588-6\">https:\/\/link.springer.com\/article\/10.1007\/s11266-023-00588-6<\/a>&nbsp;(last viewed 04\/19\/2024)<\/li>\n<\/ul>\n\n\n\n<div style=\"height:60px\" aria-hidden=\"true\" class=\"wp-block-spacer\"><\/div>\n\n\n\n<div class=\"wp-block-columns is-layout-flex wp-container-core-columns-is-layout-28f84493 wp-block-columns-is-layout-flex\">\n<div class=\"wp-block-column is-layout-flow wp-block-column-is-layout-flow\">\n<div class=\"wp-block-buttons is-content-justification-center is-layout-flex wp-container-core-buttons-is-layout-a89b3969 wp-block-buttons-is-layout-flex\">\n<div class=\"wp-block-button\"><a class=\"wp-block-button__link wp-element-button\" href=\"https:\/\/familab.mkteam.org\/en\/material\/ein-citizen-science-projekt-selber-machen\/6-das-team\/6-3-mit-erwartungen-umgehen\/\">&lt;&lt; Activity 6-3<\/a><\/div>\n<\/div>\n<\/div>\n\n\n\n<div class=\"wp-block-column is-layout-flow wp-block-column-is-layout-flow\">\n<div class=\"wp-block-buttons is-content-justification-center is-layout-flex wp-container-core-buttons-is-layout-a89b3969 wp-block-buttons-is-layout-flex\">\n<div class=\"wp-block-button\"><a class=\"wp-block-button__link wp-element-button\" href=\"https:\/\/familab.mkteam.org\/en\/material\/ein-citizen-science-projekt-selber-machen\/\">^ Overview<\/a><\/div>\n<\/div>\n<\/div>\n\n\n\n<div class=\"wp-block-column is-layout-flow wp-block-column-is-layout-flow\">\n<div class=\"wp-block-buttons is-content-justification-center is-layout-flex wp-container-core-buttons-is-layout-a89b3969 wp-block-buttons-is-layout-flex\">\n<div class=\"wp-block-button\"><a class=\"wp-block-button__link wp-element-button\" href=\"https:\/\/familab.mkteam.org\/en\/material\/ein-citizen-science-projekt-selber-machen\/7-naechste-schritte\/\">Part 7 &gt;&gt;<\/a><\/div>\n<\/div>\n<\/div>\n<\/div>\n\n\n\n<p><\/p>","protected":false},"excerpt":{"rendered":"<p>Ziel der Aktivit\u00e4t Diese Aktivit\u00e4t sensibilisiert dich f\u00fcr die besondere Situation und die Verletzlichkeit der Freiwilligen. In dieser Aktivit\u00e4t bekommst du Anregungen, wie du einen Raum schaffen kannst, in dem sich die Freiwilligen wohl und sicher f\u00fchlen. F\u00fcr diese Aktivit\u00e4t ist es von Vorteil, wenn du selbst schon mal an einem Citizen Science Projekt teilgenommen [&hellip;]<\/p>","protected":false},"author":2,"featured_media":1237,"parent":704,"menu_order":0,"comment_status":"closed","ping_status":"closed","template":"","meta":{"footnotes":""},"class_list":["post-1216","page","type-page","status-publish","has-post-thumbnail","hentry"],"_links":{"self":[{"href":"https:\/\/familab.mkteam.org\/en\/wp-json\/wp\/v2\/pages\/1216","targetHints":{"allow":["GET"]}}],"collection":[{"href":"https:\/\/familab.mkteam.org\/en\/wp-json\/wp\/v2\/pages"}],"about":[{"href":"https:\/\/familab.mkteam.org\/en\/wp-json\/wp\/v2\/types\/page"}],"author":[{"embeddable":true,"href":"https:\/\/familab.mkteam.org\/en\/wp-json\/wp\/v2\/users\/2"}],"replies":[{"embeddable":true,"href":"https:\/\/familab.mkteam.org\/en\/wp-json\/wp\/v2\/comments?post=1216"}],"version-history":[{"count":14,"href":"https:\/\/familab.mkteam.org\/en\/wp-json\/wp\/v2\/pages\/1216\/revisions"}],"predecessor-version":[{"id":1294,"href":"https:\/\/familab.mkteam.org\/en\/wp-json\/wp\/v2\/pages\/1216\/revisions\/1294"}],"up":[{"embeddable":true,"href":"https:\/\/familab.mkteam.org\/en\/wp-json\/wp\/v2\/pages\/704"}],"wp:featuredmedia":[{"embeddable":true,"href":"https:\/\/familab.mkteam.org\/en\/wp-json\/wp\/v2\/media\/1237"}],"wp:attachment":[{"href":"https:\/\/familab.mkteam.org\/en\/wp-json\/wp\/v2\/media?parent=1216"}],"curies":[{"name":"wp","href":"https:\/\/api.w.org\/{rel}","templated":true}]}}