{"id":1132,"date":"2024-12-12T07:46:08","date_gmt":"2024-12-12T07:46:08","guid":{"rendered":"https:\/\/familab.mkteam.org\/?page_id=1132"},"modified":"2025-02-10T15:50:24","modified_gmt":"2025-02-10T15:50:24","slug":"6-2-eine-community-aufbauen","status":"publish","type":"page","link":"https:\/\/familab.mkteam.org\/en\/material\/ein-citizen-science-projekt-selber-machen\/6-das-team\/6-2-eine-community-aufbauen\/","title":{"rendered":"6-2 Building a community"},"content":{"rendered":"<p><strong>Aims of the activity and description of target group<\/strong><\/p>\n\n\n\n<p>Every Citizen Science project has its roots in the community that supports and contributes to the project. In this activity, participants will reflect on the motivations of researchers and volunteers and how to build a community based on these motivations. Participants will learn about different approaches to building a community and find out for themselves which approach they would like to take. The activity is suitable for researchers and citizens in a group or individual learning setting. Session #1 and #2 should be carried out beforehand.<\/p>\n\n\n\n<p><strong>Resources, Materials needed<\/strong> <\/p>\n\n\n\n<ul class=\"wp-block-list\">\n<li>Paper, pen, color pencils<\/li>\n\n\n\n<li>Digital device + internet connection to watch online videos<\/li>\n\n\n\n<li>Example for Contribution page: <a href=\"https:\/\/familab.mkteam.org\/wp-content\/uploads\/2024\/12\/Module2_6-2-Contribute_Example.pdf\">Module2_6-2-Contribute_Example.pdf<\/a><\/li>\n<\/ul>\n\n\n\n<p><strong>Duration<\/strong><\/p>\n\n\n\n<p>60 minutes<\/p>\n\n\n\n<hr class=\"wp-block-separator alignwide has-alpha-channel-opacity\" style=\"margin-top:var(--wp--preset--spacing--30);margin-bottom:var(--wp--preset--spacing--30)\"\/>\n\n\n\n<h4 class=\"wp-block-heading\"><strong>Step 1 \u2013 Map motivations (10 minutes)<\/strong><\/h4>\n\n\n\n<p>Take a sheet of paper and give it the title \"Motivation map\". Divide the paper into three sections. Name the left-hand section \"I\", the middle section \"Shared\" and the right-hand section \"Volunteers\".<\/p>\n\n\n\n<figure data-wp-context=\"{&quot;imageId&quot;:&quot;69f1e8ea594a3&quot;}\" data-wp-interactive=\"core\/image\" data-wp-key=\"69f1e8ea594a3\" class=\"wp-block-image aligncenter size-full wp-lightbox-container\"><img loading=\"lazy\" decoding=\"async\" width=\"800\" height=\"575\" data-wp-class--hide=\"state.isContentHidden\" data-wp-class--show=\"state.isContentVisible\" data-wp-init=\"callbacks.setButtonStyles\" data-wp-on--click=\"actions.showLightbox\" data-wp-on--load=\"callbacks.setButtonStyles\" data-wp-on-window--resize=\"callbacks.setButtonStyles\" src=\"https:\/\/familab.mkteam.org\/wp-content\/uploads\/2024\/12\/06_02__01s.jpg\" alt=\"Motive sammeln\" class=\"wp-image-1158\" srcset=\"https:\/\/familab.mkteam.org\/wp-content\/uploads\/2024\/12\/06_02__01s.jpg 800w, https:\/\/familab.mkteam.org\/wp-content\/uploads\/2024\/12\/06_02__01s-300x216.jpg 300w, https:\/\/familab.mkteam.org\/wp-content\/uploads\/2024\/12\/06_02__01s-768x552.jpg 768w, https:\/\/familab.mkteam.org\/wp-content\/uploads\/2024\/12\/06_02__01s-18x12.jpg 18w\" sizes=\"auto, (max-width: 800px) 100vw, 800px\" \/><button\n\t\t\tclass=\"lightbox-trigger\"\n\t\t\ttype=\"button\"\n\t\t\taria-haspopup=\"dialog\"\n\t\t\taria-label=\"Enlarge\"\n\t\t\tdata-wp-init=\"callbacks.initTriggerButton\"\n\t\t\tdata-wp-on--click=\"actions.showLightbox\"\n\t\t\tdata-wp-style--right=\"state.imageButtonRight\"\n\t\t\tdata-wp-style--top=\"state.imageButtonTop\"\n\t\t>\n\t\t\t<svg xmlns=\"http:\/\/www.w3.org\/2000\/svg\" width=\"12\" height=\"12\" fill=\"none\" viewbox=\"0 0 12 12\">\n\t\t\t\t<path fill=\"#fff\" d=\"M2 0a2 2 0 0 0-2 2v2h1.5V2a.5.5 0 0 1 .5-.5h2V0H2Zm2 10.5H2a.5.5 0 0 1-.5-.5V8H0v2a2 2 0 0 0 2 2h2v-1.5ZM8 12v-1.5h2a.5.5 0 0 0 .5-.5V8H12v2a2 2 0 0 1-2 2H8Zm2-12a2 2 0 0 1 2 2v2h-1.5V2a.5.5 0 0 0-.5-.5H8V0h2Z\" \/>\n\t\t\t<\/svg>\n\t\t<\/button><\/figure>\n\n\n\n<p>In the three columns, enter what motivates you or the volunteers to take part in the project. In the middle section, enter the motivation that you and the volunteers share. There are multiple options for motivation of volunteers. Some can be:<\/p>\n\n\n\n<ul class=\"wp-block-list\">\n<li>Interest in theme or topic <\/li>\n\n\n\n<li>Monetary reward<\/li>\n\n\n\n<li>Contributing to scientific research<\/li>\n\n\n\n<li>Benefit for career<\/li>\n\n\n\n<li>Desire to help<\/li>\n\n\n\n<li>Personal growth<\/li>\n\n\n\n<li>Values<\/li>\n\n\n\n<li>Sharing existing knowledge with others<\/li>\n\n\n\n<li>Social recognition<\/li>\n\n\n\n<li>Engaging in a community<\/li>\n\n\n\n<li>Fun and enjoyment<\/li>\n\n\n\n<li>Possibilities to learn<\/li>\n<\/ul>\n\n\n\n<figure data-wp-context=\"{&quot;imageId&quot;:&quot;69f1e8ea59d72&quot;}\" data-wp-interactive=\"core\/image\" data-wp-key=\"69f1e8ea59d72\" class=\"wp-block-image aligncenter size-full wp-lightbox-container\"><img loading=\"lazy\" decoding=\"async\" width=\"800\" height=\"585\" data-wp-class--hide=\"state.isContentHidden\" data-wp-class--show=\"state.isContentVisible\" data-wp-init=\"callbacks.setButtonStyles\" data-wp-on--click=\"actions.showLightbox\" data-wp-on--load=\"callbacks.setButtonStyles\" data-wp-on-window--resize=\"callbacks.setButtonStyles\" src=\"https:\/\/familab.mkteam.org\/wp-content\/uploads\/2024\/12\/06_02__02s.jpg\" alt=\"\u00dcbersicht Motive der Projektbeteiligten\" class=\"wp-image-1161\" srcset=\"https:\/\/familab.mkteam.org\/wp-content\/uploads\/2024\/12\/06_02__02s.jpg 800w, https:\/\/familab.mkteam.org\/wp-content\/uploads\/2024\/12\/06_02__02s-300x219.jpg 300w, https:\/\/familab.mkteam.org\/wp-content\/uploads\/2024\/12\/06_02__02s-768x562.jpg 768w, https:\/\/familab.mkteam.org\/wp-content\/uploads\/2024\/12\/06_02__02s-16x12.jpg 16w\" sizes=\"auto, (max-width: 800px) 100vw, 800px\" \/><button\n\t\t\tclass=\"lightbox-trigger\"\n\t\t\ttype=\"button\"\n\t\t\taria-haspopup=\"dialog\"\n\t\t\taria-label=\"Enlarge\"\n\t\t\tdata-wp-init=\"callbacks.initTriggerButton\"\n\t\t\tdata-wp-on--click=\"actions.showLightbox\"\n\t\t\tdata-wp-style--right=\"state.imageButtonRight\"\n\t\t\tdata-wp-style--top=\"state.imageButtonTop\"\n\t\t>\n\t\t\t<svg xmlns=\"http:\/\/www.w3.org\/2000\/svg\" width=\"12\" height=\"12\" fill=\"none\" viewbox=\"0 0 12 12\">\n\t\t\t\t<path fill=\"#fff\" d=\"M2 0a2 2 0 0 0-2 2v2h1.5V2a.5.5 0 0 1 .5-.5h2V0H2Zm2 10.5H2a.5.5 0 0 1-.5-.5V8H0v2a2 2 0 0 0 2 2h2v-1.5ZM8 12v-1.5h2a.5.5 0 0 0 .5-.5V8H12v2a2 2 0 0 1-2 2H8Zm2-12a2 2 0 0 1 2 2v2h-1.5V2a.5.5 0 0 0-.5-.5H8V0h2Z\" \/>\n\t\t\t<\/svg>\n\t\t<\/button><\/figure>\n\n\n\n<h4 class=\"wp-block-heading\"><strong>Step 2 \u2013 Describe volunteers\u2019 tasks (30 minutes)<\/strong><\/h4>\n\n\n\n<p>Take a few minutes to watch some of the project presentation videos in SciStarter's \u201cHow To Videos for Citizen Scientists\u201d playlist to get an idea of how to explain a project to volunteers: <a href=\"https:\/\/www.youtube.com\/playlist?list=PLwA1sbEnQNrMd1i6Lpk8lzC7OLU8HFPf9\">https:\/\/www.youtube.com\/playlist?list=PLwA1sbEnQNrMd1i6Lpk8lzC7OLU8HFPf9<\/a><\/p>\n\n\n\n<p>You can also use these examples as a guide:<\/p>\n\n\n\n<ul class=\"wp-block-list\">\n<li><a href=\"https:\/\/www.livesproject.eu\/participate-fr\/\"><u>https:\/\/www.livesproject.eu\/participate-fr\/<\/u><\/a>&nbsp;<\/li>\n\n\n\n<li><a href=\"https:\/\/belpreg.be\/en\/\"><u>https:\/\/belpreg.be\/en\/<\/u><\/a>&nbsp;<\/li>\n\n\n\n<li><a href=\"https:\/\/szunyogmonitor.hu\/index.php\/sending-a-sample\/\"><u>https:\/\/szunyogmonitor.hu\/index.php\/sending-a-sample\/<\/u><\/a>&nbsp;<\/li>\n\n\n\n<li><a href=\"https:\/\/www.plastic-pirates.eu\/en\"><u>https:\/\/www.plastic-pirates.eu\/en<\/u><\/a>&nbsp;<\/li>\n\n\n\n<li><a href=\"https:\/\/lingscape.uni.lu\/\"><u>https:\/\/lingscape.uni.lu\/<\/u><\/a>&nbsp;<\/li>\n<\/ul>\n\n\n\n<p>Now write a short introduction for your volunteers. Use your motivation map to address all relevant motivations. Imagine you have set up your project website and you are now writing the content for the \"Get Involved\" page, which gives participants a brief overview of the project and their contribution. Insert:<\/p>\n\n\n\n<ul class=\"wp-block-list\">\n<li>Who are you?<\/li>\n\n\n\n<li>Brief description of the project and the reason for carrying out the project.<\/li>\n\n\n\n<li>Why is the project relevant?<\/li>\n\n\n\n<li>Who can participate?<\/li>\n\n\n\n<li>What is the task of the volunteers?<\/li>\n\n\n\n<li>What is the timeframe for the project?<\/li>\n\n\n\n<li>What are the requirements?<\/li>\n\n\n\n<li>How much time do the volunteers have to invest?<\/li>\n<\/ul>\n\n\n\n<p>Further tips: <a href=\"https:\/\/participatorysciences.org\/2020\/04\/14\/engaging-volunteers-online\/\">https:\/\/participatorysciences.org\/2020\/04\/14\/engaging-volunteers-online\/<\/a>. Keep in mind to use plain language (<a href=\"https:\/\/familab.mkteam.org\/en\/material\/ein-citizen-science-projekt-selber-machen\/4-passen-meine-faehigkeiten-zu-citizen-science\/4-4-einfache-sprache\/\" data-type=\"page\" data-id=\"969\">Session 4, Activity 4<\/a>).<\/p>\n\n\n\n<figure data-wp-context=\"{&quot;imageId&quot;:&quot;69f1e8ea5a73f&quot;}\" data-wp-interactive=\"core\/image\" data-wp-key=\"69f1e8ea5a73f\" class=\"wp-block-image aligncenter size-full is-resized wp-lightbox-container\"><img loading=\"lazy\" decoding=\"async\" width=\"600\" height=\"800\" data-wp-class--hide=\"state.isContentHidden\" data-wp-class--show=\"state.isContentVisible\" data-wp-init=\"callbacks.setButtonStyles\" data-wp-on--click=\"actions.showLightbox\" data-wp-on--load=\"callbacks.setButtonStyles\" data-wp-on-window--resize=\"callbacks.setButtonStyles\" src=\"https:\/\/familab.mkteam.org\/wp-content\/uploads\/2024\/12\/06_02__03s.jpg\" alt=\"Beispiel f\u00fcr eine Projekteinleitung\" class=\"wp-image-1163\" style=\"width:435px;height:auto\" srcset=\"https:\/\/familab.mkteam.org\/wp-content\/uploads\/2024\/12\/06_02__03s.jpg 600w, https:\/\/familab.mkteam.org\/wp-content\/uploads\/2024\/12\/06_02__03s-225x300.jpg 225w, https:\/\/familab.mkteam.org\/wp-content\/uploads\/2024\/12\/06_02__03s-9x12.jpg 9w\" sizes=\"auto, (max-width: 600px) 100vw, 600px\" \/><button\n\t\t\tclass=\"lightbox-trigger\"\n\t\t\ttype=\"button\"\n\t\t\taria-haspopup=\"dialog\"\n\t\t\taria-label=\"Enlarge\"\n\t\t\tdata-wp-init=\"callbacks.initTriggerButton\"\n\t\t\tdata-wp-on--click=\"actions.showLightbox\"\n\t\t\tdata-wp-style--right=\"state.imageButtonRight\"\n\t\t\tdata-wp-style--top=\"state.imageButtonTop\"\n\t\t>\n\t\t\t<svg xmlns=\"http:\/\/www.w3.org\/2000\/svg\" width=\"12\" height=\"12\" fill=\"none\" viewbox=\"0 0 12 12\">\n\t\t\t\t<path fill=\"#fff\" d=\"M2 0a2 2 0 0 0-2 2v2h1.5V2a.5.5 0 0 1 .5-.5h2V0H2Zm2 10.5H2a.5.5 0 0 1-.5-.5V8H0v2a2 2 0 0 0 2 2h2v-1.5ZM8 12v-1.5h2a.5.5 0 0 0 .5-.5V8H12v2a2 2 0 0 1-2 2H8Zm2-12a2 2 0 0 1 2 2v2h-1.5V2a.5.5 0 0 0-.5-.5H8V0h2Z\" \/>\n\t\t\t<\/svg>\n\t\t<\/button><\/figure>\n\n\n\n<h4 class=\"wp-block-heading\"><strong>Step 3 \u2013 Strategy for acquisition and community building (20 minutes)<\/strong><\/h4>\n\n\n\n<p>Take a new sheet of paper and create 3 sections with the following headlines:<\/p>\n\n\n\n<ul class=\"wp-block-list\">\n<li>Who to reach?<\/li>\n\n\n\n<li>How to reach?<\/li>\n\n\n\n<li>How to interact and update?<\/li>\n<\/ul>\n\n\n\n<figure data-wp-context=\"{&quot;imageId&quot;:&quot;69f1e8ea5adae&quot;}\" data-wp-interactive=\"core\/image\" data-wp-key=\"69f1e8ea5adae\" class=\"wp-block-image aligncenter size-full is-resized wp-lightbox-container\"><img loading=\"lazy\" decoding=\"async\" width=\"600\" height=\"800\" data-wp-class--hide=\"state.isContentHidden\" data-wp-class--show=\"state.isContentVisible\" data-wp-init=\"callbacks.setButtonStyles\" data-wp-on--click=\"actions.showLightbox\" data-wp-on--load=\"callbacks.setButtonStyles\" data-wp-on-window--resize=\"callbacks.setButtonStyles\" src=\"https:\/\/familab.mkteam.org\/wp-content\/uploads\/2024\/12\/06_02__04s.jpg\" alt=\"Strategiepapier um Freiwillige zu gewinnen und die Community aufzubauen.\" class=\"wp-image-1166\" style=\"width:388px;height:auto\" srcset=\"https:\/\/familab.mkteam.org\/wp-content\/uploads\/2024\/12\/06_02__04s.jpg 600w, https:\/\/familab.mkteam.org\/wp-content\/uploads\/2024\/12\/06_02__04s-225x300.jpg 225w, https:\/\/familab.mkteam.org\/wp-content\/uploads\/2024\/12\/06_02__04s-9x12.jpg 9w\" sizes=\"auto, (max-width: 600px) 100vw, 600px\" \/><button\n\t\t\tclass=\"lightbox-trigger\"\n\t\t\ttype=\"button\"\n\t\t\taria-haspopup=\"dialog\"\n\t\t\taria-label=\"Enlarge\"\n\t\t\tdata-wp-init=\"callbacks.initTriggerButton\"\n\t\t\tdata-wp-on--click=\"actions.showLightbox\"\n\t\t\tdata-wp-style--right=\"state.imageButtonRight\"\n\t\t\tdata-wp-style--top=\"state.imageButtonTop\"\n\t\t>\n\t\t\t<svg xmlns=\"http:\/\/www.w3.org\/2000\/svg\" width=\"12\" height=\"12\" fill=\"none\" viewbox=\"0 0 12 12\">\n\t\t\t\t<path fill=\"#fff\" d=\"M2 0a2 2 0 0 0-2 2v2h1.5V2a.5.5 0 0 1 .5-.5h2V0H2Zm2 10.5H2a.5.5 0 0 1-.5-.5V8H0v2a2 2 0 0 0 2 2h2v-1.5ZM8 12v-1.5h2a.5.5 0 0 0 .5-.5V8H12v2a2 2 0 0 1-2 2H8Zm2-12a2 2 0 0 1 2 2v2h-1.5V2a.5.5 0 0 0-.5-.5H8V0h2Z\" \/>\n\t\t\t<\/svg>\n\t\t<\/button><\/figure>\n\n\n\n<p>Start by describing the people you would like to recruit as volunteers for the project.<\/p>\n\n\n\n<ul class=\"wp-block-list\">\n<li>Who are these people?<\/li>\n\n\n\n<li>What qualifies them to participate in the project?<\/li>\n\n\n\n<li>What do they do?<\/li>\n\n\n\n<li>Where do they come from?<\/li>\n<\/ul>\n\n\n\n<figure data-wp-context=\"{&quot;imageId&quot;:&quot;69f1e8ea5b402&quot;}\" data-wp-interactive=\"core\/image\" data-wp-key=\"69f1e8ea5b402\" class=\"wp-block-image aligncenter size-full wp-lightbox-container\"><img loading=\"lazy\" decoding=\"async\" width=\"800\" height=\"355\" data-wp-class--hide=\"state.isContentHidden\" data-wp-class--show=\"state.isContentVisible\" data-wp-init=\"callbacks.setButtonStyles\" data-wp-on--click=\"actions.showLightbox\" data-wp-on--load=\"callbacks.setButtonStyles\" data-wp-on-window--resize=\"callbacks.setButtonStyles\" src=\"https:\/\/familab.mkteam.org\/wp-content\/uploads\/2024\/12\/06_02__05s.jpg\" alt=\"Zielgruppe Freiwillige\" class=\"wp-image-1169\" srcset=\"https:\/\/familab.mkteam.org\/wp-content\/uploads\/2024\/12\/06_02__05s.jpg 800w, https:\/\/familab.mkteam.org\/wp-content\/uploads\/2024\/12\/06_02__05s-300x133.jpg 300w, https:\/\/familab.mkteam.org\/wp-content\/uploads\/2024\/12\/06_02__05s-768x341.jpg 768w, https:\/\/familab.mkteam.org\/wp-content\/uploads\/2024\/12\/06_02__05s-18x8.jpg 18w\" sizes=\"auto, (max-width: 800px) 100vw, 800px\" \/><button\n\t\t\tclass=\"lightbox-trigger\"\n\t\t\ttype=\"button\"\n\t\t\taria-haspopup=\"dialog\"\n\t\t\taria-label=\"Enlarge\"\n\t\t\tdata-wp-init=\"callbacks.initTriggerButton\"\n\t\t\tdata-wp-on--click=\"actions.showLightbox\"\n\t\t\tdata-wp-style--right=\"state.imageButtonRight\"\n\t\t\tdata-wp-style--top=\"state.imageButtonTop\"\n\t\t>\n\t\t\t<svg xmlns=\"http:\/\/www.w3.org\/2000\/svg\" width=\"12\" height=\"12\" fill=\"none\" viewbox=\"0 0 12 12\">\n\t\t\t\t<path fill=\"#fff\" d=\"M2 0a2 2 0 0 0-2 2v2h1.5V2a.5.5 0 0 1 .5-.5h2V0H2Zm2 10.5H2a.5.5 0 0 1-.5-.5V8H0v2a2 2 0 0 0 2 2h2v-1.5ZM8 12v-1.5h2a.5.5 0 0 0 .5-.5V8H12v2a2 2 0 0 1-2 2H8Zm2-12a2 2 0 0 1 2 2v2h-1.5V2a.5.5 0 0 0-.5-.5H8V0h2Z\" \/>\n\t\t\t<\/svg>\n\t\t<\/button><\/figure>\n\n\n\n<p>Next enter options how you can reach these people to join your project:<\/p>\n\n\n\n<ul class=\"wp-block-list\">\n<li>Local options (organizations, meetings places, municipal institutions,...)<\/li>\n\n\n\n<li>Online options (websites, Social Media, Groups,...)<\/li>\n<\/ul>\n\n\n\n<figure data-wp-context=\"{&quot;imageId&quot;:&quot;69f1e8ea5ba0f&quot;}\" data-wp-interactive=\"core\/image\" data-wp-key=\"69f1e8ea5ba0f\" class=\"wp-block-image aligncenter size-full wp-lightbox-container\"><img loading=\"lazy\" decoding=\"async\" width=\"800\" height=\"297\" data-wp-class--hide=\"state.isContentHidden\" data-wp-class--show=\"state.isContentVisible\" data-wp-init=\"callbacks.setButtonStyles\" data-wp-on--click=\"actions.showLightbox\" data-wp-on--load=\"callbacks.setButtonStyles\" data-wp-on-window--resize=\"callbacks.setButtonStyles\" src=\"https:\/\/familab.mkteam.org\/wp-content\/uploads\/2024\/12\/06_02__06s.jpg\" alt=\"Wie und wo erreicht man die Freiwilligen\" class=\"wp-image-1171\" srcset=\"https:\/\/familab.mkteam.org\/wp-content\/uploads\/2024\/12\/06_02__06s.jpg 800w, https:\/\/familab.mkteam.org\/wp-content\/uploads\/2024\/12\/06_02__06s-300x111.jpg 300w, https:\/\/familab.mkteam.org\/wp-content\/uploads\/2024\/12\/06_02__06s-768x285.jpg 768w, https:\/\/familab.mkteam.org\/wp-content\/uploads\/2024\/12\/06_02__06s-18x7.jpg 18w\" sizes=\"auto, (max-width: 800px) 100vw, 800px\" \/><button\n\t\t\tclass=\"lightbox-trigger\"\n\t\t\ttype=\"button\"\n\t\t\taria-haspopup=\"dialog\"\n\t\t\taria-label=\"Enlarge\"\n\t\t\tdata-wp-init=\"callbacks.initTriggerButton\"\n\t\t\tdata-wp-on--click=\"actions.showLightbox\"\n\t\t\tdata-wp-style--right=\"state.imageButtonRight\"\n\t\t\tdata-wp-style--top=\"state.imageButtonTop\"\n\t\t>\n\t\t\t<svg xmlns=\"http:\/\/www.w3.org\/2000\/svg\" width=\"12\" height=\"12\" fill=\"none\" viewbox=\"0 0 12 12\">\n\t\t\t\t<path fill=\"#fff\" d=\"M2 0a2 2 0 0 0-2 2v2h1.5V2a.5.5 0 0 1 .5-.5h2V0H2Zm2 10.5H2a.5.5 0 0 1-.5-.5V8H0v2a2 2 0 0 0 2 2h2v-1.5ZM8 12v-1.5h2a.5.5 0 0 0 .5-.5V8H12v2a2 2 0 0 1-2 2H8Zm2-12a2 2 0 0 1 2 2v2h-1.5V2a.5.5 0 0 0-.5-.5H8V0h2Z\" \/>\n\t\t\t<\/svg>\n\t\t<\/button><\/figure>\n\n\n\n<p>Finally, specify the options for interacting with the volunteers and keeping them informed about the project.<\/p>\n\n\n\n<figure data-wp-context=\"{&quot;imageId&quot;:&quot;69f1e8ea5bf28&quot;}\" data-wp-interactive=\"core\/image\" data-wp-key=\"69f1e8ea5bf28\" class=\"wp-block-image aligncenter size-full wp-lightbox-container\"><img loading=\"lazy\" decoding=\"async\" width=\"800\" height=\"451\" data-wp-class--hide=\"state.isContentHidden\" data-wp-class--show=\"state.isContentVisible\" data-wp-init=\"callbacks.setButtonStyles\" data-wp-on--click=\"actions.showLightbox\" data-wp-on--load=\"callbacks.setButtonStyles\" data-wp-on-window--resize=\"callbacks.setButtonStyles\" src=\"https:\/\/familab.mkteam.org\/wp-content\/uploads\/2024\/12\/06_02__07s.jpg\" alt=\"Kommunikation mit Freiwilligen\" class=\"wp-image-1173\" srcset=\"https:\/\/familab.mkteam.org\/wp-content\/uploads\/2024\/12\/06_02__07s.jpg 800w, https:\/\/familab.mkteam.org\/wp-content\/uploads\/2024\/12\/06_02__07s-300x169.jpg 300w, https:\/\/familab.mkteam.org\/wp-content\/uploads\/2024\/12\/06_02__07s-768x433.jpg 768w, https:\/\/familab.mkteam.org\/wp-content\/uploads\/2024\/12\/06_02__07s-18x10.jpg 18w\" sizes=\"auto, (max-width: 800px) 100vw, 800px\" \/><button\n\t\t\tclass=\"lightbox-trigger\"\n\t\t\ttype=\"button\"\n\t\t\taria-haspopup=\"dialog\"\n\t\t\taria-label=\"Enlarge\"\n\t\t\tdata-wp-init=\"callbacks.initTriggerButton\"\n\t\t\tdata-wp-on--click=\"actions.showLightbox\"\n\t\t\tdata-wp-style--right=\"state.imageButtonRight\"\n\t\t\tdata-wp-style--top=\"state.imageButtonTop\"\n\t\t>\n\t\t\t<svg xmlns=\"http:\/\/www.w3.org\/2000\/svg\" width=\"12\" height=\"12\" fill=\"none\" viewbox=\"0 0 12 12\">\n\t\t\t\t<path fill=\"#fff\" d=\"M2 0a2 2 0 0 0-2 2v2h1.5V2a.5.5 0 0 1 .5-.5h2V0H2Zm2 10.5H2a.5.5 0 0 1-.5-.5V8H0v2a2 2 0 0 0 2 2h2v-1.5ZM8 12v-1.5h2a.5.5 0 0 0 .5-.5V8H12v2a2 2 0 0 1-2 2H8Zm2-12a2 2 0 0 1 2 2v2h-1.5V2a.5.5 0 0 0-.5-.5H8V0h2Z\" \/>\n\t\t\t<\/svg>\n\t\t<\/button><\/figure>\n\n\n\n<p>Update your project plan now if you have come across new tasks during this activity. <\/p>\n\n\n\n<hr class=\"wp-block-separator alignwide has-alpha-channel-opacity\" style=\"margin-top:var(--wp--preset--spacing--30);margin-bottom:var(--wp--preset--spacing--30)\"\/>\n\n\n\n<p><strong>Learning Outcomes - which skills are addressed?<\/strong><\/p>\n\n\n\n<p>The participants examined their own motivations and anticipated those of their volunteers. On this basis, they wrote an introductory text to recruit volunteers. The participants also reflected and collected opportunities on how and where they can recruit volunteers and what opportunities there are to keep in touch with them.<\/p>\n\n\n\n<p><strong>How do you check the outcomes are reached?<\/strong><\/p>\n\n\n\n<p>The participants listed their motivations, wrote a recruitment text and drew up a rough plan of how they want to recruit volunteers and stay in contact with them. <\/p>\n\n\n\n<p><strong>De-Briefing questions<\/strong><\/p>\n\n\n\n<ul class=\"wp-block-list\">\n<li>Do you feel that the group of potential volunteers is well defined?<\/li>\n\n\n\n<li>How confident are you of recruiting enough volunteers?<\/li>\n<\/ul>\n\n\n\n<p><strong>Further links and readings<\/strong><\/p>\n\n\n\n<ul class=\"wp-block-list\">\n<li>Association for Advancing Participatory Science (2020): How to Engage Volunteers Online. <a href=\"https:\/\/participatorysciences.org\/2020\/04\/14\/engaging-volunteers-online\/\"><u>https:\/\/participatorysciences.org\/2020\/04\/14\/engaging-volunteers-online\/<\/u><\/a>&nbsp;(last viewed 04\/04\/2024)<\/li>\n\n\n\n<li>Citizenscience.gov Toolkit: Step 3 \u2014 Build a Community. <a href=\"https:\/\/www.citizenscience.gov\/toolkit\/howto\/step3\/#\"><u>https:\/\/www.citizenscience.gov\/toolkit\/howto\/step3\/#<\/u><\/a>&nbsp;(last viewed 04\/03\/2024)<\/li>\n\n\n\n<li>Conroy, Gemma (2019): How to run a successful citizen science project. Keeping participants involved can go a long way. <a href=\"https:\/\/www.nature.com\/nature-index\/news\/how-to-run-successful-citizen-science-project\"><u>https:\/\/www.nature.com\/nature-index\/news\/how-to-run-successful-citizen-science-project<\/u><\/a>&nbsp;(last viewed 03\/25\/2024)<\/li>\n\n\n\n<li>Golumbic, Yaela &amp; Oesterheld, Marius (2023): From goals to engagement\u2014evaluating citizen science project descriptions as science communication texts <a href=\"https:\/\/www.frontiersin.org\/articles\/10.3389\/fenvs.2023.1228480\/full\"><u>https:\/\/www.frontiersin.org\/articles\/10.3389\/fenvs.2023.1228480\/full<\/u><\/a>&nbsp;(last viewed 03\/25\/2024)<\/li>\n\n\n\n<li>Kirn, S.L., Ford, M.E., Collay, R., Henderson, S., Jolly, E., Trautmann, N.M., Arndt, L., Lorek Strauss, A. 2016. Learning in Citizen Science: An Aspirational Vision and Ten Questions to Prompt Reflection on Practice.&nbsp;<a href=\"https:\/\/participatorysciences.org\/2016\/09\/01\/learning-through-citizen-science-an-aspirational-vision-and-ten-questions-to-prompt-reflection-on-practice\/\"><u>https:\/\/participatorysciences.org\/2016\/09\/01\/learning-through-citizen-science-an-aspirational-vision-and-ten-questions-to-prompt-reflection-on-practice\/<\/u><\/a>&nbsp;(last viewed 04\/04\/2024)<\/li>\n\n\n\n<li>Veeckman, C. et al. (2019): Communication in Citizen Science. A practical guide to communication and engagement in citizen science. <a href=\"https:\/\/www.scivil.be\/sites\/default\/files\/paragraph\/files\/2020-01\/Scivil Communication Guide.pdf\"><u>https:\/\/www.scivil.be\/sites\/default\/files\/paragraph\/files\/2020-01\/Scivil%20Communication%20Guide.pdf<\/u><\/a>&nbsp;(last viewed 03\/04\/2024)<\/li>\n<\/ul>\n\n\n\n<div style=\"height:60px\" aria-hidden=\"true\" class=\"wp-block-spacer\"><\/div>\n\n\n\n<div class=\"wp-block-columns is-layout-flex wp-container-core-columns-is-layout-28f84493 wp-block-columns-is-layout-flex\">\n<div class=\"wp-block-column is-layout-flow wp-block-column-is-layout-flow\">\n<div class=\"wp-block-buttons is-content-justification-center is-layout-flex wp-container-core-buttons-is-layout-a89b3969 wp-block-buttons-is-layout-flex\">\n<div class=\"wp-block-button\"><a class=\"wp-block-button__link wp-element-button\" href=\"https:\/\/familab.mkteam.org\/en\/material\/ein-citizen-science-projekt-selber-machen\/6-das-team\/6-1-wen-brauchen-wir\/\">&lt;&lt; Activity 6-1<\/a><\/div>\n<\/div>\n<\/div>\n\n\n\n<div class=\"wp-block-column is-layout-flow wp-block-column-is-layout-flow\">\n<div class=\"wp-block-buttons is-content-justification-center is-layout-flex wp-container-core-buttons-is-layout-a89b3969 wp-block-buttons-is-layout-flex\">\n<div class=\"wp-block-button\"><a class=\"wp-block-button__link wp-element-button\" href=\"https:\/\/familab.mkteam.org\/en\/material\/ein-citizen-science-projekt-selber-machen\/\">^ Overview<\/a><\/div>\n<\/div>\n<\/div>\n\n\n\n<div class=\"wp-block-column is-layout-flow wp-block-column-is-layout-flow\">\n<div class=\"wp-block-buttons is-content-justification-center is-layout-flex wp-container-core-buttons-is-layout-a89b3969 wp-block-buttons-is-layout-flex\">\n<div class=\"wp-block-button\"><a class=\"wp-block-button__link wp-element-button\" href=\"https:\/\/familab.mkteam.org\/en\/material\/ein-citizen-science-projekt-selber-machen\/6-das-team\/6-3-mit-erwartungen-umgehen\/\">Activity 6-3 &gt;&gt;<\/a><\/div>\n<\/div>\n<\/div>\n<\/div>\n\n\n\n<p><\/p>","protected":false},"excerpt":{"rendered":"<p>Ziel der Aktivit\u00e4t Eine Community aus Interessierten und Freiwilligen ist wichtig f\u00fcr jedes Citizen Science Projekt. In dieser Aktivit\u00e4t geht es um die Motivation von Forschenden und Freiwilligen und darum, wie man eine Community auf der Grundlage dieser Motivationen aufbaut. Du lernst verschiedene Ans\u00e4tze zum Aufbau einer Community kennen. Ben\u00f6tigte Materialien Dauer 60 Minuten Schritt [&hellip;]<\/p>","protected":false},"author":2,"featured_media":1161,"parent":704,"menu_order":0,"comment_status":"closed","ping_status":"closed","template":"","meta":{"footnotes":""},"class_list":["post-1132","page","type-page","status-publish","has-post-thumbnail","hentry"],"_links":{"self":[{"href":"https:\/\/familab.mkteam.org\/en\/wp-json\/wp\/v2\/pages\/1132","targetHints":{"allow":["GET"]}}],"collection":[{"href":"https:\/\/familab.mkteam.org\/en\/wp-json\/wp\/v2\/pages"}],"about":[{"href":"https:\/\/familab.mkteam.org\/en\/wp-json\/wp\/v2\/types\/page"}],"author":[{"embeddable":true,"href":"https:\/\/familab.mkteam.org\/en\/wp-json\/wp\/v2\/users\/2"}],"replies":[{"embeddable":true,"href":"https:\/\/familab.mkteam.org\/en\/wp-json\/wp\/v2\/comments?post=1132"}],"version-history":[{"count":26,"href":"https:\/\/familab.mkteam.org\/en\/wp-json\/wp\/v2\/pages\/1132\/revisions"}],"predecessor-version":[{"id":1292,"href":"https:\/\/familab.mkteam.org\/en\/wp-json\/wp\/v2\/pages\/1132\/revisions\/1292"}],"up":[{"embeddable":true,"href":"https:\/\/familab.mkteam.org\/en\/wp-json\/wp\/v2\/pages\/704"}],"wp:featuredmedia":[{"embeddable":true,"href":"https:\/\/familab.mkteam.org\/en\/wp-json\/wp\/v2\/media\/1161"}],"wp:attachment":[{"href":"https:\/\/familab.mkteam.org\/en\/wp-json\/wp\/v2\/media?parent=1132"}],"curies":[{"name":"wp","href":"https:\/\/api.w.org\/{rel}","templated":true}]}}