{"id":1111,"date":"2024-12-12T07:04:44","date_gmt":"2024-12-12T07:04:44","guid":{"rendered":"https:\/\/familab.mkteam.org\/?page_id=1111"},"modified":"2024-12-16T15:55:27","modified_gmt":"2024-12-16T15:55:27","slug":"6-1-wen-brauchen-wir","status":"publish","type":"page","link":"https:\/\/familab.mkteam.org\/en\/material\/ein-citizen-science-projekt-selber-machen\/6-das-team\/6-1-wen-brauchen-wir\/","title":{"rendered":"6-1 Who do we need?"},"content":{"rendered":"<p><strong>Aims of the activity and description of target group<\/strong><\/p>\n\n\n\n<p>In this activity, participants learn how to identify the people they need for their project based on the analysis of the tasks in the previous sessions. Depending on the size of the project, this can vary from only a few people to a really large team. The activity is suitable for researchers and citizens in a group or individual learning setting. Sessions #1 through #5 should be carried out beforehand. <\/p>\n\n\n\n<p><strong>Resources, Materials needed<\/strong> <\/p>\n\n\n\n<ul class=\"wp-block-list\">\n<li>Project plan from <a href=\"https:\/\/familab.mkteam.org\/en\/material\/ein-citizen-science-projekt-selber-machen\/5-ein-sicheres-umfeld-fuer-mich-gestalten\/5-3-groben-projektplan-erstellen\/\" data-type=\"page\" data-id=\"1053\">Part 5, Activity 3<\/a><\/li>\n\n\n\n<li>Team planning template: <a href=\"https:\/\/familab.mkteam.org\/wp-content\/uploads\/2024\/12\/Module2_6-1-Team_Plan_Template.docx\">Modul2_6-1-Teamplan_Vorlage.docx<\/a><\/li>\n\n\n\n<li>Team planning example: <a href=\"https:\/\/familab.mkteam.org\/wp-content\/uploads\/2024\/12\/Module2_6-1-Team_Plan_Example.pdf\">Modul2_6-1-Teamplan_Beispiel.pdf<\/a><\/li>\n\n\n\n<li>Digital device to edit team plan<\/li>\n<\/ul>\n\n\n\n<p><strong>Duration<\/strong><\/p>\n\n\n\n<p>60 minutes<\/p>\n\n\n\n<hr class=\"wp-block-separator alignwide has-alpha-channel-opacity\" style=\"margin-top:var(--wp--preset--spacing--30);margin-bottom:var(--wp--preset--spacing--30)\"\/>\n\n\n\n<h4 class=\"wp-block-heading\"><strong>Step 1 \u2013 Estimate your project phases (5 minutes)<\/strong><\/h4>\n\n\n\n<p>Take the team planning template and enter the estimated dates for the three phases.<\/p>\n\n\n\n<figure data-wp-context=\"{&quot;imageId&quot;:&quot;69f1ea2e8284d&quot;}\" data-wp-interactive=\"core\/image\" data-wp-key=\"69f1ea2e8284d\" class=\"wp-block-image aligncenter size-full wp-lightbox-container\"><img loading=\"lazy\" decoding=\"async\" width=\"844\" height=\"270\" data-wp-class--hide=\"state.isContentHidden\" data-wp-class--show=\"state.isContentVisible\" data-wp-init=\"callbacks.setButtonStyles\" data-wp-on--click=\"actions.showLightbox\" data-wp-on--load=\"callbacks.setButtonStyles\" data-wp-on-window--resize=\"callbacks.setButtonStyles\" src=\"https:\/\/familab.mkteam.org\/wp-content\/uploads\/2024\/12\/06_01__01.png\" alt=\"Projektphasen im Teamplan\" class=\"wp-image-1120\" srcset=\"https:\/\/familab.mkteam.org\/wp-content\/uploads\/2024\/12\/06_01__01.png 844w, https:\/\/familab.mkteam.org\/wp-content\/uploads\/2024\/12\/06_01__01-300x96.png 300w, https:\/\/familab.mkteam.org\/wp-content\/uploads\/2024\/12\/06_01__01-768x246.png 768w, https:\/\/familab.mkteam.org\/wp-content\/uploads\/2024\/12\/06_01__01-18x6.png 18w\" sizes=\"auto, (max-width: 844px) 100vw, 844px\" \/><button\n\t\t\tclass=\"lightbox-trigger\"\n\t\t\ttype=\"button\"\n\t\t\taria-haspopup=\"dialog\"\n\t\t\taria-label=\"Enlarge\"\n\t\t\tdata-wp-init=\"callbacks.initTriggerButton\"\n\t\t\tdata-wp-on--click=\"actions.showLightbox\"\n\t\t\tdata-wp-style--right=\"state.imageButtonRight\"\n\t\t\tdata-wp-style--top=\"state.imageButtonTop\"\n\t\t>\n\t\t\t<svg xmlns=\"http:\/\/www.w3.org\/2000\/svg\" width=\"12\" height=\"12\" fill=\"none\" viewbox=\"0 0 12 12\">\n\t\t\t\t<path fill=\"#fff\" d=\"M2 0a2 2 0 0 0-2 2v2h1.5V2a.5.5 0 0 1 .5-.5h2V0H2Zm2 10.5H2a.5.5 0 0 1-.5-.5V8H0v2a2 2 0 0 0 2 2h2v-1.5ZM8 12v-1.5h2a.5.5 0 0 0 .5-.5V8H12v2a2 2 0 0 1-2 2H8Zm2-12a2 2 0 0 1 2 2v2h-1.5V2a.5.5 0 0 0-.5-.5H8V0h2Z\" \/>\n\t\t\t<\/svg>\n\t\t<\/button><\/figure>\n\n\n\n<p class=\"wp-embed-aspect-16-9 wp-has-aspect-ratio\"><\/p>\n\n\n\n<h4 class=\"wp-block-heading\"><strong>Step 2 \u2013 Enter tasks (30 minutes)<\/strong><\/h4>\n\n\n\n<p>Take your project plan from <a href=\"https:\/\/familab.mkteam.org\/en\/material\/ein-citizen-science-projekt-selber-machen\/5-ein-sicheres-umfeld-fuer-mich-gestalten\/5-3-groben-projektplan-erstellen\/\" data-type=\"page\" data-id=\"1053\">Part 5, Activity 3<\/a>, and enter all relevant tasks in the respective section of the team plan. Use the <a href=\"https:\/\/familab.mkteam.org\/wp-content\/uploads\/2024\/12\/Module2_6-1-Team_Plan_Example.pdf\">team planning example<\/a> as a reference for possible tasks. If your project requires additional sections, add them to the document or delete the sections you do not need.<\/p>\n\n\n\n<figure data-wp-context=\"{&quot;imageId&quot;:&quot;69f1ea2e82df6&quot;}\" data-wp-interactive=\"core\/image\" data-wp-key=\"69f1ea2e82df6\" class=\"wp-block-image aligncenter size-full wp-lightbox-container\"><img loading=\"lazy\" decoding=\"async\" width=\"818\" height=\"794\" data-wp-class--hide=\"state.isContentHidden\" data-wp-class--show=\"state.isContentVisible\" data-wp-init=\"callbacks.setButtonStyles\" data-wp-on--click=\"actions.showLightbox\" data-wp-on--load=\"callbacks.setButtonStyles\" data-wp-on-window--resize=\"callbacks.setButtonStyles\" src=\"https:\/\/familab.mkteam.org\/wp-content\/uploads\/2024\/12\/06_01__02.png\" alt=\"Aufgaben f\u00fcr das Team\" class=\"wp-image-1122\" srcset=\"https:\/\/familab.mkteam.org\/wp-content\/uploads\/2024\/12\/06_01__02.png 818w, https:\/\/familab.mkteam.org\/wp-content\/uploads\/2024\/12\/06_01__02-300x291.png 300w, https:\/\/familab.mkteam.org\/wp-content\/uploads\/2024\/12\/06_01__02-768x745.png 768w, https:\/\/familab.mkteam.org\/wp-content\/uploads\/2024\/12\/06_01__02-12x12.png 12w\" sizes=\"auto, (max-width: 818px) 100vw, 818px\" \/><button\n\t\t\tclass=\"lightbox-trigger\"\n\t\t\ttype=\"button\"\n\t\t\taria-haspopup=\"dialog\"\n\t\t\taria-label=\"Enlarge\"\n\t\t\tdata-wp-init=\"callbacks.initTriggerButton\"\n\t\t\tdata-wp-on--click=\"actions.showLightbox\"\n\t\t\tdata-wp-style--right=\"state.imageButtonRight\"\n\t\t\tdata-wp-style--top=\"state.imageButtonTop\"\n\t\t>\n\t\t\t<svg xmlns=\"http:\/\/www.w3.org\/2000\/svg\" width=\"12\" height=\"12\" fill=\"none\" viewbox=\"0 0 12 12\">\n\t\t\t\t<path fill=\"#fff\" d=\"M2 0a2 2 0 0 0-2 2v2h1.5V2a.5.5 0 0 1 .5-.5h2V0H2Zm2 10.5H2a.5.5 0 0 1-.5-.5V8H0v2a2 2 0 0 0 2 2h2v-1.5ZM8 12v-1.5h2a.5.5 0 0 0 .5-.5V8H12v2a2 2 0 0 1-2 2H8Zm2-12a2 2 0 0 1 2 2v2h-1.5V2a.5.5 0 0 0-.5-.5H8V0h2Z\" \/>\n\t\t\t<\/svg>\n\t\t<\/button><\/figure>\n\n\n\n<h4 class=\"wp-block-heading\"><strong>Step 3 \u2013 Highlight relevant phases (10 minutes)<\/strong><\/h4>\n\n\n\n<p>Go through the table and highlight in which phase each task will be performed. This helps you to get a first impression which people you will need in which phase of the project. Highlight relevant cells with a color.<\/p>\n\n\n\n<figure data-wp-context=\"{&quot;imageId&quot;:&quot;69f1ea2e83252&quot;}\" data-wp-interactive=\"core\/image\" data-wp-key=\"69f1ea2e83252\" class=\"wp-block-image aligncenter size-full is-resized wp-lightbox-container\"><img loading=\"lazy\" decoding=\"async\" width=\"695\" height=\"876\" data-wp-class--hide=\"state.isContentHidden\" data-wp-class--show=\"state.isContentVisible\" data-wp-init=\"callbacks.setButtonStyles\" data-wp-on--click=\"actions.showLightbox\" data-wp-on--load=\"callbacks.setButtonStyles\" data-wp-on-window--resize=\"callbacks.setButtonStyles\" src=\"https:\/\/familab.mkteam.org\/wp-content\/uploads\/2024\/12\/06_01__03.png\" alt=\"Aufgaben pro Projektphase\" class=\"wp-image-1125\" style=\"width:418px;height:auto\" srcset=\"https:\/\/familab.mkteam.org\/wp-content\/uploads\/2024\/12\/06_01__03.png 695w, https:\/\/familab.mkteam.org\/wp-content\/uploads\/2024\/12\/06_01__03-238x300.png 238w, https:\/\/familab.mkteam.org\/wp-content\/uploads\/2024\/12\/06_01__03-10x12.png 10w\" sizes=\"auto, (max-width: 695px) 100vw, 695px\" \/><button\n\t\t\tclass=\"lightbox-trigger\"\n\t\t\ttype=\"button\"\n\t\t\taria-haspopup=\"dialog\"\n\t\t\taria-label=\"Enlarge\"\n\t\t\tdata-wp-init=\"callbacks.initTriggerButton\"\n\t\t\tdata-wp-on--click=\"actions.showLightbox\"\n\t\t\tdata-wp-style--right=\"state.imageButtonRight\"\n\t\t\tdata-wp-style--top=\"state.imageButtonTop\"\n\t\t>\n\t\t\t<svg xmlns=\"http:\/\/www.w3.org\/2000\/svg\" width=\"12\" height=\"12\" fill=\"none\" viewbox=\"0 0 12 12\">\n\t\t\t\t<path fill=\"#fff\" d=\"M2 0a2 2 0 0 0-2 2v2h1.5V2a.5.5 0 0 1 .5-.5h2V0H2Zm2 10.5H2a.5.5 0 0 1-.5-.5V8H0v2a2 2 0 0 0 2 2h2v-1.5ZM8 12v-1.5h2a.5.5 0 0 0 .5-.5V8H12v2a2 2 0 0 1-2 2H8Zm2-12a2 2 0 0 1 2 2v2h-1.5V2a.5.5 0 0 0-.5-.5H8V0h2Z\" \/>\n\t\t\t<\/svg>\n\t\t<\/button><\/figure>\n\n\n\n<h4 class=\"wp-block-heading\"><strong>Step 4 \u2013 Enter responsible people (15 minutes)<\/strong><\/h4>\n\n\n\n<p>If you already know who will take on a specific task in the project, enter the name. If a task is carried out by an external partner, enter the name of the organization. This gives you an overview of the areas or tasks for which you need to find additional team members. <\/p>\n\n\n\n<figure data-wp-context=\"{&quot;imageId&quot;:&quot;69f1ea2e836f5&quot;}\" data-wp-interactive=\"core\/image\" data-wp-key=\"69f1ea2e836f5\" class=\"wp-block-image aligncenter size-full is-resized wp-lightbox-container\"><img loading=\"lazy\" decoding=\"async\" width=\"694\" height=\"687\" data-wp-class--hide=\"state.isContentHidden\" data-wp-class--show=\"state.isContentVisible\" data-wp-init=\"callbacks.setButtonStyles\" data-wp-on--click=\"actions.showLightbox\" data-wp-on--load=\"callbacks.setButtonStyles\" data-wp-on-window--resize=\"callbacks.setButtonStyles\" src=\"https:\/\/familab.mkteam.org\/wp-content\/uploads\/2024\/12\/06_01__04.png\" alt=\"Projektverantwortliche\" class=\"wp-image-1128\" style=\"width:525px;height:auto\" srcset=\"https:\/\/familab.mkteam.org\/wp-content\/uploads\/2024\/12\/06_01__04.png 694w, https:\/\/familab.mkteam.org\/wp-content\/uploads\/2024\/12\/06_01__04-300x297.png 300w, https:\/\/familab.mkteam.org\/wp-content\/uploads\/2024\/12\/06_01__04-12x12.png 12w\" sizes=\"auto, (max-width: 694px) 100vw, 694px\" \/><button\n\t\t\tclass=\"lightbox-trigger\"\n\t\t\ttype=\"button\"\n\t\t\taria-haspopup=\"dialog\"\n\t\t\taria-label=\"Enlarge\"\n\t\t\tdata-wp-init=\"callbacks.initTriggerButton\"\n\t\t\tdata-wp-on--click=\"actions.showLightbox\"\n\t\t\tdata-wp-style--right=\"state.imageButtonRight\"\n\t\t\tdata-wp-style--top=\"state.imageButtonTop\"\n\t\t>\n\t\t\t<svg xmlns=\"http:\/\/www.w3.org\/2000\/svg\" width=\"12\" height=\"12\" fill=\"none\" viewbox=\"0 0 12 12\">\n\t\t\t\t<path fill=\"#fff\" d=\"M2 0a2 2 0 0 0-2 2v2h1.5V2a.5.5 0 0 1 .5-.5h2V0H2Zm2 10.5H2a.5.5 0 0 1-.5-.5V8H0v2a2 2 0 0 0 2 2h2v-1.5ZM8 12v-1.5h2a.5.5 0 0 0 .5-.5V8H12v2a2 2 0 0 1-2 2H8Zm2-12a2 2 0 0 1 2 2v2h-1.5V2a.5.5 0 0 0-.5-.5H8V0h2Z\" \/>\n\t\t\t<\/svg>\n\t\t<\/button><\/figure>\n\n\n\n<hr class=\"wp-block-separator alignwide has-alpha-channel-opacity\" style=\"margin-top:var(--wp--preset--spacing--30);margin-bottom:var(--wp--preset--spacing--30)\"\/>\n\n\n\n<p><strong>Learning Outcomes - which skills are addressed?<\/strong><\/p>\n\n\n\n<p>Participants learn to plan project phases, distribute tasks among the phases and consider which people or organizations are required to complete the tasks in which phase.<\/p>\n\n\n\n<p><strong>How do you check the outcomes are reached?<\/strong><\/p>\n\n\n\n<p>The participants filled out the team planning template and entered people that can take over the tasks.<\/p>\n\n\n\n<p><strong>De-Briefing questions<\/strong><\/p>\n\n\n\n<ul class=\"wp-block-list\">\n<li>Do you have the feeling that you could list all the relevant tasks?<\/li>\n\n\n\n<li>Do you think it is feasible to fill the vacancies?<\/li>\n\n\n\n<li>Who or what could help you to fill the vacancies?<\/li>\n<\/ul>\n\n\n\n<p><strong>Further links and readings<\/strong><\/p>\n\n\n\n<ul class=\"wp-block-list\">\n<li>Baumgarten et al. (2023): How to build up big team science: a practical guide for large-scale collaborations. <a href=\"https:\/\/royalsocietypublishing.org\/doi\/10.1098\/rsos.230235#d1e505\"><u>https:\/\/royalsocietypublishing.org\/doi\/10.1098\/rsos.230235#d1e505<\/u><\/a>&nbsp;(last viewed 04\/03\/2024)<\/li>\n\n\n\n<li>Brown, Iain (2023): Mastering the Art of Teamwork in Data Science: A Multidimensional Approach. <a href=\"https:\/\/www.linkedin.com\/pulse\/mastering-art-teamwork-data-science-multidimensional-iain-brown-ph-d-\"><u>https:\/\/www.linkedin.com\/pulse\/mastering-art-teamwork-data-science-multidimensional-iain-brown-ph-d-<\/u><\/a>&nbsp;(last viewed 04\/03\/2024)<\/li>\n\n\n\n<li>Lab Forward Blog: How to Build a Successful Team of Scientists. <a href=\"https:\/\/labforward.io\/blog\/how-to-build-a-successful-team-of-scientists\/\"><u>https:\/\/labforward.io\/blog\/how-to-build-a-successful-team-of-scientists\/<\/u><\/a>&nbsp;(last viewed 04\/03\/2024)<\/li>\n\n\n\n<li>US Department of Agriculture: Citizen Science \u2013 Chapter 3: Build your team. <a href=\"https:\/\/www.fs.usda.gov\/working-with-us\/citizen-science\/ch-3-build-your-team\"><u>https:\/\/www.fs.usda.gov\/working-with-us\/citizen-science\/ch-3-build-your-team<\/u><\/a>&nbsp;(last viewed 04\/03\/2024)<\/li>\n<\/ul>\n\n\n\n<div style=\"height:60px\" aria-hidden=\"true\" class=\"wp-block-spacer\"><\/div>\n\n\n\n<div class=\"wp-block-columns is-layout-flex wp-container-core-columns-is-layout-28f84493 wp-block-columns-is-layout-flex\">\n<div class=\"wp-block-column is-layout-flow wp-block-column-is-layout-flow\">\n<div class=\"wp-block-buttons is-content-justification-center is-layout-flex wp-container-core-buttons-is-layout-a89b3969 wp-block-buttons-is-layout-flex\">\n<div class=\"wp-block-button\"><a class=\"wp-block-button__link wp-element-button\" href=\"https:\/\/familab.mkteam.org\/en\/material\/ein-citizen-science-projekt-selber-machen\/6-das-team\/\">&lt;&lt; Part 6<\/a><\/div>\n<\/div>\n<\/div>\n\n\n\n<div class=\"wp-block-column is-layout-flow wp-block-column-is-layout-flow\">\n<div class=\"wp-block-buttons is-content-justification-center is-layout-flex wp-container-core-buttons-is-layout-a89b3969 wp-block-buttons-is-layout-flex\">\n<div class=\"wp-block-button\"><a class=\"wp-block-button__link wp-element-button\" href=\"https:\/\/familab.mkteam.org\/en\/material\/ein-citizen-science-projekt-selber-machen\/\">^ Overview<\/a><\/div>\n<\/div>\n<\/div>\n\n\n\n<div class=\"wp-block-column is-layout-flow wp-block-column-is-layout-flow\">\n<div class=\"wp-block-buttons is-content-justification-center is-layout-flex wp-container-core-buttons-is-layout-a89b3969 wp-block-buttons-is-layout-flex\">\n<div class=\"wp-block-button\"><a class=\"wp-block-button__link wp-element-button\" href=\"https:\/\/familab.mkteam.org\/en\/material\/ein-citizen-science-projekt-selber-machen\/6-das-team\/6-2-eine-community-aufbauen\/\">Activity 6-2 &gt;&gt;<\/a><\/div>\n<\/div>\n<\/div>\n<\/div>\n\n\n\n<p> <\/p>","protected":false},"excerpt":{"rendered":"<p>Ziel der Aktivit\u00e4t In dieser Aktivit\u00e4t wirst du die Anforderungen f\u00fcr dein Team zusammenstellen. Die Anzahl der Personen ist abh\u00e4ngig vom Umfang des Projekts aber auch von der Art der T\u00e4tigkeiten. Ben\u00f6tigte Materialien Dauer 60 Minuten Schritt 1 &#8211; Projektphasen eintragen (5 Minuten) Nimm die Vorlage f\u00fcr den Team-Plan und trage die Termine f\u00fcr die [&hellip;]<\/p>","protected":false},"author":2,"featured_media":1128,"parent":704,"menu_order":0,"comment_status":"closed","ping_status":"closed","template":"","meta":{"footnotes":""},"class_list":["post-1111","page","type-page","status-publish","has-post-thumbnail","hentry"],"_links":{"self":[{"href":"https:\/\/familab.mkteam.org\/en\/wp-json\/wp\/v2\/pages\/1111","targetHints":{"allow":["GET"]}}],"collection":[{"href":"https:\/\/familab.mkteam.org\/en\/wp-json\/wp\/v2\/pages"}],"about":[{"href":"https:\/\/familab.mkteam.org\/en\/wp-json\/wp\/v2\/types\/page"}],"author":[{"embeddable":true,"href":"https:\/\/familab.mkteam.org\/en\/wp-json\/wp\/v2\/users\/2"}],"replies":[{"embeddable":true,"href":"https:\/\/familab.mkteam.org\/en\/wp-json\/wp\/v2\/comments?post=1111"}],"version-history":[{"count":12,"href":"https:\/\/familab.mkteam.org\/en\/wp-json\/wp\/v2\/pages\/1111\/revisions"}],"predecessor-version":[{"id":1137,"href":"https:\/\/familab.mkteam.org\/en\/wp-json\/wp\/v2\/pages\/1111\/revisions\/1137"}],"up":[{"embeddable":true,"href":"https:\/\/familab.mkteam.org\/en\/wp-json\/wp\/v2\/pages\/704"}],"wp:featuredmedia":[{"embeddable":true,"href":"https:\/\/familab.mkteam.org\/en\/wp-json\/wp\/v2\/media\/1128"}],"wp:attachment":[{"href":"https:\/\/familab.mkteam.org\/en\/wp-json\/wp\/v2\/media?parent=1111"}],"curies":[{"name":"wp","href":"https:\/\/api.w.org\/{rel}","templated":true}]}}