{"id":1053,"date":"2024-12-11T09:31:39","date_gmt":"2024-12-11T09:31:39","guid":{"rendered":"https:\/\/familab.mkteam.org\/?page_id=1053"},"modified":"2024-12-16T15:54:40","modified_gmt":"2024-12-16T15:54:40","slug":"5-3-groben-projektplan-erstellen","status":"publish","type":"page","link":"https:\/\/familab.mkteam.org\/en\/material\/ein-citizen-science-projekt-selber-machen\/5-ein-sicheres-umfeld-fuer-mich-gestalten\/5-3-groben-projektplan-erstellen\/","title":{"rendered":"5-3 Create a rough project plan"},"content":{"rendered":"<p><strong>Aims of the activity and description of target group<\/strong><\/p>\n\n\n\n<p>If participants do not have a professional project manager on board, they may feel overwhelmed by the amount of tasks and challenges that a Citizen Science project entails. In this activity, participants will learn to do some basic planning of their project in order to gain confidence that the project is manageable. The activity is suitable for researchers and citizens in a group or individually. Sessions #1 through #4 should be done in advance.<\/p>\n\n\n\n<p><strong>Resources, Materials needed<\/strong> <\/p>\n\n\n\n<ul class=\"wp-block-list\">\n<li>Printed diagram and checklist of project tasks from: <a href=\"https:\/\/www.buergerschaffenwissen.de\/sites\/default\/files\/grid\/2017\/11\/21\/handreichunga5_engl_web.pdf\">https:\/\/www.buergerschaffenwissen.de\/sites\/default\/files\/grid\/2017\/11\/21\/handreichunga5_engl_web.pdf<\/a> (page 26)<\/li>\n\n\n\n<li>Template for project plan (<a href=\"https:\/\/familab.mkteam.org\/wp-content\/uploads\/2024\/12\/Module2_5-3-Project_Plan_Template.docx\">Modul2_5-3-Projektplan_Vorlage.docx<\/a>)<\/li>\n\n\n\n<li>Results from Session #3, Activity 2 \u201cEvaluate Citizen Science approach\u201d <a href=\"https:\/\/familab.mkteam.org\/en\/material\/ein-citizen-science-projekt-selber-machen\/3-den-umfang-festlegen\/3-2-citizen-science-ansatz\/\" data-type=\"page\" data-id=\"827\">\u201eEvaluierung des Citizen Science-Ansatzes\u201c<\/a><\/li>\n\n\n\n<li>Paper, pen, color pencils<\/li>\n\n\n\n<li>Digital device to edit project plan<\/li>\n<\/ul>\n\n\n\n<p><strong>Duration<\/strong><\/p>\n\n\n\n<p>60 minutes<\/p>\n\n\n\n<hr class=\"wp-block-separator alignwide has-alpha-channel-opacity\" style=\"margin-top:var(--wp--preset--spacing--30);margin-bottom:var(--wp--preset--spacing--30)\"\/>\n\n\n\n<h4 class=\"wp-block-heading\"><strong>Step 1 \u2013 Overview and completed steps (5 minutes)<\/strong><\/h4>\n\n\n\n<p>Take a look at the diagram and the checklist of project tasks (<a href=\"https:\/\/www.buergerschaffenwissen.de\/sites\/default\/files\/grid\/2017\/11\/21\/handreichunga5_engl_web.pdf\">https:\/\/www.buergerschaffenwissen.de\/sites\/default\/files\/grid\/2017\/11\/21\/handreichunga5_engl_web.pdf<\/a>, page26). If you have been following this module since the first session, you should have already completed many of the steps in the diagram. Use the list on the right side and check off the tasks that you have already completed.<\/p>\n\n\n\n<figure data-wp-context=\"{&quot;imageId&quot;:&quot;69f1d9638fedb&quot;}\" data-wp-interactive=\"core\/image\" data-wp-key=\"69f1d9638fedb\" class=\"wp-block-image aligncenter size-full wp-lightbox-container\"><img loading=\"lazy\" decoding=\"async\" width=\"800\" height=\"578\" data-wp-class--hide=\"state.isContentHidden\" data-wp-class--show=\"state.isContentVisible\" data-wp-init=\"callbacks.setButtonStyles\" data-wp-on--click=\"actions.showLightbox\" data-wp-on--load=\"callbacks.setButtonStyles\" data-wp-on-window--resize=\"callbacks.setButtonStyles\" src=\"https:\/\/familab.mkteam.org\/wp-content\/uploads\/2024\/12\/05_03__01s.jpg\" alt=\"Vorlage Projektplan\" class=\"wp-image-1063\" srcset=\"https:\/\/familab.mkteam.org\/wp-content\/uploads\/2024\/12\/05_03__01s.jpg 800w, https:\/\/familab.mkteam.org\/wp-content\/uploads\/2024\/12\/05_03__01s-300x217.jpg 300w, https:\/\/familab.mkteam.org\/wp-content\/uploads\/2024\/12\/05_03__01s-768x555.jpg 768w, https:\/\/familab.mkteam.org\/wp-content\/uploads\/2024\/12\/05_03__01s-18x12.jpg 18w\" sizes=\"auto, (max-width: 800px) 100vw, 800px\" \/><button\n\t\t\tclass=\"lightbox-trigger\"\n\t\t\ttype=\"button\"\n\t\t\taria-haspopup=\"dialog\"\n\t\t\taria-label=\"Enlarge\"\n\t\t\tdata-wp-init=\"callbacks.initTriggerButton\"\n\t\t\tdata-wp-on--click=\"actions.showLightbox\"\n\t\t\tdata-wp-style--right=\"state.imageButtonRight\"\n\t\t\tdata-wp-style--top=\"state.imageButtonTop\"\n\t\t>\n\t\t\t<svg xmlns=\"http:\/\/www.w3.org\/2000\/svg\" width=\"12\" height=\"12\" fill=\"none\" viewbox=\"0 0 12 12\">\n\t\t\t\t<path fill=\"#fff\" d=\"M2 0a2 2 0 0 0-2 2v2h1.5V2a.5.5 0 0 1 .5-.5h2V0H2Zm2 10.5H2a.5.5 0 0 1-.5-.5V8H0v2a2 2 0 0 0 2 2h2v-1.5ZM8 12v-1.5h2a.5.5 0 0 0 .5-.5V8H12v2a2 2 0 0 1-2 2H8Zm2-12a2 2 0 0 1 2 2v2h-1.5V2a.5.5 0 0 0-.5-.5H8V0h2Z\" \/>\n\t\t\t<\/svg>\n\t\t<\/button><\/figure>\n\n\n\n<h4 class=\"wp-block-heading\"><strong>Step 2 \u2013 Start your project plan (10 minutes)<\/strong><\/h4>\n\n\n\n<p>Open the project plan template and enter a few words about the tasks you already completed in the previous steps. For a better overview, you can highlight the tasks that have not yet been completed.<\/p>\n\n\n\n<figure data-wp-context=\"{&quot;imageId&quot;:&quot;69f1d963903d0&quot;}\" data-wp-interactive=\"core\/image\" data-wp-key=\"69f1d963903d0\" class=\"wp-block-image aligncenter size-full wp-lightbox-container\"><img loading=\"lazy\" decoding=\"async\" width=\"800\" height=\"499\" data-wp-class--hide=\"state.isContentHidden\" data-wp-class--show=\"state.isContentVisible\" data-wp-init=\"callbacks.setButtonStyles\" data-wp-on--click=\"actions.showLightbox\" data-wp-on--load=\"callbacks.setButtonStyles\" data-wp-on-window--resize=\"callbacks.setButtonStyles\" src=\"https:\/\/familab.mkteam.org\/wp-content\/uploads\/2024\/12\/05_03__02s.jpg\" alt=\"Vorlage Projektplan\" class=\"wp-image-1065\" srcset=\"https:\/\/familab.mkteam.org\/wp-content\/uploads\/2024\/12\/05_03__02s.jpg 800w, https:\/\/familab.mkteam.org\/wp-content\/uploads\/2024\/12\/05_03__02s-300x187.jpg 300w, https:\/\/familab.mkteam.org\/wp-content\/uploads\/2024\/12\/05_03__02s-768x479.jpg 768w, https:\/\/familab.mkteam.org\/wp-content\/uploads\/2024\/12\/05_03__02s-18x12.jpg 18w\" sizes=\"auto, (max-width: 800px) 100vw, 800px\" \/><button\n\t\t\tclass=\"lightbox-trigger\"\n\t\t\ttype=\"button\"\n\t\t\taria-haspopup=\"dialog\"\n\t\t\taria-label=\"Enlarge\"\n\t\t\tdata-wp-init=\"callbacks.initTriggerButton\"\n\t\t\tdata-wp-on--click=\"actions.showLightbox\"\n\t\t\tdata-wp-style--right=\"state.imageButtonRight\"\n\t\t\tdata-wp-style--top=\"state.imageButtonTop\"\n\t\t>\n\t\t\t<svg xmlns=\"http:\/\/www.w3.org\/2000\/svg\" width=\"12\" height=\"12\" fill=\"none\" viewbox=\"0 0 12 12\">\n\t\t\t\t<path fill=\"#fff\" d=\"M2 0a2 2 0 0 0-2 2v2h1.5V2a.5.5 0 0 1 .5-.5h2V0H2Zm2 10.5H2a.5.5 0 0 1-.5-.5V8H0v2a2 2 0 0 0 2 2h2v-1.5ZM8 12v-1.5h2a.5.5 0 0 0 .5-.5V8H12v2a2 2 0 0 1-2 2H8Zm2-12a2 2 0 0 1 2 2v2h-1.5V2a.5.5 0 0 0-.5-.5H8V0h2Z\" \/>\n\t\t\t<\/svg>\n\t\t<\/button><\/figure>\n\n\n\n<h4 class=\"wp-block-heading\"><strong>Step 3 \u2013 Enter the fixed dates into the timeline (5 minutes)<\/strong><\/h4>\n\n\n\n<p>Go to section 2 of the project plan and enter the dates that are already defined in your project. Use bold font for these fixed dates to emphasize them.<\/p>\n\n\n\n<figure data-wp-context=\"{&quot;imageId&quot;:&quot;69f1d96390812&quot;}\" data-wp-interactive=\"core\/image\" data-wp-key=\"69f1d96390812\" class=\"wp-block-image aligncenter size-full wp-lightbox-container\"><img loading=\"lazy\" decoding=\"async\" width=\"530\" height=\"182\" data-wp-class--hide=\"state.isContentHidden\" data-wp-class--show=\"state.isContentVisible\" data-wp-init=\"callbacks.setButtonStyles\" data-wp-on--click=\"actions.showLightbox\" data-wp-on--load=\"callbacks.setButtonStyles\" data-wp-on-window--resize=\"callbacks.setButtonStyles\" src=\"https:\/\/familab.mkteam.org\/wp-content\/uploads\/2024\/12\/05_03__03.png\" alt=\"Feste Termine im Projektplan\" class=\"wp-image-1067\" srcset=\"https:\/\/familab.mkteam.org\/wp-content\/uploads\/2024\/12\/05_03__03.png 530w, https:\/\/familab.mkteam.org\/wp-content\/uploads\/2024\/12\/05_03__03-300x103.png 300w, https:\/\/familab.mkteam.org\/wp-content\/uploads\/2024\/12\/05_03__03-18x6.png 18w\" sizes=\"auto, (max-width: 530px) 100vw, 530px\" \/><button\n\t\t\tclass=\"lightbox-trigger\"\n\t\t\ttype=\"button\"\n\t\t\taria-haspopup=\"dialog\"\n\t\t\taria-label=\"Enlarge\"\n\t\t\tdata-wp-init=\"callbacks.initTriggerButton\"\n\t\t\tdata-wp-on--click=\"actions.showLightbox\"\n\t\t\tdata-wp-style--right=\"state.imageButtonRight\"\n\t\t\tdata-wp-style--top=\"state.imageButtonTop\"\n\t\t>\n\t\t\t<svg xmlns=\"http:\/\/www.w3.org\/2000\/svg\" width=\"12\" height=\"12\" fill=\"none\" viewbox=\"0 0 12 12\">\n\t\t\t\t<path fill=\"#fff\" d=\"M2 0a2 2 0 0 0-2 2v2h1.5V2a.5.5 0 0 1 .5-.5h2V0H2Zm2 10.5H2a.5.5 0 0 1-.5-.5V8H0v2a2 2 0 0 0 2 2h2v-1.5ZM8 12v-1.5h2a.5.5 0 0 0 .5-.5V8H12v2a2 2 0 0 1-2 2H8Zm2-12a2 2 0 0 1 2 2v2h-1.5V2a.5.5 0 0 0-.5-.5H8V0h2Z\" \/>\n\t\t\t<\/svg>\n\t\t<\/button><\/figure>\n\n\n\n<h4 class=\"wp-block-heading\"><strong>Step 4 \u2013 Enter open questions from Step 2 into the timeline (5 minutes)<\/strong><\/h4>\n\n\n\n<p>Now distribute your open questions from Step 2 onto the timeline. What questions need to be answered before which date?<\/p>\n\n\n\n<figure data-wp-context=\"{&quot;imageId&quot;:&quot;69f1d96390c7e&quot;}\" data-wp-interactive=\"core\/image\" data-wp-key=\"69f1d96390c7e\" class=\"wp-block-image aligncenter size-full wp-lightbox-container\"><img loading=\"lazy\" decoding=\"async\" width=\"694\" height=\"397\" data-wp-class--hide=\"state.isContentHidden\" data-wp-class--show=\"state.isContentVisible\" data-wp-init=\"callbacks.setButtonStyles\" data-wp-on--click=\"actions.showLightbox\" data-wp-on--load=\"callbacks.setButtonStyles\" data-wp-on-window--resize=\"callbacks.setButtonStyles\" src=\"https:\/\/familab.mkteam.org\/wp-content\/uploads\/2024\/12\/05_03__04.png\" alt=\"Offene Fragen auf der Timeline\" class=\"wp-image-1069\" srcset=\"https:\/\/familab.mkteam.org\/wp-content\/uploads\/2024\/12\/05_03__04.png 694w, https:\/\/familab.mkteam.org\/wp-content\/uploads\/2024\/12\/05_03__04-300x172.png 300w, https:\/\/familab.mkteam.org\/wp-content\/uploads\/2024\/12\/05_03__04-18x10.png 18w\" sizes=\"auto, (max-width: 694px) 100vw, 694px\" \/><button\n\t\t\tclass=\"lightbox-trigger\"\n\t\t\ttype=\"button\"\n\t\t\taria-haspopup=\"dialog\"\n\t\t\taria-label=\"Enlarge\"\n\t\t\tdata-wp-init=\"callbacks.initTriggerButton\"\n\t\t\tdata-wp-on--click=\"actions.showLightbox\"\n\t\t\tdata-wp-style--right=\"state.imageButtonRight\"\n\t\t\tdata-wp-style--top=\"state.imageButtonTop\"\n\t\t>\n\t\t\t<svg xmlns=\"http:\/\/www.w3.org\/2000\/svg\" width=\"12\" height=\"12\" fill=\"none\" viewbox=\"0 0 12 12\">\n\t\t\t\t<path fill=\"#fff\" d=\"M2 0a2 2 0 0 0-2 2v2h1.5V2a.5.5 0 0 1 .5-.5h2V0H2Zm2 10.5H2a.5.5 0 0 1-.5-.5V8H0v2a2 2 0 0 0 2 2h2v-1.5ZM8 12v-1.5h2a.5.5 0 0 0 .5-.5V8H12v2a2 2 0 0 1-2 2H8Zm2-12a2 2 0 0 1 2 2v2h-1.5V2a.5.5 0 0 0-.5-.5H8V0h2Z\" \/>\n\t\t\t<\/svg>\n\t\t<\/button><\/figure>\n\n\n\n<h4 class=\"wp-block-heading\"><strong>Step 5 \u2013 Enter all other tasks into the timeline (20 minutes)<\/strong><\/h4>\n\n\n\n<p>Use your results from<\/p>\n\n\n\n<ul class=\"wp-block-list\">\n<li><a href=\"https:\/\/familab.mkteam.org\/en\/material\/ein-citizen-science-projekt-selber-machen\/3-den-umfang-festlegen\/3-2-citizen-science-ansatz\/\" data-type=\"page\" data-id=\"827\">Part #3, Activity 2 \"Evaluate the Citizen Science Approach\".<\/a><\/li>\n\n\n\n<li><a href=\"https:\/\/familab.mkteam.org\/en\/material\/ein-citizen-science-projekt-selber-machen\/5-ein-sicheres-umfeld-fuer-mich-gestalten\/5-1-trainingsplan-erstellen\/\" data-type=\"page\" data-id=\"986\">Part #5, Activity 1 \"Create a training plan\"<\/a><\/li>\n<\/ul>\n\n\n\n<p>and enter all the tasks you identified in these activities, or other tasks that come to mind, into the schedule. Put the tasks in a logical order.<\/p>\n\n\n\n<p>As the project progresses, add deadlines to all tasks. Assign tasks to your team members to get all the necessary things done before a certain date.<\/p>\n\n\n\n<figure data-wp-context=\"{&quot;imageId&quot;:&quot;69f1d96391231&quot;}\" data-wp-interactive=\"core\/image\" data-wp-key=\"69f1d96391231\" class=\"wp-block-image aligncenter size-full wp-lightbox-container\"><img loading=\"lazy\" decoding=\"async\" width=\"670\" height=\"833\" data-wp-class--hide=\"state.isContentHidden\" data-wp-class--show=\"state.isContentVisible\" data-wp-init=\"callbacks.setButtonStyles\" data-wp-on--click=\"actions.showLightbox\" data-wp-on--load=\"callbacks.setButtonStyles\" data-wp-on-window--resize=\"callbacks.setButtonStyles\" src=\"https:\/\/familab.mkteam.org\/wp-content\/uploads\/2024\/12\/05_03__05.png\" alt=\"ausgef\u00fcllte Zeitleiste\" class=\"wp-image-1071\" srcset=\"https:\/\/familab.mkteam.org\/wp-content\/uploads\/2024\/12\/05_03__05.png 670w, https:\/\/familab.mkteam.org\/wp-content\/uploads\/2024\/12\/05_03__05-241x300.png 241w, https:\/\/familab.mkteam.org\/wp-content\/uploads\/2024\/12\/05_03__05-10x12.png 10w\" sizes=\"auto, (max-width: 670px) 100vw, 670px\" \/><button\n\t\t\tclass=\"lightbox-trigger\"\n\t\t\ttype=\"button\"\n\t\t\taria-haspopup=\"dialog\"\n\t\t\taria-label=\"Enlarge\"\n\t\t\tdata-wp-init=\"callbacks.initTriggerButton\"\n\t\t\tdata-wp-on--click=\"actions.showLightbox\"\n\t\t\tdata-wp-style--right=\"state.imageButtonRight\"\n\t\t\tdata-wp-style--top=\"state.imageButtonTop\"\n\t\t>\n\t\t\t<svg xmlns=\"http:\/\/www.w3.org\/2000\/svg\" width=\"12\" height=\"12\" fill=\"none\" viewbox=\"0 0 12 12\">\n\t\t\t\t<path fill=\"#fff\" d=\"M2 0a2 2 0 0 0-2 2v2h1.5V2a.5.5 0 0 1 .5-.5h2V0H2Zm2 10.5H2a.5.5 0 0 1-.5-.5V8H0v2a2 2 0 0 0 2 2h2v-1.5ZM8 12v-1.5h2a.5.5 0 0 0 .5-.5V8H12v2a2 2 0 0 1-2 2H8Zm2-12a2 2 0 0 1 2 2v2h-1.5V2a.5.5 0 0 0-.5-.5H8V0h2Z\" \/>\n\t\t\t<\/svg>\n\t\t<\/button><\/figure>\n\n\n\n<p>Update this document and adapt it as you continue to work on the project. The further you get, the clearer your plan will become. You will also need to reshape and adjust this plan regularly, adding new tasks and dates as they arise. <\/p>\n\n\n\n<h4 class=\"wp-block-heading\"><strong>Step 6 \u2013 Create a plan for team exchange (15 minutes)<\/strong><\/h4>\n\n\n\n<p>Specify in section 3 of the project plan how you will regularly update the project plan and your team on progress. IT teams use weekly or bi-weekly meetings to:<\/p>\n\n\n\n<ul class=\"wp-block-list\">\n<li>review the project plan<\/li>\n\n\n\n<li>coordinate deadlines<\/li>\n\n\n\n<li>discuss completed tasks<\/li>\n\n\n\n<li>assign new tasks<\/li>\n<\/ul>\n\n\n\n<figure data-wp-context=\"{&quot;imageId&quot;:&quot;69f1d9639171a&quot;}\" data-wp-interactive=\"core\/image\" data-wp-key=\"69f1d9639171a\" class=\"wp-block-image aligncenter size-full wp-lightbox-container\"><img loading=\"lazy\" decoding=\"async\" width=\"535\" height=\"124\" data-wp-class--hide=\"state.isContentHidden\" data-wp-class--show=\"state.isContentVisible\" data-wp-init=\"callbacks.setButtonStyles\" data-wp-on--click=\"actions.showLightbox\" data-wp-on--load=\"callbacks.setButtonStyles\" data-wp-on-window--resize=\"callbacks.setButtonStyles\" src=\"https:\/\/familab.mkteam.org\/wp-content\/uploads\/2024\/12\/05_03__07.png\" alt=\"Plan der Teammeetings\" class=\"wp-image-1075\" srcset=\"https:\/\/familab.mkteam.org\/wp-content\/uploads\/2024\/12\/05_03__07.png 535w, https:\/\/familab.mkteam.org\/wp-content\/uploads\/2024\/12\/05_03__07-300x70.png 300w, https:\/\/familab.mkteam.org\/wp-content\/uploads\/2024\/12\/05_03__07-18x4.png 18w\" sizes=\"auto, (max-width: 535px) 100vw, 535px\" \/><button\n\t\t\tclass=\"lightbox-trigger\"\n\t\t\ttype=\"button\"\n\t\t\taria-haspopup=\"dialog\"\n\t\t\taria-label=\"Enlarge\"\n\t\t\tdata-wp-init=\"callbacks.initTriggerButton\"\n\t\t\tdata-wp-on--click=\"actions.showLightbox\"\n\t\t\tdata-wp-style--right=\"state.imageButtonRight\"\n\t\t\tdata-wp-style--top=\"state.imageButtonTop\"\n\t\t>\n\t\t\t<svg xmlns=\"http:\/\/www.w3.org\/2000\/svg\" width=\"12\" height=\"12\" fill=\"none\" viewbox=\"0 0 12 12\">\n\t\t\t\t<path fill=\"#fff\" d=\"M2 0a2 2 0 0 0-2 2v2h1.5V2a.5.5 0 0 1 .5-.5h2V0H2Zm2 10.5H2a.5.5 0 0 1-.5-.5V8H0v2a2 2 0 0 0 2 2h2v-1.5ZM8 12v-1.5h2a.5.5 0 0 0 .5-.5V8H12v2a2 2 0 0 1-2 2H8Zm2-12a2 2 0 0 1 2 2v2h-1.5V2a.5.5 0 0 0-.5-.5H8V0h2Z\" \/>\n\t\t\t<\/svg>\n\t\t<\/button><\/figure>\n\n\n\n<p>It helps teams to keep track of ongoing tasks if you use a visual overview at the location where your team meets (or a virtual overview if team members are distributed locally). A very simple approach is to use sticky notes on a wall, sorted into three columns:<\/p>\n\n\n\n<ul class=\"wp-block-list\">\n<li>Done (tasks that have been completed are entered here)<\/li>\n\n\n\n<li>Tasks (as a pool for all tasks that need to be completed in the near future)<\/li>\n\n\n\n<li>In progress (tasks that someone is currently working on are entered here)<\/li>\n<\/ul>\n\n\n\n<figure data-wp-context=\"{&quot;imageId&quot;:&quot;69f1d96391b66&quot;}\" data-wp-interactive=\"core\/image\" data-wp-key=\"69f1d96391b66\" class=\"wp-block-image aligncenter size-full wp-lightbox-container\"><img loading=\"lazy\" decoding=\"async\" width=\"800\" height=\"600\" data-wp-class--hide=\"state.isContentHidden\" data-wp-class--show=\"state.isContentVisible\" data-wp-init=\"callbacks.setButtonStyles\" data-wp-on--click=\"actions.showLightbox\" data-wp-on--load=\"callbacks.setButtonStyles\" data-wp-on-window--resize=\"callbacks.setButtonStyles\" src=\"https:\/\/familab.mkteam.org\/wp-content\/uploads\/2024\/12\/05_03__06s.jpg\" alt=\"Aufgabenwand\" class=\"wp-image-1077\" srcset=\"https:\/\/familab.mkteam.org\/wp-content\/uploads\/2024\/12\/05_03__06s.jpg 800w, https:\/\/familab.mkteam.org\/wp-content\/uploads\/2024\/12\/05_03__06s-300x225.jpg 300w, https:\/\/familab.mkteam.org\/wp-content\/uploads\/2024\/12\/05_03__06s-768x576.jpg 768w, https:\/\/familab.mkteam.org\/wp-content\/uploads\/2024\/12\/05_03__06s-16x12.jpg 16w\" sizes=\"auto, (max-width: 800px) 100vw, 800px\" \/><button\n\t\t\tclass=\"lightbox-trigger\"\n\t\t\ttype=\"button\"\n\t\t\taria-haspopup=\"dialog\"\n\t\t\taria-label=\"Enlarge\"\n\t\t\tdata-wp-init=\"callbacks.initTriggerButton\"\n\t\t\tdata-wp-on--click=\"actions.showLightbox\"\n\t\t\tdata-wp-style--right=\"state.imageButtonRight\"\n\t\t\tdata-wp-style--top=\"state.imageButtonTop\"\n\t\t>\n\t\t\t<svg xmlns=\"http:\/\/www.w3.org\/2000\/svg\" width=\"12\" height=\"12\" fill=\"none\" viewbox=\"0 0 12 12\">\n\t\t\t\t<path fill=\"#fff\" d=\"M2 0a2 2 0 0 0-2 2v2h1.5V2a.5.5 0 0 1 .5-.5h2V0H2Zm2 10.5H2a.5.5 0 0 1-.5-.5V8H0v2a2 2 0 0 0 2 2h2v-1.5ZM8 12v-1.5h2a.5.5 0 0 0 .5-.5V8H12v2a2 2 0 0 1-2 2H8Zm2-12a2 2 0 0 1 2 2v2h-1.5V2a.5.5 0 0 0-.5-.5H8V0h2Z\" \/>\n\t\t\t<\/svg>\n\t\t<\/button><\/figure>\n\n\n\n<p>At your regular meetings, the team can discuss how far they have come with a particular task and take on new tasks. The meeting is also an opportunity to talk about things that are blocking tasks or cases where team members need help with a task. If you want to learn more about this project management approach, check out: <a href=\"https:\/\/www.scrumalliance.org\/about-scrum\">https:\/\/www.scrumalliance.org\/about-scrum<\/a><\/p>\n\n\n\n<hr class=\"wp-block-separator alignwide has-alpha-channel-opacity\" style=\"margin-top:var(--wp--preset--spacing--30);margin-bottom:var(--wp--preset--spacing--30)\"\/>\n\n\n\n<p><strong>Learning Outcomes - which skills are addressed?<\/strong><\/p>\n\n\n\n<p>Participants learn how to break down their project into tasks and draw up an initial schedule of when things need to be done. Participants also learn how to involve the team in the planning. <\/p>\n\n\n\n<p><strong>How do you check the outcomes are reached?<\/strong><\/p>\n\n\n\n<p>Participants have filled in the first three chapters in the project plan template.<\/p>\n\n\n\n<p><strong>De-Briefing questions<\/strong><\/p>\n\n\n\n<ul class=\"wp-block-list\">\n<li>Do you feel that you are well prepared to start your project?<\/li>\n\n\n\n<li>Do you feel that you have a good overview of all open tasks and deadlines?<\/li>\n\n\n\n<li>What could help you with the planning of your project?<\/li>\n<\/ul>\n\n\n\n<p><strong>Further links and readings<\/strong><\/p>\n\n\n\n<ul class=\"wp-block-list\">\n<li>Citizenscience.gov: Basic Steps for Your Project Planning. <a href=\"https:\/\/www.citizenscience.gov\/toolkit\/howto\/#\"><u>https:\/\/www.citizenscience.gov\/toolkit\/howto\/#<\/u><\/a>&nbsp;(last viewed 03\/25\/2024)<\/li>\n\n\n\n<li>Data Management Documentation in Citizen Science Projects: Bringing Formalisation and Transparency Together&nbsp;<a href=\"https:\/\/www.researchgate.net\/publication\/371322509_Data_Management_Documentation_in_Citizen_Science_Projects_Bringing_Formalisation_and_Transparency_Together\"><u>https:\/\/www.researchgate.net\/publication\/371322509_Data_Management_Documentation_in_Citizen_Science_Projects_Bringing_Formalisation_and_Transparency_Together<\/u><\/a>&nbsp;(last viewed 03\/25\/2024)<\/li>\n\n\n\n<li>Scrum Alliance (2020): What is Scrum? <a href=\"https:\/\/www.scrumalliance.org\/about-scrum\"><u>https:\/\/www.scrumalliance.org\/about-scrum<\/u><\/a>&nbsp;(last viewed 03\/28\/2024)<\/li>\n\n\n\n<li>Tweddle, J.C. et al. (2012): Guide to citizen science: developing, implementing and evaluating citizen science to study biodiversity and the environment in the UK. <a href=\"https:\/\/www.ceh.ac.uk\/sites\/default\/files\/citizenscienceguide.pdf\"><u>https:\/\/www.ceh.ac.uk\/sites\/default\/files\/citizenscienceguide.pdf<\/u><\/a>&nbsp;(last viewed 03\/28\/2024)<\/li>\n\n\n\n<li>Vastine, Julie (2023): Best Practices in Project Design. <a href=\"https:\/\/www.youtube.com\/watch?v=G255VhG1UyI\"><u>https:\/\/www.youtube.com\/watch?v=G255VhG1UyI<\/u><\/a> (1:30 &#8211; 18:35) (last viewed 03\/28\/2024)<\/li>\n\n\n\n<li>Vohland, K. et al. (2021): The Science of Citizen Science. Chapter \u201cParticipation and Co-creation in Citizen Science\u201d. <a href=\"https:\/\/link.springer.com\/chapter\/10.1007\/978-3-030-58278-4_11\"><u>https:\/\/link.springer.com\/chapter\/10.1007\/978-3-030-58278-4_11<\/u><\/a>&nbsp;(last viewed 03\/25\/2024)<\/li>\n<\/ul>\n\n\n\n<div style=\"height:60px\" aria-hidden=\"true\" class=\"wp-block-spacer\"><\/div>\n\n\n\n<div class=\"wp-block-columns is-layout-flex wp-container-core-columns-is-layout-28f84493 wp-block-columns-is-layout-flex\">\n<div class=\"wp-block-column is-layout-flow wp-block-column-is-layout-flow\">\n<div class=\"wp-block-buttons is-content-justification-center is-layout-flex wp-container-core-buttons-is-layout-a89b3969 wp-block-buttons-is-layout-flex\">\n<div class=\"wp-block-button\"><a class=\"wp-block-button__link wp-element-button\" href=\"https:\/\/familab.mkteam.org\/en\/material\/ein-citizen-science-projekt-selber-machen\/5-ein-sicheres-umfeld-fuer-mich-gestalten\/5-2-das-projekt-vorstellen\/\">&lt;&lt; Activity 5-2<\/a><\/div>\n<\/div>\n<\/div>\n\n\n\n<div class=\"wp-block-column is-layout-flow wp-block-column-is-layout-flow\">\n<div class=\"wp-block-buttons is-content-justification-center is-layout-flex wp-container-core-buttons-is-layout-a89b3969 wp-block-buttons-is-layout-flex\">\n<div class=\"wp-block-button\"><a class=\"wp-block-button__link wp-element-button\" href=\"https:\/\/familab.mkteam.org\/en\/material\/ein-citizen-science-projekt-selber-machen\/\">^ Overview<\/a><\/div>\n<\/div>\n<\/div>\n\n\n\n<div class=\"wp-block-column is-layout-flow wp-block-column-is-layout-flow\">\n<div class=\"wp-block-buttons is-content-justification-center is-layout-flex wp-container-core-buttons-is-layout-a89b3969 wp-block-buttons-is-layout-flex\">\n<div class=\"wp-block-button\"><a class=\"wp-block-button__link wp-element-button\" href=\"https:\/\/familab.mkteam.org\/en\/material\/ein-citizen-science-projekt-selber-machen\/5-ein-sicheres-umfeld-fuer-mich-gestalten\/5-4-testplan-erstellen\/\">Activity 5-4 &gt;&gt;<\/a><\/div>\n<\/div>\n<\/div>\n<\/div>\n\n\n\n<p><\/p>","protected":false},"excerpt":{"rendered":"<p>Ziel der Aktivit\u00e4t Falls du keinen eigenen Projektmanager im Projekt hast, kann die Menge an Aufgaben und Herausforderungen in einem Citizen Science Projekt ziemlich gewaltig wirken. In dieser Aktivit\u00e4t lernst du, eine erste grundlegende Planungen f\u00fcr f\u00fcr dein Projekt zu erstellen. Die Planung gibt dir Sicherheit, dass du dein Projekt wirklich schaffen kannst. Ben\u00f6tigte Materialien [&hellip;]<\/p>","protected":false},"author":2,"featured_media":1063,"parent":695,"menu_order":0,"comment_status":"closed","ping_status":"closed","template":"","meta":{"footnotes":""},"class_list":["post-1053","page","type-page","status-publish","has-post-thumbnail","hentry"],"_links":{"self":[{"href":"https:\/\/familab.mkteam.org\/en\/wp-json\/wp\/v2\/pages\/1053","targetHints":{"allow":["GET"]}}],"collection":[{"href":"https:\/\/familab.mkteam.org\/en\/wp-json\/wp\/v2\/pages"}],"about":[{"href":"https:\/\/familab.mkteam.org\/en\/wp-json\/wp\/v2\/types\/page"}],"author":[{"embeddable":true,"href":"https:\/\/familab.mkteam.org\/en\/wp-json\/wp\/v2\/users\/2"}],"replies":[{"embeddable":true,"href":"https:\/\/familab.mkteam.org\/en\/wp-json\/wp\/v2\/comments?post=1053"}],"version-history":[{"count":16,"href":"https:\/\/familab.mkteam.org\/en\/wp-json\/wp\/v2\/pages\/1053\/revisions"}],"predecessor-version":[{"id":1089,"href":"https:\/\/familab.mkteam.org\/en\/wp-json\/wp\/v2\/pages\/1053\/revisions\/1089"}],"up":[{"embeddable":true,"href":"https:\/\/familab.mkteam.org\/en\/wp-json\/wp\/v2\/pages\/695"}],"wp:featuredmedia":[{"embeddable":true,"href":"https:\/\/familab.mkteam.org\/en\/wp-json\/wp\/v2\/media\/1063"}],"wp:attachment":[{"href":"https:\/\/familab.mkteam.org\/en\/wp-json\/wp\/v2\/media?parent=1053"}],"curies":[{"name":"wp","href":"https:\/\/api.w.org\/{rel}","templated":true}]}}